{"id":4165,"date":"2026-03-22T14:35:28","date_gmt":"2026-03-22T14:35:28","guid":{"rendered":"https:\/\/www.mkreborns.com\/product\/18-inch-soft-vinyl-open-eye-reborn-baby-doll\/"},"modified":"2026-03-22T15:34:35","modified_gmt":"2026-03-22T15:34:35","slug":"18-inch-soft-vinyl-open-eye-reborn-baby-doll","status":"publish","type":"product","link":"https:\/\/www.mkreborns.com\/pt\/product\/18-inch-soft-vinyl-open-eye-reborn-baby-doll\/","title":{"rendered":"Beb\u00ea Reborn de 45 cm em Vinil Macio com Olhos Abertos"},"content":{"rendered":"<p>Esta boneca reborn tem veias claramente vis\u00edveis e \u00e9 muito realista. Ela pode sentar ou deitar, n\u00e3o fala nem pisca e n\u00e3o possui componentes eletr\u00f4nicos complexos, o que facilita os cuidados e a torna perfeita para colecionadores. Ao limpar a boneca, manuseie-a com cuidado; evite esfregar as sobrancelhas com for\u00e7a para evitar o desbotamento da cor.<\/p>\n<p>&nbsp;<\/p>\n<p>Material: PVC de corpo inteiro<br \/>\nG\u00eanero: Escolha entre menino ou menina<br \/>\nAltura: 18 polegadas<br \/>\nPeso: 1,1 kg<br \/>\nC\u00edlios: C\u00edlios posti\u00e7os adesivos<br \/>\nPeso da embalagem: 1,6 kg<br \/>\nDimens\u00f5es da embalagem: 46*20*13cm<br \/>\nO pacote completo inclui: roupas, fralda, chupeta magn\u00e9tica, mamadeira e certid\u00e3o de nascimento.<\/p>\n<p>&nbsp;<\/p>\n<p><img decoding=\"async\" src=\"https:\/\/www.mkreborns.com\/wp-content\/uploads\/2026\/03\/O1CN01PhbSDV1lsnmHX7b7l_2831564875-0-cib.jpg\" alt=\"\" title=\"\"><\/p>\n<p><img decoding=\"async\" src=\"https:\/\/www.mkreborns.com\/wp-content\/uploads\/2026\/03\/O1CN01Fqa8AT1lsnmKDSTq1_2831564875-0-cib.jpg\" alt=\"\" title=\"\"><\/p>\n<p>Por favor, considere uma toler\u00e2ncia manual de 0,5 a 1 polegada, visto que o produto foi medido manualmente.<\/p>","protected":false},"excerpt":{"rendered":"<p>Como cuidador(a) da boneca reborn, voc\u00ea pode comprar diferentes estilos de roupas para a boneca, adequadas para diversas ocasi\u00f5es.<\/p>","protected":false},"featured_media":4167,"comment_status":"open","ping_status":"closed","template":"","meta":[],"product_brand":[],"product_cat":[151,145,144,155,156,154,157,152],"product_tag":[],"class_list":{"0":"post-4165","1":"product","2":"type-product","3":"status-publish","4":"has-post-thumbnail","6":"product_cat-18-inch-reborn-dolls","7":"product_cat-baby-boy-reborn-dolls","8":"product_cat-baby-girl-reborn-dolls","9":"product_cat-cute-reborn-dolls","10":"product_cat-life-sized-dolls","11":"product_cat-lifelike-reborn-dolls","12":"product_cat-real-life-baby-dolls","13":"product_cat-vinyl-reborn-dolls","15":"first","16":"instock","17":"sale","18":"shipping-taxable","19":"purchasable","20":"product-type-variable","21":"has-default-attributes"},"_links":{"self":[{"href":"https:\/\/www.mkreborns.com\/pt\/wp-json\/wp\/v2\/product\/4165","targetHints":{"allow":["GET"]}}],"collection":[{"href":"https:\/\/www.mkreborns.com\/pt\/wp-json\/wp\/v2\/product"}],"about":[{"href":"https:\/\/www.mkreborns.com\/pt\/wp-json\/wp\/v2\/types\/product"}],"replies":[{"embeddable":true,"href":"https:\/\/www.mkreborns.com\/pt\/wp-json\/wp\/v2\/comments?post=4165"}],"wp:featuredmedia":[{"embeddable":true,"href":"https:\/\/www.mkreborns.com\/pt\/wp-json\/wp\/v2\/media\/4167"}],"wp:attachment":[{"href":"https:\/\/www.mkreborns.com\/pt\/wp-json\/wp\/v2\/media?parent=4165"}],"wp:term":[{"taxonomy":"product_brand","embeddable":true,"href":"https:\/\/www.mkreborns.com\/pt\/wp-json\/wp\/v2\/product_brand?post=4165"},{"taxonomy":"product_cat","embeddable":true,"href":"https:\/\/www.mkreborns.com\/pt\/wp-json\/wp\/v2\/product_cat?post=4165"},{"taxonomy":"product_tag","embeddable":true,"href":"https:\/\/www.mkreborns.com\/pt\/wp-json\/wp\/v2\/product_tag?post=4165"}],"curies":[{"name":"wp","href":"https:\/\/api.w.org\/{rel}","templated":true}]}}