{"id":4094,"date":"2026-03-19T02:43:43","date_gmt":"2026-03-19T02:43:43","guid":{"rendered":"https:\/\/www.mkreborns.com\/?post_type=product&#038;p=4094"},"modified":"2026-03-19T15:52:52","modified_gmt":"2026-03-19T15:52:52","slug":"reborn-baby-doll-magnetic-pacifier-realistic-fit","status":"publish","type":"product","link":"https:\/\/www.mkreborns.com\/pt\/product\/reborn-baby-doll-magnetic-pacifier-realistic-fit\/","title":{"rendered":"Beb\u00ea Reborn com Chupeta Magn\u00e9tica Realista"},"content":{"rendered":"<h2>Chupeta magn\u00e9tica para boneca beb\u00ea reborn<\/h2>\n<div>A chupeta magn\u00e9tica para boneca reborn foi projetada para criar uma intera\u00e7\u00e3o convincente e natural entre a boneca e seus acess\u00f3rios. Feita para ser compat\u00edvel com bonecas reborn rec\u00e9m-nascidas que possuem chupeta magn\u00e9tica, esta pe\u00e7a se encaixa perfeitamente em bonecas equipadas com \u00edm\u00e3s internos. Sua estrutura balanceada garante o alinhamento correto, sem deslocamento, mantendo uma apar\u00eancia realista.<\/div>\n<h3>Fixa\u00e7\u00e3o segura e detalhes realistas<\/h3>\n<div>Esta chupeta possui um n\u00facleo magn\u00e9tico embutido que permite coloc\u00e1-la e remov\u00ea-la sem esfor\u00e7o, mantendo a estabilidade. \u00c9 especialmente adequada para bonecas reborn realistas que aceitam chupetas de verdade, oferecendo uma pose visualmente precisa para alimentar ou acalmar o beb\u00ea. A superf\u00edcie externa lisa garante um manuseio seguro e um acabamento refinado.<\/div>\n<h3>Principais caracter\u00edsticas e benef\u00edcios<\/h3>\n<ul>\n<li>\u00cdm\u00e3 interno potente para posicionamento est\u00e1vel.<\/li>\n<li>Projetado para beb\u00eas reborn rec\u00e9m-nascidos com chupeta magn\u00e9tica.<\/li>\n<li>Compat\u00edvel com bonecas reborn realistas que aceitam chupetas de verdade.<\/li>\n<li>Constru\u00e7\u00e3o leve para posicionamento natural<\/li>\n<li>Material dur\u00e1vel para uso repetido.<\/li>\n<\/ul>\n<div>Este acess\u00f3rio aumenta o realismo geral da sua cole\u00e7\u00e3o, tornando-se um item essencial para colecionadores que buscam uma chupeta magn\u00e9tica de alta qualidade para bonecas reborn.<\/div>\n<div>Chupeta magn\u00e9tica, essencial para beb\u00eas reborn! Com ela, a boneca (com a boca fechada) pode chupar a chupeta! Mas primeiro, \u00e9 preciso que o \u00edm\u00e3 esteja na boca da boneca.<\/div>\n<div>Tamanho: conforme mostram as fotos.<\/div>\n<div>O pacote inclui: 1 unidade<\/div>\n<div class=\"detailmodule_image\"><img decoding=\"async\" class=\"detail-desc-decorate-image\" src=\"https:\/\/www.mkreborns.com\/wp-content\/uploads\/2026\/03\/kf-S57fdc27edc6e45fd90840739bcbc10bdK.webp\" alt=\"\" title=\"\"><img decoding=\"async\" class=\"detail-desc-decorate-image\" src=\"https:\/\/www.mkreborns.com\/wp-content\/uploads\/2026\/03\/kf-Scd0b0263191840aca2c6d9d9092853bb8.webp\" alt=\"\" title=\"\"><img decoding=\"async\" class=\"detail-desc-decorate-image\" src=\"https:\/\/www.mkreborns.com\/wp-content\/uploads\/2026\/03\/kf-Sad85ad6e0e2e4333b9ffe757ec183004e.webp\" alt=\"\" title=\"\"><img decoding=\"async\" class=\"detail-desc-decorate-image\" src=\"https:\/\/www.mkreborns.com\/wp-content\/uploads\/2026\/03\/kf-Sca74611577a2480781484c8c07bd4ff2F.webp\" alt=\"\" title=\"\"><img decoding=\"async\" class=\"detail-desc-decorate-image\" src=\"https:\/\/www.mkreborns.com\/wp-content\/uploads\/2026\/03\/kf-Sa13d45d1c7c54ba29181db819686fb23X.webp\" alt=\"\" title=\"\"><img decoding=\"async\" class=\"detail-desc-decorate-image\" src=\"https:\/\/www.mkreborns.com\/wp-content\/uploads\/2026\/03\/kf-S5499cdc26d4a40e9903777a859be4f1eP.webp\" alt=\"\" title=\"\"><img decoding=\"async\" class=\"detail-desc-decorate-image\" src=\"https:\/\/www.mkreborns.com\/wp-content\/uploads\/2026\/03\/kf-S11408845c0cb4f4193474b5608f40c9fI.webp\" alt=\"\" title=\"\"><img decoding=\"async\" class=\"detail-desc-decorate-image\" src=\"https:\/\/www.mkreborns.com\/wp-content\/uploads\/2026\/03\/kf-S0113e3dd80594293b07c453364e8fb07i.webp\" alt=\"\" title=\"\"><\/div>","protected":false},"excerpt":{"rendered":"<p>Uma chupeta magn\u00e9tica de fabrica\u00e7\u00e3o precisa, projetada para aumentar o realismo, oferecendo um encaixe seguro e natural para bonecas reborn compat\u00edveis.<\/p>","protected":false},"featured_media":4095,"comment_status":"open","ping_status":"closed","template":"","meta":[],"product_brand":[],"product_cat":[162,148],"product_tag":[],"class_list":{"0":"post-4094","1":"product","2":"type-product","3":"status-publish","4":"has-post-thumbnail","6":"product_cat-reborn-pacifier","7":"product_cat-reborn-doll-accessories","9":"first","10":"instock","11":"sale","12":"shipping-taxable","13":"purchasable","14":"product-type-variable"},"_links":{"self":[{"href":"https:\/\/www.mkreborns.com\/pt\/wp-json\/wp\/v2\/product\/4094","targetHints":{"allow":["GET"]}}],"collection":[{"href":"https:\/\/www.mkreborns.com\/pt\/wp-json\/wp\/v2\/product"}],"about":[{"href":"https:\/\/www.mkreborns.com\/pt\/wp-json\/wp\/v2\/types\/product"}],"replies":[{"embeddable":true,"href":"https:\/\/www.mkreborns.com\/pt\/wp-json\/wp\/v2\/comments?post=4094"}],"wp:featuredmedia":[{"embeddable":true,"href":"https:\/\/www.mkreborns.com\/pt\/wp-json\/wp\/v2\/media\/4095"}],"wp:attachment":[{"href":"https:\/\/www.mkreborns.com\/pt\/wp-json\/wp\/v2\/media?parent=4094"}],"wp:term":[{"taxonomy":"product_brand","embeddable":true,"href":"https:\/\/www.mkreborns.com\/pt\/wp-json\/wp\/v2\/product_brand?post=4094"},{"taxonomy":"product_cat","embeddable":true,"href":"https:\/\/www.mkreborns.com\/pt\/wp-json\/wp\/v2\/product_cat?post=4094"},{"taxonomy":"product_tag","embeddable":true,"href":"https:\/\/www.mkreborns.com\/pt\/wp-json\/wp\/v2\/product_tag?post=4094"}],"curies":[{"name":"wp","href":"https:\/\/api.w.org\/{rel}","templated":true}]}}