{"id":4043,"date":"2026-03-18T15:39:40","date_gmt":"2026-03-18T15:39:40","guid":{"rendered":"https:\/\/www.mkreborns.com\/?post_type=product&#038;p=4043"},"modified":"2026-04-03T16:02:07","modified_gmt":"2026-04-03T16:02:07","slug":"complete-reborn-doll-kit-starter-sets-accessories","status":"publish","type":"product","link":"https:\/\/www.mkreborns.com\/pt\/product\/complete-reborn-doll-kit-starter-sets-accessories\/","title":{"rendered":"Kit completo para boneca reborn, conjunto inicial e acess\u00f3rios."},"content":{"rendered":"<div class=\"product-specs-list-container\">\n<h2>Kits completos para bonecas reborn - Conjunto inicial<\/h2>\n<div>Os kits iniciais completos para bonecas reborn oferecem uma base pr\u00e1tica para colecionadores que buscam uma composi\u00e7\u00e3o harmoniosa e realista. Este pacote selecionado inclui acess\u00f3rios essenciais para beb\u00eas reborn, como mamadeiras, chupetas e itens de higiene em miniatura, todos proporcionais a bonecas de 45 cm (18 polegadas). Cada componente contribui para uma est\u00e9tica consistente, mantendo a facilidade de uso tanto para exibi\u00e7\u00e3o quanto para manuseio.<\/div>\n<h3>Design funcional e estilo coeso<\/h3>\n<div>Projetados para compatibilidade, esses acess\u00f3rios de silicone para bonecas reborn se integram perfeitamente a diferentes tipos de bonecas, incluindo as de vinil e silicone. Os materiais s\u00e3o leves, por\u00e9m resistentes, garantindo longa durabilidade. Como parte dos acess\u00f3rios para bonecas reborn \u00e0 venda, este kit equilibra pre\u00e7o acess\u00edvel com precis\u00e3o nos detalhes, tornando-o adequado para colecionadores de diversos n\u00edveis.<\/div>\n<h3>Principais caracter\u00edsticas e benef\u00edcios<\/h3>\n<ul>\n<li>Inclui v\u00e1rios conjuntos de acess\u00f3rios para bonecas reborn em uma \u00fanica embalagem.<\/li>\n<li>Projetado para bonecas reborn de 43 cm \/ 18 polegadas.<\/li>\n<li>Pl\u00e1stico resistente e componentes macios para uso repetido.<\/li>\n<li>Op\u00e7\u00e3o econ\u00f4mica entre os acess\u00f3rios baratos para bonecas reborn.<\/li>\n<li>Compat\u00edvel com acess\u00f3rios para bonecas de silicone reborn.<\/li>\n<\/ul>\n<div>Este pacote vers\u00e1til simplifica a montagem e, ao mesmo tempo, aumenta o realismo, tornando-se um item essencial para colecionadores que buscam kits iniciais completos para bonecas reborn.<\/div>\n<\/div>\n<p><img decoding=\"async\" src=\"https:\/\/ae01.alicdn.com\/kf\/S2ac0c07b28bc4ac8bbc8ec1493f5eca1O.jpg\" alt=\"\" title=\"\"><img decoding=\"async\" src=\"https:\/\/ae01.alicdn.com\/kf\/S6441869820c0453aba5911026275c27ep.jpg\" alt=\"\" title=\"\"><img decoding=\"async\" src=\"https:\/\/ae01.alicdn.com\/kf\/S5ab5abe146bb48fa9a94c8997f2c7ee4Q.jpg\" alt=\"\" title=\"\"><img decoding=\"async\" src=\"https:\/\/ae01.alicdn.com\/kf\/S3be2280f24a34965835a8ce1a38fd957R.jpg\" alt=\"\" title=\"\"><img decoding=\"async\" src=\"https:\/\/ae01.alicdn.com\/kf\/S6fe7d906696141b0ab07dde1e6e5908aw.jpg\" alt=\"\" title=\"\"><img decoding=\"async\" src=\"https:\/\/ae01.alicdn.com\/kf\/S3c5d9ee971ad4bd78e12de7dc8cd6ea2u.jpg\" alt=\"\" title=\"\"><img decoding=\"async\" src=\"https:\/\/ae01.alicdn.com\/kf\/Sebfcb2540dcf40888a721f47209f1862r.jpg\" alt=\"\" title=\"\"><img decoding=\"async\" src=\"https:\/\/ae01.alicdn.com\/kf\/S11f70586ef5d40829a72c2d3c3839908x.jpg\" alt=\"\" title=\"\"><img decoding=\"async\" src=\"https:\/\/ae01.alicdn.com\/kf\/Sa441d5ba97b64c05b54233527ce711d4p.jpg\" alt=\"\" title=\"\"><img decoding=\"async\" src=\"https:\/\/ae01.alicdn.com\/kf\/S33ea08f4b52549eaba6ec4b300eb133en.jpg\" alt=\"\" title=\"\"><img decoding=\"async\" src=\"https:\/\/ae01.alicdn.com\/kf\/Sfe1a1140e2f84221af639b7f50630a7e8.jpg\" alt=\"\" title=\"\"><img decoding=\"async\" src=\"https:\/\/ae01.alicdn.com\/kf\/S81d555bccfea4f4a85ffddd12ce9000aE.jpg\" alt=\"\" title=\"\"><img decoding=\"async\" src=\"https:\/\/ae01.alicdn.com\/kf\/S486e610f959b4b88b28666d56447564f4.jpg\" alt=\"\" title=\"\"><img decoding=\"async\" src=\"https:\/\/ae01.alicdn.com\/kf\/Sfa43f26ea86e4e08913ebcf4b01e20202.jpg\" alt=\"\" title=\"\"><img decoding=\"async\" src=\"https:\/\/ae01.alicdn.com\/kf\/S2382dce1c04247f0b0299b7f841cce3dk.jpg\" alt=\"\" title=\"\"><\/p>","protected":false},"excerpt":{"rendered":"<p>Um kit inicial completo, projetado para equipar sua boneca reborn com acess\u00f3rios essenciais, aprimorando o realismo e a apresenta\u00e7\u00e3o no dia a dia.<\/p>","protected":false},"featured_media":4044,"comment_status":"open","ping_status":"closed","template":"","meta":[],"product_brand":[],"product_cat":[148],"product_tag":[],"class_list":{"0":"post-4043","1":"product","2":"type-product","3":"status-publish","4":"has-post-thumbnail","6":"product_cat-reborn-doll-accessories","8":"first","9":"instock","10":"sale","11":"shipping-taxable","12":"purchasable","13":"product-type-variable","14":"has-default-attributes"},"_links":{"self":[{"href":"https:\/\/www.mkreborns.com\/pt\/wp-json\/wp\/v2\/product\/4043","targetHints":{"allow":["GET"]}}],"collection":[{"href":"https:\/\/www.mkreborns.com\/pt\/wp-json\/wp\/v2\/product"}],"about":[{"href":"https:\/\/www.mkreborns.com\/pt\/wp-json\/wp\/v2\/types\/product"}],"replies":[{"embeddable":true,"href":"https:\/\/www.mkreborns.com\/pt\/wp-json\/wp\/v2\/comments?post=4043"}],"wp:featuredmedia":[{"embeddable":true,"href":"https:\/\/www.mkreborns.com\/pt\/wp-json\/wp\/v2\/media\/4044"}],"wp:attachment":[{"href":"https:\/\/www.mkreborns.com\/pt\/wp-json\/wp\/v2\/media?parent=4043"}],"wp:term":[{"taxonomy":"product_brand","embeddable":true,"href":"https:\/\/www.mkreborns.com\/pt\/wp-json\/wp\/v2\/product_brand?post=4043"},{"taxonomy":"product_cat","embeddable":true,"href":"https:\/\/www.mkreborns.com\/pt\/wp-json\/wp\/v2\/product_cat?post=4043"},{"taxonomy":"product_tag","embeddable":true,"href":"https:\/\/www.mkreborns.com\/pt\/wp-json\/wp\/v2\/product_tag?post=4043"}],"curies":[{"name":"wp","href":"https:\/\/api.w.org\/{rel}","templated":true}]}}