{"id":4029,"date":"2026-03-18T15:28:55","date_gmt":"2026-03-18T15:28:55","guid":{"rendered":"https:\/\/www.mkreborns.com\/?post_type=product&#038;p=4029"},"modified":"2026-03-19T15:51:56","modified_gmt":"2026-03-19T15:51:56","slug":"17-18-inch-reborn-doll-feeding-pacifier-accessories","status":"publish","type":"product","link":"https:\/\/www.mkreborns.com\/pt\/product\/17-18-inch-reborn-doll-feeding-pacifier-accessories\/","title":{"rendered":"Acess\u00f3rios para alimenta\u00e7\u00e3o de bonecas reborn de 17 a 18 polegadas: chupeta"},"content":{"rendered":"<div class=\"product-specs-list-container\"><\/div>\n<div class=\"detailmodule_html\">\n<div class=\"detail-desc-decorate-richtext\">\n<h2>Acess\u00f3rios para bonecas reborn: bicos de mamadeira sem furo<\/h2>\n<div>Os acess\u00f3rios para bonecas reborn, como as mamadeiras sem furo, s\u00e3o feitos para reproduzir rotinas aut\u00eanticas de alimenta\u00e7\u00e3o infantil, mantendo a integridade da boneca. Este conjunto inclui mamadeiras cuidadosamente moldadas, bicos de silicone macios e pe\u00e7as coordenadas que complementam o estilo do conjunto de chupetas para bonecas reborn. Projetados para colecionadores que priorizam o realismo, os acess\u00f3rios criam uma impress\u00e3o realista de cuidado com o beb\u00ea sem exigir modifica\u00e7\u00f5es estruturais na boneca.<\/div>\n<h3>Design seguro em silicone e detalhes realistas<\/h3>\n<div>Os bicos de silicone sem furo inclu\u00eddos para beb\u00eas prematuros, compat\u00edveis com bonecas reborn, s\u00e3o projetados com uma estrutura de ponta fechada, que impede o fluxo de l\u00edquidos, preservando a autenticidade visual. Cada componente \u00e9 dimensionado para bonecas de 43 a 46 cm (17 a 18 polegadas), garantindo um encaixe natural quando combinados com cenas de alimenta\u00e7\u00e3o ou composi\u00e7\u00f5es de exibi\u00e7\u00e3o.<\/div>\n<h3>Principais caracter\u00edsticas e benef\u00edcios<\/h3>\n<ul>\n<li>Inclui mamadeiras e conjunto de chupetas para boneca reborn.<\/li>\n<li>Design com ponta fechada para simula\u00e7\u00e3o de alimenta\u00e7\u00e3o segura e n\u00e3o funcional.<\/li>\n<li>Feito com silicone macio para uma textura realista.<\/li>\n<li>Compat\u00edvel com bonecas reborn de 17 a 18 polegadas.<\/li>\n<li>Ideal para uso com bicos de silicone sem furo para beb\u00eas prematuros, compat\u00edveis com bonecas reborn.<\/li>\n<\/ul>\n<div>Este kit cuidadosamente montado aprimora a narrativa visual e o valor da cole\u00e7\u00e3o, tornando-se uma escolha confi\u00e1vel para quem busca acess\u00f3rios para bonecas reborn, incluindo bicos de mamadeira sem furo.<\/div>\n<p><img decoding=\"async\" src=\"https:\/\/www.mkreborns.com\/wp-content\/uploads\/2026\/03\/kf-S821bc0c09e4b42a393cbbc2780b410d4P.webp\" alt=\"\" title=\"\"><img decoding=\"async\" src=\"https:\/\/www.mkreborns.com\/wp-content\/uploads\/2026\/03\/kf-S3ddca035184249b39a97908487b4d497n.webp\" alt=\"\" title=\"\"><img decoding=\"async\" src=\"https:\/\/www.mkreborns.com\/wp-content\/uploads\/2026\/03\/kf-Se4f5ae05ae6f4ec4a8ef9889288959d4L.webp\" alt=\"\" title=\"\"><img decoding=\"async\" src=\"https:\/\/www.mkreborns.com\/wp-content\/uploads\/2026\/03\/kf-S63a5bb887a674b8ab8ce2a3c3e8dc6den.webp\" alt=\"\" title=\"\"><span style=\"font-size: 18px;\"><strong>Tamanho pequeno rosa:<\/strong><\/span><img decoding=\"async\" src=\"https:\/\/www.mkreborns.com\/wp-content\/uploads\/2026\/03\/kf-S5937a950d18c457d9632bc051f5569f9r.webp\" alt=\"\" title=\"\"><\/p>\n<p><span style=\"font-size: 18px;\"><strong>Tamanho pequeno azul:<\/strong><\/span><img decoding=\"async\" src=\"https:\/\/www.mkreborns.com\/wp-content\/uploads\/2026\/03\/kf-Scbcae8c5f5a14ec8ac5007fdc863b93cg.webp\" alt=\"\" title=\"\"><img decoding=\"async\" src=\"https:\/\/www.mkreborns.com\/wp-content\/uploads\/2026\/03\/kf-S5e160258b8954f42a85e81b8690efd27l.webp\" alt=\"\" title=\"\"><img decoding=\"async\" src=\"https:\/\/www.mkreborns.com\/wp-content\/uploads\/2026\/03\/kf-Sb8e5eb1c653f4d77bd66c73376d647894.webp\" alt=\"\" title=\"\"><img decoding=\"async\" src=\"https:\/\/www.mkreborns.com\/wp-content\/uploads\/2026\/03\/kf-S42bdf04560824f58a60c86c965c4d3f5Q.webp\" alt=\"\" title=\"\"><img decoding=\"async\" src=\"https:\/\/www.mkreborns.com\/wp-content\/uploads\/2026\/03\/kf-Sf8bed42865e04064a00206620943d9dfR.webp\" alt=\"\" title=\"\"><img decoding=\"async\" src=\"https:\/\/www.mkreborns.com\/wp-content\/uploads\/2026\/03\/kf-S419dce937a6049f997aa62428da2071dR.webp\" alt=\"Acess\u00f3rios para alimenta\u00e7\u00e3o de bonecas reborn, incluindo mamadeira, chupeta e utens\u00edlios para alimenta\u00e7\u00e3o.\" title=\"\"><\/p>\n<\/div>\n<\/div>","protected":false},"excerpt":{"rendered":"<div>Um conjunto completo de acess\u00f3rios para alimenta\u00e7\u00e3o, projetado para bonecas reborn de 43 a 46 cm (17 a 18 polegadas), que combina realismo, seguran\u00e7a e detalhes delicados em um kit compacto.<\/div>","protected":false},"featured_media":4030,"comment_status":"open","ping_status":"closed","template":"","meta":[],"product_brand":[],"product_cat":[148,162],"product_tag":[],"class_list":{"0":"post-4029","1":"product","2":"type-product","3":"status-publish","4":"has-post-thumbnail","6":"product_cat-reborn-doll-accessories","7":"product_cat-reborn-pacifier","9":"first","10":"instock","11":"sale","12":"shipping-taxable","13":"purchasable","14":"product-type-variable","15":"has-default-attributes"},"_links":{"self":[{"href":"https:\/\/www.mkreborns.com\/pt\/wp-json\/wp\/v2\/product\/4029","targetHints":{"allow":["GET"]}}],"collection":[{"href":"https:\/\/www.mkreborns.com\/pt\/wp-json\/wp\/v2\/product"}],"about":[{"href":"https:\/\/www.mkreborns.com\/pt\/wp-json\/wp\/v2\/types\/product"}],"replies":[{"embeddable":true,"href":"https:\/\/www.mkreborns.com\/pt\/wp-json\/wp\/v2\/comments?post=4029"}],"wp:featuredmedia":[{"embeddable":true,"href":"https:\/\/www.mkreborns.com\/pt\/wp-json\/wp\/v2\/media\/4030"}],"wp:attachment":[{"href":"https:\/\/www.mkreborns.com\/pt\/wp-json\/wp\/v2\/media?parent=4029"}],"wp:term":[{"taxonomy":"product_brand","embeddable":true,"href":"https:\/\/www.mkreborns.com\/pt\/wp-json\/wp\/v2\/product_brand?post=4029"},{"taxonomy":"product_cat","embeddable":true,"href":"https:\/\/www.mkreborns.com\/pt\/wp-json\/wp\/v2\/product_cat?post=4029"},{"taxonomy":"product_tag","embeddable":true,"href":"https:\/\/www.mkreborns.com\/pt\/wp-json\/wp\/v2\/product_tag?post=4029"}],"curies":[{"name":"wp","href":"https:\/\/api.w.org\/{rel}","templated":true}]}}