{"id":4000,"date":"2026-03-18T14:46:48","date_gmt":"2026-03-18T14:46:48","guid":{"rendered":"https:\/\/www.mkreborns.com\/?post_type=product&#038;p=4000"},"modified":"2026-03-19T15:52:09","modified_gmt":"2026-03-19T15:52:09","slug":"american-girl-doll-clothes-fit-18-inch-reborns-set","status":"publish","type":"product","link":"https:\/\/www.mkreborns.com\/pt\/product\/american-girl-doll-clothes-fit-18-inch-reborns-set\/","title":{"rendered":"Conjunto de roupas para bonecas American Girl que serve em beb\u00eas reborn de 45 cm (18 polegadas)."},"content":{"rendered":"<div class=\"product-specs-list-container\">\n<h2>Roupas para bonecas American Girl que servem em bonecas reborn.<\/h2>\n<div>As roupas para bonecas American Girl se ajustam com not\u00e1vel precis\u00e3o \u00e0s bonecas reborn, garantindo compatibilidade com bonecas de 45 cm (18 polegadas) que seguem propor\u00e7\u00f5es realistas. Essas roupas s\u00e3o estruturadas para se alinharem aos novos estilos de corpos de bonecas reborn de pano, oferecendo uma silhueta equilibrada que real\u00e7a a autenticidade. Seja para exibi\u00e7\u00e3o ou para manuseio delicado, cada pe\u00e7a reflete um trabalho artesanal cuidadoso.<\/div>\n<h3>Design personalizado e integridade dos materiais<\/h3>\n<div>Confeccionados com tecido macio, por\u00e9m resistente, estes conjuntos de roupas artesanais para bonecas reborn mant\u00eam a estrutura sem rigidez. A costura segue os contornos anat\u00f4micos, permitindo que a roupa se ajuste naturalmente ao corpo da boneca. Isso garante precis\u00e3o visual e durabilidade.<\/div>\n<h3>Principais caracter\u00edsticas e benef\u00edcios<\/h3>\n<ul>\n<li>Projetado para se ajustar com precis\u00e3o a beb\u00eas reborn de 43 cm \/ 18 polegadas.<\/li>\n<li>Adequado tanto para roupas de boneca reborn para beb\u00eas meninos quanto para estilos neutros.<\/li>\n<li>Costuras refor\u00e7adas para maior durabilidade<\/li>\n<li>Tecido leve para um manuseio confort\u00e1vel<\/li>\n<li>Compat\u00edvel com os novos estilos de corpos de bonecas reborn de tecido.<\/li>\n<\/ul>\n<div>Com um equil\u00edbrio entre estrutura e suavidade, este conjunto de roupas adiciona profundidade e realismo a qualquer cole\u00e7\u00e3o, tornando-se uma escolha confi\u00e1vel para colecionadores que procuram roupas para bonecas American Girl que sirvam em bonecas reborn.<\/div>\n<div><\/div>\n<\/div>\n<div class=\"detailmodule_html\">\n<div class=\"detail-desc-decorate-richtext\">\n<p style=\"text-align: center; margin: 0px;\" align=\"center\"><img decoding=\"async\" src=\"https:\/\/www.mkreborns.com\/wp-content\/uploads\/2026\/03\/kf-Sbb815d83d55a42c6b75a953932f9eec9r.webp\" alt=\"\" title=\"\"><img decoding=\"async\" src=\"https:\/\/www.mkreborns.com\/wp-content\/uploads\/2026\/03\/kf-Sc2b352c412684bd7acc6bb9bcdf0c927X.webp\" alt=\"\" title=\"\"><img decoding=\"async\" src=\"https:\/\/www.mkreborns.com\/wp-content\/uploads\/2026\/03\/kf-S359e5961003a4ef683ca7929699e081fB.webp\" alt=\"\" title=\"\"><img decoding=\"async\" src=\"https:\/\/www.mkreborns.com\/wp-content\/uploads\/2026\/03\/kf-Scc518a1bba6e434daac8f2dece7ee61fs.webp\" alt=\"\" title=\"\"><img decoding=\"async\" src=\"https:\/\/www.mkreborns.com\/wp-content\/uploads\/2026\/03\/kf-S5c9fd673d94b407495c1b13241048299B.webp\" alt=\"\" title=\"\"><img decoding=\"async\" src=\"https:\/\/www.mkreborns.com\/wp-content\/uploads\/2026\/03\/kf-S4b118a05358c496d84bb2426874d92c8u.webp\" alt=\"\" title=\"\"><img decoding=\"async\" src=\"https:\/\/www.mkreborns.com\/wp-content\/uploads\/2026\/03\/kf-S41958fdfe8b14b4481003fedf9275197D.webp\" alt=\"\" title=\"\"><img decoding=\"async\" src=\"https:\/\/www.mkreborns.com\/wp-content\/uploads\/2026\/03\/kf-Sb7de3410d1f5466194271c86cc3b11047.webp\" alt=\"\" title=\"\"><img decoding=\"async\" src=\"https:\/\/www.mkreborns.com\/wp-content\/uploads\/2026\/03\/kf-Sf2d8e29dcfbb4426a9b5e0f048bc41bbl.webp\" alt=\"\" title=\"\"><img decoding=\"async\" src=\"https:\/\/www.mkreborns.com\/wp-content\/uploads\/2026\/03\/kf-S87f2002a343949f78d65c595eb6297c7W.webp\" alt=\"\" title=\"\"><img decoding=\"async\" src=\"https:\/\/www.mkreborns.com\/wp-content\/uploads\/2026\/03\/kf-Se889b72926b445a58aea59fc7b6b49b5L.webp\" alt=\"\" title=\"\"><\/p>\n<\/div>\n<\/div>","protected":false},"excerpt":{"rendered":"<div>Roupas cuidadosamente confeccionadas para beb\u00eas reborn de 45 cm (18 polegadas), combinando estilo cl\u00e1ssico com materiais macios para uma apar\u00eancia refinada e realista.<\/div>","protected":false},"featured_media":4001,"comment_status":"open","ping_status":"closed","template":"","meta":[],"product_brand":[],"product_cat":[159,148],"product_tag":[],"class_list":{"0":"post-4000","1":"product","2":"type-product","3":"status-publish","4":"has-post-thumbnail","6":"product_cat-clothes-for-reborn-dolls","7":"product_cat-reborn-doll-accessories","9":"first","10":"instock","11":"sale","12":"shipping-taxable","13":"purchasable","14":"product-type-variable","15":"has-default-attributes"},"_links":{"self":[{"href":"https:\/\/www.mkreborns.com\/pt\/wp-json\/wp\/v2\/product\/4000","targetHints":{"allow":["GET"]}}],"collection":[{"href":"https:\/\/www.mkreborns.com\/pt\/wp-json\/wp\/v2\/product"}],"about":[{"href":"https:\/\/www.mkreborns.com\/pt\/wp-json\/wp\/v2\/types\/product"}],"replies":[{"embeddable":true,"href":"https:\/\/www.mkreborns.com\/pt\/wp-json\/wp\/v2\/comments?post=4000"}],"wp:featuredmedia":[{"embeddable":true,"href":"https:\/\/www.mkreborns.com\/pt\/wp-json\/wp\/v2\/media\/4001"}],"wp:attachment":[{"href":"https:\/\/www.mkreborns.com\/pt\/wp-json\/wp\/v2\/media?parent=4000"}],"wp:term":[{"taxonomy":"product_brand","embeddable":true,"href":"https:\/\/www.mkreborns.com\/pt\/wp-json\/wp\/v2\/product_brand?post=4000"},{"taxonomy":"product_cat","embeddable":true,"href":"https:\/\/www.mkreborns.com\/pt\/wp-json\/wp\/v2\/product_cat?post=4000"},{"taxonomy":"product_tag","embeddable":true,"href":"https:\/\/www.mkreborns.com\/pt\/wp-json\/wp\/v2\/product_tag?post=4000"}],"curies":[{"name":"wp","href":"https:\/\/api.w.org\/{rel}","templated":true}]}}