{"id":3890,"date":"2026-03-18T13:08:27","date_gmt":"2026-03-18T13:08:27","guid":{"rendered":"https:\/\/www.mkreborns.com\/?post_type=product&#038;p=3890"},"modified":"2026-03-19T15:52:23","modified_gmt":"2026-03-19T15:52:23","slug":"baby-doll-clothes-17-18-inch-reborn-outfits-for-girls","status":"publish","type":"product","link":"https:\/\/www.mkreborns.com\/pt\/product\/baby-doll-clothes-17-18-inch-reborn-outfits-for-girls\/","title":{"rendered":"Roupas para bonecas reborn de 43 a 46 cm (17 a 18 polegadas) para meninas."},"content":{"rendered":"<div class=\"detailmodule_html\">\n<div class=\"detail-desc-decorate-richtext\">\n<h2>Estilos encantadores para roupas de bonecas reborn de 17 e 18 polegadas.<\/h2>\n<div>Enrique\u00e7a sua cole\u00e7\u00e3o de beb\u00eas reborn com nossas roupas premium para bonecas reborn de 43 a 46 cm. Cada pe\u00e7a \u00e9 meticulosamente desenhada para complementar o visual da sua boneca reborn, combinando conforto, durabilidade e detalhes realistas. Seja para brincar ou para exibir, essas roupas oferecem um caimento perfeito e designs vibrantes e atraentes.<\/div>\n<h3>Designs exclusivos e detalhes padronizados<\/h3>\n<div>Nossa sele\u00e7\u00e3o apresenta padr\u00f5es de tecido intrincados para bonecas reborn, permitindo que cada boneca mostre sua personalidade e estilo. Escolha entre vestidos, macac\u00f5es e conjuntos coordenados, feitos sob medida para bonecas reborn de 43 cm e 46 cm. Com tecidos macios e acabamentos realistas, cada roupa real\u00e7a o charme natural da sua boneca.<\/div>\n<ul>\n<li>Ajuste personalizado: Tamanho preciso para bonecas reborn de 17 a 18 polegadas, facilitando na hora de vestir.<\/li>\n<li>Materiais de alta qualidade: Tecidos macios e dur\u00e1veis que mant\u00eam a forma e a cor.<\/li>\n<li>Variedade de Estampas: A estampa do corpo de tecido da boneca reborn adiciona individualidade a cada roupa.<\/li>\n<li>Guarda-roupa vers\u00e1til: inclui roupas casuais, vestidos formais e conjuntos divertidos.<\/li>\n<li>Realismo aprimorado: Costuras e acabamentos detalhados conferem autenticidade a cada pe\u00e7a.<\/li>\n<\/ul>\n<div>Adicione alegria e sofistica\u00e7\u00e3o a qualquer cole\u00e7\u00e3o de bonecas com estas roupinhas lindamente confeccionadas para bonecas reborn de 43 a 46 cm (17 a 18 polegadas), que combinam estilo, conforto e eleg\u00e2ncia realista.<\/div>\n<div><\/div>\n<p style=\"text-align: center; margin: 0px;\" align=\"center\"><img decoding=\"async\" src=\"https:\/\/www.mkreborns.com\/wp-content\/uploads\/2026\/03\/kf-Sff4af0a0ce8d4485b7c09410cb094249I.webp\" alt=\"\" title=\"\"><img decoding=\"async\" src=\"https:\/\/www.mkreborns.com\/wp-content\/uploads\/2026\/03\/kf-S10d68fad596841c589219dc0c10319fbZ.webp\" alt=\"\" title=\"\"><img decoding=\"async\" src=\"https:\/\/www.mkreborns.com\/wp-content\/uploads\/2026\/03\/kf-S8dbdfa36fe014c8fa0765011983d82caD.webp\" alt=\"\" title=\"\"><img decoding=\"async\" src=\"https:\/\/www.mkreborns.com\/wp-content\/uploads\/2026\/03\/kf-S920d035ab985467b8517b1483d4f6bbaY.webp\" alt=\"\" title=\"\"><img decoding=\"async\" src=\"https:\/\/www.mkreborns.com\/wp-content\/uploads\/2026\/03\/kf-S4b96cea014a44b709b752532f6113fbfu.webp\" alt=\"\" title=\"\"><img decoding=\"async\" src=\"https:\/\/www.mkreborns.com\/wp-content\/uploads\/2026\/03\/kf-S44c92652455b47b98527b3aa131f6b1eT.webp\" alt=\"\" title=\"\"><img decoding=\"async\" src=\"https:\/\/www.mkreborns.com\/wp-content\/uploads\/2026\/03\/kf-S56de3d76be034bbfb5ae1261f59232a1O.webp\" alt=\"\" title=\"\"><img decoding=\"async\" src=\"https:\/\/www.mkreborns.com\/wp-content\/uploads\/2026\/03\/kf-S0590e45ab54740c38d581d7611ef244cS.webp\" alt=\"\" title=\"\"><img decoding=\"async\" src=\"https:\/\/www.mkreborns.com\/wp-content\/uploads\/2026\/03\/kf-S4d9af2659e454d8b87e97bd159ed9cdfz.webp\" alt=\"\" title=\"\"><img decoding=\"async\" src=\"https:\/\/www.mkreborns.com\/wp-content\/uploads\/2026\/03\/kf-Sb9c38680031e40f6b3db3e4e386af5c5l.webp\" alt=\"\" title=\"\"><\/p>\n<\/div>\n<\/div>","protected":false},"excerpt":{"rendered":"<p>Transforme sua boneca reborn em uma companheira estilosa com roupas macias e detalhadas, criadas para brincadeiras realistas e um charme sem fim.<\/p>","protected":false},"featured_media":3891,"comment_status":"open","ping_status":"closed","template":"","meta":[],"product_brand":[],"product_cat":[159,148],"product_tag":[],"class_list":{"0":"post-3890","1":"product","2":"type-product","3":"status-publish","4":"has-post-thumbnail","6":"product_cat-clothes-for-reborn-dolls","7":"product_cat-reborn-doll-accessories","9":"first","10":"instock","11":"sale","12":"shipping-taxable","13":"purchasable","14":"product-type-variable","15":"has-default-attributes"},"_links":{"self":[{"href":"https:\/\/www.mkreborns.com\/pt\/wp-json\/wp\/v2\/product\/3890","targetHints":{"allow":["GET"]}}],"collection":[{"href":"https:\/\/www.mkreborns.com\/pt\/wp-json\/wp\/v2\/product"}],"about":[{"href":"https:\/\/www.mkreborns.com\/pt\/wp-json\/wp\/v2\/types\/product"}],"replies":[{"embeddable":true,"href":"https:\/\/www.mkreborns.com\/pt\/wp-json\/wp\/v2\/comments?post=3890"}],"wp:featuredmedia":[{"embeddable":true,"href":"https:\/\/www.mkreborns.com\/pt\/wp-json\/wp\/v2\/media\/3891"}],"wp:attachment":[{"href":"https:\/\/www.mkreborns.com\/pt\/wp-json\/wp\/v2\/media?parent=3890"}],"wp:term":[{"taxonomy":"product_brand","embeddable":true,"href":"https:\/\/www.mkreborns.com\/pt\/wp-json\/wp\/v2\/product_brand?post=3890"},{"taxonomy":"product_cat","embeddable":true,"href":"https:\/\/www.mkreborns.com\/pt\/wp-json\/wp\/v2\/product_cat?post=3890"},{"taxonomy":"product_tag","embeddable":true,"href":"https:\/\/www.mkreborns.com\/pt\/wp-json\/wp\/v2\/product_tag?post=3890"}],"curies":[{"name":"wp","href":"https:\/\/api.w.org\/{rel}","templated":true}]}}