{"id":3868,"date":"2026-03-18T10:01:51","date_gmt":"2026-03-18T10:01:51","guid":{"rendered":"https:\/\/www.mkreborns.com\/?post_type=product&#038;p=3868"},"modified":"2026-03-19T15:52:36","modified_gmt":"2026-03-19T15:52:36","slug":"18-inch-reborn-doll-clothes-for-toddlers-and-girls","status":"publish","type":"product","link":"https:\/\/www.mkreborns.com\/pt\/product\/18-inch-reborn-doll-clothes-for-toddlers-and-girls\/","title":{"rendered":"Roupa para boneca reborn de 45 cm (18 polegadas) para beb\u00eas e meninas"},"content":{"rendered":"<div class=\"product-specs-list-container\">\n<h2>Roupas elegantes para todas as bonecas reborn de 45 cm.<\/h2>\n<div>Fa\u00e7a com que sua boneca reborn seja o centro das aten\u00e7\u00f5es com nossas roupas premium para bonecas reborn de 45 cm. Projetadas para se ajustarem perfeitamente a bonecas reborn, cada conjunto equilibra detalhes realistas com tecidos macios e dur\u00e1veis. Do uso di\u00e1rio a ocasi\u00f5es especiais, essas roupas garantem que sua boneca esteja sempre impec\u00e1vel.<\/div>\n<h3>Variedade e acess\u00f3rios elegantes<\/h3>\n<div>Nossa cole\u00e7\u00e3o inclui roupas e acess\u00f3rios para beb\u00eas reborn de silicone, para complementar o guarda-roupa de cada boneca. Escolha entre vibrantes conjuntos roxos para bonecas reborn, vestidos delicados para meninas reborn e roupas vers\u00e1teis para beb\u00eas, adequadas para qualquer ocasi\u00e3o. Cada pe\u00e7a \u00e9 confeccionada para facilitar na hora de vestir, mantendo um toque realista e artesanal.<\/div>\n<ul>\n<li>Ajuste Premium: Tamanho perfeito para bonecas reborn de 45 cm (18 polegadas), garantindo conforto e eleg\u00e2ncia.<\/li>\n<li>Tecidos de alta qualidade: Materiais macios e dur\u00e1veis que imitam a textura das roupas de beb\u00ea de verdade.<\/li>\n<li>Estilos vers\u00e1teis: desde looks casuais e divertidos at\u00e9 conjuntos sofisticados em tons de roxo.<\/li>\n<li>Op\u00e7\u00f5es de acess\u00f3rios: Inclui chap\u00e9us, sapatos e mantas combinando para conjuntos completos.<\/li>\n<li>Detalhes realistas: Costuras feitas \u00e0 m\u00e3o e enfeites encantadores para um visual extremamente realista.<\/li>\n<\/ul>\n<div>Adicione charme, realismo e divers\u00e3o \u00e0 sua cole\u00e7\u00e3o com estas roupas lindamente confeccionadas para bonecas reborn de 45 cm (18 polegadas), que aprimoram cada brincadeira.<\/div>\n<div><\/div>\n<\/div>\n<div class=\"detailmodule_html\">\n<div class=\"detail-desc-decorate-richtext\">\n<p style=\"text-align: center; margin: 0px;\" align=\"center\"><img decoding=\"async\" src=\"https:\/\/www.mkreborns.com\/wp-content\/uploads\/2026\/03\/kf-S7d8ebb1a885d44398f64514886946629E.webp\" alt=\"\" title=\"\"><img decoding=\"async\" src=\"https:\/\/www.mkreborns.com\/wp-content\/uploads\/2026\/03\/kf-S89a1ffaead92487d9a130af90b3d4fc5K.webp\" alt=\"\" title=\"\"><img decoding=\"async\" src=\"https:\/\/www.mkreborns.com\/wp-content\/uploads\/2026\/03\/kf-Sc34b80cf2d3a4c60b3a32babd9f3f5548.webp\" alt=\"\" title=\"\"><img decoding=\"async\" src=\"https:\/\/www.mkreborns.com\/wp-content\/uploads\/2026\/03\/kf-S160a0246ec60450ba40c67d32c0961672.webp\" alt=\"\" title=\"\"><img decoding=\"async\" src=\"https:\/\/www.mkreborns.com\/wp-content\/uploads\/2026\/03\/kf-S4d9f66438f1f42e0b260f4684f54fb0bW.webp\" alt=\"\" title=\"\"><img decoding=\"async\" src=\"https:\/\/ae01.alicdn.com\/kf\/S9f14fbaf63524021b86c7a946d713f30N.jpg\" alt=\"\" title=\"\"><img decoding=\"async\" src=\"https:\/\/ae01.alicdn.com\/kf\/Sf7fd6a137dba47e9aecbf4de66cb87df3.jpg\" alt=\"\" title=\"\"><img decoding=\"async\" src=\"https:\/\/ae01.alicdn.com\/kf\/S06ea55e7d37a45acb579364f3408aa76B.jpg\" alt=\"\" title=\"\"><img decoding=\"async\" src=\"https:\/\/ae01.alicdn.com\/kf\/S81d380c3ee694b8eafebd8a9c2653a1at.jpg\" alt=\"\" title=\"\"><img decoding=\"async\" src=\"https:\/\/ae01.alicdn.com\/kf\/S580e530ac6c84a7a82ce96a246202693U.jpg\" alt=\"\" title=\"\"><img decoding=\"async\" src=\"https:\/\/ae01.alicdn.com\/kf\/S4fce4907e8dd42a7b8679f2512ebba25I.jpg\" alt=\"\" title=\"\"><img decoding=\"async\" src=\"https:\/\/ae01.alicdn.com\/kf\/S0f517424cd3642999a0a881e47972c1du.jpg\" alt=\"\" title=\"\"><img decoding=\"async\" src=\"https:\/\/ae01.alicdn.com\/kf\/Sca06b8ff57b34251853a9fb540f747afw.jpg\" alt=\"\" title=\"\"><img decoding=\"async\" src=\"https:\/\/ae01.alicdn.com\/kf\/Sfd3631ab03ee426692991be15c6afe4ee.jpg\" alt=\"\" title=\"\"><\/p>\n<\/div>\n<\/div>","protected":false},"excerpt":{"rendered":"<p>Vista sua boneca reborn com estilo, usando roupas aconchegantes e de alta qualidade que combinam charme e conforto para horas de brincadeiras imaginativas.<\/p>","protected":false},"featured_media":3869,"comment_status":"open","ping_status":"closed","template":"","meta":[],"product_brand":[],"product_cat":[159,148],"product_tag":[],"class_list":{"0":"post-3868","1":"product","2":"type-product","3":"status-publish","4":"has-post-thumbnail","6":"product_cat-clothes-for-reborn-dolls","7":"product_cat-reborn-doll-accessories","9":"first","10":"instock","11":"sale","12":"shipping-taxable","13":"purchasable","14":"product-type-variable","15":"has-default-attributes"},"_links":{"self":[{"href":"https:\/\/www.mkreborns.com\/pt\/wp-json\/wp\/v2\/product\/3868","targetHints":{"allow":["GET"]}}],"collection":[{"href":"https:\/\/www.mkreborns.com\/pt\/wp-json\/wp\/v2\/product"}],"about":[{"href":"https:\/\/www.mkreborns.com\/pt\/wp-json\/wp\/v2\/types\/product"}],"replies":[{"embeddable":true,"href":"https:\/\/www.mkreborns.com\/pt\/wp-json\/wp\/v2\/comments?post=3868"}],"wp:featuredmedia":[{"embeddable":true,"href":"https:\/\/www.mkreborns.com\/pt\/wp-json\/wp\/v2\/media\/3869"}],"wp:attachment":[{"href":"https:\/\/www.mkreborns.com\/pt\/wp-json\/wp\/v2\/media?parent=3868"}],"wp:term":[{"taxonomy":"product_brand","embeddable":true,"href":"https:\/\/www.mkreborns.com\/pt\/wp-json\/wp\/v2\/product_brand?post=3868"},{"taxonomy":"product_cat","embeddable":true,"href":"https:\/\/www.mkreborns.com\/pt\/wp-json\/wp\/v2\/product_cat?post=3868"},{"taxonomy":"product_tag","embeddable":true,"href":"https:\/\/www.mkreborns.com\/pt\/wp-json\/wp\/v2\/product_tag?post=3868"}],"curies":[{"name":"wp","href":"https:\/\/api.w.org\/{rel}","templated":true}]}}