{"id":3859,"date":"2026-03-09T16:08:41","date_gmt":"2026-03-09T16:08:41","guid":{"rendered":"https:\/\/www.mkreborns.com\/?post_type=product&#038;p=3859"},"modified":"2026-03-20T15:54:07","modified_gmt":"2026-03-20T15:54:07","slug":"peter-custom-silicone-toy-reborn-doll","status":"publish","type":"product","link":"https:\/\/www.mkreborns.com\/pt\/product\/peter-custom-silicone-toy-reborn-doll\/","title":{"rendered":"Peter, boneco reborn de silicone personalizado"},"content":{"rendered":"<p>Os beb\u00eas reborn n\u00e3o s\u00e3o apenas obras de arte; eles tamb\u00e9m podem servir como um ensaio delicado para futuros pais, proporcionando uma experi\u00eancia imersiva. Praticar a troca de fraldas, o ato de enrolar o beb\u00ea em um cueiro e segurar com ternura uma nova vida com um beb\u00ea reborn de silicone de 40 cm de altura pode ajudar os futuros pais a aliviar a ansiedade e a ganhar confian\u00e7a.<\/p>\n<p>Sexo: Menino<br \/>\nAltura: 40 cm<br \/>\nPeso: 1,6 kg<br \/>\nPeso da embalagem: 2,3 kg<br \/>\nDimens\u00f5es da embalagem: 46*21*15cm<\/p>\n<p>&nbsp;<\/p>\n<p><img decoding=\"async\" class=\"aligncenter wp-image-3860 size-full\" src=\"https:\/\/www.mkreborns.com\/wp-content\/themes\/woodmart\/images\/lazy.svg\" data-src=\"https:\/\/www.mkreborns.com\/wp-content\/uploads\/2026\/03\/Peter-reborn-doll1.jpg\" alt=\"\" width=\"1500\" height=\"1500\" title=\"\" srcset=\"\" data-srcset=\"https:\/\/www.mkreborns.com\/wp-content\/uploads\/2026\/03\/Peter-reborn-doll1.jpg 1500w, https:\/\/www.mkreborns.com\/wp-content\/uploads\/2026\/03\/Peter-reborn-doll1-300x300.jpg 300w, https:\/\/www.mkreborns.com\/wp-content\/uploads\/2026\/03\/Peter-reborn-doll1-800x800.jpg 800w, https:\/\/www.mkreborns.com\/wp-content\/uploads\/2026\/03\/Peter-reborn-doll1-150x150.jpg 150w, https:\/\/www.mkreborns.com\/wp-content\/uploads\/2026\/03\/Peter-reborn-doll1-768x768.jpg 768w, https:\/\/www.mkreborns.com\/wp-content\/uploads\/2026\/03\/Peter-reborn-doll1-12x12.jpg 12w, https:\/\/www.mkreborns.com\/wp-content\/uploads\/2026\/03\/Peter-reborn-doll1-700x700.jpg 700w\" sizes=\"(max-width: 1500px) 100vw, 1500px\" \/> <img decoding=\"async\" class=\"aligncenter wp-image-3867 size-full\" src=\"https:\/\/www.mkreborns.com\/wp-content\/themes\/woodmart\/images\/lazy.svg\" data-src=\"https:\/\/www.mkreborns.com\/wp-content\/uploads\/2026\/03\/Peter-reborn-doll8.jpg\" alt=\"Boneca reborn Kelly realista, feita de silicone, com um ursinho de pel\u00facia macio, perfeita para colecionadores e para quem busca um presente criativo.\" width=\"1500\" height=\"1500\" title=\"\" srcset=\"\" data-srcset=\"https:\/\/www.mkreborns.com\/wp-content\/uploads\/2026\/03\/Peter-reborn-doll8.jpg 1500w, https:\/\/www.mkreborns.com\/wp-content\/uploads\/2026\/03\/Peter-reborn-doll8-300x300.jpg 300w, https:\/\/www.mkreborns.com\/wp-content\/uploads\/2026\/03\/Peter-reborn-doll8-800x800.jpg 800w, https:\/\/www.mkreborns.com\/wp-content\/uploads\/2026\/03\/Peter-reborn-doll8-150x150.jpg 150w, https:\/\/www.mkreborns.com\/wp-content\/uploads\/2026\/03\/Peter-reborn-doll8-768x768.jpg 768w, https:\/\/www.mkreborns.com\/wp-content\/uploads\/2026\/03\/Peter-reborn-doll8-12x12.jpg 12w, https:\/\/www.mkreborns.com\/wp-content\/uploads\/2026\/03\/Peter-reborn-doll8-700x700.jpg 700w\" sizes=\"(max-width: 1500px) 100vw, 1500px\" \/><\/p>","protected":false},"excerpt":{"rendered":"<p>O aspecto mais comovente do boneco reborn de silicone \u00e9 que ele vive no eterno momento presente.<\/p>","protected":false},"featured_media":3865,"comment_status":"open","ping_status":"closed","template":"","meta":[],"product_brand":[],"product_cat":[158,145,155,146,154,153,157],"product_tag":[],"class_list":{"0":"post-3859","1":"product","2":"type-product","3":"status-publish","4":"has-post-thumbnail","6":"product_cat-15-inch-baby-dolls","7":"product_cat-baby-boy-reborn-dolls","8":"product_cat-cute-reborn-dolls","9":"product_cat-full-silicone-reborn-dolls","10":"product_cat-lifelike-reborn-dolls","11":"product_cat-newborn-reborn-dolls","12":"product_cat-real-life-baby-dolls","14":"first","15":"instock","16":"sale","17":"shipping-taxable","18":"purchasable","19":"product-type-simple"},"_links":{"self":[{"href":"https:\/\/www.mkreborns.com\/pt\/wp-json\/wp\/v2\/product\/3859","targetHints":{"allow":["GET"]}}],"collection":[{"href":"https:\/\/www.mkreborns.com\/pt\/wp-json\/wp\/v2\/product"}],"about":[{"href":"https:\/\/www.mkreborns.com\/pt\/wp-json\/wp\/v2\/types\/product"}],"replies":[{"embeddable":true,"href":"https:\/\/www.mkreborns.com\/pt\/wp-json\/wp\/v2\/comments?post=3859"}],"wp:featuredmedia":[{"embeddable":true,"href":"https:\/\/www.mkreborns.com\/pt\/wp-json\/wp\/v2\/media\/3865"}],"wp:attachment":[{"href":"https:\/\/www.mkreborns.com\/pt\/wp-json\/wp\/v2\/media?parent=3859"}],"wp:term":[{"taxonomy":"product_brand","embeddable":true,"href":"https:\/\/www.mkreborns.com\/pt\/wp-json\/wp\/v2\/product_brand?post=3859"},{"taxonomy":"product_cat","embeddable":true,"href":"https:\/\/www.mkreborns.com\/pt\/wp-json\/wp\/v2\/product_cat?post=3859"},{"taxonomy":"product_tag","embeddable":true,"href":"https:\/\/www.mkreborns.com\/pt\/wp-json\/wp\/v2\/product_tag?post=3859"}],"curies":[{"name":"wp","href":"https:\/\/api.w.org\/{rel}","templated":true}]}}