{"id":3607,"date":"2026-02-04T15:11:13","date_gmt":"2026-02-04T15:11:13","guid":{"rendered":"https:\/\/www.mkreborns.com\/?post_type=product&#038;p=3607"},"modified":"2026-03-18T15:09:52","modified_gmt":"2026-03-18T15:09:52","slug":"pink-sleeping-pvc-real-reborn-doll","status":"publish","type":"product","link":"https:\/\/www.mkreborns.com\/pt\/product\/pink-sleeping-pvc-real-reborn-doll\/","title":{"rendered":"Boneca Reborn Realista de PVC Rosa Dormindo"},"content":{"rendered":"<p>A boneca Reborn rosa parece ador\u00e1vel e tranquila enquanto dorme, trazendo um toque de beleza para a sua vida. Feita de vinil, um material altamente resistente a \u00f3leo e \u00e1cido, ela mant\u00e9m sua beleza mesmo ap\u00f3s manuseio e car\u00edcias prolongadas. Tamb\u00e9m \u00e9 muito f\u00e1cil de limpar; se ficar suja, basta limp\u00e1-la delicadamente com um pano \u00famido e sab\u00e3o neutro para restaurar o seu brilho. Esta \u00e9 uma vantagem muito pr\u00e1tica para quem deseja uma boneca Reborn como companheira de longa data ou se preocupa com a sua manuten\u00e7\u00e3o.<\/p>\n<p>&nbsp;<\/p>\n<p>G\u00eanero: Menina<br \/>\nPeso: 1,5 kg<br \/>\nAltura: 45,7 cm (18 polegadas)<br \/>\nMaterial: PVC<\/p>\n<p>&nbsp;<\/p>\n<div style=\"width: 720px;\" class=\"wp-video\"><video class=\"wp-video-shortcode\" id=\"video-3607-1\" width=\"720\" height=\"960\" preload=\"metadata\" controls=\"controls\"><source type=\"video\/mp4\" src=\"https:\/\/www.mkreborns.com\/wp-content\/uploads\/2026\/02\/Pink-Sleeping-Reborn.mp4?_=1\" \/><a href=\"https:\/\/www.mkreborns.com\/wp-content\/uploads\/2026\/02\/Pink-Sleeping-Reborn.mp4\">https:\/\/www.mkreborns.com\/wp-content\/uploads\/2026\/02\/Pink-Sleeping-Reborn.mp4<\/a><\/video><\/div>\n<p><img decoding=\"async\" class=\"aligncenter wp-image-3616 size-full\" src=\"https:\/\/www.mkreborns.com\/wp-content\/themes\/woodmart\/images\/lazy.svg\" data-src=\"https:\/\/www.mkreborns.com\/wp-content\/uploads\/2026\/02\/Pink-Sleeping-Reborn-9.jpg\" alt=\"\" width=\"800\" height=\"800\" title=\"\" srcset=\"\" data-srcset=\"https:\/\/www.mkreborns.com\/wp-content\/uploads\/2026\/02\/Pink-Sleeping-Reborn-9.jpg 800w, https:\/\/www.mkreborns.com\/wp-content\/uploads\/2026\/02\/Pink-Sleeping-Reborn-9-150x150.jpg 150w, https:\/\/www.mkreborns.com\/wp-content\/uploads\/2026\/02\/Pink-Sleeping-Reborn-9-700x700.jpg 700w, https:\/\/www.mkreborns.com\/wp-content\/uploads\/2026\/02\/Pink-Sleeping-Reborn-9-300x300.jpg 300w, https:\/\/www.mkreborns.com\/wp-content\/uploads\/2026\/02\/Pink-Sleeping-Reborn-9-768x768.jpg 768w\" sizes=\"(max-width: 800px) 100vw, 800px\" \/> <img decoding=\"async\" class=\"aligncenter wp-image-3614 size-full\" src=\"https:\/\/www.mkreborns.com\/wp-content\/themes\/woodmart\/images\/lazy.svg\" data-src=\"https:\/\/www.mkreborns.com\/wp-content\/uploads\/2026\/02\/Pink-Sleeping-Reborn-7.jpg\" alt=\"Boneca reborn menina com roupa de dormir rosa, feita de PVC macio, tamanho 45 cm (18 polegadas), perfeita para colecionadores e crian\u00e7as.\" width=\"800\" height=\"800\" title=\"\" srcset=\"\" data-srcset=\"https:\/\/www.mkreborns.com\/wp-content\/uploads\/2026\/02\/Pink-Sleeping-Reborn-7.jpg 800w, https:\/\/www.mkreborns.com\/wp-content\/uploads\/2026\/02\/Pink-Sleeping-Reborn-7-150x150.jpg 150w, https:\/\/www.mkreborns.com\/wp-content\/uploads\/2026\/02\/Pink-Sleeping-Reborn-7-700x700.jpg 700w, https:\/\/www.mkreborns.com\/wp-content\/uploads\/2026\/02\/Pink-Sleeping-Reborn-7-300x300.jpg 300w, https:\/\/www.mkreborns.com\/wp-content\/uploads\/2026\/02\/Pink-Sleeping-Reborn-7-768x768.jpg 768w\" sizes=\"(max-width: 800px) 100vw, 800px\" \/><\/p>","protected":false},"excerpt":{"rendered":"<p>A vis\u00e3o de um beb\u00ea reborn rec\u00e9m-nascido dormindo de olhos fechados e chupando uma chupeta com contentamento \u00e9 muito reconfortante para uma mente ansiosa.<\/p>\n<p>A boca da boneca Reborn \u00e9 magn\u00e9tica, permitindo o uso de uma chupeta magn\u00e9tica.<\/p>","protected":false},"featured_media":3615,"comment_status":"open","ping_status":"closed","template":"","meta":[],"product_brand":[],"product_cat":[144,151,155,156,152],"product_tag":[],"class_list":{"0":"post-3607","1":"product","2":"type-product","3":"status-publish","4":"has-post-thumbnail","6":"product_cat-baby-girl-reborn-dolls","7":"product_cat-18-inch-reborn-dolls","8":"product_cat-cute-reborn-dolls","9":"product_cat-life-sized-dolls","10":"product_cat-vinyl-reborn-dolls","12":"first","13":"instock","14":"sale","15":"shipping-taxable","16":"purchasable","17":"product-type-simple"},"_links":{"self":[{"href":"https:\/\/www.mkreborns.com\/pt\/wp-json\/wp\/v2\/product\/3607","targetHints":{"allow":["GET"]}}],"collection":[{"href":"https:\/\/www.mkreborns.com\/pt\/wp-json\/wp\/v2\/product"}],"about":[{"href":"https:\/\/www.mkreborns.com\/pt\/wp-json\/wp\/v2\/types\/product"}],"replies":[{"embeddable":true,"href":"https:\/\/www.mkreborns.com\/pt\/wp-json\/wp\/v2\/comments?post=3607"}],"wp:featuredmedia":[{"embeddable":true,"href":"https:\/\/www.mkreborns.com\/pt\/wp-json\/wp\/v2\/media\/3615"}],"wp:attachment":[{"href":"https:\/\/www.mkreborns.com\/pt\/wp-json\/wp\/v2\/media?parent=3607"}],"wp:term":[{"taxonomy":"product_brand","embeddable":true,"href":"https:\/\/www.mkreborns.com\/pt\/wp-json\/wp\/v2\/product_brand?post=3607"},{"taxonomy":"product_cat","embeddable":true,"href":"https:\/\/www.mkreborns.com\/pt\/wp-json\/wp\/v2\/product_cat?post=3607"},{"taxonomy":"product_tag","embeddable":true,"href":"https:\/\/www.mkreborns.com\/pt\/wp-json\/wp\/v2\/product_tag?post=3607"}],"curies":[{"name":"wp","href":"https:\/\/api.w.org\/{rel}","templated":true}]}}