{"id":3552,"date":"2026-01-30T08:42:16","date_gmt":"2026-01-30T08:42:16","guid":{"rendered":"https:\/\/www.mkreborns.com\/?post_type=product&#038;p=3552"},"modified":"2026-03-18T15:09:45","modified_gmt":"2026-03-18T15:09:45","slug":"owen-lifelike-pvc-baby-reborn-doll","status":"publish","type":"product","link":"https:\/\/www.mkreborns.com\/pt\/product\/owen-lifelike-pvc-baby-reborn-doll\/","title":{"rendered":"Owen, um beb\u00ea reborn realista feito de PVC."},"content":{"rendered":"<p>Uma das maiores vantagens das bonecas reborn de vinil \u00e9 o pre\u00e7o. As bonecas reborn feitas inteiramente de silicone costumam ser bem mais caras devido \u00e0s diferen\u00e7as nos materiais e nos processos de pintura. J\u00e1 as bonecas reborn de vinil s\u00e3o relativamente baratas, e muitas ainda s\u00e3o verdadeiras obras de arte. Isso significa que voc\u00ea pode comprar uma boneca reborn igualmente linda e aconchegante por um pre\u00e7o menor, tornando-a uma op\u00e7\u00e3o muito interessante para quem compra uma pela primeira vez ou para quem tem um or\u00e7amento limitado. Se voc\u00ea est\u00e1 procurando um presente para um amigo ou familiar, uma boneca reborn de vinil de alta qualidade tamb\u00e9m \u00e9 uma excelente escolha.<\/p>\n<p>A boneca reborn parece incrivelmente fofa enquanto chupa sua chupeta com satisfa\u00e7\u00e3o.<\/p>\n<p>Sexo: Menino<br \/>\nPeso: 1,5 kg<br \/>\nAltura: 45,7 cm (18 polegadas)<br \/>\nMaterial: PVC<\/p>\n<div style=\"width: 720px;\" class=\"wp-video\"><video class=\"wp-video-shortcode\" id=\"video-3552-1\" width=\"720\" height=\"960\" preload=\"metadata\" controls=\"controls\"><source type=\"video\/mp4\" src=\"https:\/\/www.mkreborns.com\/wp-content\/uploads\/2026\/01\/angel-baby-doll.mp4?_=1\" \/><a href=\"https:\/\/www.mkreborns.com\/wp-content\/uploads\/2026\/01\/angel-baby-doll.mp4\">https:\/\/www.mkreborns.com\/wp-content\/uploads\/2026\/01\/angel-baby-doll.mp4<\/a><\/video><\/div>\n<p><img decoding=\"async\" class=\"aligncenter wp-image-3601 size-full\" src=\"https:\/\/www.mkreborns.com\/wp-content\/themes\/woodmart\/images\/lazy.svg\" data-src=\"https:\/\/www.mkreborns.com\/wp-content\/uploads\/2026\/01\/angel-baby-doll10.jpg\" alt=\"\" width=\"800\" height=\"800\" title=\"\" srcset=\"\" data-srcset=\"https:\/\/www.mkreborns.com\/wp-content\/uploads\/2026\/01\/angel-baby-doll10.jpg 800w, https:\/\/www.mkreborns.com\/wp-content\/uploads\/2026\/01\/angel-baby-doll10-150x150.jpg 150w, https:\/\/www.mkreborns.com\/wp-content\/uploads\/2026\/01\/angel-baby-doll10-700x700.jpg 700w, https:\/\/www.mkreborns.com\/wp-content\/uploads\/2026\/01\/angel-baby-doll10-300x300.jpg 300w, https:\/\/www.mkreborns.com\/wp-content\/uploads\/2026\/01\/angel-baby-doll10-768x768.jpg 768w\" sizes=\"(max-width: 800px) 100vw, 800px\" \/><img decoding=\"async\" class=\"aligncenter wp-image-3599 size-full\" src=\"https:\/\/www.mkreborns.com\/wp-content\/themes\/woodmart\/images\/lazy.svg\" data-src=\"https:\/\/www.mkreborns.com\/wp-content\/uploads\/2026\/01\/angel-baby-doll8.jpg\" alt=\"Beb\u00ea reborn realista em PVC, ideal para colecionadores e crian\u00e7as.\" width=\"800\" height=\"800\" title=\"\" srcset=\"\" data-srcset=\"https:\/\/www.mkreborns.com\/wp-content\/uploads\/2026\/01\/angel-baby-doll8.jpg 800w, https:\/\/www.mkreborns.com\/wp-content\/uploads\/2026\/01\/angel-baby-doll8-150x150.jpg 150w, https:\/\/www.mkreborns.com\/wp-content\/uploads\/2026\/01\/angel-baby-doll8-700x700.jpg 700w, https:\/\/www.mkreborns.com\/wp-content\/uploads\/2026\/01\/angel-baby-doll8-300x300.jpg 300w, https:\/\/www.mkreborns.com\/wp-content\/uploads\/2026\/01\/angel-baby-doll8-768x768.jpg 768w\" sizes=\"(max-width: 800px) 100vw, 800px\" \/><\/p>","protected":false},"excerpt":{"rendered":"<p>Adquira esta boneca reborn de vinil e receba roupas, fraldas e certid\u00e3o de nascimento gr\u00e1tis. A boca da boneca reborn \u00e9 magn\u00e9tica, permitindo o uso de chupeta magn\u00e9tica.<\/p>","protected":false},"featured_media":3592,"comment_status":"open","ping_status":"closed","template":"","meta":[],"product_brand":[],"product_cat":[151,145,154,157,152],"product_tag":[],"class_list":{"0":"post-3552","1":"product","2":"type-product","3":"status-publish","4":"has-post-thumbnail","6":"product_cat-18-inch-reborn-dolls","7":"product_cat-baby-boy-reborn-dolls","8":"product_cat-lifelike-reborn-dolls","9":"product_cat-real-life-baby-dolls","10":"product_cat-vinyl-reborn-dolls","12":"first","13":"instock","14":"sale","15":"shipping-taxable","16":"purchasable","17":"product-type-simple"},"_links":{"self":[{"href":"https:\/\/www.mkreborns.com\/pt\/wp-json\/wp\/v2\/product\/3552","targetHints":{"allow":["GET"]}}],"collection":[{"href":"https:\/\/www.mkreborns.com\/pt\/wp-json\/wp\/v2\/product"}],"about":[{"href":"https:\/\/www.mkreborns.com\/pt\/wp-json\/wp\/v2\/types\/product"}],"replies":[{"embeddable":true,"href":"https:\/\/www.mkreborns.com\/pt\/wp-json\/wp\/v2\/comments?post=3552"}],"wp:featuredmedia":[{"embeddable":true,"href":"https:\/\/www.mkreborns.com\/pt\/wp-json\/wp\/v2\/media\/3592"}],"wp:attachment":[{"href":"https:\/\/www.mkreborns.com\/pt\/wp-json\/wp\/v2\/media?parent=3552"}],"wp:term":[{"taxonomy":"product_brand","embeddable":true,"href":"https:\/\/www.mkreborns.com\/pt\/wp-json\/wp\/v2\/product_brand?post=3552"},{"taxonomy":"product_cat","embeddable":true,"href":"https:\/\/www.mkreborns.com\/pt\/wp-json\/wp\/v2\/product_cat?post=3552"},{"taxonomy":"product_tag","embeddable":true,"href":"https:\/\/www.mkreborns.com\/pt\/wp-json\/wp\/v2\/product_tag?post=3552"}],"curies":[{"name":"wp","href":"https:\/\/api.w.org\/{rel}","templated":true}]}}