{"id":3,"date":"2025-12-24T14:18:41","date_gmt":"2025-12-24T14:18:41","guid":{"rendered":"https:\/\/www.mkreborns.com\/?page_id=3"},"modified":"2026-01-20T10:07:36","modified_gmt":"2026-01-20T10:07:36","slug":"privacy-policy","status":"publish","type":"page","link":"https:\/\/www.mkreborns.com\/pt\/privacy-policy\/","title":{"rendered":"pol\u00edtica de Privacidade"},"content":{"rendered":"<p>No <strong>Mk Reborns<\/strong>, Damos grande import\u00e2ncia \u00e0 confidencialidade, integridade e tratamento respons\u00e1vel das informa\u00e7\u00f5es pessoais. Esta Pol\u00edtica de Privacidade explica como os dados s\u00e3o coletados, processados, armazenados e protegidos quando voc\u00ea acessa ou interage com nosso site.<\/p>\n\n\n\n<hr class=\"wp-block-separator has-alpha-channel-opacity\"\/>\n\n\n\n<h2 class=\"wp-block-heading\">1. Quem somos<\/h2>\n\n\n\n<p>O site <strong><a href=\"https:\/\/www.mkreborns.com\/pt\/\">https:\/\/www.mkreborns.com<\/a><\/strong> \u00e9 propriedade e operado por <strong>Mk Reborns<\/strong>.<br>Ao longo desta pol\u00edtica, as refer\u00eancias a \u201cn\u00f3s\u201d, \u201cnosso\u201d ou \u201cnossos\u201d referem-se exclusivamente \u00e0 Mk Reborns.<\/p>\n\n\n\n<hr class=\"wp-block-separator has-alpha-channel-opacity\"\/>\n\n\n\n<h2 class=\"wp-block-heading\">2. Coment\u00e1rios e envios de usu\u00e1rios<\/h2>\n\n\n\n<p>Quando os visitantes optam por deixar coment\u00e1rios em nosso site, coletamos as informa\u00e7\u00f5es exibidas no formul\u00e1rio de envio de coment\u00e1rios, juntamente com o nome do visitante. <strong>endere\u00e7o IP<\/strong> e <strong>string do agente do usu\u00e1rio do navegador<\/strong>. Essas informa\u00e7\u00f5es s\u00e3o coletadas estritamente com o objetivo de manter a seguran\u00e7a da plataforma e prevenir conte\u00fado indesejado ou abusivo.<\/p>\n\n\n\n<p>Um identificador an\u00f4nimo gerado a partir do seu endere\u00e7o de e-mail (comumente referido como um <em>haxixe<\/em>) pode ser transmitido para o <strong>Gravatar<\/strong> servi\u00e7o para determinar se existe um perfil associado.<br>O servi\u00e7o Gravatar opera sob sua pr\u00f3pria estrutura de privacidade, que pode ser consultada em:<br><a href=\"https:\/\/automattic.com\/privacy\/\" target=\"_blank\" rel=\"noopener\">https:\/\/automattic.com\/privacy\/<\/a><\/p>\n\n\n\n<p>Ap\u00f3s a aprova\u00e7\u00e3o de um coment\u00e1rio, qualquer imagem de perfil associada a ele torna-se publicamente vis\u00edvel junto com o coment\u00e1rio.<\/p>\n\n\n\n<hr class=\"wp-block-separator has-alpha-channel-opacity\"\/>\n\n\n\n<h2 class=\"wp-block-heading\">3. Envio de m\u00eddia<\/h2>\n\n\n\n<p>Se voc\u00ea enviar imagens para o site, recomendamos fortemente que n\u00e3o as inclua. <strong>metadados de localiza\u00e7\u00e3o incorporados (EXIF GPS)<\/strong>.<br>Os visitantes do site podem baixar imagens e extrair quaisquer dados de localiza\u00e7\u00e3o nelas contidos. A Mk Reborns n\u00e3o assume qualquer responsabilidade pelos metadados inclu\u00eddos voluntariamente nos arquivos enviados.<\/p>\n\n\n\n<hr class=\"wp-block-separator has-alpha-channel-opacity\"\/>\n\n\n\n<h2 class=\"wp-block-heading\">4. Cookies e tecnologias semelhantes<\/h2>\n\n\n\n<p>Para melhorar a conveni\u00eancia e a funcionalidade para o usu\u00e1rio, nosso site utiliza cookies nas seguintes circunst\u00e2ncias:<\/p>\n\n\n\n<ul class=\"wp-block-list\">\n<li>Ao enviar um coment\u00e1rio, voc\u00ea pode optar por armazenar seu nome, endere\u00e7o de e-mail e detalhes do site em cookies. Esses cookies s\u00e3o retidos por um determinado per\u00edodo. <strong>um ano<\/strong> Eliminar a necessidade de entrada repetida de dados.<\/li>\n\n\n\n<li>Ao visitar a p\u00e1gina de login, um cookie tempor\u00e1rio \u00e9 gerado para verificar se o seu navegador aceita cookies. Este cookie n\u00e3o cont\u00e9m informa\u00e7\u00f5es pessoais e \u00e9 descartado quando o navegador \u00e9 fechado.<\/li>\n\n\n\n<li>Ao efetuar login, v\u00e1rios cookies s\u00e3o criados para preservar seu status de autentica\u00e7\u00e3o e prefer\u00eancias de exibi\u00e7\u00e3o.\n<ul class=\"wp-block-list\">\n<li>Os cookies de login permanecem ativos por <strong>dois dias<\/strong><\/li>\n\n\n\n<li>Os cookies de prefer\u00eancias de exibi\u00e7\u00e3o permanecem por <strong>um ano<\/strong><\/li>\n\n\n\n<li>Se a op\u00e7\u00e3o \u201cLembrar-me\u201d estiver selecionada, as credenciais de login ser\u00e3o mantidas para <strong>duas semanas<\/strong><\/li>\n<\/ul>\n<\/li>\n\n\n\n<li>Ao fazer logout, os cookies relacionados ao login s\u00e3o removidos.<\/li>\n\n\n\n<li>Ao editar ou publicar conte\u00fado, um cookie adicional \u00e9 armazenado no seu navegador. Este cookie n\u00e3o cont\u00e9m dados pessoais e serve apenas para identificar a publica\u00e7\u00e3o editada. Ele expira ap\u00f3s [tempo n\u00e3o especificado]. <strong>24 horas<\/strong>.<\/li>\n<\/ul>\n\n\n\n<hr class=\"wp-block-separator has-alpha-channel-opacity\"\/>\n\n\n\n<h2 class=\"wp-block-heading\">5. Conte\u00fado incorporado de sites de terceiros<\/h2>\n\n\n\n<p>As p\u00e1ginas deste site podem conter conte\u00fado incorporado (incluindo, entre outros, v\u00eddeos, imagens ou artigos).<br>O conte\u00fado incorporado de sites externos comporta-se da mesma forma como se voc\u00ea tivesse visitado o site de origem diretamente.<\/p>\n\n\n\n<p>Esses sites de terceiros podem:<\/p>\n\n\n\n<ul class=\"wp-block-list\">\n<li>Coletar dados sobre voc\u00ea<\/li>\n\n\n\n<li>Utilizar cookies<\/li>\n\n\n\n<li>Utilize ferramentas adicionais de rastreamento de terceiros.<\/li>\n\n\n\n<li>Monitore sua intera\u00e7\u00e3o com o conte\u00fado incorporado.<\/li>\n<\/ul>\n\n\n\n<p>Isso pode incluir o rastreamento de intera\u00e7\u00f5es caso voc\u00ea possua uma conta e esteja conectado \u00e0 plataforma externa.<\/p>\n\n\n\n<hr class=\"wp-block-separator has-alpha-channel-opacity\"\/>\n\n\n\n<h2 class=\"wp-block-heading\">6. Partilha de dados<\/h2>\n\n\n\n<p>Se voc\u00ea solicitar uma redefini\u00e7\u00e3o de senha, seu <strong>endere\u00e7o IP<\/strong> Ser\u00e1 inclu\u00eddo na comunica\u00e7\u00e3o de redefini\u00e7\u00e3o de senha para fins de verifica\u00e7\u00e3o de seguran\u00e7a.<\/p>\n\n\n\n<p>A Mk Reborns n\u00e3o vende, aluga ou troca dados pessoais com terceiros n\u00e3o autorizados.<\/p>\n\n\n\n<hr class=\"wp-block-separator has-alpha-channel-opacity\"\/>\n\n\n\n<h2 class=\"wp-block-heading\">7. Reten\u00e7\u00e3o de Dados<\/h2>\n\n\n\n<p>Os coment\u00e1rios e seus metadados associados s\u00e3o mantidos. <strong>indefinidamente<\/strong>. Isso nos permite reconhecer e aprovar coment\u00e1rios subsequentes automaticamente, sem coloc\u00e1-los em modera\u00e7\u00e3o.<\/p>\n\n\n\n<p>Para os usu\u00e1rios que se cadastram em nosso site (se aplic\u00e1vel), armazenamos as informa\u00e7\u00f5es pessoais fornecidas em seus perfis de usu\u00e1rio.<br>Usu\u00e1rios cadastrados podem visualizar, modificar ou excluir suas informa\u00e7\u00f5es pessoais a qualquer momento, com exce\u00e7\u00e3o dos nomes de usu\u00e1rio. Os administradores do site reservam-se o direito de acessar e editar essas informa\u00e7\u00f5es quando necess\u00e1rio.<\/p>\n\n\n\n<hr class=\"wp-block-separator has-alpha-channel-opacity\"\/>\n\n\n\n<h2 class=\"wp-block-heading\">8. Seus direitos sobre seus dados<\/h2>\n\n\n\n<p>Se voc\u00ea possui uma conta neste site ou j\u00e1 enviou coment\u00e1rios anteriormente, pode solicitar:<\/p>\n\n\n\n<ul class=\"wp-block-list\">\n<li>Um arquivo exportado contendo os dados pessoais que mantemos sobre voc\u00ea.<\/li>\n\n\n\n<li>A elimina\u00e7\u00e3o dos dados pessoais associados a voc\u00ea<\/li>\n<\/ul>\n\n\n\n<p>Os pedidos de elimina\u00e7\u00e3o de dados n\u00e3o se aplicam a informa\u00e7\u00f5es que somos legal ou administrativamente obrigados a reter para fins de conformidade, seguran\u00e7a ou operacionais.<\/p>\n\n\n\n<hr class=\"wp-block-separator has-alpha-channel-opacity\"\/>\n\n\n\n<h2 class=\"wp-block-heading\">9. Onde seus dados s\u00e3o processados<\/h2>\n\n\n\n<p>Os coment\u00e1rios dos visitantes podem ser examinados por meio de servi\u00e7os automatizados de detec\u00e7\u00e3o de spam para garantir a seguran\u00e7a e a integridade do site.<\/p>\n\n\n\n<hr class=\"wp-block-separator has-alpha-channel-opacity\"\/>\n\n\n\n<h2 class=\"wp-block-heading\">10. Informa\u00e7\u00f5es de contato<\/h2>\n\n\n\n<p>Caso tenha alguma d\u00favida sobre esta Pol\u00edtica de Privacidade ou sobre o tratamento dos seus dados pessoais, entre em contato conosco atrav\u00e9s do seguinte endere\u00e7o:<\/p>\n\n\n\n<p>\ud83d\udce7 <strong><a href=\"mailto:support@mkreborns.com\">support@mkreborns.com<\/a><\/strong><\/p>\n\n\n\n<p><\/p>","protected":false},"excerpt":{"rendered":"<p>Na Mk Reborns, damos grande import\u00e2ncia \u00e0 confidencialidade, integridade e tratamento respons\u00e1vel das informa\u00e7\u00f5es pessoais. Esta Pol\u00edtica de Privacidade<\/p>","protected":false},"author":1,"featured_media":0,"parent":0,"menu_order":0,"comment_status":"closed","ping_status":"closed","template":"","meta":{"footnotes":""},"class_list":["post-3","page","type-page","status-publish","hentry"],"_links":{"self":[{"href":"https:\/\/www.mkreborns.com\/pt\/wp-json\/wp\/v2\/pages\/3","targetHints":{"allow":["GET"]}}],"collection":[{"href":"https:\/\/www.mkreborns.com\/pt\/wp-json\/wp\/v2\/pages"}],"about":[{"href":"https:\/\/www.mkreborns.com\/pt\/wp-json\/wp\/v2\/types\/page"}],"author":[{"embeddable":true,"href":"https:\/\/www.mkreborns.com\/pt\/wp-json\/wp\/v2\/users\/1"}],"replies":[{"embeddable":true,"href":"https:\/\/www.mkreborns.com\/pt\/wp-json\/wp\/v2\/comments?post=3"}],"version-history":[{"count":0,"href":"https:\/\/www.mkreborns.com\/pt\/wp-json\/wp\/v2\/pages\/3\/revisions"}],"wp:attachment":[{"href":"https:\/\/www.mkreborns.com\/pt\/wp-json\/wp\/v2\/media?parent=3"}],"curies":[{"name":"wp","href":"https:\/\/api.w.org\/{rel}","templated":true}]}}