{"id":4614,"date":"2026-05-07T01:55:32","date_gmt":"2026-05-07T01:55:32","guid":{"rendered":"https:\/\/www.mkreborns.com\/?post_type=product&#038;p=4614"},"modified":"2026-05-07T03:27:22","modified_gmt":"2026-05-07T03:27:22","slug":"potato-7-inch-mini-reborn-dolls-smiling-baby-toy","status":"publish","type":"product","link":"https:\/\/www.mkreborns.com\/pl\/product\/potato-7-inch-mini-reborn-dolls-smiling-baby-toy\/","title":{"rendered":"Lalki Potato 7-calowe Mini Reborn U\u015bmiechni\u0119ta zabawka dla niemowl\u0105t"},"content":{"rendered":"<h2>Lalki Potato Mini Reborn z uroczymi, u\u015bmiechni\u0119tymi detalami<\/h2>\n<div>Potato to jedna z najbardziej rozczulaj\u0105cych miniaturowych lalek reborn, stworzonych dla kolekcjoner\u00f3w, kt\u00f3rzy uwielbiaj\u0105 malutkie, realistyczne towarzyszki. Z radosnym wyrazem twarzy, delikatn\u0105 rze\u017ab\u0105 i \u017cywymi, niebieskimi, akrylowymi oczami, Potato emanuje urokiem spokojnego noworodka spoczywaj\u0105cego w Twoich d\u0142oniach. Jej kompaktowy rozmiar, zaledwie 18 cm, sprawia, \u017ce idealnie nadaje si\u0119 do eksponowania na p\u00f3\u0142kach, jako towarzyszka podr\u00f3\u017cy, jako rekwizyt do zdj\u0119\u0107 i jako przemy\u015blany prezent.<\/div>\n<h3>Ma\u0142a, u\u015bmiechni\u0119ta lalka Reborn pe\u0142na osobowo\u015bci<\/h3>\n<div>W przeciwie\u0144stwie do zwyk\u0142ych figurek, Potato jest wykonana z mi\u0119kkiego winylu, co nadaje jej gi\u0119tk\u0105, delikatn\u0105 faktur\u0119. Jej ruchome ko\u0144czyny i gi\u0119tka g\u0142owa pozwalaj\u0105 na naturalne pozowanie, a jej u\u015bmiechni\u0119ty wygl\u0105d lalki reborn tworzy przytuln\u0105 atmosfer\u0119 w ka\u017cdym pokoju dzieci\u0119cym lub kolekcji lalek reborn. Kolekcjonerzy poszukuj\u0105cy miniaturowych lalek reborn na sprzeda\u017c cz\u0119sto zwracaj\u0105 uwag\u0119 na wyrazist\u0105 rze\u017ab\u0119 twarzy i realistyczne proporcje, a Potato oferuje oba te elementy w kompaktowej formie o niepowtarzalnym charakterze.<\/div>\n<h2>Specyfikacja produktu<\/h2>\n<ul>\n<li>Imi\u0119 lalki: Ziemniak<\/li>\n<li>Rozmiar: 7 cali \/ 17 cm<\/li>\n<li>Materia\u0142: mi\u0119kki winyl<\/li>\n<li>P\u0142e\u0107: Unisex<\/li>\n<li>Oczy: niebieskie akrylowe oczy<\/li>\n<li>Mo\u017cliwo\u015b\u0107 poruszania: ruchoma g\u0142owa i ko\u0144czyny<\/li>\n<li>Przyjazny dla wody: nadaje si\u0119 do zabawy w wannie<\/li>\n<li>Substancja chemiczna budz\u0105ca du\u017ce obawy: Brak<\/li>\n<\/ul>\n<div>Potato \u0142\u0105czy w sobie realizm, mi\u0119kko\u015b\u0107 i kolekcjonerski kunszt w jednym ma\u0142ym dziele, co czyni j\u0105 zachwycaj\u0105cym wyborem dla ka\u017cdego, kto szuka miniaturowych lalek odrodzonych.<\/div>\n<p><img decoding=\"async\" src=\"https:\/\/www.mkreborns.com\/wp-content\/uploads\/2026\/05\/kf-Se154f858f6a849349cdcd76bbf1872d0W.webp\" alt=\"\" title=\"\"><img decoding=\"async\" src=\"https:\/\/www.mkreborns.com\/wp-content\/uploads\/2026\/05\/kf-S410aa67aa548435698fbd27a3fb64c19p.webp\" alt=\"\" title=\"\"><img decoding=\"async\" src=\"https:\/\/www.mkreborns.com\/wp-content\/uploads\/2026\/05\/kf-S4125dbf4d532429b9571597763eb7d3eI-1.webp\" alt=\"\" title=\"\"><img decoding=\"async\" src=\"https:\/\/www.mkreborns.com\/wp-content\/uploads\/2026\/05\/kf-Sf180e3a8185c4ab5a05c6659d3876e49U-1.webp\" alt=\"\" title=\"\"><img decoding=\"async\" src=\"https:\/\/www.mkreborns.com\/wp-content\/uploads\/2026\/05\/kf-S23d6d7b83f794931857b73f6bd85a9a9c-1.webp\" alt=\"\" title=\"\"><img decoding=\"async\" src=\"https:\/\/www.mkreborns.com\/wp-content\/uploads\/2026\/05\/kf-S9684c1e9c66040cfa84f6ae70eb82a03a-1.webp\" alt=\"\" title=\"\"><img decoding=\"async\" src=\"https:\/\/www.mkreborns.com\/wp-content\/uploads\/2026\/05\/kf-S2371c35111914378822505f3c2dd234bx-1.webp\" alt=\"\" title=\"\"><img decoding=\"async\" src=\"https:\/\/www.mkreborns.com\/wp-content\/uploads\/2026\/05\/kf-S213e1f76af814b5398bc23eda5fded5et.webp\" alt=\"\" title=\"\"><img decoding=\"async\" src=\"https:\/\/www.mkreborns.com\/wp-content\/uploads\/2026\/05\/kf-Sc2a2e60655264e8abb4ad94432039d95L.webp\" alt=\"\" title=\"\"><img decoding=\"async\" src=\"https:\/\/www.mkreborns.com\/wp-content\/uploads\/2026\/05\/kf-S6b0ee659018143f6ba8f9ba3cf98f50fd.webp\" alt=\"\" title=\"\"><\/p>","protected":false},"excerpt":{"rendered":"<div>Potato to male\u0144ki, u\u015bmiechni\u0119ty towarzysz z jasnoniebieskimi oczami i mi\u0119kkim, winylowym korpusem, kt\u00f3ry idealnie le\u017cy w d\u0142oni. Ten uroczy maluszek wnosi ciep\u0142o, komfort i realistyczne detale do ka\u017cdej kolekcji.<\/div>","protected":false},"featured_media":4615,"comment_status":"open","ping_status":"closed","template":"","meta":[],"product_brand":[],"product_cat":[250,145,144,155,152],"product_tag":[],"class_list":{"0":"post-4614","1":"product","2":"type-product","3":"status-publish","4":"has-post-thumbnail","6":"product_cat-7-inch-reborn-dolls","7":"product_cat-baby-boy-reborn-dolls","8":"product_cat-baby-girl-reborn-dolls","9":"product_cat-cute-reborn-dolls","10":"product_cat-vinyl-reborn-dolls","12":"first","13":"instock","14":"sale","15":"shipping-taxable","16":"purchasable","17":"product-type-simple"},"_links":{"self":[{"href":"https:\/\/www.mkreborns.com\/pl\/wp-json\/wp\/v2\/product\/4614","targetHints":{"allow":["GET"]}}],"collection":[{"href":"https:\/\/www.mkreborns.com\/pl\/wp-json\/wp\/v2\/product"}],"about":[{"href":"https:\/\/www.mkreborns.com\/pl\/wp-json\/wp\/v2\/types\/product"}],"replies":[{"embeddable":true,"href":"https:\/\/www.mkreborns.com\/pl\/wp-json\/wp\/v2\/comments?post=4614"}],"wp:featuredmedia":[{"embeddable":true,"href":"https:\/\/www.mkreborns.com\/pl\/wp-json\/wp\/v2\/media\/4615"}],"wp:attachment":[{"href":"https:\/\/www.mkreborns.com\/pl\/wp-json\/wp\/v2\/media?parent=4614"}],"wp:term":[{"taxonomy":"product_brand","embeddable":true,"href":"https:\/\/www.mkreborns.com\/pl\/wp-json\/wp\/v2\/product_brand?post=4614"},{"taxonomy":"product_cat","embeddable":true,"href":"https:\/\/www.mkreborns.com\/pl\/wp-json\/wp\/v2\/product_cat?post=4614"},{"taxonomy":"product_tag","embeddable":true,"href":"https:\/\/www.mkreborns.com\/pl\/wp-json\/wp\/v2\/product_tag?post=4614"}],"curies":[{"name":"wp","href":"https:\/\/api.w.org\/{rel}","templated":true}]}}