{"id":4602,"date":"2026-05-07T01:53:54","date_gmt":"2026-05-07T01:53:54","guid":{"rendered":"https:\/\/www.mkreborns.com\/?post_type=product&#038;p=4602"},"modified":"2026-05-13T14:41:14","modified_gmt":"2026-05-13T14:41:14","slug":"12-inch-full-silicone-children-gifts-reborn-baby-doll","status":"publish","type":"product","link":"https:\/\/www.mkreborns.com\/pl\/product\/12-inch-full-silicone-children-gifts-reborn-baby-doll\/","title":{"rendered":"12-calowa silikonowa lalka dla dzieci Reborn"},"content":{"rendered":"<div class=\"product-specs-list-container\"><\/div>\n<div class=\"detailmodule_text\">\n<p class=\"detail-desc-decorate-content\" style=\"font-family: OpenSans; font-size: 14px; font-weight: 300; line-height: 20px; white-space: pre-wrap; margin-bottom: 12px;\"><span style=\"color: #000000;\">Wysoko\u015b\u0107: 12 cali<\/span><br \/>\n<span style=\"color: #000000;\">Waga: 1,1 kg<\/span><br \/>\n<span style=\"color: #000000;\">P\u0142e\u0107: Ch\u0142opiec<\/span><br \/>\n<span style=\"color: #000000;\">Materia\u0142: Silikon<\/span><br \/>\n<span style=\"color: #000000;\">Ta lalka Reborn jest dostarczana bez ubranek; ubranka nie s\u0105 do\u0142\u0105czone. Je\u015bli potrzebujesz ubranek, przejrzyj nasz\u0105 sekcj\u0119 Akcesori\u00f3w do Lalek Reborn, aby wybra\u0107 ubranka odpowiadaj\u0105ce Twoim preferencjom.<\/span><br \/>\n<span style=\"color: #000000;\">Lalka Reborn posiada gi\u0119tkie ko\u0144czyny, dzi\u0119ki czemu mo\u017ce z \u0142atwo\u015bci\u0105 siedzie\u0107, le\u017ce\u0107 i przyjmowa\u0107 r\u00f3\u017cne pozycje do spania. Nie zawiera \u017cadnych dodatkowych element\u00f3w elektronicznych, co znacznie zmniejsza wymagania konserwacyjne. Lalki Reborn mo\u017cna podarowa\u0107 bliskim osobom jako prezent urodzinowy, \u015bwi\u0105teczny, jako zabawk\u0119 dla dzieci lub element kolekcji lalek.<\/span><\/p>\n<p>&nbsp;<\/p>\n<\/div>\n<div class=\"detailmodule_image\"><img decoding=\"async\" class=\"detail-desc-decorate-image\" src=\"https:\/\/www.mkreborns.com\/wp-content\/uploads\/2026\/05\/kf-Sa2b8d47ad684458b990351e19f5d1a2bs-1.webp\" alt=\"\" title=\"\"><img decoding=\"async\" class=\"detail-desc-decorate-image\" src=\"https:\/\/www.mkreborns.com\/wp-content\/uploads\/2026\/05\/kf-S39ce9a8a554f438a96fcf130a132d83aa-1.webp\" alt=\"\" title=\"\"><img decoding=\"async\" class=\"detail-desc-decorate-image\" src=\"https:\/\/www.mkreborns.com\/wp-content\/uploads\/2026\/05\/kf-S3d4515f2deb64d17aeee4f89277607772-1.webp\" alt=\"Odrodzona silikonowa lalka-niemowlak z ruchomymi ko\u0144czynami, idealna dla dzieci i kolekcjoner\u00f3w. Mi\u0119kka, realistyczna.\" title=\"\"> <img decoding=\"async\" class=\"detail-desc-decorate-image\" src=\"https:\/\/www.mkreborns.com\/wp-content\/uploads\/2026\/05\/kf-S83d31e6e6fb847929a053f66ca75cd2dp-1.webp\" alt=\"Realistyczna, odrodzona lalka-niemowlak, 12,2 cala, wykonana w ca\u0142o\u015bci z silikonu, odpowiednia dla dzieci i na prezent, pe\u0142na szczeg\u00f3\u0142\u00f3w.\" title=\"\"> <img decoding=\"async\" class=\"detail-desc-decorate-image\" src=\"https:\/\/www.mkreborns.com\/wp-content\/uploads\/2026\/05\/kf-S1d7c4a92f2da488182c621f78f77ba35K-1.webp\" alt=\"\" title=\"\"><\/div>","protected":false},"excerpt":{"rendered":"<p>Ta lalka reborn noworodka to idealny prezent dla dzieci, przyjaci\u00f3\u0142 lub cz\u0142onk\u00f3w rodziny, b\u0119d\u0105c wspania\u0142ym towarzyszem. Ko\u0144czyny lalki reborn mo\u017cna ustawia\u0107 w r\u00f3\u017cnych pozycjach do spania, co dodaje jej realistycznego charakteru.<\/p>","protected":false},"featured_media":4603,"comment_status":"open","ping_status":"closed","template":"","meta":[],"product_brand":[],"product_cat":[240,145,155,154,153],"product_tag":[],"class_list":{"0":"post-4602","1":"product","2":"type-product","3":"status-publish","4":"has-post-thumbnail","6":"product_cat-12-inch-reborn-dolls","7":"product_cat-baby-boy-reborn-dolls","8":"product_cat-cute-reborn-dolls","9":"product_cat-lifelike-reborn-dolls","10":"product_cat-newborn-reborn-dolls","12":"first","13":"instock","14":"sale","15":"shipping-taxable","16":"purchasable","17":"product-type-simple"},"_links":{"self":[{"href":"https:\/\/www.mkreborns.com\/pl\/wp-json\/wp\/v2\/product\/4602","targetHints":{"allow":["GET"]}}],"collection":[{"href":"https:\/\/www.mkreborns.com\/pl\/wp-json\/wp\/v2\/product"}],"about":[{"href":"https:\/\/www.mkreborns.com\/pl\/wp-json\/wp\/v2\/types\/product"}],"replies":[{"embeddable":true,"href":"https:\/\/www.mkreborns.com\/pl\/wp-json\/wp\/v2\/comments?post=4602"}],"wp:featuredmedia":[{"embeddable":true,"href":"https:\/\/www.mkreborns.com\/pl\/wp-json\/wp\/v2\/media\/4603"}],"wp:attachment":[{"href":"https:\/\/www.mkreborns.com\/pl\/wp-json\/wp\/v2\/media?parent=4602"}],"wp:term":[{"taxonomy":"product_brand","embeddable":true,"href":"https:\/\/www.mkreborns.com\/pl\/wp-json\/wp\/v2\/product_brand?post=4602"},{"taxonomy":"product_cat","embeddable":true,"href":"https:\/\/www.mkreborns.com\/pl\/wp-json\/wp\/v2\/product_cat?post=4602"},{"taxonomy":"product_tag","embeddable":true,"href":"https:\/\/www.mkreborns.com\/pl\/wp-json\/wp\/v2\/product_tag?post=4602"}],"curies":[{"name":"wp","href":"https:\/\/api.w.org\/{rel}","templated":true}]}}