{"id":4594,"date":"2026-05-07T01:52:24","date_gmt":"2026-05-07T01:52:24","guid":{"rendered":"https:\/\/www.mkreborns.com\/?post_type=product&#038;p=4594"},"modified":"2026-05-13T15:23:59","modified_gmt":"2026-05-13T15:23:59","slug":"19-inches-solid-silicone-cute-reborn-doll","status":"publish","type":"product","link":"https:\/\/www.mkreborns.com\/pl\/product\/19-inches-solid-silicone-cute-reborn-doll\/","title":{"rendered":"19-calowa silikonowa, s\u0142odka lalka odrodzona"},"content":{"rendered":"<div class=\"product-specs-list-container\"><\/div>\n<div class=\"detailmodule_text\">\n<p>Wysoko\u015b\u0107: 18,9 cala<br \/>\nP\u0142e\u0107: Ch\u0142opiec<br \/>\nWaga: 3,1 kg<br \/>\nMateria\u0142: Silikon<br \/>\nPrzy zakupie tej odrodzonej lalki otrzymasz jako prezent losowo wybrany str\u00f3j.<\/p>\n<p>Ta lalka reborn jest wykonana z silikonu i mo\u017cna j\u0105 czy\u015bci\u0107 ciep\u0142\u0105 wod\u0105; jednak nale\u017cy j\u0105 dok\u0142adnie osuszy\u0107 natychmiast po umyciu. Jako solidna silikonowa lalka reborn, oferuje wra\u017cenia dotykowe zadziwiaj\u0105co zbli\u017cone do sk\u00f3ry prawdziwego dziecka. Mierz\u0105ca 48 cm (19 cali) wysoko\u015b\u0107 tej lalki reborn sprawia, \u017ce jej wymiary s\u0105 zbli\u017cone do wymiar\u00f3w prawdziwego noworodka, dzi\u0119ki czemu idealnie nadaje si\u0119 do przytulania lub eksponowania. Ta urocza lalka reborn charakteryzuje si\u0119 umiarkowan\u0105 wag\u0105, co u\u0142atwia jej noszenie, zachowuj\u0105c jednocze\u015bnie autentyczn\u0105, realistyczn\u0105 wag\u0119 prawdziwego niemowl\u0119cia.<br \/>\nDo przechowywania zaleca si\u0119 po\u0142o\u017cenie lalki Reborn na p\u0142asko lub w pozycji pionowej, aby zapobiec jej odkszta\u0142ceniu pod wp\u0142ywem ci\u0119\u017ckich przedmiot\u00f3w lub d\u0142ugotrwa\u0142ego \u015bciskania. Aby zapewni\u0107 trwa\u0142o\u015b\u0107 lalki Reborn, nale\u017cy trzyma\u0107 j\u0105 z dala od bezpo\u015bredniego \u015bwiat\u0142a i kurzu oraz chroni\u0107 przed ostrymi przedmiotami i zwierz\u0119tami, aby unikn\u0105\u0107 uszkodzenia silikonu.<\/p>\n<p>&nbsp;<\/p>\n<\/div>\n<div class=\"detailmodule_image\"><img decoding=\"async\" class=\"detail-desc-decorate-image\" src=\"https:\/\/www.mkreborns.com\/wp-content\/uploads\/2026\/05\/kf-Sd449c2299cac4582b03493bccbd5ba86G.webp\" alt=\"Bardzo szczeg\u00f3\u0142owa silikonowa lalka reborn o wymiarach 18,9 cala, mi\u0119kka w dotyku, zmywalna, idealna do kolekcji lub na prezent.\" title=\"\"><\/div>","protected":false},"excerpt":{"rendered":"<p>Lalki Reborn imituj\u0105 mi\u0119kko\u015b\u0107 i elastyczno\u015b\u0107 prawdziwej sk\u00f3ry niemowl\u0119cia, zapewniaj\u0105c ciep\u0142o, delikatno\u015b\u0107 i przyjazno\u015b\u0107 dla sk\u00f3ry. Wykonane z litego silikonu, te lalki Reborn charakteryzuj\u0105 si\u0119 wyj\u0105tkow\u0105 odporno\u015bci\u0105 na utlenianie, dzi\u0119ki czemu nie \u017c\u00f3\u0142kn\u0105 ani nie p\u0119kaj\u0105 \u0142atwo nawet po d\u0142ugotrwa\u0142ym u\u017cytkowaniu.<\/p>","protected":false},"featured_media":4595,"comment_status":"open","ping_status":"closed","template":"","meta":[],"product_brand":[],"product_cat":[241,145,243,155,146,154,153,157],"product_tag":[],"class_list":{"0":"post-4594","1":"product","2":"type-product","3":"status-publish","4":"has-post-thumbnail","6":"product_cat-19-inch-reborn-dolls","7":"product_cat-baby-boy-reborn-dolls","8":"product_cat-black-reborn-dolls","9":"product_cat-cute-reborn-dolls","10":"product_cat-full-silicone-reborn-dolls","11":"product_cat-lifelike-reborn-dolls","12":"product_cat-newborn-reborn-dolls","13":"product_cat-real-life-baby-dolls","15":"first","16":"instock","17":"sale","18":"shipping-taxable","19":"purchasable","20":"product-type-simple"},"_links":{"self":[{"href":"https:\/\/www.mkreborns.com\/pl\/wp-json\/wp\/v2\/product\/4594","targetHints":{"allow":["GET"]}}],"collection":[{"href":"https:\/\/www.mkreborns.com\/pl\/wp-json\/wp\/v2\/product"}],"about":[{"href":"https:\/\/www.mkreborns.com\/pl\/wp-json\/wp\/v2\/types\/product"}],"replies":[{"embeddable":true,"href":"https:\/\/www.mkreborns.com\/pl\/wp-json\/wp\/v2\/comments?post=4594"}],"wp:featuredmedia":[{"embeddable":true,"href":"https:\/\/www.mkreborns.com\/pl\/wp-json\/wp\/v2\/media\/4595"}],"wp:attachment":[{"href":"https:\/\/www.mkreborns.com\/pl\/wp-json\/wp\/v2\/media?parent=4594"}],"wp:term":[{"taxonomy":"product_brand","embeddable":true,"href":"https:\/\/www.mkreborns.com\/pl\/wp-json\/wp\/v2\/product_brand?post=4594"},{"taxonomy":"product_cat","embeddable":true,"href":"https:\/\/www.mkreborns.com\/pl\/wp-json\/wp\/v2\/product_cat?post=4594"},{"taxonomy":"product_tag","embeddable":true,"href":"https:\/\/www.mkreborns.com\/pl\/wp-json\/wp\/v2\/product_tag?post=4594"}],"curies":[{"name":"wp","href":"https:\/\/api.w.org\/{rel}","templated":true}]}}