{"id":4536,"date":"2026-04-29T14:41:57","date_gmt":"2026-04-29T14:41:57","guid":{"rendered":"https:\/\/www.mkreborns.com\/product\/%e6%b5%b7%e5%a4%96%e4%bb%93%e5%8f%af%e4%bb%a3%e5%8f%91%e5%b7%a5%e5%8e%82%e7%9b%b4%e9%94%8033cm%e7%a1%85%e8%83%b6%e9%87%8d%e7%94%9f%e5%a8%83%e5%a8%83%e4%bb%bf%e7%9c%9f%e5%a9%b4%e5%84%bf%e5%8f%af\/"},"modified":"2026-05-16T03:25:58","modified_gmt":"2026-05-16T03:25:58","slug":"33cm-portable-silicone-reborn-doll-toy","status":"publish","type":"product","link":"https:\/\/www.mkreborns.com\/pl\/product\/33cm-portable-silicone-reborn-doll-toy\/","title":{"rendered":"33 cm przeno\u015bna silikonowa lalka reborn"},"content":{"rendered":"<p>Kreatywna zabawka mo\u017ce przynie\u015b\u0107 poczucie zachwycaj\u0105cego zaskoczenia. Ta 33-centymetrowa lalka reborn ma mi\u0119kk\u0105, elastyczn\u0105 sk\u00f3r\u0119; wystarczy odrobina przebrania, by uzyska\u0107 niezwykle realistyczny wygl\u0105d. Jej kompaktowe rozmiary u\u0142atwiaj\u0105 przenoszenie i transport \u2013 nawet ma\u0142e dziecko bez trudu mo\u017ce j\u0105 podnie\u015b\u0107 i nosi\u0107.<\/p>\n<p>Materia\u0142: Silikon<br \/>\nP\u0142e\u0107: Dziewczyna<br \/>\nWysoko\u015b\u0107: 13 cali<br \/>\nWaga: 1,4 kg<br \/>\nWaga opakowania: 1,8 kg<\/p>\n<p>Kompletny pakiet zawiera: Ubrania i butelk\u0119.<\/p>\n<p>Prosz\u0119 uwzgl\u0119dni\u0107 tolerancj\u0119 pomiaru wynosz\u0105c\u0105 0,5\u20131 cala, poniewa\u017c produkt by\u0142 mierzony r\u0119cznie.<\/p>\n<p>&nbsp;<\/p>\n<p><img decoding=\"async\" src=\"https:\/\/www.mkreborns.com\/wp-content\/uploads\/2026\/04\/O1CN01rK6OAL1jfP7Qjj75E_2220331144575-0-cib.jpg\" alt=\"\" title=\"\"><\/p>\n<p><img decoding=\"async\" src=\"https:\/\/www.mkreborns.com\/wp-content\/uploads\/2026\/04\/O1CN015L1xRt1jfP7PcSVWO_2220331144575-0-cib.jpg\" alt=\"\" title=\"\"><\/p>\n<p><img decoding=\"async\" src=\"https:\/\/www.mkreborns.com\/wp-content\/uploads\/2026\/04\/O1CN01jzEZ1w1jfP7QeiqhF_2220331144575-0-cib.jpg\" alt=\"\" title=\"\"><\/p>\n<p><img decoding=\"async\" src=\"https:\/\/www.mkreborns.com\/wp-content\/uploads\/2026\/04\/O1CN01fTR5SE1jfP7R3hmhO_2220331144575-0-cib.jpg\" alt=\"\" title=\"\"><\/p>\n<p><img decoding=\"async\" src=\"https:\/\/www.mkreborns.com\/wp-content\/uploads\/2026\/04\/O1CN01r9No6E1jfP7R3kKgP_2220331144575-0-cib.jpg\" alt=\"\" title=\"\"><\/p>\n<p><img decoding=\"async\" src=\"https:\/\/www.mkreborns.com\/wp-content\/uploads\/2026\/04\/O1CN01ehxfZi1jfP7QxSLXJ_2220331144575-0-cib.jpg\" alt=\"Odrodzona silikonowa lalka-niemowlak o realistycznych rysach twarzy, ubrana w jaskrawo\u017c\u00f3\u0142te ubranie, trzymaj\u0105ca fioletow\u0105 r\u0119k\u0119.\" title=\"\"><\/p>\n<p><img decoding=\"async\" src=\"https:\/\/www.mkreborns.com\/wp-content\/uploads\/2026\/04\/O1CN01qjIvNl1jfP7RcdYle_2220331144575-0-cib.jpg\" alt=\"\" title=\"\"><\/p>\n<p><img decoding=\"async\" src=\"https:\/\/www.mkreborns.com\/wp-content\/uploads\/2026\/04\/O1CN01nuNaaS1jfP7QTQ0dW_2220331144575-0-cib.jpg\" alt=\"Realistyczna silikonowa lalka-niemowlak w \u017c\u00f3\u0142tym ubranku i kapeluszu, o naturalnych rysach twarzy.\" title=\"\"><\/p>\n<p><img decoding=\"async\" src=\"https:\/\/www.mkreborns.com\/wp-content\/uploads\/2026\/04\/O1CN01vgMwM61jfP7QSNqXV_2220331144575-0-cib.jpg\" alt=\"\" title=\"\"><\/p>\n<p><img decoding=\"async\" src=\"https:\/\/www.mkreborns.com\/wp-content\/uploads\/2026\/04\/O1CN01A5x5TL1jfP7Psk5LM_2220331144575-0-cib.jpg\" alt=\"Odrodzona lalka-niemowlak o realistycznych rysach twarzy, ubrana w \u017c\u00f3\u0142t\u0105 dzianinow\u0105 czapk\u0119 i pasuj\u0105cy sweterek, idealna do...\" title=\"\"><\/p>\n<p><img decoding=\"async\" src=\"https:\/\/www.mkreborns.com\/wp-content\/uploads\/2026\/04\/O1CN01CIPvGu1jfP7Qei2sF_2220331144575-0-cib.jpg\" alt=\"Odrodzona silikonowa lalka-niemowlak o realistycznych rysach twarzy, ubrana w \u017c\u00f3\u0142t\u0105 dzianin\u0119, idealna dla kolekcjoner\u00f3w.\" title=\"\"><\/p>\n<p><img decoding=\"async\" src=\"https:\/\/www.mkreborns.com\/wp-content\/uploads\/2026\/04\/O1CN01r6RAcu1jfP7QALRMk_2220331144575-0-cib.jpg\" alt=\"Odrodzona silikonowa lalka-niemowlak o realistycznych rysach i mi\u0119kkiej fakturze, idealna dla kolekcjoner\u00f3w i dzieci.\" title=\"\"><\/p>\n<p><img decoding=\"async\" src=\"https:\/\/www.mkreborns.com\/wp-content\/uploads\/2026\/04\/O1CN01WDXtoK1jfP7QK3xqa_2220331144575-0-cib.jpg\" alt=\"\" title=\"\"><\/p>\n<p><img decoding=\"async\" src=\"https:\/\/www.mkreborns.com\/wp-content\/uploads\/2026\/04\/O1CN01NAz7Bu1jfP7QSOicW_2220331144575-0-cib.jpg\" alt=\"\" title=\"\"><\/p>","protected":false},"excerpt":{"rendered":"<p>Przeno\u015bna lalka odrodzona mo\u017ce zapewni\u0107 ciche towarzystwo, cicho pozostaj\u0105c u twego boku i sprawiaj\u0105c, \u017ce poczujesz, \u017ce \u017cycie jest ciekawsze.<\/p>","protected":false},"featured_media":4555,"comment_status":"open","ping_status":"closed","template":"","meta":[],"product_brand":[],"product_cat":[156],"product_tag":[],"class_list":{"0":"post-4536","1":"product","2":"type-product","3":"status-publish","4":"has-post-thumbnail","6":"product_cat-life-sized-dolls","8":"first","9":"instock","10":"sale","11":"shipping-taxable","12":"purchasable","13":"product-type-simple"},"_links":{"self":[{"href":"https:\/\/www.mkreborns.com\/pl\/wp-json\/wp\/v2\/product\/4536","targetHints":{"allow":["GET"]}}],"collection":[{"href":"https:\/\/www.mkreborns.com\/pl\/wp-json\/wp\/v2\/product"}],"about":[{"href":"https:\/\/www.mkreborns.com\/pl\/wp-json\/wp\/v2\/types\/product"}],"replies":[{"embeddable":true,"href":"https:\/\/www.mkreborns.com\/pl\/wp-json\/wp\/v2\/comments?post=4536"}],"wp:featuredmedia":[{"embeddable":true,"href":"https:\/\/www.mkreborns.com\/pl\/wp-json\/wp\/v2\/media\/4555"}],"wp:attachment":[{"href":"https:\/\/www.mkreborns.com\/pl\/wp-json\/wp\/v2\/media?parent=4536"}],"wp:term":[{"taxonomy":"product_brand","embeddable":true,"href":"https:\/\/www.mkreborns.com\/pl\/wp-json\/wp\/v2\/product_brand?post=4536"},{"taxonomy":"product_cat","embeddable":true,"href":"https:\/\/www.mkreborns.com\/pl\/wp-json\/wp\/v2\/product_cat?post=4536"},{"taxonomy":"product_tag","embeddable":true,"href":"https:\/\/www.mkreborns.com\/pl\/wp-json\/wp\/v2\/product_tag?post=4536"}],"curies":[{"name":"wp","href":"https:\/\/api.w.org\/{rel}","templated":true}]}}