{"id":4430,"date":"2026-04-12T14:16:20","date_gmt":"2026-04-12T14:16:20","guid":{"rendered":"https:\/\/www.mkreborns.com\/?post_type=product&#038;p=4430"},"modified":"2026-04-12T15:16:32","modified_gmt":"2026-04-12T15:16:32","slug":"13-inch-crying-silicone-reborn-doll","status":"publish","type":"product","link":"https:\/\/www.mkreborns.com\/pl\/product\/13-inch-crying-silicone-reborn-doll\/","title":{"rendered":"13-calowa p\u0142acz\u0105ca silikonowa lalka reborn"},"content":{"rendered":"<p>Ko\u0144czyny, g\u0142owa i korpus 33-centymetrowej lalki \u201eP\u0142acz\u0105cy Rebirth\u201d wykonane s\u0105 z litego silikonu, kt\u00f3ry jest mi\u0119kki, elastyczny i mo\u017cna go pra\u0107 w wodzie o temperaturze 37 stopni Celsjusza. Ze wzgl\u0119du na specyficzne w\u0142a\u015bciwo\u015bci silikonu, nie nale\u017cy go mocno ci\u0105gn\u0105\u0107 ani szarpa\u0107 podczas zabawy i nale\u017cy o niego starannie dba\u0107, aby s\u0142u\u017cy\u0142 d\u0142u\u017cej.<\/p>\n<p>Materia\u0142: Silikon<br \/>\nP\u0142e\u0107: Dziewczyna<br \/>\nWysoko\u015b\u0107: 13 cali<br \/>\nWaga: 1,4 kg<br \/>\nWaga opakowania: 1,8 kg<\/p>\n<p>Kompletny pakiet zawiera: Ubrania i butelk\u0119.<\/p>\n<p>Prosz\u0119 uwzgl\u0119dni\u0107 tolerancj\u0119 pomiaru wynosz\u0105c\u0105 0,5\u20131 cala, poniewa\u017c produkt by\u0142 mierzony r\u0119cznie.<\/p>\n<p><img decoding=\"async\" src=\"https:\/\/www.mkreborns.com\/wp-content\/uploads\/2026\/04\/O1CN01ON65FG1jfP7Pj2VhP_2220331144575-0-cib.jpg\" alt=\"\" title=\"\"><\/p>\n<p><img decoding=\"async\" src=\"https:\/\/www.mkreborns.com\/wp-content\/uploads\/2026\/04\/O1CN01Vmhokj1jfP7PuZuwV_2220331144575-0-cib.jpg\" alt=\"\" title=\"\"><\/p>\n<p><img decoding=\"async\" src=\"https:\/\/www.mkreborns.com\/wp-content\/uploads\/2026\/04\/O1CN01qKbtvK1jfP7PZjkwL_2220331144575-0-cib.jpg\" alt=\"\" title=\"\"><\/p>\n<p><img decoding=\"async\" src=\"https:\/\/www.mkreborns.com\/wp-content\/uploads\/2026\/04\/O1CN01UBS4M51jfP7QJPr5Y_2220331144575-0-cib.jpg\" alt=\"Odrodzona silikonowa lalka p\u0142acz\u0105ca, realistyczna lalka niemowlak z butelk\u0105, idealna dla kolekcjoner\u00f3w i dzieci.\" title=\"\"><\/p>\n<p><img decoding=\"async\" src=\"https:\/\/www.mkreborns.com\/wp-content\/uploads\/2026\/04\/O1CN01NWHI1G1jfP7OsCKVe_2220331144575-0-cib.jpg\" alt=\"Realistyczna, 13-calowa p\u0142acz\u0105ca silikonowa lalka reborn z butelk\u0105, mi\u0119kkim ubrankiem i r\u00f3\u017cowym kapeluszem.\" title=\"\"><\/p>\n<p><img decoding=\"async\" src=\"https:\/\/www.mkreborns.com\/wp-content\/uploads\/2026\/04\/O1CN01WrErxo1jfP7QDMEjp_2220331144575-0-cib.jpg\" alt=\"Odrodzona p\u0142acz\u0105ca silikonowa lalka trzymaj\u0105ca butelk\u0119 dla dziecka, realistyczne rysy twarzy, idealna dla kolekcjoner\u00f3w i ch.\" title=\"\"><\/p>\n<p>&nbsp;<\/p>","protected":false},"excerpt":{"rendered":"<p>P\u0142acz\u0105ca, odrodzona lalka wygl\u0105da jak noworodek p\u0142acz\u0105cy za mlekiem, ma urocze i \u017cywe rysy twarzy.<\/p>","protected":false},"featured_media":4461,"comment_status":"open","ping_status":"closed","template":"","meta":[],"product_brand":[],"product_cat":[238,242,144,146,156,154,153],"product_tag":[],"class_list":{"0":"post-4430","1":"product","2":"type-product","3":"status-publish","4":"has-post-thumbnail","6":"product_cat-13-inch-reborn-dolls","7":"product_cat-african-american-reborn-dolls","8":"product_cat-baby-girl-reborn-dolls","9":"product_cat-full-silicone-reborn-dolls","10":"product_cat-life-sized-dolls","11":"product_cat-lifelike-reborn-dolls","12":"product_cat-newborn-reborn-dolls","14":"first","15":"instock","16":"sale","17":"shipping-taxable","18":"purchasable","19":"product-type-simple"},"_links":{"self":[{"href":"https:\/\/www.mkreborns.com\/pl\/wp-json\/wp\/v2\/product\/4430","targetHints":{"allow":["GET"]}}],"collection":[{"href":"https:\/\/www.mkreborns.com\/pl\/wp-json\/wp\/v2\/product"}],"about":[{"href":"https:\/\/www.mkreborns.com\/pl\/wp-json\/wp\/v2\/types\/product"}],"replies":[{"embeddable":true,"href":"https:\/\/www.mkreborns.com\/pl\/wp-json\/wp\/v2\/comments?post=4430"}],"wp:featuredmedia":[{"embeddable":true,"href":"https:\/\/www.mkreborns.com\/pl\/wp-json\/wp\/v2\/media\/4461"}],"wp:attachment":[{"href":"https:\/\/www.mkreborns.com\/pl\/wp-json\/wp\/v2\/media?parent=4430"}],"wp:term":[{"taxonomy":"product_brand","embeddable":true,"href":"https:\/\/www.mkreborns.com\/pl\/wp-json\/wp\/v2\/product_brand?post=4430"},{"taxonomy":"product_cat","embeddable":true,"href":"https:\/\/www.mkreborns.com\/pl\/wp-json\/wp\/v2\/product_cat?post=4430"},{"taxonomy":"product_tag","embeddable":true,"href":"https:\/\/www.mkreborns.com\/pl\/wp-json\/wp\/v2\/product_tag?post=4430"}],"curies":[{"name":"wp","href":"https:\/\/api.w.org\/{rel}","templated":true}]}}