{"id":4347,"date":"2026-03-26T02:52:14","date_gmt":"2026-03-26T02:52:14","guid":{"rendered":"https:\/\/www.mkreborns.com\/product\/lena-13-inch-girl-reborn-doll-toy\/"},"modified":"2026-03-26T08:32:33","modified_gmt":"2026-03-26T08:32:33","slug":"lena-13-inch-girl-reborn-doll-toy","status":"publish","type":"product","link":"https:\/\/www.mkreborns.com\/pl\/product\/lena-13-inch-girl-reborn-doll-toy\/","title":{"rendered":"Lalka reborn Lena 13 cali"},"content":{"rendered":"<p>Je\u015bli planujesz zosta\u0107 rodzicem lub chcesz do\u015bwiadczy\u0107 rado\u015bci z wychowywania dziecka, mo\u017cesz wybra\u0107 realistyczn\u0105 silikonow\u0105 lalk\u0119 reborn. Jej realistyczne rysy twarzy przypominaj\u0105 prawdziwe dziecko, a Ty mo\u017cesz j\u0105 ubra\u0107 w r\u00f3\u017cne stroje, kt\u00f3re lubisz.<\/p>\n<p>Materia\u0142: Silikon<br \/>\nP\u0142e\u0107: Dziewczyna<br \/>\nWysoko\u015b\u0107: 12,8 cala<br \/>\nWaga: 1,3 kg<br \/>\nRz\u0119sy: Rz\u0119sy samoprzylepne<br \/>\nWaga opakowania: 2 kg<br \/>\nKompletny pakiet zawiera: ubranka, pieluch\u0119 i butelk\u0119.<\/p>\n<p>&nbsp;<\/p>\n<p><img decoding=\"async\" src=\"https:\/\/www.mkreborns.com\/wp-content\/uploads\/2026\/03\/O1CN01RTOK1h1jfP5toHUAf_2220331144575-0-cib-1.jpg\" alt=\"\" title=\"\"><img decoding=\"async\" src=\"https:\/\/www.mkreborns.com\/wp-content\/uploads\/2026\/03\/O1CN013Gh3cl1jfP5rz2GKO_2220331144575-0-cib-1.jpg\" alt=\"\" title=\"\"><img decoding=\"async\" src=\"https:\/\/www.mkreborns.com\/wp-content\/uploads\/2026\/03\/O1CN014H4B9L1jfP5tPKuRi_2220331144575-0-cib-1.jpg\" alt=\"\" title=\"\"><img decoding=\"async\" src=\"https:\/\/www.mkreborns.com\/wp-content\/uploads\/2026\/03\/O1CN01FcQBod1jfP5uK98AD_2220331144575-0-cib-1.jpg\" alt=\"\" title=\"\"><\/p>","protected":false},"excerpt":{"rendered":"<p>Ta silikonowa lalka reborn ma miniaturowe cia\u0142o i niewinne spojrzenie, dzi\u0119ki czemu trudno si\u0119 w niej nie zakocha\u0107.<\/p>","protected":false},"featured_media":4344,"comment_status":"open","ping_status":"closed","template":"","meta":[],"product_brand":[],"product_cat":[238,144,155,146,156,154,153,157],"product_tag":[],"class_list":{"0":"post-4347","1":"product","2":"type-product","3":"status-publish","4":"has-post-thumbnail","6":"product_cat-13-inch-reborn-dolls","7":"product_cat-baby-girl-reborn-dolls","8":"product_cat-cute-reborn-dolls","9":"product_cat-full-silicone-reborn-dolls","10":"product_cat-life-sized-dolls","11":"product_cat-lifelike-reborn-dolls","12":"product_cat-newborn-reborn-dolls","13":"product_cat-real-life-baby-dolls","15":"first","16":"instock","17":"sale","18":"shipping-taxable","19":"purchasable","20":"product-type-simple"},"_links":{"self":[{"href":"https:\/\/www.mkreborns.com\/pl\/wp-json\/wp\/v2\/product\/4347","targetHints":{"allow":["GET"]}}],"collection":[{"href":"https:\/\/www.mkreborns.com\/pl\/wp-json\/wp\/v2\/product"}],"about":[{"href":"https:\/\/www.mkreborns.com\/pl\/wp-json\/wp\/v2\/types\/product"}],"replies":[{"embeddable":true,"href":"https:\/\/www.mkreborns.com\/pl\/wp-json\/wp\/v2\/comments?post=4347"}],"wp:featuredmedia":[{"embeddable":true,"href":"https:\/\/www.mkreborns.com\/pl\/wp-json\/wp\/v2\/media\/4344"}],"wp:attachment":[{"href":"https:\/\/www.mkreborns.com\/pl\/wp-json\/wp\/v2\/media?parent=4347"}],"wp:term":[{"taxonomy":"product_brand","embeddable":true,"href":"https:\/\/www.mkreborns.com\/pl\/wp-json\/wp\/v2\/product_brand?post=4347"},{"taxonomy":"product_cat","embeddable":true,"href":"https:\/\/www.mkreborns.com\/pl\/wp-json\/wp\/v2\/product_cat?post=4347"},{"taxonomy":"product_tag","embeddable":true,"href":"https:\/\/www.mkreborns.com\/pl\/wp-json\/wp\/v2\/product_tag?post=4347"}],"curies":[{"name":"wp","href":"https:\/\/api.w.org\/{rel}","templated":true}]}}