{"id":4328,"date":"2026-03-24T13:38:47","date_gmt":"2026-03-24T13:38:47","guid":{"rendered":"https:\/\/www.mkreborns.com\/?post_type=product&#038;p=4328"},"modified":"2026-03-25T14:04:39","modified_gmt":"2026-03-25T14:04:39","slug":"kelli-maple-true-reborn-dolls-african-american-girl","status":"publish","type":"product","link":"https:\/\/www.mkreborns.com\/pl\/product\/kelli-maple-true-reborn-dolls-african-american-girl\/","title":{"rendered":"Prawdziwe Lalki Reborn Kelli Maple \u2013 Dziewczynka Afroameryka\u0144ska"},"content":{"rendered":"<h2>Prawdziwe lalki odrodzone z realistyczn\u0105 to\u017csamo\u015bci\u0105<\/h2>\n<div>Oto Kelli Maple. Reprezentuje prawdziwe lalki odrodzone, z precyzyjnie na\u0142o\u017conymi warstwami malarstwa, mi\u0119kk\u0105 faktur\u0105 winylu i naturaln\u0105 pozycj\u0105 noworodka. Jej 45-centymetrowa (18 cali) budowa i zr\u00f3wnowa\u017cona waga 1,2 kg tworz\u0105 przekonuj\u0105ce wra\u017cenie obecno\u015bci, cz\u0119sto doceniane w spo\u0142eczno\u015bciach takich jak nasza, gdzie \u017cyj\u0105 odrodzone lalki. Jej r\u0119cznie wszczepiane w\u0142osy dodaj\u0105 jej wielowymiarowo\u015bci i autentyczno\u015bci, nadaj\u0105c jej wyrafinowany, galeryjny charakter.<\/div>\n<h3>Precyzyjne rzemios\u0142o i pewno\u015b\u0107 kolekcjonera<\/h3>\n<div>Kelli Maple jest wykonana z wysokiej jako\u015bci winylu bez u\u017cycia szkodliwych substancji chemicznych, co zapewnia bezpiecze\u0144stwo u\u017cytkowania. Jej w pe\u0142ni ruchome cia\u0142o pozwala na delikatn\u0105 zmian\u0119 pozycji, a konstrukcja umo\u017cliwiaj\u0105ca k\u0105piel zwi\u0119ksza realizm. Dla kolekcjoner\u00f3w poszukuj\u0105cych niestandardowych lalek reborn Afroamerykan\u00f3w, Mk Reborns jest uznawana za bezpieczn\u0105 stron\u0119 internetow\u0105 z lalkami reborn, zapewniaj\u0105c\u0105 sp\u00f3jno\u015b\u0107 detali i niezawodne standardy.<\/div>\n<h3>G\u0142\u00f3wne cechy i zawarto\u015b\u0107 opakowania<\/h3>\n<ol>\n<li>Pe\u0142ne winylowe nadwozie z elastyczn\u0105 artykulacj\u0105<\/li>\n<li>R\u0119cznie wszczepiane w\u0142osy dla realistycznej tekstury<\/li>\n<li>Rozmiar 18 cali z naturaln\u0105 wag\u0105 noworodka<\/li>\n<li>Przyjazna dla k\u0105pieli i \u0142atwa w piel\u0119gnacji konstrukcja<\/li>\n<\/ol>\n<div>Dane techniczne: P\u0142e\u0107: dziewczynka | Rozmiar: 18 cali (45 cm) | Waga: ok. 1,2 kg (2,2 funta) | Materia\u0142: winyl<\/div>\n<div>Zawarto\u015b\u0107 opakowania: 1 lalka odrodzona, zestaw ubranek, losowy smoczek, ma\u0142a butelka, karta urodzenia<\/div>\n<div>Kelli Maple \u0142\u0105czy w sobie artyzm, realizm i zaufanie, dzi\u0119ki czemu jest wyrafinowanym przyk\u0142adem prawdziwie odrodzonych lalek.<\/div>","protected":false},"excerpt":{"rendered":"<p>Oto Kelli Maple \u2014 delikatnie obci\u0105\u017cona 18-calowa lalka reborn z r\u0119cznie wszczepianymi w\u0142osami i realistyczn\u0105 postaci\u0105, stworzona dla kolekcjoner\u00f3w, kt\u00f3rzy ceni\u0105 realizm i zaufanie.<\/p>","protected":false},"featured_media":4329,"comment_status":"open","ping_status":"closed","template":"","meta":[],"product_brand":[],"product_cat":[242,151,155,153,157],"product_tag":[],"class_list":{"0":"post-4328","1":"product","2":"type-product","3":"status-publish","4":"has-post-thumbnail","6":"product_cat-african-american-reborn-dolls","7":"product_cat-18-inch-reborn-dolls","8":"product_cat-cute-reborn-dolls","9":"product_cat-newborn-reborn-dolls","10":"product_cat-real-life-baby-dolls","12":"first","13":"instock","14":"sale","15":"shipping-taxable","16":"purchasable","17":"product-type-simple"},"_links":{"self":[{"href":"https:\/\/www.mkreborns.com\/pl\/wp-json\/wp\/v2\/product\/4328","targetHints":{"allow":["GET"]}}],"collection":[{"href":"https:\/\/www.mkreborns.com\/pl\/wp-json\/wp\/v2\/product"}],"about":[{"href":"https:\/\/www.mkreborns.com\/pl\/wp-json\/wp\/v2\/types\/product"}],"replies":[{"embeddable":true,"href":"https:\/\/www.mkreborns.com\/pl\/wp-json\/wp\/v2\/comments?post=4328"}],"wp:featuredmedia":[{"embeddable":true,"href":"https:\/\/www.mkreborns.com\/pl\/wp-json\/wp\/v2\/media\/4329"}],"wp:attachment":[{"href":"https:\/\/www.mkreborns.com\/pl\/wp-json\/wp\/v2\/media?parent=4328"}],"wp:term":[{"taxonomy":"product_brand","embeddable":true,"href":"https:\/\/www.mkreborns.com\/pl\/wp-json\/wp\/v2\/product_brand?post=4328"},{"taxonomy":"product_cat","embeddable":true,"href":"https:\/\/www.mkreborns.com\/pl\/wp-json\/wp\/v2\/product_cat?post=4328"},{"taxonomy":"product_tag","embeddable":true,"href":"https:\/\/www.mkreborns.com\/pl\/wp-json\/wp\/v2\/product_tag?post=4328"}],"curies":[{"name":"wp","href":"https:\/\/api.w.org\/{rel}","templated":true}]}}