{"id":4308,"date":"2026-03-25T13:10:40","date_gmt":"2026-03-25T13:10:40","guid":{"rendered":"https:\/\/www.mkreborns.com\/?post_type=product&#038;p=4308"},"modified":"2026-03-25T15:29:33","modified_gmt":"2026-03-25T15:29:33","slug":"eliana-19-inch-biracial-african-american-reborn-baby-doll","status":"publish","type":"product","link":"https:\/\/www.mkreborns.com\/pl\/product\/eliana-19-inch-biracial-african-american-reborn-baby-doll\/","title":{"rendered":"Eliana 19-calowa lalka-niemowlak odrodzona, biracjalna, Afroamerykanka"},"content":{"rendered":"<h2>Eliana \u2013 serdeczne dzie\u0142o wykonane z silikonowych lalek reborn pochodzenia afroameryka\u0144skiego<\/h2>\n<div>Eliana to subtelna reprezentacja afroameryka\u0144skich silikonowych lalek reborn, zaprojektowana z my\u015bl\u0105 o ciep\u0142ej, biracialnej karnacji i delikatnych rysach twarzy. Jej obecno\u015b\u0107 emanuje spokojem i autentyczno\u015bci\u0105, dzi\u0119ki czemu idealnie pasuje do ka\u017cdego pokoju dzieci\u0119cego dla afroameryka\u0144skich lalek reborn. Dzi\u0119ki starannie dobranym odcieniom sk\u00f3ry i \u0142agodnemu wyrazowi twarzy, Eliana uosabia kunszt, kt\u00f3rego kolekcjonerzy poszukuj\u0105 w realistycznym towarzyszu.<\/div>\n<h3>Wyrafinowane rzemios\u0142o z realistycznym akcentem<\/h3>\n<div>Od r\u0119cznie wszczepianych kr\u0119conych w\u0142os\u00f3w po zr\u00f3wnowa\u017con\u0105 budow\u0119 cia\u0142a, Eliana odzwierciedla dba\u0142o\u015b\u0107 o szczeg\u00f3\u0142y, cz\u0119sto spotykan\u0105 w luksusowych, afroameryka\u0144skich, winylowych lalkach reborn. Jej 19-calowy rozmiar zapewnia realistyczne trzymanie, a mi\u0119kka silikonowa mieszanka wzmacnia autentyczno\u015b\u0107 w dotyku. Ka\u017cdy kontur i wyko\u0144czenie zosta\u0142y ukszta\u0142towane tak, aby odzwierciedla\u0107 subtelne cechy prawdziwego niemowl\u0119cia.<\/div>\n<div>Cechy i zalety produktu<\/div>\n<ol>\n<li>19-calowa lalka pe\u0142nowymiarowa o realistycznych proporcjach cia\u0142a<\/li>\n<li>Mi\u0119kki silikonowy materia\u0142 zapewniaj\u0105cy naturalne i elastyczne odczucie<\/li>\n<li>Szczeg\u00f3\u0142owy odcie\u0144 sk\u00f3ry biracialnej z warstwowym malowaniem<\/li>\n<li>Idealny dodatek do kolekcji lalek reborn w stylu afroameryka\u0144skim do pokoju dzieci\u0119cego<\/li>\n<\/ol>\n<h3>Specyfikacja produktu<\/h3>\n<ul>\n<li>Substancja chemiczna budz\u0105ca du\u017ce obawy: Brak<\/li>\n<li>P\u0142e\u0107: Dziewczyna<\/li>\n<li>Wymiary: 19 cali<\/li>\n<li>Materia\u0142: Silikon<\/li>\n<\/ul>\n<div>Pakiet zawiera<\/div>\n<ul>\n<li>1 x Lalka Reborn<\/li>\n<li>1 x Ubranka dla lalki<\/li>\n<li>1 x losowy smoczek<\/li>\n<li>1 x ma\u0142a butelka<\/li>\n<li>1 x Karta urodzenia<\/li>\n<\/ul>\n<div>Eliana wnosi do ka\u017cdej kolekcji g\u0142\u0119bi\u0119, realizm i emocjonalne ciep\u0142o, dzi\u0119ki czemu jest warto\u015bciowym wyborem dla os\u00f3b ceni\u0105cych silikonowe lalki reborn w kolorze afroameryka\u0144skim.<\/div>","protected":false},"excerpt":{"rendered":"<div>Pi\u0119knie wyrze\u017abiony, 19-calowy reborn bobas, mi\u0119kki i realistyczny, stworzony po to, by wnie\u015b\u0107 ciep\u0142o, osobowo\u015b\u0107 i ponadczasowy urok do Twojego pokoju dzieci\u0119cego.<\/div>","protected":false},"featured_media":4309,"comment_status":"open","ping_status":"closed","template":"","meta":[],"product_brand":[],"product_cat":[241,242,144,156,153,152],"product_tag":[],"class_list":{"0":"post-4308","1":"product","2":"type-product","3":"status-publish","4":"has-post-thumbnail","6":"product_cat-19-inch-reborn-dolls","7":"product_cat-african-american-reborn-dolls","8":"product_cat-baby-girl-reborn-dolls","9":"product_cat-life-sized-dolls","10":"product_cat-newborn-reborn-dolls","11":"product_cat-vinyl-reborn-dolls","13":"first","14":"instock","15":"sale","16":"shipping-taxable","17":"purchasable","18":"product-type-simple"},"_links":{"self":[{"href":"https:\/\/www.mkreborns.com\/pl\/wp-json\/wp\/v2\/product\/4308","targetHints":{"allow":["GET"]}}],"collection":[{"href":"https:\/\/www.mkreborns.com\/pl\/wp-json\/wp\/v2\/product"}],"about":[{"href":"https:\/\/www.mkreborns.com\/pl\/wp-json\/wp\/v2\/types\/product"}],"replies":[{"embeddable":true,"href":"https:\/\/www.mkreborns.com\/pl\/wp-json\/wp\/v2\/comments?post=4308"}],"wp:featuredmedia":[{"embeddable":true,"href":"https:\/\/www.mkreborns.com\/pl\/wp-json\/wp\/v2\/media\/4309"}],"wp:attachment":[{"href":"https:\/\/www.mkreborns.com\/pl\/wp-json\/wp\/v2\/media?parent=4308"}],"wp:term":[{"taxonomy":"product_brand","embeddable":true,"href":"https:\/\/www.mkreborns.com\/pl\/wp-json\/wp\/v2\/product_brand?post=4308"},{"taxonomy":"product_cat","embeddable":true,"href":"https:\/\/www.mkreborns.com\/pl\/wp-json\/wp\/v2\/product_cat?post=4308"},{"taxonomy":"product_tag","embeddable":true,"href":"https:\/\/www.mkreborns.com\/pl\/wp-json\/wp\/v2\/product_tag?post=4308"}],"curies":[{"name":"wp","href":"https:\/\/api.w.org\/{rel}","templated":true}]}}