{"id":4258,"date":"2026-03-25T09:00:05","date_gmt":"2026-03-25T09:00:05","guid":{"rendered":"https:\/\/www.mkreborns.com\/?post_type=product&#038;p=4258"},"modified":"2026-03-25T12:18:12","modified_gmt":"2026-03-25T12:18:12","slug":"arias-african-american-reborn-baby-doll-girl-18-inch","status":"publish","type":"product","link":"https:\/\/www.mkreborns.com\/pl\/product\/arias-african-american-reborn-baby-doll-girl-18-inch\/","title":{"rendered":"Lalka Niemowl\u0119ca Arias Reborn \u2013 Dziewczynka Afroameryka\u0144ska 18 Cali"},"content":{"rendered":"<h2>Lalki Reborn Baby, Afroamerykanki, z przyst\u0119pnymi szczeg\u00f3\u0142ami<\/h2>\n<div>Oto Arias. Reprezentuje lalki reborn dla dziewczynek afroameryka\u0144skich o wyrafinowanym, a zarazem przyst\u0119pnym wzornictwie, idealnym dla os\u00f3b poszukuj\u0105cych niedrogich lalek reborn dla dziewczynek afroameryka\u0144skich, kt\u00f3re nie rezygnuj\u0105 z realizmu. Jej 45-centymetrowe (18 cali) cia\u0142o przypomina noworodka, a r\u0119cznie malowane detale i zr\u00f3wnowa\u017cone proporcje tworz\u0105 naturaln\u0105 wizualn\u0105 obecno\u015b\u0107. Arias jest cz\u0119sto wybierana spo\u015br\u00f3d tanich lalek reborn dla dziewczynek afroameryka\u0144skich, kt\u00f3re zachowuj\u0105 wysoki poziom artystyczny.<\/div>\n<h3>Przemy\u015blana konstrukcja i praktyczna wszechstronno\u015b\u0107<\/h3>\n<div>Arias jest wykonana z wytrzyma\u0142ego winylu, wolnego od niebezpiecznych substancji chemicznych, co zapewnia bezpiecze\u0144stwo i elastyczno\u015b\u0107 u\u017cytkowania. Jej ko\u0144czyny s\u0105 ruchome, a konstrukcja pozwala na delikatn\u0105 k\u0105piel, co dodaje jej realistyczny wygl\u0105d. Jej otwarte br\u0105zowe oczy emanuj\u0105 spokojem i uwa\u017cno\u015bci\u0105, co wzmacnia atrakcyjno\u015b\u0107 ekspozycji lub interakcji.<\/div>\n<h3>Funkcje i do\u0142\u0105czone akcesoria<\/h3>\n<ol>\n<li>18-calowe winylowe cia\u0142o dziewczyny z elastycznym ruchem<\/li>\n<li>Ciemny odcie\u0144 sk\u00f3ry z r\u0119cznie malowanymi detalami<\/li>\n<li>Otw\u00f3rz br\u0105zowe oczy, aby uzyska\u0107 realistyczny wyraz<\/li>\n<li>Przyjazna dla k\u0105pieli konstrukcja u\u0142atwiaj\u0105ca piel\u0119gnacj\u0119<\/li>\n<\/ol>\n<div><strong>Dane techniczne:<\/strong> P\u0142e\u0107: dziewczynka | Rozmiar: 18 cali (45 cm) | Materia\u0142: winyl<\/div>\n<div><strong>Zawarto\u015b\u0107 pakietu:<\/strong> lalka odrodzona, str\u00f3j (jak na zdj\u0119ciu), losowy smoczek, ma\u0142a butelka, kartka z okazji narodzin<\/div>\n<div>Arias \u0142\u0105czy w sobie przyst\u0119pn\u0105 cen\u0119, realizm i przemy\u015blane wykonanie, dzi\u0119ki czemu jest doskona\u0142ym wyborem, je\u015bli chodzi o lalki odrodzone dla dziewczynek afroameryka\u0144skich.<\/div>","protected":false},"excerpt":{"rendered":"<div>Poznaj Arias \u2014 delikatn\u0105, 18-calow\u0105 lalk\u0119 reborn o mi\u0119kkich rysach i g\u0142\u0119bokim odcieniu sk\u00f3ry, starannie zaprojektowan\u0105, aby zapewni\u0107 realizm w przyst\u0119pnej cenie.<\/div>","protected":false},"featured_media":4259,"comment_status":"open","ping_status":"closed","template":"","meta":[],"product_brand":[],"product_cat":[151,242,144,243,154,152],"product_tag":[],"class_list":{"0":"post-4258","1":"product","2":"type-product","3":"status-publish","4":"has-post-thumbnail","6":"product_cat-18-inch-reborn-dolls","7":"product_cat-african-american-reborn-dolls","8":"product_cat-baby-girl-reborn-dolls","9":"product_cat-black-reborn-dolls","10":"product_cat-lifelike-reborn-dolls","11":"product_cat-vinyl-reborn-dolls","13":"first","14":"instock","15":"sale","16":"shipping-taxable","17":"purchasable","18":"product-type-simple"},"_links":{"self":[{"href":"https:\/\/www.mkreborns.com\/pl\/wp-json\/wp\/v2\/product\/4258","targetHints":{"allow":["GET"]}}],"collection":[{"href":"https:\/\/www.mkreborns.com\/pl\/wp-json\/wp\/v2\/product"}],"about":[{"href":"https:\/\/www.mkreborns.com\/pl\/wp-json\/wp\/v2\/types\/product"}],"replies":[{"embeddable":true,"href":"https:\/\/www.mkreborns.com\/pl\/wp-json\/wp\/v2\/comments?post=4258"}],"wp:featuredmedia":[{"embeddable":true,"href":"https:\/\/www.mkreborns.com\/pl\/wp-json\/wp\/v2\/media\/4259"}],"wp:attachment":[{"href":"https:\/\/www.mkreborns.com\/pl\/wp-json\/wp\/v2\/media?parent=4258"}],"wp:term":[{"taxonomy":"product_brand","embeddable":true,"href":"https:\/\/www.mkreborns.com\/pl\/wp-json\/wp\/v2\/product_brand?post=4258"},{"taxonomy":"product_cat","embeddable":true,"href":"https:\/\/www.mkreborns.com\/pl\/wp-json\/wp\/v2\/product_cat?post=4258"},{"taxonomy":"product_tag","embeddable":true,"href":"https:\/\/www.mkreborns.com\/pl\/wp-json\/wp\/v2\/product_tag?post=4258"}],"curies":[{"name":"wp","href":"https:\/\/api.w.org\/{rel}","templated":true}]}}