{"id":4220,"date":"2026-03-25T02:36:20","date_gmt":"2026-03-25T02:36:20","guid":{"rendered":"https:\/\/www.mkreborns.com\/?post_type=product&#038;p=4220"},"modified":"2026-03-25T02:47:14","modified_gmt":"2026-03-25T02:47:14","slug":"ronal-avatar-silicone-newborn-baby-reborn-doll","status":"publish","type":"product","link":"https:\/\/www.mkreborns.com\/pl\/product\/ronal-avatar-silicone-newborn-baby-reborn-doll\/","title":{"rendered":"Ronal Avatar Silikonowa lalka dla noworodka Reborn"},"content":{"rendered":"<p><strong>Parametry:<\/strong><\/p>\n<ul>\n<li>Substancja chemiczna budz\u0105ca du\u017ce obawy: Brak<\/li>\n<li>P\u0142e\u0107: Unisex<\/li>\n<li>Wymiary: 12 cali, 30 cm<\/li>\n<li>Materia\u0142: silikon<\/li>\n<li>Waga: Waga netto lalki wynosi oko\u0142o 1,15 kg<\/li>\n<\/ul>\n<h2>Lalki awatara odrodzonego dziecka z mi\u0119kkim silikonem i realistycznym wygl\u0105dem<\/h2>\n<div>Ta lalka-awatar odrodzona zosta\u0142a starannie wyrze\u017abiona, aby odzwierciedla\u0107 proporcje noworodka, jednocze\u015bnie wprowadzaj\u0105c subteln\u0105, fantastyczn\u0105 estetyk\u0119. Wykonana z litego silikonu, ca\u0142a jej sylwetka jest g\u0142adka i elastyczna, przewy\u017cszaj\u0105c tradycyjny winyl. W sklepach z lalkami-awatarami odrodzonymi w ca\u0142o\u015bci z silikonu, ten model wyr\u00f3\u017cnia si\u0119 kompaktowym rozmiarem (30 cm) i solidnym wykonaniem.<\/div>\n<h3>Trwa\u0142a konstrukcja z dopracowanymi szczeg\u00f3\u0142ami wizualnymi<\/h3>\n<div>Bezszwowa silikonowa obudowa zapewnia trwa\u0142o\u015b\u0107, zachowuj\u0105c jednocze\u015bnie realistyczn\u0105 reakcj\u0119 dotykow\u0105. Dzi\u0119ki przezroczystym akrylowym oczom i niewielkiej wadze zaledwie 1,15 kg, lalka doskonale le\u017cy w d\u0142oni. Realistyczna lalka awatara Reborn w niskiej cenie oferuje niezawodn\u0105 jako\u015b\u0107 bez wysokich koszt\u00f3w, dzi\u0119ki czemu jest idealna zar\u00f3wno dla kolekcjoner\u00f3w, jak i na prezent.<\/div>\n<h3>Cechy i zalety produktu<\/h3>\n<ol>\n<li>Pe\u0142ne silikonowe cia\u0142o o mi\u0119kkiej, elastycznej fakturze<\/li>\n<li>Rozmiar 12 cali jest idealny do wy\u015bwietlania i obs\u0142ugi<\/li>\n<li>Lekka konstrukcja o wadze oko\u0142o 1,15 kg<\/li>\n<li>Szczeg\u00f3\u0142owe akrylowe oczy z przezroczystym wyko\u0144czeniem<\/li>\n<li>Uniwersalne wzornictwo zapewniaj\u0105ce wszechstronno\u015b\u0107<\/li>\n<\/ol>","protected":false},"excerpt":{"rendered":"<p>Mi\u0119kka, kompaktowa i wizualnie przyci\u0105gaj\u0105ca wzrok lalka-awatar odrodzona \u0142\u0105czy w sobie delikatne proporcje noworodka z g\u0142adk\u0105 silikonow\u0105 faktur\u0105, tworz\u0105c urzekaj\u0105cy pokaz.<\/p>","protected":false},"featured_media":4221,"comment_status":"open","ping_status":"closed","template":"","meta":[],"product_brand":[],"product_cat":[239,240,145,144,146,156,153],"product_tag":[],"class_list":{"0":"post-4220","1":"product","2":"type-product","3":"status-publish","4":"has-post-thumbnail","6":"product_cat-avatar-reborn-dolls","7":"product_cat-12-inch-reborn-dolls","8":"product_cat-baby-boy-reborn-dolls","9":"product_cat-baby-girl-reborn-dolls","10":"product_cat-full-silicone-reborn-dolls","11":"product_cat-life-sized-dolls","12":"product_cat-newborn-reborn-dolls","14":"first","15":"instock","16":"sale","17":"shipping-taxable","18":"purchasable","19":"product-type-simple"},"_links":{"self":[{"href":"https:\/\/www.mkreborns.com\/pl\/wp-json\/wp\/v2\/product\/4220","targetHints":{"allow":["GET"]}}],"collection":[{"href":"https:\/\/www.mkreborns.com\/pl\/wp-json\/wp\/v2\/product"}],"about":[{"href":"https:\/\/www.mkreborns.com\/pl\/wp-json\/wp\/v2\/types\/product"}],"replies":[{"embeddable":true,"href":"https:\/\/www.mkreborns.com\/pl\/wp-json\/wp\/v2\/comments?post=4220"}],"wp:featuredmedia":[{"embeddable":true,"href":"https:\/\/www.mkreborns.com\/pl\/wp-json\/wp\/v2\/media\/4221"}],"wp:attachment":[{"href":"https:\/\/www.mkreborns.com\/pl\/wp-json\/wp\/v2\/media?parent=4220"}],"wp:term":[{"taxonomy":"product_brand","embeddable":true,"href":"https:\/\/www.mkreborns.com\/pl\/wp-json\/wp\/v2\/product_brand?post=4220"},{"taxonomy":"product_cat","embeddable":true,"href":"https:\/\/www.mkreborns.com\/pl\/wp-json\/wp\/v2\/product_cat?post=4220"},{"taxonomy":"product_tag","embeddable":true,"href":"https:\/\/www.mkreborns.com\/pl\/wp-json\/wp\/v2\/product_tag?post=4220"}],"curies":[{"name":"wp","href":"https:\/\/api.w.org\/{rel}","templated":true}]}}