{"id":4195,"date":"2026-03-24T08:06:41","date_gmt":"2026-03-24T08:06:41","guid":{"rendered":"https:\/\/www.mkreborns.com\/?post_type=product&#038;p=4195"},"modified":"2026-03-24T08:33:50","modified_gmt":"2026-03-24T08:33:50","slug":"realistic-bonnie-brown-20-inch-vinyl-boy-twin-reborn-doll","status":"publish","type":"product","link":"https:\/\/www.mkreborns.com\/pl\/product\/realistic-bonnie-brown-20-inch-vinyl-boy-twin-reborn-doll\/","title":{"rendered":"Realistyczna 20-calowa winylowa lalka-bli\u017aniak Bonnie Brown Reborn"},"content":{"rendered":"<h2>Mistrzowski kunszt Bonnie Brown Twin A<\/h2>\n<div>Mk Reborns prezentuje wyj\u0105tkow\u0105 interpretacj\u0119 kultowej rze\u017aby bli\u017aniaczki Bonnie Brown, oddaj\u0105cej eteryczn\u0105 niewinno\u015b\u0107 niemowl\u0119ctwa. Ka\u017cda 20-calowa winylowa figurka charakteryzuje si\u0119 r\u0119cznie malowanymi plamkami sk\u00f3rnymi i mi\u0119kkimi w dotyku ko\u0144czynami, kt\u00f3re imituj\u0105 delikatno\u015b\u0107 prawdziwej sk\u00f3ry. Cho\u0107 te lalki-bli\u017aniaczki s\u0105 niedrogie, ich kunszt wykonania gwarantuje im presti\u017cowe miejsce w Twojej wystawie.<\/div>\n<h3>Autentyczne cechy lalek Reborn Twins<\/h3>\n<div>Te lalki-bli\u017aniaczki odrodzone w ciele pojawiaj\u0105 si\u0119 w dopasowanych szatach i s\u0105 niezwykle delikatne w dotyku, co wymaga delikatnego obchodzenia si\u0119 z nimi. Ich anatomiczna precyzja i spokojna mimika twarzy stanowi\u0105 terapeutyczne wsparcie dla os\u00f3b poszukuj\u0105cych realistycznej symulacji opieki.<\/div>\n<ul>\n<li>Wykonane z najwy\u017cszej jako\u015bci, nietoksycznego winylu, co zapewnia trwa\u0142\u0105 integralno\u015b\u0107 strukturaln\u0105.<\/li>\n<li>Zmierzona na 50 cm, aby zapewni\u0107 solidn\u0105, realistyczn\u0105 wag\u0119, gdy jest trzymana w ramionach.<\/li>\n<li>Szczeg\u00f3\u0142owe mikronaczynia i p\u00f3\u0142przezroczyste \u0142o\u017cyska paznokci zapewniaj\u0105 wizualn\u0105 g\u0142\u0119bi\u0119.<\/li>\n<\/ul>\n<div>W\u0142a\u015bciciele ceni\u0105 sobie podw\u00f3jne towarzystwo, jakie oferuj\u0105 te urocze bli\u017aniacze lalki reborn, poniewa\u017c doskonale oddaj\u0105 one zsynchronizowany urok rodze\u0144stwa. Ka\u017cdy wyb\u00f3r estetyczny podkre\u015bla niezaprzeczalny urok wiernie odwzorowanej lalki reborn Bonnie Brown Boy Twin.<\/div>","protected":false},"excerpt":{"rendered":"<div>Przygarni\u0119cie tych delikatnych mieszka\u0144c\u00f3w pokoju dzieci\u0119cego wnosi g\u0142\u0119bokie poczucie spokoju do sanktuarium ka\u017cdego kolekcjonera. Te starannie wywa\u017cone towarzysze odzwierciedlaj\u0105 subtelne niuanse anatomii noworodka, buduj\u0105c natychmiastow\u0105 wi\u0119\u017a emocjonaln\u0105, wykraczaj\u0105c\u0105 poza zwyk\u0142e hobby.<\/div>","protected":false},"featured_media":4196,"comment_status":"open","ping_status":"closed","template":"","meta":[],"product_brand":[],"product_cat":[237,145,236,152],"product_tag":[],"class_list":{"0":"post-4195","1":"product","2":"type-product","3":"status-publish","4":"has-post-thumbnail","6":"product_cat-20-inch-reborn-dolls","7":"product_cat-baby-boy-reborn-dolls","8":"product_cat-twin-reborn-dolls","9":"product_cat-vinyl-reborn-dolls","11":"first","12":"instock","13":"sale","14":"shipping-taxable","15":"purchasable","16":"product-type-simple"},"_links":{"self":[{"href":"https:\/\/www.mkreborns.com\/pl\/wp-json\/wp\/v2\/product\/4195","targetHints":{"allow":["GET"]}}],"collection":[{"href":"https:\/\/www.mkreborns.com\/pl\/wp-json\/wp\/v2\/product"}],"about":[{"href":"https:\/\/www.mkreborns.com\/pl\/wp-json\/wp\/v2\/types\/product"}],"replies":[{"embeddable":true,"href":"https:\/\/www.mkreborns.com\/pl\/wp-json\/wp\/v2\/comments?post=4195"}],"wp:featuredmedia":[{"embeddable":true,"href":"https:\/\/www.mkreborns.com\/pl\/wp-json\/wp\/v2\/media\/4196"}],"wp:attachment":[{"href":"https:\/\/www.mkreborns.com\/pl\/wp-json\/wp\/v2\/media?parent=4195"}],"wp:term":[{"taxonomy":"product_brand","embeddable":true,"href":"https:\/\/www.mkreborns.com\/pl\/wp-json\/wp\/v2\/product_brand?post=4195"},{"taxonomy":"product_cat","embeddable":true,"href":"https:\/\/www.mkreborns.com\/pl\/wp-json\/wp\/v2\/product_cat?post=4195"},{"taxonomy":"product_tag","embeddable":true,"href":"https:\/\/www.mkreborns.com\/pl\/wp-json\/wp\/v2\/product_tag?post=4195"}],"curies":[{"name":"wp","href":"https:\/\/api.w.org\/{rel}","templated":true}]}}