{"id":4165,"date":"2026-03-22T14:35:28","date_gmt":"2026-03-22T14:35:28","guid":{"rendered":"https:\/\/www.mkreborns.com\/product\/18-inch-soft-vinyl-open-eye-reborn-baby-doll\/"},"modified":"2026-03-22T15:34:35","modified_gmt":"2026-03-22T15:34:35","slug":"18-inch-soft-vinyl-open-eye-reborn-baby-doll","status":"publish","type":"product","link":"https:\/\/www.mkreborns.com\/pl\/product\/18-inch-soft-vinyl-open-eye-reborn-baby-doll\/","title":{"rendered":"18-calowa mi\u0119kka winylowa lalka reborn z otwartymi oczami"},"content":{"rendered":"<p>Ta lalka reborn ma wyra\u017anie widoczne \u017cy\u0142y i jest bardzo realistyczna. Mo\u017ce siedzie\u0107 lub le\u017ce\u0107, nie m\u00f3wi ani nie mruga, a tak\u017ce nie posiada skomplikowanych cz\u0119\u015bci elektronicznych, co u\u0142atwia piel\u0119gnacj\u0119 i idealnie nadaje si\u0119 do kolekcjonowania. Podczas czyszczenia lalki nale\u017cy obchodzi\u0107 si\u0119 z ni\u0105 ostro\u017cnie; unikaj energicznego drapania brwi, aby zapobiec blakni\u0119ciu kolor\u00f3w.<\/p>\n<p>&nbsp;<\/p>\n<p>Materia\u0142: PVC w ca\u0142o\u015bci<br \/>\nP\u0142e\u0107: Wybierz mi\u0119dzy ch\u0142opcem a dziewczynk\u0105<br \/>\nWysoko\u015b\u0107: 18 cali<br \/>\nWaga: 1,1 kg<br \/>\nRz\u0119sy: Rz\u0119sy samoprzylepne<br \/>\nWaga opakowania: 1,6 kg<br \/>\nWymiary opakowania: 46*20*13 cm<br \/>\nPe\u0142ny pakiet zawiera: ubranka, pieluchy, smoczek magnetyczny, butelk\u0119 i akt urodzenia.<\/p>\n<p>&nbsp;<\/p>\n<p><img decoding=\"async\" src=\"https:\/\/www.mkreborns.com\/wp-content\/uploads\/2026\/03\/O1CN01PhbSDV1lsnmHX7b7l_2831564875-0-cib.jpg\" alt=\"\" title=\"\"><\/p>\n<p><img decoding=\"async\" src=\"https:\/\/www.mkreborns.com\/wp-content\/uploads\/2026\/03\/O1CN01Fqa8AT1lsnmKDSTq1_2831564875-0-cib.jpg\" alt=\"\" title=\"\"><\/p>\n<p>Prosz\u0119 uwzgl\u0119dni\u0107 tolerancj\u0119 pomiaru wynosz\u0105c\u0105 0,5\u20131 cala, poniewa\u017c produkt by\u0142 mierzony r\u0119cznie.<\/p>","protected":false},"excerpt":{"rendered":"<p>Jako opiekun odrodzonej lalki mo\u017cesz kupi\u0107 dla niej r\u00f3\u017cne style ubranek na r\u00f3\u017cne okazje.<\/p>","protected":false},"featured_media":4167,"comment_status":"open","ping_status":"closed","template":"","meta":[],"product_brand":[],"product_cat":[151,145,144,155,156,154,157,152],"product_tag":[],"class_list":{"0":"post-4165","1":"product","2":"type-product","3":"status-publish","4":"has-post-thumbnail","6":"product_cat-18-inch-reborn-dolls","7":"product_cat-baby-boy-reborn-dolls","8":"product_cat-baby-girl-reborn-dolls","9":"product_cat-cute-reborn-dolls","10":"product_cat-life-sized-dolls","11":"product_cat-lifelike-reborn-dolls","12":"product_cat-real-life-baby-dolls","13":"product_cat-vinyl-reborn-dolls","15":"first","16":"instock","17":"sale","18":"shipping-taxable","19":"purchasable","20":"product-type-variable","21":"has-default-attributes"},"_links":{"self":[{"href":"https:\/\/www.mkreborns.com\/pl\/wp-json\/wp\/v2\/product\/4165","targetHints":{"allow":["GET"]}}],"collection":[{"href":"https:\/\/www.mkreborns.com\/pl\/wp-json\/wp\/v2\/product"}],"about":[{"href":"https:\/\/www.mkreborns.com\/pl\/wp-json\/wp\/v2\/types\/product"}],"replies":[{"embeddable":true,"href":"https:\/\/www.mkreborns.com\/pl\/wp-json\/wp\/v2\/comments?post=4165"}],"wp:featuredmedia":[{"embeddable":true,"href":"https:\/\/www.mkreborns.com\/pl\/wp-json\/wp\/v2\/media\/4167"}],"wp:attachment":[{"href":"https:\/\/www.mkreborns.com\/pl\/wp-json\/wp\/v2\/media?parent=4165"}],"wp:term":[{"taxonomy":"product_brand","embeddable":true,"href":"https:\/\/www.mkreborns.com\/pl\/wp-json\/wp\/v2\/product_brand?post=4165"},{"taxonomy":"product_cat","embeddable":true,"href":"https:\/\/www.mkreborns.com\/pl\/wp-json\/wp\/v2\/product_cat?post=4165"},{"taxonomy":"product_tag","embeddable":true,"href":"https:\/\/www.mkreborns.com\/pl\/wp-json\/wp\/v2\/product_tag?post=4165"}],"curies":[{"name":"wp","href":"https:\/\/api.w.org\/{rel}","templated":true}]}}