{"id":4123,"date":"2026-03-19T03:34:52","date_gmt":"2026-03-19T03:34:52","guid":{"rendered":"https:\/\/www.mkreborns.com\/?post_type=product&#038;p=4123"},"modified":"2026-04-03T16:00:43","modified_gmt":"2026-04-03T16:00:43","slug":"magnetic-pacifiers-for-reborn-dolls-cute-dummy-set","status":"publish","type":"product","link":"https:\/\/www.mkreborns.com\/pl\/product\/magnetic-pacifiers-for-reborn-dolls-cute-dummy-set\/","title":{"rendered":"Magnetyczne smoczki dla lalek Reborn, uroczy zestaw smoczk\u00f3w"},"content":{"rendered":"<div class=\"product-specs-list-container\"><\/div>\n<div class=\"detailmodule_text\">\n<h2>Magnetyczne smoczki dla lalek Reborn z realistycznymi szczeg\u00f3\u0142ami<\/h2>\n<div>Magnetyczne smoczki dla lalek reborn zosta\u0142y zaprojektowane tak, aby odzwierciedla\u0142y autentyczne akcesoria dla niemowl\u0105t, oferuj\u0105c wyrafinowan\u0105 estetyk\u0119 dla kolekcjoner&oacute;w i artyst&oacute;w lalek. Wykonane z wytrzyma\u0142ego tworzywa ABS, ka\u017cdy element zachowuje lekko\u015b\u0107, zapewniaj\u0105c jednocze\u015bnie stabilne mocowanie magnetyczne. Te magnetyczne smoczki dla lalek reborn idealnie komponuj\u0105 si\u0119 z butelkami lalek reborn i bezproblemowo komponuj\u0105 si\u0119 z butelkami i smoczkami lalek reborn, tworz\u0105c sp&oacute;jn\u0105 prezentacj\u0119, kt&oacute;ra podnosi realizm ekspozycji.&lt;\/p&gt;<\/div>\n<h3>Precyzyjne dopasowanie i subtelne wykonanie<\/h3>\n<div>Zaprojektowana dla lalek o wymiarach 20\u201322 cali, kompaktowa konstrukcja o wymiarach 4\u00d72,8 cm zapewnia proporcjonaln\u0105 dok\u0142adno\u015b\u0107. Detale smoczk\u00f3w Dummy Nipples stanowi\u0105 przekonuj\u0105cy element wizualny, sprawiaj\u0105c, \u017ce ka\u017cdy dodatek wydaje si\u0119 starannie dobrany, a nie produkowany masowo.<\/div>\n<div>Zalety i funkcje produktu<\/div>\n<ol>\n<li>Stabilny magnes wewn\u0119trzny zapewniaj\u0105cy sp\u00f3jne rozmieszczenie<\/li>\n<li>G\u0142adka powierzchnia ABS o delikatnych konturach<\/li>\n<li>Skalowane wymiary dla realistycznych proporcji<\/li>\n<li>Harmonizuje z butelkami i zestawami lalek reborn<\/li>\n<li>Wyj\u0105tkowa stylizacja smoczk\u00f3w Dummy Nipples dla autentycznego wygl\u0105du<\/li>\n<\/ol>\n<div>Dla kolekcjoner\u00f3w, kt\u00f3rzy ceni\u0105 sobie dopracowane detale i sp\u00f3jny styl, akcesoria te dope\u0142ni\u0105 ka\u017cd\u0105 wystaw\u0119 r\u00f3wnowag\u0105 i wyrafinowaniem, dzi\u0119ki czemu magnetyczne smoczki dla lalek reborn stan\u0105 si\u0119 niezast\u0105pione.<\/div>\n<\/div>\n<div><\/div>\n<div>\n<div>Materia\u0142: tworzywo sztuczne ABS<br \/>\nWymiary: oko\u0142o 4*2,8 cm\/1,57*1,10\u201d<br \/>\nP\u0142e\u0107: Unisex<br \/>\nFunkcja 1: Smoczek magnetyczny dla lalki<br \/>\nFunkcja 2: smoczki-smoczki<br \/>\nFunkcja 3: Butelka do karmienia<br \/>\nZastosowanie: Smoczek magnetyczny nadaje si\u0119 do imitacji lalki niemowlaka.<br \/>\nPasuje do lalki o wymiarach 20-22 cali<\/div>\n<div><\/div>\n<\/div>\n<div class=\"detailmodule_image\"><img decoding=\"async\" class=\"detail-desc-decorate-image\" src=\"https:\/\/www.mkreborns.com\/wp-content\/uploads\/2026\/03\/kf-S248844369ace4c1aa7ecadd1fb1d0d77o.webp\" alt=\"Uroczy zestaw smoczk\u00f3w dla lalek Reborn z kolorowymi wzorami.\" title=\"\"> <img decoding=\"async\" class=\"detail-desc-decorate-image\" src=\"https:\/\/www.mkreborns.com\/wp-content\/uploads\/2026\/03\/kf-S6c63382f84a445439fd1199024f840611.webp\" alt=\"Uroczy r\u00f3\u017cowy smoczek w kszta\u0142cie serca dla lalek reborn, idealny do realistycznych akcesori\u00f3w dla lalek.\" title=\"\"> <img decoding=\"async\" class=\"detail-desc-decorate-image\" src=\"https:\/\/www.mkreborns.com\/wp-content\/uploads\/2026\/03\/kf-S488c94b7729a465194d2961210c54cf4W.webp\" alt=\"R\u00f3\u017cowy magnetyczny smoczek dla lalek reborn, idealny do realistycznych akcesori\u00f3w dla lalek i zabawy.\" title=\"\"> <img decoding=\"async\" class=\"detail-desc-decorate-image\" src=\"https:\/\/www.mkreborns.com\/wp-content\/uploads\/2026\/03\/kf-S6d9fe9cd873645dab6046f8da360a0a8b.webp\" alt=\"Uroczy smoczek dla lalki Reborn ze wzorem w panterk\u0119 w kolorze r\u00f3\u017cowo-zielonym.\" title=\"\"> <img decoding=\"async\" class=\"detail-desc-decorate-image\" src=\"https:\/\/www.mkreborns.com\/wp-content\/uploads\/2026\/03\/kf-S36de425f031d44459e8cd61cbd96964e7.webp\" alt=\"Smoczki dla lalek Reborn z magnetycznymi klipsami, w kolorze r\u00f3\u017cowym i niebieskim, idealne do realistycznych akcesori\u00f3w dla lalek.\" title=\"\"> <img decoding=\"async\" class=\"detail-desc-decorate-image\" src=\"https:\/\/www.mkreborns.com\/wp-content\/uploads\/2026\/03\/kf-S8f01849a5e554d6f9882dc6eb12f4d74Q.webp\" alt=\"Smoczek dla lalki Reborn z napisem &quot;Love My Daddy&quot; i r\u00f3\u017cowym serduszkiem.\" title=\"\"> <img decoding=\"async\" class=\"detail-desc-decorate-image\" src=\"https:\/\/www.mkreborns.com\/wp-content\/uploads\/2026\/03\/kf-S360412167aed492087b732d2883baf0dO.webp\" alt=\"\" title=\"\"><img decoding=\"async\" class=\"detail-desc-decorate-image\" src=\"https:\/\/www.mkreborns.com\/wp-content\/uploads\/2026\/03\/kf-Sf7b9cb29f2514cbaa1e852f7cbcb87d3y.webp\" alt=\"Uroczy zestaw smoczk\u00f3w do lalek Reborn.\" title=\"\"> <img decoding=\"async\" class=\"detail-desc-decorate-image\" src=\"https:\/\/www.mkreborns.com\/wp-content\/uploads\/2026\/03\/kf-S764e1e37d2424828804a097b43bc71c2k.webp\" alt=\"Realistyczne magnetyczne smoczki dla lalek reborn, idealne, by uzupe\u0142ni\u0107 Twoj\u0105 kolekcj\u0119 uroczych smoczk\u00f3w.\" title=\"\"> <img decoding=\"async\" class=\"detail-desc-decorate-image\" src=\"https:\/\/www.mkreborns.com\/wp-content\/uploads\/2026\/03\/kf-Sf1b85ed7bf994100bf9924d9ab1847392.webp\" alt=\"\" title=\"\"><\/div>\n<div class=\"detailmodule_image\"><img decoding=\"async\" class=\"detail-desc-decorate-image\" src=\"https:\/\/www.mkreborns.com\/wp-content\/uploads\/2026\/03\/kf-S5a111b8135df4b96aa04929da0abd73b6.webp\" alt=\"Smoczek dla lalki Reborn z motywem \u017c\u00f3\u0142tej kaczuszki i czerwonym uchwytem, idealny do realistycznych akcesori\u00f3w lalkowych.\" title=\"\"><\/div>","protected":false},"excerpt":{"rendered":"<p>Magnetyczne smoczki dla lalek reborn, bezpieczne i o realistycznym wygl\u0105dzie. Idealne uzupe\u0142nienie butelek i zestaw\u00f3w smoczk\u00f3w dla lalek reborn.<\/p>","protected":false},"featured_media":4124,"comment_status":"open","ping_status":"closed","template":"","meta":[],"product_brand":[],"product_cat":[148,162],"product_tag":[],"class_list":{"0":"post-4123","1":"product","2":"type-product","3":"status-publish","4":"has-post-thumbnail","6":"product_cat-reborn-doll-accessories","7":"product_cat-reborn-pacifier","9":"first","10":"instock","11":"sale","12":"shipping-taxable","13":"purchasable","14":"product-type-variable"},"_links":{"self":[{"href":"https:\/\/www.mkreborns.com\/pl\/wp-json\/wp\/v2\/product\/4123","targetHints":{"allow":["GET"]}}],"collection":[{"href":"https:\/\/www.mkreborns.com\/pl\/wp-json\/wp\/v2\/product"}],"about":[{"href":"https:\/\/www.mkreborns.com\/pl\/wp-json\/wp\/v2\/types\/product"}],"replies":[{"embeddable":true,"href":"https:\/\/www.mkreborns.com\/pl\/wp-json\/wp\/v2\/comments?post=4123"}],"wp:featuredmedia":[{"embeddable":true,"href":"https:\/\/www.mkreborns.com\/pl\/wp-json\/wp\/v2\/media\/4124"}],"wp:attachment":[{"href":"https:\/\/www.mkreborns.com\/pl\/wp-json\/wp\/v2\/media?parent=4123"}],"wp:term":[{"taxonomy":"product_brand","embeddable":true,"href":"https:\/\/www.mkreborns.com\/pl\/wp-json\/wp\/v2\/product_brand?post=4123"},{"taxonomy":"product_cat","embeddable":true,"href":"https:\/\/www.mkreborns.com\/pl\/wp-json\/wp\/v2\/product_cat?post=4123"},{"taxonomy":"product_tag","embeddable":true,"href":"https:\/\/www.mkreborns.com\/pl\/wp-json\/wp\/v2\/product_tag?post=4123"}],"curies":[{"name":"wp","href":"https:\/\/api.w.org\/{rel}","templated":true}]}}