{"id":4094,"date":"2026-03-19T02:43:43","date_gmt":"2026-03-19T02:43:43","guid":{"rendered":"https:\/\/www.mkreborns.com\/?post_type=product&#038;p=4094"},"modified":"2026-03-19T15:52:52","modified_gmt":"2026-03-19T15:52:52","slug":"reborn-baby-doll-magnetic-pacifier-realistic-fit","status":"publish","type":"product","link":"https:\/\/www.mkreborns.com\/pl\/product\/reborn-baby-doll-magnetic-pacifier-realistic-fit\/","title":{"rendered":"Magnetyczny Smoczek do Lalki Niemowl\u0119cej Reborn o Realistycznym Dopasowaniu"},"content":{"rendered":"<h2>Magnetyczny Smoczek do Lalki Niemowl\u0119cej Reborn<\/h2>\n<div>Magnetyczny smoczek dla lalek Reborn zosta\u0142 zaprojektowany tak, aby stworzy\u0107 przekonuj\u0105c\u0105 i naturaln\u0105 interakcj\u0119 mi\u0119dzy lalk\u0105 a jej akcesoriami. Zaprojektowany z my\u015bl\u0105 o kompatybilno\u015bci z lalkami Reborn dla noworodk\u00f3w z magnetycznymi smoczkami, ten element idealnie przylega do lalek wyposa\u017conych w wewn\u0119trzne magnesy. Jego wywa\u017cona konstrukcja gwarantuje prawid\u0142owe u\u0142o\u017cenie bez przesuwania, zachowuj\u0105c realistyczny wygl\u0105d.<\/div>\n<h3>Bezpieczne mocowanie i realistyczne detale<\/h3>\n<div>Ten smoczek posiada wbudowany rdze\u0144 magnetyczny, kt\u00f3ry umo\u017cliwia \u0142atwe zak\u0142adanie i zdejmowanie, zachowuj\u0105c jednocze\u015bnie stabilno\u015b\u0107. Jest szczeg\u00f3lnie odpowiedni dla realistycznych lalek reborn, kt\u00f3re mog\u0105 u\u017cywa\u0107 prawdziwych smoczk\u00f3w, oferuj\u0105c wizualnie wiern\u0105 pozycj\u0119 do karmienia lub uspokajania. G\u0142adka powierzchnia zewn\u0119trzna zapewnia bezpieczne trzymanie i eleganckie wyko\u0144czenie.<\/div>\n<h3>G\u0142\u00f3wne cechy i korzy\u015bci<\/h3>\n<ul>\n<li>Silny magnes wewn\u0119trzny zapewniaj\u0105cy stabilne pozycjonowanie<\/li>\n<li>Zaprojektowana dla noworodk\u00f3w, lalek typu reborn z magnetycznym smoczkiem<\/li>\n<li>Kompatybilny z realistycznymi lalkami odrodzonymi, kt\u00f3re mog\u0105 u\u017cywa\u0107 prawdziwych smoczk\u00f3w<\/li>\n<li>Lekka konstrukcja umo\u017cliwiaj\u0105ca naturalne umiejscowienie<\/li>\n<li>Trwa\u0142y materia\u0142 do wielokrotnego u\u017cytku<\/li>\n<\/ul>\n<div>Ten dodatek zwi\u0119ksza og\u00f3lny realizm Twojej kolekcji i stanowi niezb\u0119dny dodatek dla kolekcjoner\u00f3w poszukuj\u0105cych wysokiej jako\u015bci magnetycznego smoczka dla lalki reborn.<\/div>\n<div>Magnetyczny smoczek, niezb\u0119dny dla niemowl\u0119cej lalki Reborn! Dzi\u0119ki niemu lalka (zamkni\u0119te usta) mo\u017ce ssa\u0107 smoczek! Jednak przede wszystkim w ustach lalki powinien znajdowa\u0107 si\u0119 magnes.<\/div>\n<div>Rozmiar: jak na zdj\u0119ciach<\/div>\n<div>Zawarto\u015b\u0107 opakowania: 1 szt.<\/div>\n<div class=\"detailmodule_image\"><img decoding=\"async\" class=\"detail-desc-decorate-image\" src=\"https:\/\/www.mkreborns.com\/wp-content\/uploads\/2026\/03\/kf-S57fdc27edc6e45fd90840739bcbc10bdK.webp\" alt=\"\" title=\"\"><img decoding=\"async\" class=\"detail-desc-decorate-image\" src=\"https:\/\/www.mkreborns.com\/wp-content\/uploads\/2026\/03\/kf-Scd0b0263191840aca2c6d9d9092853bb8.webp\" alt=\"\" title=\"\"><img decoding=\"async\" class=\"detail-desc-decorate-image\" src=\"https:\/\/www.mkreborns.com\/wp-content\/uploads\/2026\/03\/kf-Sad85ad6e0e2e4333b9ffe757ec183004e.webp\" alt=\"\" title=\"\"><img decoding=\"async\" class=\"detail-desc-decorate-image\" src=\"https:\/\/www.mkreborns.com\/wp-content\/uploads\/2026\/03\/kf-Sca74611577a2480781484c8c07bd4ff2F.webp\" alt=\"\" title=\"\"><img decoding=\"async\" class=\"detail-desc-decorate-image\" src=\"https:\/\/www.mkreborns.com\/wp-content\/uploads\/2026\/03\/kf-Sa13d45d1c7c54ba29181db819686fb23X.webp\" alt=\"\" title=\"\"><img decoding=\"async\" class=\"detail-desc-decorate-image\" src=\"https:\/\/www.mkreborns.com\/wp-content\/uploads\/2026\/03\/kf-S5499cdc26d4a40e9903777a859be4f1eP.webp\" alt=\"\" title=\"\"><img decoding=\"async\" class=\"detail-desc-decorate-image\" src=\"https:\/\/www.mkreborns.com\/wp-content\/uploads\/2026\/03\/kf-S11408845c0cb4f4193474b5608f40c9fI.webp\" alt=\"\" title=\"\"><img decoding=\"async\" class=\"detail-desc-decorate-image\" src=\"https:\/\/www.mkreborns.com\/wp-content\/uploads\/2026\/03\/kf-S0113e3dd80594293b07c453364e8fb07i.webp\" alt=\"\" title=\"\"><\/div>","protected":false},"excerpt":{"rendered":"<p>Precyzyjnie wykonany smoczek magnetyczny zaprojektowany tak, aby zwi\u0119kszy\u0107 realizm, zapewniaj\u0105c bezpieczne i naturalne dopasowanie do kompatybilnych lalek reborn.<\/p>","protected":false},"featured_media":4095,"comment_status":"open","ping_status":"closed","template":"","meta":[],"product_brand":[],"product_cat":[162,148],"product_tag":[],"class_list":{"0":"post-4094","1":"product","2":"type-product","3":"status-publish","4":"has-post-thumbnail","6":"product_cat-reborn-pacifier","7":"product_cat-reborn-doll-accessories","9":"first","10":"instock","11":"sale","12":"shipping-taxable","13":"purchasable","14":"product-type-variable"},"_links":{"self":[{"href":"https:\/\/www.mkreborns.com\/pl\/wp-json\/wp\/v2\/product\/4094","targetHints":{"allow":["GET"]}}],"collection":[{"href":"https:\/\/www.mkreborns.com\/pl\/wp-json\/wp\/v2\/product"}],"about":[{"href":"https:\/\/www.mkreborns.com\/pl\/wp-json\/wp\/v2\/types\/product"}],"replies":[{"embeddable":true,"href":"https:\/\/www.mkreborns.com\/pl\/wp-json\/wp\/v2\/comments?post=4094"}],"wp:featuredmedia":[{"embeddable":true,"href":"https:\/\/www.mkreborns.com\/pl\/wp-json\/wp\/v2\/media\/4095"}],"wp:attachment":[{"href":"https:\/\/www.mkreborns.com\/pl\/wp-json\/wp\/v2\/media?parent=4094"}],"wp:term":[{"taxonomy":"product_brand","embeddable":true,"href":"https:\/\/www.mkreborns.com\/pl\/wp-json\/wp\/v2\/product_brand?post=4094"},{"taxonomy":"product_cat","embeddable":true,"href":"https:\/\/www.mkreborns.com\/pl\/wp-json\/wp\/v2\/product_cat?post=4094"},{"taxonomy":"product_tag","embeddable":true,"href":"https:\/\/www.mkreborns.com\/pl\/wp-json\/wp\/v2\/product_tag?post=4094"}],"curies":[{"name":"wp","href":"https:\/\/api.w.org\/{rel}","templated":true}]}}