{"id":4043,"date":"2026-03-18T15:39:40","date_gmt":"2026-03-18T15:39:40","guid":{"rendered":"https:\/\/www.mkreborns.com\/?post_type=product&#038;p=4043"},"modified":"2026-04-03T16:02:07","modified_gmt":"2026-04-03T16:02:07","slug":"complete-reborn-doll-kit-starter-sets-accessories","status":"publish","type":"product","link":"https:\/\/www.mkreborns.com\/pl\/product\/complete-reborn-doll-kit-starter-sets-accessories\/","title":{"rendered":"Kompletny zestaw lalek Reborn Zestawy startowe Akcesoria"},"content":{"rendered":"<div class=\"product-specs-list-container\">\n<h2>Kompletne zestawy startowe lalek Reborn<\/h2>\n<div>Kompletne zestawy startowe lalek reborn stanowi\u0105 praktyczn\u0105 podstaw\u0119 dla kolekcjoner\u00f3w poszukuj\u0105cych sp\u00f3jnego i realistycznego zestawu. Ten starannie dobrany zestaw zawiera niezb\u0119dne zestawy akcesori\u00f3w do lalek reborn, takie jak butelki do karmienia, smoczki i miniaturowe artyku\u0142y do piel\u0119gnacji, wszystkie dostosowane do lalek o d\u0142ugo\u015bci 18 cali (45,7 cm). Ka\u017cdy element zapewnia sp\u00f3jn\u0105 estetyk\u0119, jednocze\u015bnie zachowuj\u0105c \u0142atwo\u015b\u0107 u\u017cytkowania, zar\u00f3wno w ekspozycji, jak i w obs\u0142udze.<\/div>\n<h3>Funkcjonalny projekt i sp\u00f3jny styl<\/h3>\n<div>Zaprojektowane z my\u015bl\u0105 o kompatybilno\u015bci, te silikonowe akcesoria do lalek Reborn idealnie integruj\u0105 si\u0119 z r\u00f3\u017cnymi typami lalek, w tym z formami winylowymi i silikonowymi. Materia\u0142y s\u0105 lekkie, a jednocze\u015bnie wytrzyma\u0142e, co zapewnia d\u0142ugotrwa\u0142e u\u017cytkowanie. Jako cz\u0119\u015b\u0107 oferty akcesori\u00f3w do lalek Reborn, zestaw ten \u0142\u0105czy przyst\u0119pn\u0105 cen\u0119 z precyzj\u0105 wykonania, dzi\u0119ki czemu jest odpowiedni dla kolekcjoner\u00f3w o r\u00f3\u017cnym poziomie zaawansowania.<\/div>\n<h3>G\u0142\u00f3wne cechy i korzy\u015bci<\/h3>\n<ul>\n<li>W jednym opakowaniu znajduje si\u0119 wiele zestaw\u00f3w akcesori\u00f3w dla lalek reborn<\/li>\n<li>Zaprojektowany dla lalek reborn o d\u0142ugo\u015bci 43 cm \/ 18 cali<\/li>\n<li>Wytrzyma\u0142y plastik i mi\u0119kkie komponenty do wielokrotnego u\u017cytku<\/li>\n<li>Ekonomiczna opcja w\u015br\u00f3d tanich akcesori\u00f3w dla lalek reborn<\/li>\n<li>Kompatybilny z silikonowymi akcesoriami do lalek Reborn<\/li>\n<\/ul>\n<div>Ten wszechstronny zestaw u\u0142atwia konfiguracj\u0119, jednocze\u015bnie zwi\u0119kszaj\u0105c realizm, dzi\u0119ki czemu jest niezb\u0119dnym dodatkiem dla kolekcjoner\u00f3w poszukuj\u0105cych kompletnych zestaw\u00f3w startowych lalek odrodzonych.<\/div>\n<\/div>\n<p><img decoding=\"async\" src=\"https:\/\/ae01.alicdn.com\/kf\/S2ac0c07b28bc4ac8bbc8ec1493f5eca1O.jpg\" alt=\"\" title=\"\"><img decoding=\"async\" src=\"https:\/\/ae01.alicdn.com\/kf\/S6441869820c0453aba5911026275c27ep.jpg\" alt=\"\" title=\"\"><img decoding=\"async\" src=\"https:\/\/ae01.alicdn.com\/kf\/S5ab5abe146bb48fa9a94c8997f2c7ee4Q.jpg\" alt=\"\" title=\"\"><img decoding=\"async\" src=\"https:\/\/ae01.alicdn.com\/kf\/S3be2280f24a34965835a8ce1a38fd957R.jpg\" alt=\"\" title=\"\"><img decoding=\"async\" src=\"https:\/\/ae01.alicdn.com\/kf\/S6fe7d906696141b0ab07dde1e6e5908aw.jpg\" alt=\"\" title=\"\"><img decoding=\"async\" src=\"https:\/\/ae01.alicdn.com\/kf\/S3c5d9ee971ad4bd78e12de7dc8cd6ea2u.jpg\" alt=\"\" title=\"\"><img decoding=\"async\" src=\"https:\/\/ae01.alicdn.com\/kf\/Sebfcb2540dcf40888a721f47209f1862r.jpg\" alt=\"\" title=\"\"><img decoding=\"async\" src=\"https:\/\/ae01.alicdn.com\/kf\/S11f70586ef5d40829a72c2d3c3839908x.jpg\" alt=\"\" title=\"\"><img decoding=\"async\" src=\"https:\/\/ae01.alicdn.com\/kf\/Sa441d5ba97b64c05b54233527ce711d4p.jpg\" alt=\"\" title=\"\"><img decoding=\"async\" src=\"https:\/\/ae01.alicdn.com\/kf\/S33ea08f4b52549eaba6ec4b300eb133en.jpg\" alt=\"\" title=\"\"><img decoding=\"async\" src=\"https:\/\/ae01.alicdn.com\/kf\/Sfe1a1140e2f84221af639b7f50630a7e8.jpg\" alt=\"\" title=\"\"><img decoding=\"async\" src=\"https:\/\/ae01.alicdn.com\/kf\/S81d555bccfea4f4a85ffddd12ce9000aE.jpg\" alt=\"\" title=\"\"><img decoding=\"async\" src=\"https:\/\/ae01.alicdn.com\/kf\/S486e610f959b4b88b28666d56447564f4.jpg\" alt=\"\" title=\"\"><img decoding=\"async\" src=\"https:\/\/ae01.alicdn.com\/kf\/Sfa43f26ea86e4e08913ebcf4b01e20202.jpg\" alt=\"\" title=\"\"><img decoding=\"async\" src=\"https:\/\/ae01.alicdn.com\/kf\/S2382dce1c04247f0b0299b7f841cce3dk.jpg\" alt=\"\" title=\"\"><\/p>","protected":false},"excerpt":{"rendered":"<p>Uniwersalny zestaw startowy zaprojektowany, aby wyposa\u017cy\u0107 Twoj\u0105 odrodzon\u0105 lalk\u0119 w niezb\u0119dne akcesoria, zwi\u0119kszaj\u0105c realizm i umo\u017cliwiaj\u0105c codzienn\u0105 stylizacj\u0119.<\/p>","protected":false},"featured_media":4044,"comment_status":"open","ping_status":"closed","template":"","meta":[],"product_brand":[],"product_cat":[148],"product_tag":[],"class_list":{"0":"post-4043","1":"product","2":"type-product","3":"status-publish","4":"has-post-thumbnail","6":"product_cat-reborn-doll-accessories","8":"first","9":"instock","10":"sale","11":"shipping-taxable","12":"purchasable","13":"product-type-variable","14":"has-default-attributes"},"_links":{"self":[{"href":"https:\/\/www.mkreborns.com\/pl\/wp-json\/wp\/v2\/product\/4043","targetHints":{"allow":["GET"]}}],"collection":[{"href":"https:\/\/www.mkreborns.com\/pl\/wp-json\/wp\/v2\/product"}],"about":[{"href":"https:\/\/www.mkreborns.com\/pl\/wp-json\/wp\/v2\/types\/product"}],"replies":[{"embeddable":true,"href":"https:\/\/www.mkreborns.com\/pl\/wp-json\/wp\/v2\/comments?post=4043"}],"wp:featuredmedia":[{"embeddable":true,"href":"https:\/\/www.mkreborns.com\/pl\/wp-json\/wp\/v2\/media\/4044"}],"wp:attachment":[{"href":"https:\/\/www.mkreborns.com\/pl\/wp-json\/wp\/v2\/media?parent=4043"}],"wp:term":[{"taxonomy":"product_brand","embeddable":true,"href":"https:\/\/www.mkreborns.com\/pl\/wp-json\/wp\/v2\/product_brand?post=4043"},{"taxonomy":"product_cat","embeddable":true,"href":"https:\/\/www.mkreborns.com\/pl\/wp-json\/wp\/v2\/product_cat?post=4043"},{"taxonomy":"product_tag","embeddable":true,"href":"https:\/\/www.mkreborns.com\/pl\/wp-json\/wp\/v2\/product_tag?post=4043"}],"curies":[{"name":"wp","href":"https:\/\/api.w.org\/{rel}","templated":true}]}}