{"id":4029,"date":"2026-03-18T15:28:55","date_gmt":"2026-03-18T15:28:55","guid":{"rendered":"https:\/\/www.mkreborns.com\/?post_type=product&#038;p=4029"},"modified":"2026-03-19T15:51:56","modified_gmt":"2026-03-19T15:51:56","slug":"17-18-inch-reborn-doll-feeding-pacifier-accessories","status":"publish","type":"product","link":"https:\/\/www.mkreborns.com\/pl\/product\/17-18-inch-reborn-doll-feeding-pacifier-accessories\/","title":{"rendered":"Akcesoria do smoczka do karmienia lalek Reborn 17-18 cali"},"content":{"rendered":"<div class=\"product-specs-list-container\"><\/div>\n<div class=\"detailmodule_html\">\n<div class=\"detail-desc-decorate-richtext\">\n<h2>Akcesoria do lalek Reborn, smoczki do butelek bez otworu<\/h2>\n<div>Akcesoria do lalek Reborn \u2013 smoczki bez dziurek \u2013 zosta\u0142y wykonane tak, aby odzwierciedla\u0107 autentyczne czynno\u015bci zwi\u0105zane z karmieniem niemowl\u0105t, zachowuj\u0105c jednocze\u015bnie integralno\u015b\u0107 lalki. Zestaw zawiera starannie uformowane butelki, mi\u0119kkie silikonowe ko\u0144c\u00f3wki oraz dopasowane elementy, kt\u00f3re uzupe\u0142niaj\u0105 styl zestawu smoczk\u00f3w do lalek Reborn. Zaprojektowane z my\u015bl\u0105 o kolekcjonerach, dla kt\u00f3rych realizm jest priorytetem, akcesoria te tworz\u0105 realistyczne wra\u017cenie opieki nad dzieckiem bez konieczno\u015bci modyfikacji konstrukcji lalki.<\/div>\n<h3>Bezpieczna konstrukcja silikonowa i realistyczne detale<\/h3>\n<div>Do\u0142\u0105czone silikonowe smoczki bez dziurek dla lalek reborn dla wcze\u015bniak\u00f3w zosta\u0142y zaprojektowane z zamkni\u0119t\u0105 ko\u0144c\u00f3wk\u0105, co zapobiega wyciekaniu p\u0142ynu, zachowuj\u0105c jednocze\u015bnie autentyczno\u015b\u0107 wizualn\u0105. Ka\u017cdy element jest dopasowany do lalek o rozmiarze 17-18 cali, zapewniaj\u0105c naturalne dopasowanie w po\u0142\u0105czeniu ze scenami karmienia lub ekspozycj\u0105.<\/div>\n<h3>G\u0142\u00f3wne cechy i korzy\u015bci<\/h3>\n<ul>\n<li>Zawiera butelki do karmienia i zestaw smoczk\u00f3w dla lalek reborn<\/li>\n<li>Zamkni\u0119ta konstrukcja ko\u0144c\u00f3wki zapewniaj\u0105ca bezpieczn\u0105, niefunkcjonaln\u0105 symulacj\u0119 karmienia<\/li>\n<li>Wykonane z mi\u0119kkiego silikonu, zapewniaj\u0105cego realistyczn\u0105 faktur\u0119<\/li>\n<li>Kompatybilny z lalkami reborn o wymiarach 17-18 cali<\/li>\n<li>Idealne do stosowania z silikonowymi smoczkami bez dziurek dla wcze\u015bniak\u00f3w i lalek reborn<\/li>\n<\/ul>\n<div>Ten starannie skomponowany zestaw wzbogaca wizualne opowiadanie historii i zwi\u0119ksza warto\u015b\u0107 kolekcji, dzi\u0119ki czemu stanowi niezawodny wyb\u00f3r dla ka\u017cdego, kto poszukuje akcesori\u00f3w do lalek reborn bez otwor\u00f3w i smoczk\u00f3w do butelek.<\/div>\n<p><img decoding=\"async\" src=\"https:\/\/www.mkreborns.com\/wp-content\/uploads\/2026\/03\/kf-S821bc0c09e4b42a393cbbc2780b410d4P.webp\" alt=\"\" title=\"\"><img decoding=\"async\" src=\"https:\/\/www.mkreborns.com\/wp-content\/uploads\/2026\/03\/kf-S3ddca035184249b39a97908487b4d497n.webp\" alt=\"\" title=\"\"><img decoding=\"async\" src=\"https:\/\/www.mkreborns.com\/wp-content\/uploads\/2026\/03\/kf-Se4f5ae05ae6f4ec4a8ef9889288959d4L.webp\" alt=\"\" title=\"\"><img decoding=\"async\" src=\"https:\/\/www.mkreborns.com\/wp-content\/uploads\/2026\/03\/kf-S63a5bb887a674b8ab8ce2a3c3e8dc6den.webp\" alt=\"\" title=\"\"><span style=\"font-size: 18px;\"><strong>Ma\u0142y rozmiar r\u00f3\u017cowy:<\/strong><\/span><img decoding=\"async\" src=\"https:\/\/www.mkreborns.com\/wp-content\/uploads\/2026\/03\/kf-S5937a950d18c457d9632bc051f5569f9r.webp\" alt=\"\" title=\"\"><\/p>\n<p><span style=\"font-size: 18px;\"><strong>Ma\u0142y rozmiar niebieski:<\/strong><\/span><img decoding=\"async\" src=\"https:\/\/www.mkreborns.com\/wp-content\/uploads\/2026\/03\/kf-Scbcae8c5f5a14ec8ac5007fdc863b93cg.webp\" alt=\"\" title=\"\"><img decoding=\"async\" src=\"https:\/\/www.mkreborns.com\/wp-content\/uploads\/2026\/03\/kf-S5e160258b8954f42a85e81b8690efd27l.webp\" alt=\"\" title=\"\"><img decoding=\"async\" src=\"https:\/\/www.mkreborns.com\/wp-content\/uploads\/2026\/03\/kf-Sb8e5eb1c653f4d77bd66c73376d647894.webp\" alt=\"\" title=\"\"><img decoding=\"async\" src=\"https:\/\/www.mkreborns.com\/wp-content\/uploads\/2026\/03\/kf-S42bdf04560824f58a60c86c965c4d3f5Q.webp\" alt=\"\" title=\"\"><img decoding=\"async\" src=\"https:\/\/www.mkreborns.com\/wp-content\/uploads\/2026\/03\/kf-Sf8bed42865e04064a00206620943d9dfR.webp\" alt=\"\" title=\"\"><img decoding=\"async\" src=\"https:\/\/www.mkreborns.com\/wp-content\/uploads\/2026\/03\/kf-S419dce937a6049f997aa62428da2071dR.webp\" alt=\"Akcesoria do karmienia lalek Reborn, w tym butelka dla niemowl\u0105t, smoczek i przybory do karmienia.\" title=\"\"><\/p>\n<\/div>\n<\/div>","protected":false},"excerpt":{"rendered":"<div>Kompletny zestaw akcesori\u00f3w do karmienia przeznaczony dla lalek reborn o rozmiarze 17-18 cali. \u0141\u0105czy realizm, bezpiecze\u0144stwo i delikatne detale w jednym kompaktowym zestawie.<\/div>","protected":false},"featured_media":4030,"comment_status":"open","ping_status":"closed","template":"","meta":[],"product_brand":[],"product_cat":[148,162],"product_tag":[],"class_list":{"0":"post-4029","1":"product","2":"type-product","3":"status-publish","4":"has-post-thumbnail","6":"product_cat-reborn-doll-accessories","7":"product_cat-reborn-pacifier","9":"first","10":"instock","11":"sale","12":"shipping-taxable","13":"purchasable","14":"product-type-variable","15":"has-default-attributes"},"_links":{"self":[{"href":"https:\/\/www.mkreborns.com\/pl\/wp-json\/wp\/v2\/product\/4029","targetHints":{"allow":["GET"]}}],"collection":[{"href":"https:\/\/www.mkreborns.com\/pl\/wp-json\/wp\/v2\/product"}],"about":[{"href":"https:\/\/www.mkreborns.com\/pl\/wp-json\/wp\/v2\/types\/product"}],"replies":[{"embeddable":true,"href":"https:\/\/www.mkreborns.com\/pl\/wp-json\/wp\/v2\/comments?post=4029"}],"wp:featuredmedia":[{"embeddable":true,"href":"https:\/\/www.mkreborns.com\/pl\/wp-json\/wp\/v2\/media\/4030"}],"wp:attachment":[{"href":"https:\/\/www.mkreborns.com\/pl\/wp-json\/wp\/v2\/media?parent=4029"}],"wp:term":[{"taxonomy":"product_brand","embeddable":true,"href":"https:\/\/www.mkreborns.com\/pl\/wp-json\/wp\/v2\/product_brand?post=4029"},{"taxonomy":"product_cat","embeddable":true,"href":"https:\/\/www.mkreborns.com\/pl\/wp-json\/wp\/v2\/product_cat?post=4029"},{"taxonomy":"product_tag","embeddable":true,"href":"https:\/\/www.mkreborns.com\/pl\/wp-json\/wp\/v2\/product_tag?post=4029"}],"curies":[{"name":"wp","href":"https:\/\/api.w.org\/{rel}","templated":true}]}}