{"id":4022,"date":"2026-03-18T14:54:54","date_gmt":"2026-03-18T14:54:54","guid":{"rendered":"https:\/\/www.mkreborns.com\/?post_type=product&#038;p=4022"},"modified":"2026-03-18T14:58:05","modified_gmt":"2026-03-18T14:58:05","slug":"beret-hat-accessories-for-18-inch-reborn-dolls","status":"publish","type":"product","link":"https:\/\/www.mkreborns.com\/pl\/product\/beret-hat-accessories-for-18-inch-reborn-dolls\/","title":{"rendered":"Akcesoria do kapeluszy beretowych dla lalek Reborn o d\u0142ugo\u015bci 18 cali"},"content":{"rendered":"<div class=\"product-specs-list-container\">\n<h2>Akcesoria do kapeluszy beretowych dla lalek Reborn o d\u0142ugo\u015bci 18 cali<\/h2>\n<div>Dodatki w postaci beret\u00f3w, zaprojektowane dla lalek reborn o d\u0142ugo\u015bci 18 cali, wnosz\u0105 subtelny akcent inspirowany stylem vintage do ka\u017cdej kolekcji. Ten element naturalnie komponuje si\u0119 z ubraniami i akcesoriami reborn dla lalek reborn o d\u0142ugo\u015bci 18 cali, tworz\u0105c zr\u00f3wnowa\u017cony i realistyczny wygl\u0105d. Jego lekka konstrukcja zapewnia delikatne dopasowanie, kt\u00f3re nie zak\u0142\u00f3ca wyrze\u017abionego kszta\u0142tu g\u0142owy ani w\u0142os\u00f3w lalki.<\/div>\n<h3>Mi\u0119kka konstrukcja i wszechstronny styl<\/h3>\n<div>Wykonany z elastycznego materia\u0142u, beret idealnie dopasowuje si\u0119 do r\u00f3\u017cnych kszta\u0142t\u00f3w g\u0142\u00f3w lalek. Idealnie pasuje do sukienek, codziennych stroj\u00f3w i sezonowych stylizacji, co czyni go praktycznym dodatkiem dla kolekcjoner\u00f3w poszukuj\u0105cych niedrogich akcesori\u00f3w do lalek reborn, bez rezygnowania z atrakcyjno\u015bci wizualnej.<\/div>\n<h3>G\u0142\u00f3wne cechy i korzy\u015bci<\/h3>\n<ul>\n<li>Zaprojektowany dla lalek reborn o d\u0142ugo\u015bci 43 cm \/ 18 cali<\/li>\n<li>Mi\u0119kka i oddychaj\u0105ca tkanina zapewniaj\u0105ca naturalne u\u0142o\u017cenie cia\u0142a<\/li>\n<li>\u0141atwe do zak\u0142adania i zdejmowania bez tarcia<\/li>\n<li>Dopasowuje ubrania i akcesoria do lalki 18-calowej<\/li>\n<li>Przyst\u0119pna cenowo opcja w\u015br\u00f3d tanich akcesori\u00f3w do lalek reborn<\/li>\n<\/ul>\n<div>Ten starannie wykonany dodatek doda wyrafinowanego szlifu ka\u017cdej stylizacji, dzi\u0119ki czemu b\u0119dzie stanowi\u0142 niezb\u0119dny wyb\u00f3r dla kolekcjoner\u00f3w poszukuj\u0105cych wysokiej jako\u015bci beret\u00f3w.<\/div>\n<\/div>\n<p style=\"text-align: center;\" align=\"center\"><img decoding=\"async\" src=\"https:\/\/www.mkreborns.com\/wp-content\/uploads\/2026\/03\/kf-S6afc882157754df2a7cdf6e03c49de1dD.webp\" alt=\"R\u00f3\u017cowy beret z serduszkami, idealny do akcesori\u00f3w lalek reborn o wielko\u015bci 18 cali.\" title=\"\"> <img decoding=\"async\" src=\"https:\/\/www.mkreborns.com\/wp-content\/uploads\/2026\/03\/kf-S1e6e65c4b7ed47649fa13a93bda092d6j.webp\" alt=\"Akcesorium w postaci kapelusza-bereta dla 18-calowych lalek reborn, idealne, by doda\u0107 im uroku i stylu.\" title=\"\"> <img decoding=\"async\" src=\"https:\/\/www.mkreborns.com\/wp-content\/uploads\/2026\/03\/kf-Sd73259d6bac34199ad5afcf29fe5670eG.webp\" alt=\"R\u00f3\u017cowy beret, dodatek do 18-calowych lalek reborn, idealny, by doda\u0107 uroczego akcentu do stroj\u00f3w lalek.\" title=\"\"><\/p>","protected":false},"excerpt":{"rendered":"<div>Mi\u0119kki beret zaprojektowany tak, aby pasowa\u0142 do lalek odrodzonych w rozmiarze 18 cali, dodaj\u0105c wyrafinowanego uroku i charakteru ka\u017cdej stylizacji.<\/div>","protected":false},"featured_media":4023,"comment_status":"open","ping_status":"closed","template":"","meta":[],"product_brand":[],"product_cat":[159,148],"product_tag":[],"class_list":{"0":"post-4022","1":"product","2":"type-product","3":"status-publish","4":"has-post-thumbnail","6":"product_cat-clothes-for-reborn-dolls","7":"product_cat-reborn-doll-accessories","9":"first","10":"instock","11":"sale","12":"shipping-taxable","13":"purchasable","14":"product-type-variable"},"_links":{"self":[{"href":"https:\/\/www.mkreborns.com\/pl\/wp-json\/wp\/v2\/product\/4022","targetHints":{"allow":["GET"]}}],"collection":[{"href":"https:\/\/www.mkreborns.com\/pl\/wp-json\/wp\/v2\/product"}],"about":[{"href":"https:\/\/www.mkreborns.com\/pl\/wp-json\/wp\/v2\/types\/product"}],"replies":[{"embeddable":true,"href":"https:\/\/www.mkreborns.com\/pl\/wp-json\/wp\/v2\/comments?post=4022"}],"wp:featuredmedia":[{"embeddable":true,"href":"https:\/\/www.mkreborns.com\/pl\/wp-json\/wp\/v2\/media\/4023"}],"wp:attachment":[{"href":"https:\/\/www.mkreborns.com\/pl\/wp-json\/wp\/v2\/media?parent=4022"}],"wp:term":[{"taxonomy":"product_brand","embeddable":true,"href":"https:\/\/www.mkreborns.com\/pl\/wp-json\/wp\/v2\/product_brand?post=4022"},{"taxonomy":"product_cat","embeddable":true,"href":"https:\/\/www.mkreborns.com\/pl\/wp-json\/wp\/v2\/product_cat?post=4022"},{"taxonomy":"product_tag","embeddable":true,"href":"https:\/\/www.mkreborns.com\/pl\/wp-json\/wp\/v2\/product_tag?post=4022"}],"curies":[{"name":"wp","href":"https:\/\/api.w.org\/{rel}","templated":true}]}}