{"id":4000,"date":"2026-03-18T14:46:48","date_gmt":"2026-03-18T14:46:48","guid":{"rendered":"https:\/\/www.mkreborns.com\/?post_type=product&#038;p=4000"},"modified":"2026-03-19T15:52:09","modified_gmt":"2026-03-19T15:52:09","slug":"american-girl-doll-clothes-fit-18-inch-reborns-set","status":"publish","type":"product","link":"https:\/\/www.mkreborns.com\/pl\/product\/american-girl-doll-clothes-fit-18-inch-reborns-set\/","title":{"rendered":"Ubranka dla lalki Ameryka\u0144ska dziewczyna pasuj\u0105ce do zestawu Reborns 18 cali"},"content":{"rendered":"<div class=\"product-specs-list-container\">\n<h2>\u041a\u0443\u043a\u043e\u043b\u044c\u043d\u0430\u044f Odzie\u017c Ameryka\u0144skiej Dziewczyny Nadaje Si\u0119 \u0420\u0435\u0431\u043e\u0440\u043d\u0430\u043c<\/h2>\n<div>Ubranka dla lalek Ameryka\u0144ska dziewczyna idealnie dopasowuj\u0105 si\u0119 do lalek reborn o d\u0142ugo\u015bci 18 cali (45 cm) i realistycznych proporcjach. Ubranka te s\u0105 dopasowane do nowych modeli lalek reborn, oferuj\u0105c zr\u00f3wnowa\u017con\u0105 sylwetk\u0119, kt\u00f3ra podkre\u015bla ich autentyczno\u015b\u0107. Niezale\u017cnie od tego, czy s\u0105 stylizowane na wystaw\u0119, czy te\u017c s\u0105 delikatnie u\u017cytkowane, ka\u017cdy element odzwierciedla staranne wykonanie.<\/div>\n<h3>Indywidualny projekt i integralno\u015b\u0107 materia\u0142\u00f3w<\/h3>\n<div>Wykonane z mi\u0119kkiej, a zarazem wytrzyma\u0142ej tkaniny, te r\u0119cznie robione zestawy ubranek dla lalek reborn zachowuj\u0105 struktur\u0119 bez uczucia sztywno\u015bci. Szwy dopasowuj\u0105 si\u0119 do anatomicznych kontur\u00f3w, dzi\u0119ki czemu ubranko naturalnie uk\u0142ada si\u0119 na ciele lalki. Zapewnia to zar\u00f3wno dok\u0142adno\u015b\u0107 wizualn\u0105, jak i d\u0142ugotrwa\u0142\u0105 u\u017cyteczno\u015b\u0107.<\/div>\n<h3>G\u0142\u00f3wne cechy i korzy\u015bci<\/h3>\n<ul>\n<li>Zaprojektowany tak, aby dok\u0142adnie pasowa\u0142 do noworodk\u00f3w o wzro\u015bcie 43 cm \/ 18 cali<\/li>\n<li>Nadaje si\u0119 zar\u00f3wno do ubranek dla lalek reborn dla ch\u0142opc\u00f3w, jak i do ubranek w stylu neutralnym<\/li>\n<li>Wzmocnione szwy zapewniaj\u0105ce d\u0142u\u017csz\u0105 trwa\u0142o\u015b\u0107<\/li>\n<li>Lekka tkanina zapewniaj\u0105ca wygod\u0119 u\u017cytkowania<\/li>\n<li>Kompatybilny z nowymi stylami lalek materia\u0142owych Reborn<\/li>\n<\/ul>\n<div>\u0141\u0105cz\u0105c w sobie harmoni\u0119 struktury i mi\u0119kko\u015bci, ten zestaw stroj\u00f3w dodaje g\u0142\u0119bi i realizmu ka\u017cdej kolekcji, dzi\u0119ki czemu jest doskona\u0142ym wyborem dla kolekcjoner\u00f3w poszukuj\u0105cych ubranek pasuj\u0105cych do odrodzonych lalek Ameryka\u0144ska dziewczyna.<\/div>\n<div><\/div>\n<\/div>\n<div class=\"detailmodule_html\">\n<div class=\"detail-desc-decorate-richtext\">\n<p style=\"text-align: center; margin: 0px;\" align=\"center\"><img decoding=\"async\" src=\"https:\/\/www.mkreborns.com\/wp-content\/uploads\/2026\/03\/kf-Sbb815d83d55a42c6b75a953932f9eec9r.webp\" alt=\"\" title=\"\"><img decoding=\"async\" src=\"https:\/\/www.mkreborns.com\/wp-content\/uploads\/2026\/03\/kf-Sc2b352c412684bd7acc6bb9bcdf0c927X.webp\" alt=\"\" title=\"\"><img decoding=\"async\" src=\"https:\/\/www.mkreborns.com\/wp-content\/uploads\/2026\/03\/kf-S359e5961003a4ef683ca7929699e081fB.webp\" alt=\"\" title=\"\"><img decoding=\"async\" src=\"https:\/\/www.mkreborns.com\/wp-content\/uploads\/2026\/03\/kf-Scc518a1bba6e434daac8f2dece7ee61fs.webp\" alt=\"\" title=\"\"><img decoding=\"async\" src=\"https:\/\/www.mkreborns.com\/wp-content\/uploads\/2026\/03\/kf-S5c9fd673d94b407495c1b13241048299B.webp\" alt=\"\" title=\"\"><img decoding=\"async\" src=\"https:\/\/www.mkreborns.com\/wp-content\/uploads\/2026\/03\/kf-S4b118a05358c496d84bb2426874d92c8u.webp\" alt=\"\" title=\"\"><img decoding=\"async\" src=\"https:\/\/www.mkreborns.com\/wp-content\/uploads\/2026\/03\/kf-S41958fdfe8b14b4481003fedf9275197D.webp\" alt=\"\" title=\"\"><img decoding=\"async\" src=\"https:\/\/www.mkreborns.com\/wp-content\/uploads\/2026\/03\/kf-Sb7de3410d1f5466194271c86cc3b11047.webp\" alt=\"\" title=\"\"><img decoding=\"async\" src=\"https:\/\/www.mkreborns.com\/wp-content\/uploads\/2026\/03\/kf-Sf2d8e29dcfbb4426a9b5e0f048bc41bbl.webp\" alt=\"\" title=\"\"><img decoding=\"async\" src=\"https:\/\/www.mkreborns.com\/wp-content\/uploads\/2026\/03\/kf-S87f2002a343949f78d65c595eb6297c7W.webp\" alt=\"\" title=\"\"><img decoding=\"async\" src=\"https:\/\/www.mkreborns.com\/wp-content\/uploads\/2026\/03\/kf-Se889b72926b445a58aea59fc7b6b49b5L.webp\" alt=\"\" title=\"\"><\/p>\n<\/div>\n<\/div>","protected":false},"excerpt":{"rendered":"<div>Starannie dopasowane stroje zaprojektowane tak, aby pasowa\u0107 na 18-calowe odrodzone dzieci, \u0142\u0105cz\u0105 klasyczny styl z mi\u0119kkimi materia\u0142ami, zapewniaj\u0105c wyrafinowany i realistyczny wygl\u0105d.<\/div>","protected":false},"featured_media":4001,"comment_status":"open","ping_status":"closed","template":"","meta":[],"product_brand":[],"product_cat":[159,148],"product_tag":[],"class_list":{"0":"post-4000","1":"product","2":"type-product","3":"status-publish","4":"has-post-thumbnail","6":"product_cat-clothes-for-reborn-dolls","7":"product_cat-reborn-doll-accessories","9":"first","10":"instock","11":"sale","12":"shipping-taxable","13":"purchasable","14":"product-type-variable","15":"has-default-attributes"},"_links":{"self":[{"href":"https:\/\/www.mkreborns.com\/pl\/wp-json\/wp\/v2\/product\/4000","targetHints":{"allow":["GET"]}}],"collection":[{"href":"https:\/\/www.mkreborns.com\/pl\/wp-json\/wp\/v2\/product"}],"about":[{"href":"https:\/\/www.mkreborns.com\/pl\/wp-json\/wp\/v2\/types\/product"}],"replies":[{"embeddable":true,"href":"https:\/\/www.mkreborns.com\/pl\/wp-json\/wp\/v2\/comments?post=4000"}],"wp:featuredmedia":[{"embeddable":true,"href":"https:\/\/www.mkreborns.com\/pl\/wp-json\/wp\/v2\/media\/4001"}],"wp:attachment":[{"href":"https:\/\/www.mkreborns.com\/pl\/wp-json\/wp\/v2\/media?parent=4000"}],"wp:term":[{"taxonomy":"product_brand","embeddable":true,"href":"https:\/\/www.mkreborns.com\/pl\/wp-json\/wp\/v2\/product_brand?post=4000"},{"taxonomy":"product_cat","embeddable":true,"href":"https:\/\/www.mkreborns.com\/pl\/wp-json\/wp\/v2\/product_cat?post=4000"},{"taxonomy":"product_tag","embeddable":true,"href":"https:\/\/www.mkreborns.com\/pl\/wp-json\/wp\/v2\/product_tag?post=4000"}],"curies":[{"name":"wp","href":"https:\/\/api.w.org\/{rel}","templated":true}]}}