{"id":3914,"date":"2026-03-18T13:49:16","date_gmt":"2026-03-18T13:49:16","guid":{"rendered":"https:\/\/www.mkreborns.com\/?post_type=product&#038;p=3914"},"modified":"2026-03-19T15:50:41","modified_gmt":"2026-03-19T15:50:41","slug":"handmade-20-22-inch-reborn-doll-outfits-and-princess-dress-sets","status":"publish","type":"product","link":"https:\/\/www.mkreborns.com\/pl\/product\/handmade-20-22-inch-reborn-doll-outfits-and-princess-dress-sets\/","title":{"rendered":"R\u0119cznie robione stroje dla lalek Reborn o wymiarach 20-22 cali i zestawy sukienek dla ksi\u0119\u017cniczek"},"content":{"rendered":"<div class=\"product-specs-list-container\">\n<h2>Wykwintne, niezb\u0119dne elementy garderoby dla Twoich realistycznych niemowl\u0105t<\/h2>\n<div>Piel\u0119gnacja odrodzonego dziecka to co\u015b wi\u0119cej ni\u017c tylko delikatne dotkni\u0119cia; to tak\u017ce garderoba, kt\u00f3ra odzwierciedla jego subtelne pi\u0119kno. Nasza starannie dobrana kolekcja ubranek dla lalek odrodzonych w rozmiarze 20-22 cali (56-56 cm) idealnie dopasowuje si\u0119 do lalek o wzro\u015bcie od pi\u0119\u0107dziesi\u0119ciu do pi\u0119\u0107dziesi\u0119ciu pi\u0119ciu centymetr\u00f3w. Ka\u017cdy komplet jest starannie uszyty z najwy\u017cszej jako\u015bci materia\u0142\u00f3w, kt\u00f3re zapewniaj\u0105 mi\u0119kko\u015b\u0107 i przyjemn\u0105 w dotyku powierzchni\u0119 winylow\u0105 lub silikonow\u0105 Twojego kolekcjonerskiego przedmiotu. Niezale\u017cnie od tego, czy ubierasz ma\u0142\u0105 dziewczynk\u0119, czy noworodka, te ubranka zapewniaj\u0105 estetyczne dopracowanie, jakiego wymaga Twoje hobby, bez wyg\u00f3rowanych koszt\u00f3w.<\/div>\n<h3>Wszechstronne style sezonowe i funkcjonalne akcesoria<\/h3>\n<div>Aby zachowa\u0107 realizm pokoju dzieci\u0119cego, warto zadba\u0107 o odpowiednie stroje na ka\u017cd\u0105 pogod\u0119. Od przewiewnych mieszanek bawe\u0142ny na letnie wyj\u015bcia, po warstwowe, przytulne dzianiny na zimowe dekoracje \u2013 nasza oferta zaspokoi ka\u017cde gusta stylistyczne. Te niedrogie ubranka dla lalek reborn to niedrogi spos\u00f3b na poszerzenie wszechstronno\u015bci kolekcji przy jednoczesnym zachowaniu wysokich standard\u00f3w wykonania.<\/div>\n<ul>\n<li>Suknie ksi\u0119\u017cniczek szyte r\u0119cznie, zdobione misternymi koronkami i wst\u0105\u017ckami.<\/li>\n<li>Wykonana z trwa\u0142ego materia\u0142u, odpornego na cz\u0119ste zak\u0142adanie ubra\u0144 i pozowanie.<\/li>\n<li>\u017bywe, nietoksyczne barwniki gwarantuj\u0105 bezpiecze\u0144stwo i d\u0142ugotrwa\u0142e nasycenie kolor\u00f3w.<\/li>\n<li>Dopasowane zestawy, kt\u00f3re u\u0142atwiaj\u0105 stylizacj\u0119 zar\u00f3wno amatorom, jak i profesjonalistom.<\/li>\n<\/ul>\n<div>Rado\u015b\u0107 z posiadania lalki jest jeszcze wi\u0119ksza, gdy wybierzesz idealne ubranka i akcesoria dla lalek reborn z silikonu, kt\u00f3re dope\u0142ni\u0105 wyj\u0105tkowy wygl\u0105d Twojego pokoju dzieci\u0119cego. Wybieraj\u0105c nasze wysokiej jako\u015bci ubranka dla lalek reborn w rozmiarze 20 cali, masz pewno\u015b\u0107, \u017ce Twoje dziecko pozostanie centralnym punktem Twojej kolekcji, ubrane w najpi\u0119kniejsze ubranka dla lalek reborn w rozmiarze 22 cali.<\/div>\n<\/div>\n<p><img decoding=\"async\" src=\"https:\/\/www.mkreborns.com\/wp-content\/uploads\/2026\/03\/kf-S2e01ded1844b4877bf4c33f55020ae11c.webp\" alt=\"\" title=\"\"><img decoding=\"async\" src=\"https:\/\/www.mkreborns.com\/wp-content\/uploads\/2026\/03\/kf-S9e3f070a33d54057b89198cde073cd612.webp\" alt=\"\" title=\"\"><img decoding=\"async\" src=\"https:\/\/www.mkreborns.com\/wp-content\/uploads\/2026\/03\/kf-S6e3bf7adc684427696336b2801fea85fY.webp\" alt=\"\" title=\"\"><img decoding=\"async\" src=\"https:\/\/www.mkreborns.com\/wp-content\/uploads\/2026\/03\/kf-S33fd522146264b3d872df87a701c2946b.webp\" alt=\"\" title=\"\"><img decoding=\"async\" src=\"https:\/\/www.mkreborns.com\/wp-content\/uploads\/2026\/03\/kf-Sbf836be53df845d68bbc0b7a1f9c781f2.webp\" alt=\"\" title=\"\"><img decoding=\"async\" src=\"https:\/\/www.mkreborns.com\/wp-content\/uploads\/2026\/03\/kf-Sf1a7b314b8d347688f83c99d60dce0a3A.webp\" alt=\"\" title=\"\"><img decoding=\"async\" src=\"https:\/\/www.mkreborns.com\/wp-content\/uploads\/2026\/03\/kf-S61f931d28b264579b6dae3d8565e2e50T.webp\" alt=\"\" title=\"\"><img decoding=\"async\" src=\"https:\/\/www.mkreborns.com\/wp-content\/uploads\/2026\/03\/kf-S0c2952b48d644b18bd24e6028052eb98U.webp\" alt=\"\" title=\"\"><img decoding=\"async\" src=\"https:\/\/www.mkreborns.com\/wp-content\/uploads\/2026\/03\/kf-S9e63ed215fae43ad819d86d2033ee969r.webp\" alt=\"\" title=\"\"><img decoding=\"async\" src=\"https:\/\/www.mkreborns.com\/wp-content\/uploads\/2026\/03\/kf-S753c136e65d641e4943f67baf9baf5ccc.webp\" alt=\"\" title=\"\"><img decoding=\"async\" src=\"https:\/\/www.mkreborns.com\/wp-content\/uploads\/2026\/03\/kf-S67c85d54bdd34203a836b3a36c4bd4eaS.webp\" alt=\"\" title=\"\"><img decoding=\"async\" src=\"https:\/\/www.mkreborns.com\/wp-content\/uploads\/2026\/03\/kf-S50dfe06eb5cd479983c46dcf6260faee1.webp\" alt=\"\" title=\"\"><img decoding=\"async\" src=\"https:\/\/www.mkreborns.com\/wp-content\/uploads\/2026\/03\/kf-Sb5f6a65275bd4f43ab927c391e4be4d5i.webp\" alt=\"\" title=\"\"><img decoding=\"async\" src=\"https:\/\/www.mkreborns.com\/wp-content\/uploads\/2026\/03\/kf-S267c5a5569df43c99eeeb243ed4f3022A.webp\" alt=\"\" title=\"\"><img decoding=\"async\" src=\"https:\/\/www.mkreborns.com\/wp-content\/uploads\/2026\/03\/kf-Sfd4f91fa317844e6a20bedeb546fe009P.webp\" alt=\"Lalka odrodzona, sukienka ksi\u0119\u017cniczki z falbankami i pastelowymi kolorami.\" title=\"\"> <img decoding=\"async\" src=\"https:\/\/www.mkreborns.com\/wp-content\/uploads\/2026\/03\/kf-Sf6881c96b70f469dae3e5e917a9a797c2.webp\" alt=\"\" title=\"\"><img decoding=\"async\" src=\"https:\/\/www.mkreborns.com\/wp-content\/uploads\/2026\/03\/kf-S37d300d49be64c689cdc2d9ac655ee8ef.webp\" alt=\"\" title=\"\"><img decoding=\"async\" src=\"https:\/\/www.mkreborns.com\/wp-content\/uploads\/2026\/03\/kf-Se12b5d5751db49a598419c27633fa249h.webp\" alt=\"Zestaw lalek Reborn w kszta\u0142cie ksi\u0119\u017cniczki z nadrukiem galaktyki i r\u00f3\u017cowymi akcentami, idealny dla lalek o wymiarach 20-22 cali. Uni.\" title=\"\"> <img decoding=\"async\" src=\"https:\/\/www.mkreborns.com\/wp-content\/uploads\/2026\/03\/kf-Sfec6353fabc249739a9bfc7ff9c19194J.webp\" alt=\"Urocza, r\u0119cznie robiona sukienka dla lalki reborn o wymiarach 20-22 cali z nadrukiem galaktyki i r\u00f3\u017cowymi akcentami.\" title=\"\"> <img decoding=\"async\" src=\"https:\/\/www.mkreborns.com\/wp-content\/uploads\/2026\/03\/kf-S2fe53c2cf60a4dca806d62c9507c1527k.webp\" alt=\"\" title=\"\"><img decoding=\"async\" src=\"https:\/\/www.mkreborns.com\/wp-content\/uploads\/2026\/03\/kf-Scc80fb4332204489b9e54a2f1cd37684Y.webp\" alt=\"Str\u00f3j lalki Reborn, sk\u0142adaj\u0105cy si\u0119 z r\u00f3\u017cowej sukienki w kratk\u0119 gingham z koronkowymi wyko\u0144czeniami i bia\u0142ej halki. Idealny dla.\" title=\"\"> <img decoding=\"async\" src=\"https:\/\/www.mkreborns.com\/wp-content\/uploads\/2026\/03\/kf-Sa287f36538e54509a74becedf5d1e80aI.webp\" alt=\"Str\u00f3j dla lalki Reborn z r\u00f3\u017cow\u0105, kratkowan\u0105 falbank\u0105 i satynowymi kokardkami, idealny dla lalek o rozmiarze 20-22 cali.\" title=\"\"> <img decoding=\"async\" src=\"https:\/\/www.mkreborns.com\/wp-content\/uploads\/2026\/03\/kf-S804968ae87294c959b219b6c3d88016bB.webp\" alt=\"Lalka odrodzona ubrana w kwiecist\u0105 sukienk\u0119 ksi\u0119\u017cniczki, trzymaj\u0105ca r\u00f3\u017cow\u0105 pluszow\u0105 zabawk\u0119 w kszta\u0142cie flaminga, w pobli\u017cu znajduje si\u0119 butelka.\" title=\"\"> <img decoding=\"async\" src=\"https:\/\/www.mkreborns.com\/wp-content\/uploads\/2026\/03\/kf-Sd9fc481645ee4d3288511c710a4aa6fac.webp\" alt=\"\" title=\"\"><img decoding=\"async\" src=\"https:\/\/www.mkreborns.com\/wp-content\/uploads\/2026\/03\/kf-S5d746b3f7dda43a98510624ed31c719bq.webp\" alt=\"\" title=\"\"><img decoding=\"async\" src=\"https:\/\/www.mkreborns.com\/wp-content\/uploads\/2026\/03\/kf-Sdb0e2483cf38440085aa085deb7e8e72l.webp\" alt=\"Zestaw lalek Reborn w kszta\u0142cie ksi\u0119\u017cniczki z kwiatowym nadrukiem, r\u0119cznie wykonany dla lalek o rozmiarze 20-22 cali.\" title=\"\"> <img decoding=\"async\" src=\"https:\/\/www.mkreborns.com\/wp-content\/uploads\/2026\/03\/kf-S9b482f7f72f848b28fede3ec4a85ed32b.webp\" alt=\"\" title=\"\"><img decoding=\"async\" src=\"https:\/\/www.mkreborns.com\/wp-content\/uploads\/2026\/03\/kf-S09152d43a02f4b4f9bef4d5cfa7531daK.webp\" alt=\"Str\u00f3j dla lalki Reborn z kwiecist\u0105 sukienk\u0105 i \u017c\u00f3\u0142t\u0105 wst\u0105\u017ck\u0105, idealny dla lalek o rozmiarze 20-22 cali.\" title=\"\"> <img decoding=\"async\" src=\"https:\/\/www.mkreborns.com\/wp-content\/uploads\/2026\/03\/kf-Sc4c910a0f2e8414fa5bd80aa5709c8ecK.webp\" alt=\"\" title=\"\"><img decoding=\"async\" src=\"https:\/\/www.mkreborns.com\/wp-content\/uploads\/2026\/03\/kf-S6f2f906babe64407abb39604df6914a1J.webp\" alt=\"\" title=\"\"><img decoding=\"async\" src=\"https:\/\/www.mkreborns.com\/wp-content\/uploads\/2026\/03\/kf-S3492369ac2ce462f897f81971cc88ea2i.webp\" alt=\"Lalka odrodzona ubrana w r\u0119cznie wykonan\u0105 r\u00f3\u017cow\u0105 sukienk\u0119 ksi\u0119\u017cniczki z bia\u0142ym puszystym ko\u0142nierzykiem i pomponami.\" title=\"\"> <img decoding=\"async\" src=\"https:\/\/www.mkreborns.com\/wp-content\/uploads\/2026\/03\/kf-Se51597a0a9504fc688712ba8acc06b61X.webp\" alt=\"\" title=\"\"><img decoding=\"async\" src=\"https:\/\/www.mkreborns.com\/wp-content\/uploads\/2026\/03\/kf-S2cd722838c3444e8853dfdd6cb7c6eeaF.webp\" alt=\"Str\u00f3j dla lalki Reborn z r\u00f3\u017cow\u0105 sukienk\u0105, bia\u0142ymi legginsami i pasuj\u0105cymi butami dla lalek o rozmiarze 20-22 cali.\" title=\"\"> <img decoding=\"async\" src=\"https:\/\/www.mkreborns.com\/wp-content\/uploads\/2026\/03\/kf-S4485fab01df04a52b37771c9fd6fb6808.webp\" alt=\"Zestaw ubranek dla lalki Reborn, w tym spodnie z nadrukiem flaming\u00f3w i pasuj\u0105ce s\u0142uchawki, idealny do wykonania w\u0142asnor\u0119cznie.\" title=\"\"> <img decoding=\"async\" src=\"https:\/\/www.mkreborns.com\/wp-content\/uploads\/2026\/03\/kf-S119e2ed0c63449e780a45353deed672fV.webp\" alt=\"R\u00f3\u017cowe buty dla lalek reborn z bia\u0142ym sztucznym futerkiem, pasuj\u0105ce do lalek o rozmiarze 20-22 cali.\" title=\"\"> <img decoding=\"async\" src=\"https:\/\/www.mkreborns.com\/wp-content\/uploads\/2026\/03\/kf-Sc540755ac9cf4146835605b7b7171a0fT.webp\" alt=\"Str\u00f3j dla lalki Reborn z r\u00f3\u017cow\u0105 sukienk\u0105, bia\u0142ymi legginsami i pasuj\u0105cymi butami dla lalek o rozmiarze 20-22 cali.\" title=\"\"><\/p>\n<div style=\"width: 640px;\" class=\"wp-video\"><video class=\"wp-video-shortcode\" id=\"video-3914-1\" width=\"640\" height=\"360\" preload=\"metadata\" controls=\"controls\"><source type=\"video\/mp4\" src=\"https:\/\/video.aliexpress-media.com\/play\/u\/ae_sg_item\/2216133796552\/p\/1\/e\/6\/t\/10301\/1100164358417.mp4?_=1\" \/><a href=\"https:\/\/video.aliexpress-media.com\/play\/u\/ae_sg_item\/2216133796552\/p\/1\/e\/6\/t\/10301\/1100164358417.mp4\" target=\"_blank\" rel=\"noopener\">https:\/\/video.aliexpress-media.com\/play\/u\/ae_sg_item\/2216133796552\/p\/1\/e\/6\/t\/10301\/1100164358417.mp4<\/a><\/video><\/div>","protected":false},"excerpt":{"rendered":"<p>Ubierz swojego ukochanego towarzysza w wykwintne, r\u0119cznie robione ubranka, zaprojektowane tak, aby odzwierciedla\u0142y urok prawdziwych ubranek dla niemowl\u0105t. Dzi\u0119ki temu ka\u017cda chwila zabawy b\u0119dzie niezwykle autentyczna i ciep\u0142a.<\/p>","protected":false},"featured_media":3915,"comment_status":"open","ping_status":"closed","template":"","meta":[],"product_brand":[],"product_cat":[159,148],"product_tag":[],"class_list":{"0":"post-3914","1":"product","2":"type-product","3":"status-publish","4":"has-post-thumbnail","6":"product_cat-clothes-for-reborn-dolls","7":"product_cat-reborn-doll-accessories","9":"first","10":"instock","11":"sale","12":"shipping-taxable","13":"purchasable","14":"product-type-variable","15":"has-default-attributes"},"_links":{"self":[{"href":"https:\/\/www.mkreborns.com\/pl\/wp-json\/wp\/v2\/product\/3914","targetHints":{"allow":["GET"]}}],"collection":[{"href":"https:\/\/www.mkreborns.com\/pl\/wp-json\/wp\/v2\/product"}],"about":[{"href":"https:\/\/www.mkreborns.com\/pl\/wp-json\/wp\/v2\/types\/product"}],"replies":[{"embeddable":true,"href":"https:\/\/www.mkreborns.com\/pl\/wp-json\/wp\/v2\/comments?post=3914"}],"wp:featuredmedia":[{"embeddable":true,"href":"https:\/\/www.mkreborns.com\/pl\/wp-json\/wp\/v2\/media\/3915"}],"wp:attachment":[{"href":"https:\/\/www.mkreborns.com\/pl\/wp-json\/wp\/v2\/media?parent=3914"}],"wp:term":[{"taxonomy":"product_brand","embeddable":true,"href":"https:\/\/www.mkreborns.com\/pl\/wp-json\/wp\/v2\/product_brand?post=3914"},{"taxonomy":"product_cat","embeddable":true,"href":"https:\/\/www.mkreborns.com\/pl\/wp-json\/wp\/v2\/product_cat?post=3914"},{"taxonomy":"product_tag","embeddable":true,"href":"https:\/\/www.mkreborns.com\/pl\/wp-json\/wp\/v2\/product_tag?post=3914"}],"curies":[{"name":"wp","href":"https:\/\/api.w.org\/{rel}","templated":true}]}}