{"id":3908,"date":"2026-03-18T13:24:18","date_gmt":"2026-03-18T13:24:18","guid":{"rendered":"https:\/\/www.mkreborns.com\/?post_type=product&#038;p=3908"},"modified":"2026-03-19T15:51:18","modified_gmt":"2026-03-19T15:51:18","slug":"18-inch-reborn-dolls-clothes-for-baby-doll-outfits","status":"publish","type":"product","link":"https:\/\/www.mkreborns.com\/pl\/product\/18-inch-reborn-dolls-clothes-for-baby-doll-outfits\/","title":{"rendered":"Ubranka dla lalek Reborn 18 cali dla lalek bobas\u00f3w"},"content":{"rendered":"<h2>Stylowe 18-calowe ubranka dla lalek Reborn na ka\u017cd\u0105 okazj\u0119<\/h2>\n<div>Wnie\u015b urok i autentyczno\u015b\u0107 do swojej kolekcji lalek dzi\u0119ki naszym 18-calowym ubrankom dla lalek reborn. Ka\u017cde ubranko zosta\u0142o starannie zaprojektowane, aby idealnie pasowa\u0142o do lalek reborn, zapewniaj\u0105c jednocze\u015bnie wygod\u0119 i realistyczny wygl\u0105d. Idealne zar\u00f3wno do zabawy, jak i do ekspozycji, ubranka te przemieni\u0105 ka\u017cd\u0105 lalk\u0119 w modnego towarzysza.<\/div>\n<h3>Szczeg\u00f3\u0142owe projekty i wygodne dopasowanie<\/h3>\n<div>W naszej kolekcji znajdziesz ubranka dla lalek reborn, uszyte z dba\u0142o\u015bci\u0105 o szczeg\u00f3\u0142y, dzi\u0119ki czemu ka\u017cdy element idealnie dopasowuje si\u0119 do cia\u0142a, podkre\u015blaj\u0105c jednocze\u015bnie realistyczny wygl\u0105d. Od zabawnych kombinezon\u00f3w po eleganckie sukienki, te ubranka zapewniaj\u0105 wszechstronno\u015b\u0107 i styl, dzi\u0119ki czemu Twoja 45-centymetrowa lalka b\u0119dzie si\u0119 wyr\u00f3\u017cnia\u0107.<\/div>\n<ul>\n<li>Precyzyjne dopasowanie: Zaprojektowane dla lalek o rozmiarze 18 cali, aby zapewni\u0107 idealne dopasowanie i \u0142atwo\u015b\u0107 ubierania.<\/li>\n<li>Wysokiej jako\u015bci materia\u0142y: Mi\u0119kkie i trwa\u0142e materia\u0142y zapewniaj\u0105 wygod\u0119 i d\u0142ug\u0105 \u017cywotno\u015b\u0107.<\/li>\n<li>Realistyczne detale: misterne przeszycia i wzory odzwierciedlaj\u0105 autentyczne ubranka dla dzieci.<\/li>\n<li>R\u00f3\u017cnorodno\u015b\u0107 styl\u00f3w: Obejmuje stroje codzienne, formalne i sezonowe na ka\u017cd\u0105 okazj\u0119.<\/li>\n<li>Wi\u0119kszy realizm lalki: Dopasowane do materia\u0142owego cia\u0142a odrodzonej lalki, co nadaje jej realistycznego uroku.<\/li>\n<\/ul>\n<div>Uzupe\u0142nij garderob\u0119 swojej lalki o te wyj\u0105tkowe ubranka dla lalek w rozmiarze 18 cali, kt\u00f3re \u0142\u0105cz\u0105 w sobie styl, wygod\u0119 i autentyczny urok.<\/div>\n<p style=\"text-align: center;\" align=\"center\"><img decoding=\"async\" src=\"https:\/\/www.mkreborns.com\/wp-content\/uploads\/2026\/03\/kf-S9d31fc2e9fcd434fafe9c0f471411531G.webp\" alt=\"\" title=\"\"><img decoding=\"async\" src=\"https:\/\/www.mkreborns.com\/wp-content\/uploads\/2026\/03\/kf-Sb94cdf6699bc46d3a5df6fd0f3b9305eP.webp\" alt=\"\" title=\"\"><img decoding=\"async\" src=\"https:\/\/www.mkreborns.com\/wp-content\/uploads\/2026\/03\/kf-S2c32be6ab85b4bc298e8b61239d41026x.webp\" alt=\"\" title=\"\"><img decoding=\"async\" src=\"https:\/\/www.mkreborns.com\/wp-content\/uploads\/2026\/03\/kf-S572f25d107b74315a31d1340abf1216fq.webp\" alt=\"\" title=\"\"><img decoding=\"async\" src=\"https:\/\/www.mkreborns.com\/wp-content\/uploads\/2026\/03\/kf-S5255329b890042289e03e8edbc8650fdh.webp\" alt=\"\" title=\"\"><\/p>","protected":false},"excerpt":{"rendered":"<p>Ozd\u00f3b swoj\u0105 18-calow\u0105 lalk\u0119 reborn stylowymi, mi\u0119kkimi i szczeg\u00f3\u0142owymi strojami, stworzonymi z my\u015bl\u0105 o realistycznej zabawie i nieprzemijaj\u0105cej elegancji.<\/p>","protected":false},"featured_media":3909,"comment_status":"open","ping_status":"closed","template":"","meta":[],"product_brand":[],"product_cat":[159,148],"product_tag":[],"class_list":{"0":"post-3908","1":"product","2":"type-product","3":"status-publish","4":"has-post-thumbnail","6":"product_cat-clothes-for-reborn-dolls","7":"product_cat-reborn-doll-accessories","9":"first","10":"instock","11":"sale","12":"shipping-taxable","13":"purchasable","14":"product-type-simple"},"_links":{"self":[{"href":"https:\/\/www.mkreborns.com\/pl\/wp-json\/wp\/v2\/product\/3908","targetHints":{"allow":["GET"]}}],"collection":[{"href":"https:\/\/www.mkreborns.com\/pl\/wp-json\/wp\/v2\/product"}],"about":[{"href":"https:\/\/www.mkreborns.com\/pl\/wp-json\/wp\/v2\/types\/product"}],"replies":[{"embeddable":true,"href":"https:\/\/www.mkreborns.com\/pl\/wp-json\/wp\/v2\/comments?post=3908"}],"wp:featuredmedia":[{"embeddable":true,"href":"https:\/\/www.mkreborns.com\/pl\/wp-json\/wp\/v2\/media\/3909"}],"wp:attachment":[{"href":"https:\/\/www.mkreborns.com\/pl\/wp-json\/wp\/v2\/media?parent=3908"}],"wp:term":[{"taxonomy":"product_brand","embeddable":true,"href":"https:\/\/www.mkreborns.com\/pl\/wp-json\/wp\/v2\/product_brand?post=3908"},{"taxonomy":"product_cat","embeddable":true,"href":"https:\/\/www.mkreborns.com\/pl\/wp-json\/wp\/v2\/product_cat?post=3908"},{"taxonomy":"product_tag","embeddable":true,"href":"https:\/\/www.mkreborns.com\/pl\/wp-json\/wp\/v2\/product_tag?post=3908"}],"curies":[{"name":"wp","href":"https:\/\/api.w.org\/{rel}","templated":true}]}}