{"id":3890,"date":"2026-03-18T13:08:27","date_gmt":"2026-03-18T13:08:27","guid":{"rendered":"https:\/\/www.mkreborns.com\/?post_type=product&#038;p=3890"},"modified":"2026-03-19T15:52:23","modified_gmt":"2026-03-19T15:52:23","slug":"baby-doll-clothes-17-18-inch-reborn-outfits-for-girls","status":"publish","type":"product","link":"https:\/\/www.mkreborns.com\/pl\/product\/baby-doll-clothes-17-18-inch-reborn-outfits-for-girls\/","title":{"rendered":"Ubranka dla lalek 17-18 cali, stroje Reborn dla dziewczynek"},"content":{"rendered":"<div class=\"detailmodule_html\">\n<div class=\"detail-desc-decorate-richtext\">\n<h2>Urocze style ubranek dla lalek 17-18 cali Reborn<\/h2>\n<div>Rozwi\u0144 swoj\u0105 kolekcj\u0119 ubranek dla lalek reborn o nasze najwy\u017cszej jako\u015bci ubranka dla lalek reborn w rozmiarze 17 na 18 cali. Ka\u017cdy ubranko zosta\u0142o starannie zaprojektowane, aby idealnie uzupe\u0142nia\u0107 ubranka dla lalek reborn, \u0142\u0105cz\u0105c wygod\u0119, trwa\u0142o\u015b\u0107 i realistyczne detale. Zar\u00f3wno do zabawy, jak i na wystaw\u0119, ubranka te oferuj\u0105 idealne dopasowanie i \u017cywe, przyci\u0105gaj\u0105ce wzrok wzory.<\/div>\n<h3>Unikalne wzory i wzorzyste detale<\/h3>\n<div>W naszej ofercie znajdziesz misterne wzory na ubrankach dla lalek reborn, kt\u00f3re pozwalaj\u0105 ka\u017cdej lalce wyrazi\u0107 osobowo\u015b\u0107 i styl. Do wyboru s\u0105 sukienki, kombinezony i dopasowane zestawy dopasowane do lalek reborn o d\u0142ugo\u015bci 17 i 18 cali. Mi\u0119kkie tkaniny i realistyczne wyko\u0144czenia sprawiaj\u0105, \u017ce ka\u017cdy str\u00f3j podkre\u015bla realistyczny urok Twojej lalki.<\/div>\n<ul>\n<li>Dopasowanie: Rozmiar idealnie dopasowany do lalek reborn o rozmiarze 17-18 cali, co u\u0142atwia ich ubieranie.<\/li>\n<li>Materia\u0142y wysokiej jako\u015bci: Delikatne i trwa\u0142e tkaniny, kt\u00f3re zachowuj\u0105 kszta\u0142t i kolor.<\/li>\n<li>R\u00f3\u017cnorodno\u015b\u0107 wzor\u00f3w: Wz\u00f3r na ciele lalki z materia\u0142u Reborn dodaje indywidualno\u015bci ka\u017cdemu strojowi.<\/li>\n<li>Wszechstronna garderoba: Obejmuje ubrania codzienne, sukienki formalne i zabawne zestawy.<\/li>\n<li>Wi\u0119kszy realizm: szczeg\u00f3\u0142owe przeszycia i wyko\u0144czenie dodaj\u0105 autentyczno\u015bci ka\u017cdemu elementowi.<\/li>\n<\/ul>\n<div>Wnie\u015b rado\u015b\u0107 i wyrafinowanie do ka\u017cdej ekspozycji lalek dzi\u0119ki tym pi\u0119knie wykonanym ubrankom dla lalek w rozmiarze 17 na 18 cali, kt\u00f3re \u0142\u0105cz\u0105 w sobie styl, wygod\u0119 i realistyczn\u0105 elegancj\u0119.<\/div>\n<div><\/div>\n<p style=\"text-align: center; margin: 0px;\" align=\"center\"><img decoding=\"async\" src=\"https:\/\/www.mkreborns.com\/wp-content\/uploads\/2026\/03\/kf-Sff4af0a0ce8d4485b7c09410cb094249I.webp\" alt=\"\" title=\"\"><img decoding=\"async\" src=\"https:\/\/www.mkreborns.com\/wp-content\/uploads\/2026\/03\/kf-S10d68fad596841c589219dc0c10319fbZ.webp\" alt=\"\" title=\"\"><img decoding=\"async\" src=\"https:\/\/www.mkreborns.com\/wp-content\/uploads\/2026\/03\/kf-S8dbdfa36fe014c8fa0765011983d82caD.webp\" alt=\"\" title=\"\"><img decoding=\"async\" src=\"https:\/\/www.mkreborns.com\/wp-content\/uploads\/2026\/03\/kf-S920d035ab985467b8517b1483d4f6bbaY.webp\" alt=\"\" title=\"\"><img decoding=\"async\" src=\"https:\/\/www.mkreborns.com\/wp-content\/uploads\/2026\/03\/kf-S4b96cea014a44b709b752532f6113fbfu.webp\" alt=\"\" title=\"\"><img decoding=\"async\" src=\"https:\/\/www.mkreborns.com\/wp-content\/uploads\/2026\/03\/kf-S44c92652455b47b98527b3aa131f6b1eT.webp\" alt=\"\" title=\"\"><img decoding=\"async\" src=\"https:\/\/www.mkreborns.com\/wp-content\/uploads\/2026\/03\/kf-S56de3d76be034bbfb5ae1261f59232a1O.webp\" alt=\"\" title=\"\"><img decoding=\"async\" src=\"https:\/\/www.mkreborns.com\/wp-content\/uploads\/2026\/03\/kf-S0590e45ab54740c38d581d7611ef244cS.webp\" alt=\"\" title=\"\"><img decoding=\"async\" src=\"https:\/\/www.mkreborns.com\/wp-content\/uploads\/2026\/03\/kf-S4d9af2659e454d8b87e97bd159ed9cdfz.webp\" alt=\"\" title=\"\"><img decoding=\"async\" src=\"https:\/\/www.mkreborns.com\/wp-content\/uploads\/2026\/03\/kf-Sb9c38680031e40f6b3db3e4e386af5c5l.webp\" alt=\"\" title=\"\"><\/p>\n<\/div>\n<\/div>","protected":false},"excerpt":{"rendered":"<p>Zmie\u0144 swoj\u0105 odrodzon\u0105 lalk\u0119 w stylowego towarzysza dzi\u0119ki mi\u0119kkiemu, szczeg\u00f3\u0142owemu ubranku zaprojektowanemu z my\u015bl\u0105 o realistycznej zabawie i nieograniczonym uroku.<\/p>","protected":false},"featured_media":3891,"comment_status":"open","ping_status":"closed","template":"","meta":[],"product_brand":[],"product_cat":[159,148],"product_tag":[],"class_list":{"0":"post-3890","1":"product","2":"type-product","3":"status-publish","4":"has-post-thumbnail","6":"product_cat-clothes-for-reborn-dolls","7":"product_cat-reborn-doll-accessories","9":"first","10":"instock","11":"sale","12":"shipping-taxable","13":"purchasable","14":"product-type-variable","15":"has-default-attributes"},"_links":{"self":[{"href":"https:\/\/www.mkreborns.com\/pl\/wp-json\/wp\/v2\/product\/3890","targetHints":{"allow":["GET"]}}],"collection":[{"href":"https:\/\/www.mkreborns.com\/pl\/wp-json\/wp\/v2\/product"}],"about":[{"href":"https:\/\/www.mkreborns.com\/pl\/wp-json\/wp\/v2\/types\/product"}],"replies":[{"embeddable":true,"href":"https:\/\/www.mkreborns.com\/pl\/wp-json\/wp\/v2\/comments?post=3890"}],"wp:featuredmedia":[{"embeddable":true,"href":"https:\/\/www.mkreborns.com\/pl\/wp-json\/wp\/v2\/media\/3891"}],"wp:attachment":[{"href":"https:\/\/www.mkreborns.com\/pl\/wp-json\/wp\/v2\/media?parent=3890"}],"wp:term":[{"taxonomy":"product_brand","embeddable":true,"href":"https:\/\/www.mkreborns.com\/pl\/wp-json\/wp\/v2\/product_brand?post=3890"},{"taxonomy":"product_cat","embeddable":true,"href":"https:\/\/www.mkreborns.com\/pl\/wp-json\/wp\/v2\/product_cat?post=3890"},{"taxonomy":"product_tag","embeddable":true,"href":"https:\/\/www.mkreborns.com\/pl\/wp-json\/wp\/v2\/product_tag?post=3890"}],"curies":[{"name":"wp","href":"https:\/\/api.w.org\/{rel}","templated":true}]}}