{"id":3868,"date":"2026-03-18T10:01:51","date_gmt":"2026-03-18T10:01:51","guid":{"rendered":"https:\/\/www.mkreborns.com\/?post_type=product&#038;p=3868"},"modified":"2026-03-19T15:52:36","modified_gmt":"2026-03-19T15:52:36","slug":"18-inch-reborn-doll-clothes-for-toddlers-and-girls","status":"publish","type":"product","link":"https:\/\/www.mkreborns.com\/pl\/product\/18-inch-reborn-doll-clothes-for-toddlers-and-girls\/","title":{"rendered":"Ubranka dla lalek Reborn 18 cali dla ma\u0142ych dzieci i dziewczynek"},"content":{"rendered":"<div class=\"product-specs-list-container\">\n<h2>Eleganckie stroje dla ka\u017cdej 18-calowej lalki Reborn<\/h2>\n<div>Spraw, by Twoja lalka reborn sta\u0142a si\u0119 centrum uwagi dzi\u0119ki naszym ekskluzywnym ubrankom dla lalek reborn w rozmiarze 18 cali. Zaprojektowane tak, aby idealnie pasowa\u0142y do ma\u0142ych lalek reborn, ka\u017cde ubranko \u0142\u0105czy realistyczne detale z mi\u0119kkimi, wytrzyma\u0142ymi materia\u0142ami. Od codziennego noszenia po specjalne okazje, te ubranka zapewni\u0105 Twojej lalce idealny wygl\u0105d.<\/div>\n<h3>Stylowa r\u00f3\u017cnorodno\u015b\u0107 i akcesoria<\/h3>\n<div>Nasza kolekcja obejmuje ubranka i akcesoria dla lalek reborn z silikonu, kt\u00f3re wzbogac\u0105 garderob\u0119 ka\u017cdej lalki. Wybierz spo\u015br\u00f3d jaskrawofioletowych ubranek dla lalek reborn, delikatnych sukienek dla lalek reborn, a tak\u017ce uniwersalnych ubranek dla niemowl\u0105t, odpowiednich na ka\u017cd\u0105 okazj\u0119. Ka\u017cdy element jest skrojony tak, aby u\u0142atwi\u0107 zak\u0142adanie, zachowuj\u0105c jednocze\u015bnie realistyczny, r\u0119cznie robiony charakter.<\/div>\n<ul>\n<li>Doskona\u0142e dopasowanie: Idealnie dopasowane do 18-calowych lalek reborn, zapewniaj\u0105ce wygod\u0119 i elegancj\u0119.<\/li>\n<li>Wysokiej jako\u015bci materia\u0142y: mi\u0119kkie i trwa\u0142e materia\u0142y imituj\u0105ce faktur\u0119 prawdziwych ubranek dzieci\u0119cych.<\/li>\n<li>Wszechstronny styl: od zabawnych, codziennych stroj\u00f3w po wyrafinowane stroje w kolorze fioletowym.<\/li>\n<li>Opcje dodatk\u00f3w: W sk\u0142ad zestawu wchodz\u0105 pasuj\u0105ce czapki, buty i koce, dzi\u0119ki czemu mo\u017cna stworzy\u0107 kompletny zestaw.<\/li>\n<li>Realistyczne detale: r\u0119cznie wyko\u0144czone przeszycia i urocze zdobienia nadaj\u0105 produktowi realistyczny wygl\u0105d.<\/li>\n<\/ul>\n<div>Wnie\u015b urok, realizm i zabaw\u0119 do swojej kolekcji dzi\u0119ki tym pi\u0119knie wykonanym ubrankom dla lalek reborn o d\u0142ugo\u015bci 18 cali, kt\u00f3re uprzyjemni\u0105 ka\u017cd\u0105 zabaw\u0119.<\/div>\n<div><\/div>\n<\/div>\n<div class=\"detailmodule_html\">\n<div class=\"detail-desc-decorate-richtext\">\n<p style=\"text-align: center; margin: 0px;\" align=\"center\"><img decoding=\"async\" src=\"https:\/\/www.mkreborns.com\/wp-content\/uploads\/2026\/03\/kf-S7d8ebb1a885d44398f64514886946629E.webp\" alt=\"\" title=\"\"><img decoding=\"async\" src=\"https:\/\/www.mkreborns.com\/wp-content\/uploads\/2026\/03\/kf-S89a1ffaead92487d9a130af90b3d4fc5K.webp\" alt=\"\" title=\"\"><img decoding=\"async\" src=\"https:\/\/www.mkreborns.com\/wp-content\/uploads\/2026\/03\/kf-Sc34b80cf2d3a4c60b3a32babd9f3f5548.webp\" alt=\"\" title=\"\"><img decoding=\"async\" src=\"https:\/\/www.mkreborns.com\/wp-content\/uploads\/2026\/03\/kf-S160a0246ec60450ba40c67d32c0961672.webp\" alt=\"\" title=\"\"><img decoding=\"async\" src=\"https:\/\/www.mkreborns.com\/wp-content\/uploads\/2026\/03\/kf-S4d9f66438f1f42e0b260f4684f54fb0bW.webp\" alt=\"\" title=\"\"><img decoding=\"async\" src=\"https:\/\/ae01.alicdn.com\/kf\/S9f14fbaf63524021b86c7a946d713f30N.jpg\" alt=\"\" title=\"\"><img decoding=\"async\" src=\"https:\/\/ae01.alicdn.com\/kf\/Sf7fd6a137dba47e9aecbf4de66cb87df3.jpg\" alt=\"\" title=\"\"><img decoding=\"async\" src=\"https:\/\/ae01.alicdn.com\/kf\/S06ea55e7d37a45acb579364f3408aa76B.jpg\" alt=\"\" title=\"\"><img decoding=\"async\" src=\"https:\/\/ae01.alicdn.com\/kf\/S81d380c3ee694b8eafebd8a9c2653a1at.jpg\" alt=\"\" title=\"\"><img decoding=\"async\" src=\"https:\/\/ae01.alicdn.com\/kf\/S580e530ac6c84a7a82ce96a246202693U.jpg\" alt=\"\" title=\"\"><img decoding=\"async\" src=\"https:\/\/ae01.alicdn.com\/kf\/S4fce4907e8dd42a7b8679f2512ebba25I.jpg\" alt=\"\" title=\"\"><img decoding=\"async\" src=\"https:\/\/ae01.alicdn.com\/kf\/S0f517424cd3642999a0a881e47972c1du.jpg\" alt=\"\" title=\"\"><img decoding=\"async\" src=\"https:\/\/ae01.alicdn.com\/kf\/Sca06b8ff57b34251853a9fb540f747afw.jpg\" alt=\"\" title=\"\"><img decoding=\"async\" src=\"https:\/\/ae01.alicdn.com\/kf\/Sfd3631ab03ee426692991be15c6afe4ee.jpg\" alt=\"\" title=\"\"><\/p>\n<\/div>\n<\/div>","protected":false},"excerpt":{"rendered":"<p>Ubierz swoj\u0105 odrodzon\u0105 lalk\u0119 stylowo w wygodne, wysokiej jako\u015bci ubranka, kt\u00f3re \u0142\u0105cz\u0105 w sobie urok i wygod\u0119, zapewniaj\u0105c wiele godzin kreatywnej zabawy.<\/p>","protected":false},"featured_media":3869,"comment_status":"open","ping_status":"closed","template":"","meta":[],"product_brand":[],"product_cat":[159,148],"product_tag":[],"class_list":{"0":"post-3868","1":"product","2":"type-product","3":"status-publish","4":"has-post-thumbnail","6":"product_cat-clothes-for-reborn-dolls","7":"product_cat-reborn-doll-accessories","9":"first","10":"instock","11":"sale","12":"shipping-taxable","13":"purchasable","14":"product-type-variable","15":"has-default-attributes"},"_links":{"self":[{"href":"https:\/\/www.mkreborns.com\/pl\/wp-json\/wp\/v2\/product\/3868","targetHints":{"allow":["GET"]}}],"collection":[{"href":"https:\/\/www.mkreborns.com\/pl\/wp-json\/wp\/v2\/product"}],"about":[{"href":"https:\/\/www.mkreborns.com\/pl\/wp-json\/wp\/v2\/types\/product"}],"replies":[{"embeddable":true,"href":"https:\/\/www.mkreborns.com\/pl\/wp-json\/wp\/v2\/comments?post=3868"}],"wp:featuredmedia":[{"embeddable":true,"href":"https:\/\/www.mkreborns.com\/pl\/wp-json\/wp\/v2\/media\/3869"}],"wp:attachment":[{"href":"https:\/\/www.mkreborns.com\/pl\/wp-json\/wp\/v2\/media?parent=3868"}],"wp:term":[{"taxonomy":"product_brand","embeddable":true,"href":"https:\/\/www.mkreborns.com\/pl\/wp-json\/wp\/v2\/product_brand?post=3868"},{"taxonomy":"product_cat","embeddable":true,"href":"https:\/\/www.mkreborns.com\/pl\/wp-json\/wp\/v2\/product_cat?post=3868"},{"taxonomy":"product_tag","embeddable":true,"href":"https:\/\/www.mkreborns.com\/pl\/wp-json\/wp\/v2\/product_tag?post=3868"}],"curies":[{"name":"wp","href":"https:\/\/api.w.org\/{rel}","templated":true}]}}