{"id":3837,"date":"2026-03-09T03:19:58","date_gmt":"2026-03-09T03:19:58","guid":{"rendered":"https:\/\/www.mkreborns.com\/?post_type=product&#038;p=3837"},"modified":"2026-03-18T15:33:57","modified_gmt":"2026-03-18T15:33:57","slug":"shrek-silicone-toy-little-reborn-doll","status":"publish","type":"product","link":"https:\/\/www.mkreborns.com\/pl\/product\/shrek-silicone-toy-little-reborn-doll\/","title":{"rendered":"Shrek silikonowa zabawka ma\u0142a lalka odrodzona"},"content":{"rendered":"<p>Ma\u0142a, odrodzona laleczka na zawsze pozostanie w wieku, w kt\u00f3rym najbardziej potrzebuje opieki, obserwuj\u0105c ci\u0119 i \u015bwiat swoimi spokojnymi oczami. Nie doro\u015bnie, nie odejdzie, nie zmieni si\u0119. Kiedy najbardziej b\u0119dziesz potrzebowa\u0107 pocieszenia, b\u0119dzie przy tobie cicho, delikatnie m\u00f3wi\u0105c ci swoj\u0105 prawdziw\u0105 twarz\u0105, \u017ce nie jeste\u015b sama.<\/p>\n<p>P\u0142e\u0107: Ch\u0142opiec<br \/>\nWysoko\u015b\u0107: 30 cm<br \/>\nWaga: 0,8 kg<br \/>\nWaga opakowania: 1,5 kg<br \/>\nWymiary opakowania: 36*17*11 cm<\/p>\n<p><img decoding=\"async\" class=\"aligncenter wp-image-3848 size-full\" src=\"https:\/\/www.mkreborns.com\/wp-content\/themes\/woodmart\/images\/lazy.svg\" data-src=\"https:\/\/www.mkreborns.com\/wp-content\/uploads\/2026\/03\/Shrek-reborn-doll11.jpg\" alt=\"\" width=\"1400\" height=\"933\" title=\"\" srcset=\"\" data-srcset=\"https:\/\/www.mkreborns.com\/wp-content\/uploads\/2026\/03\/Shrek-reborn-doll11.jpg 1400w, https:\/\/www.mkreborns.com\/wp-content\/uploads\/2026\/03\/Shrek-reborn-doll11-400x267.jpg 400w, https:\/\/www.mkreborns.com\/wp-content\/uploads\/2026\/03\/Shrek-reborn-doll11-1200x800.jpg 1200w, https:\/\/www.mkreborns.com\/wp-content\/uploads\/2026\/03\/Shrek-reborn-doll11-768x512.jpg 768w, https:\/\/www.mkreborns.com\/wp-content\/uploads\/2026\/03\/Shrek-reborn-doll11-18x12.jpg 18w, https:\/\/www.mkreborns.com\/wp-content\/uploads\/2026\/03\/Shrek-reborn-doll11-700x467.jpg 700w, https:\/\/www.mkreborns.com\/wp-content\/uploads\/2026\/03\/Shrek-reborn-doll11-150x100.jpg 150w\" sizes=\"(max-width: 1400px) 100vw, 1400px\" \/> <img decoding=\"async\" class=\"aligncenter wp-image-3838 size-full\" src=\"https:\/\/www.mkreborns.com\/wp-content\/themes\/woodmart\/images\/lazy.svg\" data-src=\"https:\/\/www.mkreborns.com\/wp-content\/uploads\/2026\/03\/Shrek-reborn-doll1.jpg\" alt=\"\" width=\"1400\" height=\"933\" title=\"\" srcset=\"\" data-srcset=\"https:\/\/www.mkreborns.com\/wp-content\/uploads\/2026\/03\/Shrek-reborn-doll1.jpg 1400w, https:\/\/www.mkreborns.com\/wp-content\/uploads\/2026\/03\/Shrek-reborn-doll1-400x267.jpg 400w, https:\/\/www.mkreborns.com\/wp-content\/uploads\/2026\/03\/Shrek-reborn-doll1-1200x800.jpg 1200w, https:\/\/www.mkreborns.com\/wp-content\/uploads\/2026\/03\/Shrek-reborn-doll1-768x512.jpg 768w, https:\/\/www.mkreborns.com\/wp-content\/uploads\/2026\/03\/Shrek-reborn-doll1-18x12.jpg 18w, https:\/\/www.mkreborns.com\/wp-content\/uploads\/2026\/03\/Shrek-reborn-doll1-700x467.jpg 700w, https:\/\/www.mkreborns.com\/wp-content\/uploads\/2026\/03\/Shrek-reborn-doll1-150x100.jpg 150w\" sizes=\"(max-width: 1400px) 100vw, 1400px\" \/><\/p>","protected":false},"excerpt":{"rendered":"<p>Ta 30-centymetrowa lalka reborn, z cia\u0142em wielko\u015bci d\u0142oni, mo\u017ce przynie\u015b\u0107 Ci wiele duchowych korzy\u015bci. Kiedy j\u0105 przytulisz, przekonasz si\u0119, \u017ce pomaga Ci zredukowa\u0107 stres i negatywne emocje, kt\u00f3re niesie ze sob\u0105 \u017cycie.<\/p>","protected":false},"featured_media":3840,"comment_status":"open","ping_status":"closed","template":"","meta":[],"product_brand":[],"product_cat":[158,145,155,146,154,153,157],"product_tag":[],"class_list":{"0":"post-3837","1":"product","2":"type-product","3":"status-publish","4":"has-post-thumbnail","6":"product_cat-15-inch-baby-dolls","7":"product_cat-baby-boy-reborn-dolls","8":"product_cat-cute-reborn-dolls","9":"product_cat-full-silicone-reborn-dolls","10":"product_cat-lifelike-reborn-dolls","11":"product_cat-newborn-reborn-dolls","12":"product_cat-real-life-baby-dolls","14":"first","15":"instock","16":"sale","17":"shipping-taxable","18":"purchasable","19":"product-type-simple"},"_links":{"self":[{"href":"https:\/\/www.mkreborns.com\/pl\/wp-json\/wp\/v2\/product\/3837","targetHints":{"allow":["GET"]}}],"collection":[{"href":"https:\/\/www.mkreborns.com\/pl\/wp-json\/wp\/v2\/product"}],"about":[{"href":"https:\/\/www.mkreborns.com\/pl\/wp-json\/wp\/v2\/types\/product"}],"replies":[{"embeddable":true,"href":"https:\/\/www.mkreborns.com\/pl\/wp-json\/wp\/v2\/comments?post=3837"}],"wp:featuredmedia":[{"embeddable":true,"href":"https:\/\/www.mkreborns.com\/pl\/wp-json\/wp\/v2\/media\/3840"}],"wp:attachment":[{"href":"https:\/\/www.mkreborns.com\/pl\/wp-json\/wp\/v2\/media?parent=3837"}],"wp:term":[{"taxonomy":"product_brand","embeddable":true,"href":"https:\/\/www.mkreborns.com\/pl\/wp-json\/wp\/v2\/product_brand?post=3837"},{"taxonomy":"product_cat","embeddable":true,"href":"https:\/\/www.mkreborns.com\/pl\/wp-json\/wp\/v2\/product_cat?post=3837"},{"taxonomy":"product_tag","embeddable":true,"href":"https:\/\/www.mkreborns.com\/pl\/wp-json\/wp\/v2\/product_tag?post=3837"}],"curies":[{"name":"wp","href":"https:\/\/api.w.org\/{rel}","templated":true}]}}