{"id":3728,"date":"2026-03-07T16:32:17","date_gmt":"2026-03-07T16:32:17","guid":{"rendered":"https:\/\/www.mkreborns.com\/?post_type=product&#038;p=3728"},"modified":"2026-03-18T14:20:16","modified_gmt":"2026-03-18T14:20:16","slug":"elisa-mini-silicone-cuddle-reborn-doll","status":"publish","type":"product","link":"https:\/\/www.mkreborns.com\/pl\/product\/elisa-mini-silicone-cuddle-reborn-doll\/","title":{"rendered":"Elisa Mini Silikonowa Lalka Reborn Cuddle"},"content":{"rendered":"<p>Kto m\u00f3g\u0142by si\u0119 oprze\u0107 uroczej lalce w ramionach? Te lalki reborn do przytulania s\u0105 tak realistyczne, jak prawdziwe noworodki; widok ich roztapia serce. Miniaturowa lalka reborn jest tak delikatna i ma\u0142a, \u017ce trzymanie jej w ramionach szybko budzi w Tobie instynkt opieku\u0144czy. Opieka nad lalk\u0105 reborn mo\u017ce by\u0107 bardzo przyjemnym do\u015bwiadczeniem, daj\u0105cym ogromne poczucie satysfakcji i spe\u0142nienia.<\/p>\n<p>&nbsp;<\/p>\n<p>P\u0142e\u0107: Ch\u0142opiec<br \/>\nWysoko\u015b\u0107: 40 cm<br \/>\nWaga: 1,6 kg<br \/>\nWaga opakowania: 2,5 kg<br \/>\nWymiary opakowania: 46*21*15 cm<\/p>\n<p>&nbsp;<\/p>\n<p><img decoding=\"async\" class=\"aligncenter wp-image-3738 size-full\" src=\"https:\/\/www.mkreborns.com\/wp-content\/themes\/woodmart\/images\/lazy.svg\" data-src=\"https:\/\/www.mkreborns.com\/wp-content\/uploads\/2026\/03\/reborn-doll10.jpg\" alt=\"Realistyczna silikonowa lalka reborn dla kolekcjoner\u00f3w i dzieci.\" width=\"1400\" height=\"2100\" title=\"\" srcset=\"\" data-srcset=\"https:\/\/www.mkreborns.com\/wp-content\/uploads\/2026\/03\/reborn-doll10.jpg 1400w, https:\/\/www.mkreborns.com\/wp-content\/uploads\/2026\/03\/reborn-doll10-200x300.jpg 200w, https:\/\/www.mkreborns.com\/wp-content\/uploads\/2026\/03\/reborn-doll10-533x800.jpg 533w, https:\/\/www.mkreborns.com\/wp-content\/uploads\/2026\/03\/reborn-doll10-768x1152.jpg 768w, https:\/\/www.mkreborns.com\/wp-content\/uploads\/2026\/03\/reborn-doll10-1024x1536.jpg 1024w, https:\/\/www.mkreborns.com\/wp-content\/uploads\/2026\/03\/reborn-doll10-1365x2048.jpg 1365w, https:\/\/www.mkreborns.com\/wp-content\/uploads\/2026\/03\/reborn-doll10-8x12.jpg 8w, https:\/\/www.mkreborns.com\/wp-content\/uploads\/2026\/03\/reborn-doll10-700x1050.jpg 700w, https:\/\/www.mkreborns.com\/wp-content\/uploads\/2026\/03\/reborn-doll10-150x225.jpg 150w\" sizes=\"(max-width: 1400px) 100vw, 1400px\" \/> <img decoding=\"async\" class=\"aligncenter wp-image-3735 size-full\" src=\"https:\/\/www.mkreborns.com\/wp-content\/themes\/woodmart\/images\/lazy.svg\" data-src=\"https:\/\/www.mkreborns.com\/wp-content\/uploads\/2026\/03\/reborn-doll7.jpg\" alt=\"\" width=\"1400\" height=\"2100\" title=\"\" srcset=\"\" data-srcset=\"https:\/\/www.mkreborns.com\/wp-content\/uploads\/2026\/03\/reborn-doll7.jpg 1400w, https:\/\/www.mkreborns.com\/wp-content\/uploads\/2026\/03\/reborn-doll7-200x300.jpg 200w, https:\/\/www.mkreborns.com\/wp-content\/uploads\/2026\/03\/reborn-doll7-533x800.jpg 533w, https:\/\/www.mkreborns.com\/wp-content\/uploads\/2026\/03\/reborn-doll7-768x1152.jpg 768w, https:\/\/www.mkreborns.com\/wp-content\/uploads\/2026\/03\/reborn-doll7-1024x1536.jpg 1024w, https:\/\/www.mkreborns.com\/wp-content\/uploads\/2026\/03\/reborn-doll7-1365x2048.jpg 1365w, https:\/\/www.mkreborns.com\/wp-content\/uploads\/2026\/03\/reborn-doll7-8x12.jpg 8w, https:\/\/www.mkreborns.com\/wp-content\/uploads\/2026\/03\/reborn-doll7-700x1050.jpg 700w, https:\/\/www.mkreborns.com\/wp-content\/uploads\/2026\/03\/reborn-doll7-150x225.jpg 150w\" sizes=\"(max-width: 1400px) 100vw, 1400px\" \/> <img decoding=\"async\" class=\"aligncenter wp-image-3741 size-full\" src=\"https:\/\/www.mkreborns.com\/wp-content\/themes\/woodmart\/images\/lazy.svg\" data-src=\"https:\/\/www.mkreborns.com\/wp-content\/uploads\/2026\/03\/reborn-doll13.jpg\" alt=\"\" width=\"1400\" height=\"2100\" title=\"\" srcset=\"\" data-srcset=\"https:\/\/www.mkreborns.com\/wp-content\/uploads\/2026\/03\/reborn-doll13.jpg 1400w, https:\/\/www.mkreborns.com\/wp-content\/uploads\/2026\/03\/reborn-doll13-200x300.jpg 200w, https:\/\/www.mkreborns.com\/wp-content\/uploads\/2026\/03\/reborn-doll13-533x800.jpg 533w, https:\/\/www.mkreborns.com\/wp-content\/uploads\/2026\/03\/reborn-doll13-768x1152.jpg 768w, https:\/\/www.mkreborns.com\/wp-content\/uploads\/2026\/03\/reborn-doll13-1024x1536.jpg 1024w, https:\/\/www.mkreborns.com\/wp-content\/uploads\/2026\/03\/reborn-doll13-1365x2048.jpg 1365w, https:\/\/www.mkreborns.com\/wp-content\/uploads\/2026\/03\/reborn-doll13-8x12.jpg 8w, https:\/\/www.mkreborns.com\/wp-content\/uploads\/2026\/03\/reborn-doll13-700x1050.jpg 700w, https:\/\/www.mkreborns.com\/wp-content\/uploads\/2026\/03\/reborn-doll13-150x225.jpg 150w\" sizes=\"(max-width: 1400px) 100vw, 1400px\" \/><\/p>","protected":false},"excerpt":{"rendered":"<p>Silikon to bardzo popularny i popularny materia\u0142 w \u015bwiecie lalek reborn. Je\u015bli masz alergi\u0119 na inne materia\u0142y, silikonowe lalki reborn b\u0119d\u0105 dla Ciebie zdecydowanie dobrym wyborem.<\/p>","protected":false},"featured_media":3736,"comment_status":"open","ping_status":"closed","template":"","meta":[],"product_brand":[],"product_cat":[145,158,155,146,153],"product_tag":[],"class_list":{"0":"post-3728","1":"product","2":"type-product","3":"status-publish","4":"has-post-thumbnail","6":"product_cat-baby-boy-reborn-dolls","7":"product_cat-15-inch-baby-dolls","8":"product_cat-cute-reborn-dolls","9":"product_cat-full-silicone-reborn-dolls","10":"product_cat-newborn-reborn-dolls","12":"first","13":"instock","14":"sale","15":"shipping-taxable","16":"purchasable","17":"product-type-simple"},"_links":{"self":[{"href":"https:\/\/www.mkreborns.com\/pl\/wp-json\/wp\/v2\/product\/3728","targetHints":{"allow":["GET"]}}],"collection":[{"href":"https:\/\/www.mkreborns.com\/pl\/wp-json\/wp\/v2\/product"}],"about":[{"href":"https:\/\/www.mkreborns.com\/pl\/wp-json\/wp\/v2\/types\/product"}],"replies":[{"embeddable":true,"href":"https:\/\/www.mkreborns.com\/pl\/wp-json\/wp\/v2\/comments?post=3728"}],"wp:featuredmedia":[{"embeddable":true,"href":"https:\/\/www.mkreborns.com\/pl\/wp-json\/wp\/v2\/media\/3736"}],"wp:attachment":[{"href":"https:\/\/www.mkreborns.com\/pl\/wp-json\/wp\/v2\/media?parent=3728"}],"wp:term":[{"taxonomy":"product_brand","embeddable":true,"href":"https:\/\/www.mkreborns.com\/pl\/wp-json\/wp\/v2\/product_brand?post=3728"},{"taxonomy":"product_cat","embeddable":true,"href":"https:\/\/www.mkreborns.com\/pl\/wp-json\/wp\/v2\/product_cat?post=3728"},{"taxonomy":"product_tag","embeddable":true,"href":"https:\/\/www.mkreborns.com\/pl\/wp-json\/wp\/v2\/product_tag?post=3728"}],"curies":[{"name":"wp","href":"https:\/\/api.w.org\/{rel}","templated":true}]}}