{"id":3298,"date":"2026-01-18T16:27:41","date_gmt":"2026-01-18T16:27:41","guid":{"rendered":"https:\/\/www.mkreborns.com\/?post_type=product&#038;p=3298"},"modified":"2026-03-15T15:32:05","modified_gmt":"2026-03-15T15:32:05","slug":"ken-full-body-silicone-reborn-doll","status":"publish","type":"product","link":"https:\/\/www.mkreborns.com\/pl\/product\/ken-full-body-silicone-reborn-doll\/","title":{"rendered":"Ken, silikonowa lalka reborn, ca\u0142e cia\u0142o"},"content":{"rendered":"<p>Patrz\u0105c na niewinn\u0105 i czyst\u0105 postaw\u0119 lalki odrodzonej, z ciekawo\u015bci\u0105 obserwuj\u0105c \u015bwiat, mo\u017cna poruszy\u0107 najczulsz\u0105 stron\u0119. Nieskr\u0119powana i ca\u0142kowicie ufna natura lalki odrodzonej budzi w nas najdelikatniejsze, najbardziej opieku\u0144cze instynkty.<\/p>\n<p>Co wi\u0119cej, lalka reborn wykonana w ca\u0142o\u015bci z silikonu jest bardziej realistyczna, \u0142atwiejsza w piel\u0119gnacji i mo\u017ce towarzyszy\u0107 Ci przez d\u0142u\u017cszy czas. Mo\u017cesz \u015bmia\u0142o wybra\u0107 lalk\u0119 reborn wykonan\u0105 w ca\u0142o\u015bci z silikonu jako prezent lub do w\u0142asnego u\u017cytku.<\/p>\n<p>&nbsp;<\/p>\n<p>P\u0142e\u0107: Ch\u0142opiec<br \/>\nWaga: 3,08 funta<br \/>\nWysoko\u015b\u0107: 15,7 cala<br \/>\nMateria\u0142: Silikon<\/p>\n<p>&nbsp;<\/p>\n<div style=\"width: 1920px;\" class=\"wp-video\"><video class=\"wp-video-shortcode\" id=\"video-3298-1\" width=\"1920\" height=\"1080\" preload=\"metadata\" controls=\"controls\"><source type=\"video\/mp4\" src=\"https:\/\/www.mkreborns.com\/wp-content\/uploads\/2026\/01\/Laura-Reborn-Doll.mp4?_=1\" \/><a href=\"https:\/\/www.mkreborns.com\/wp-content\/uploads\/2026\/01\/Laura-Reborn-Doll.mp4\">https:\/\/www.mkreborns.com\/wp-content\/uploads\/2026\/01\/Laura-Reborn-Doll.mp4<\/a><\/video><\/div>\n<p><img decoding=\"async\" class=\"aligncenter wp-image-3300 size-full\" src=\"https:\/\/www.mkreborns.com\/wp-content\/themes\/woodmart\/images\/lazy.svg\" data-src=\"https:\/\/www.mkreborns.com\/wp-content\/uploads\/2026\/01\/Laura-Reborn-Doll1.jpg\" alt=\"Realistyczna silikonowa lalka reborn dla kolekcjoner\u00f3w i dzieci.\" width=\"1464\" height=\"600\" title=\"\" srcset=\"\" data-srcset=\"https:\/\/www.mkreborns.com\/wp-content\/uploads\/2026\/01\/Laura-Reborn-Doll1.jpg 1464w, https:\/\/www.mkreborns.com\/wp-content\/uploads\/2026\/01\/Laura-Reborn-Doll1-150x61.jpg 150w, https:\/\/www.mkreborns.com\/wp-content\/uploads\/2026\/01\/Laura-Reborn-Doll1-700x287.jpg 700w, https:\/\/www.mkreborns.com\/wp-content\/uploads\/2026\/01\/Laura-Reborn-Doll1-400x164.jpg 400w, https:\/\/www.mkreborns.com\/wp-content\/uploads\/2026\/01\/Laura-Reborn-Doll1-1300x533.jpg 1300w, https:\/\/www.mkreborns.com\/wp-content\/uploads\/2026\/01\/Laura-Reborn-Doll1-768x315.jpg 768w\" sizes=\"(max-width: 1464px) 100vw, 1464px\" \/> <img decoding=\"async\" class=\"aligncenter wp-image-3301 size-full\" src=\"https:\/\/www.mkreborns.com\/wp-content\/themes\/woodmart\/images\/lazy.svg\" data-src=\"https:\/\/www.mkreborns.com\/wp-content\/uploads\/2026\/01\/Laura-Reborn-Doll2.jpg\" alt=\"Lalka odrodzona o realistycznych rysach, mi\u0119kkiej sk\u00f3rze i precyzyjnym wykonaniu. Idealna dla kolekcjoner\u00f3w.\" width=\"1464\" height=\"600\" title=\"\" srcset=\"\" data-srcset=\"https:\/\/www.mkreborns.com\/wp-content\/uploads\/2026\/01\/Laura-Reborn-Doll2.jpg 1464w, https:\/\/www.mkreborns.com\/wp-content\/uploads\/2026\/01\/Laura-Reborn-Doll2-150x61.jpg 150w, https:\/\/www.mkreborns.com\/wp-content\/uploads\/2026\/01\/Laura-Reborn-Doll2-700x287.jpg 700w, https:\/\/www.mkreborns.com\/wp-content\/uploads\/2026\/01\/Laura-Reborn-Doll2-400x164.jpg 400w, https:\/\/www.mkreborns.com\/wp-content\/uploads\/2026\/01\/Laura-Reborn-Doll2-1300x533.jpg 1300w, https:\/\/www.mkreborns.com\/wp-content\/uploads\/2026\/01\/Laura-Reborn-Doll2-768x315.jpg 768w\" sizes=\"(max-width: 1464px) 100vw, 1464px\" \/> <img decoding=\"async\" class=\"aligncenter wp-image-3302 size-full\" src=\"https:\/\/www.mkreborns.com\/wp-content\/themes\/woodmart\/images\/lazy.svg\" data-src=\"https:\/\/www.mkreborns.com\/wp-content\/uploads\/2026\/01\/Laura-Reborn-Doll3.jpg\" alt=\"Odrodzona silikonowa lalka dla ch\u0142opc\u00f3w, realistyczny noworodek z otwartymi oczami, rozmiar 15,7 cala, waga 3,08 funta.\" width=\"1464\" height=\"600\" title=\"\" srcset=\"\" data-srcset=\"https:\/\/www.mkreborns.com\/wp-content\/uploads\/2026\/01\/Laura-Reborn-Doll3.jpg 1464w, https:\/\/www.mkreborns.com\/wp-content\/uploads\/2026\/01\/Laura-Reborn-Doll3-150x61.jpg 150w, https:\/\/www.mkreborns.com\/wp-content\/uploads\/2026\/01\/Laura-Reborn-Doll3-700x287.jpg 700w, https:\/\/www.mkreborns.com\/wp-content\/uploads\/2026\/01\/Laura-Reborn-Doll3-400x164.jpg 400w, https:\/\/www.mkreborns.com\/wp-content\/uploads\/2026\/01\/Laura-Reborn-Doll3-1300x533.jpg 1300w, https:\/\/www.mkreborns.com\/wp-content\/uploads\/2026\/01\/Laura-Reborn-Doll3-768x315.jpg 768w\" sizes=\"(max-width: 1464px) 100vw, 1464px\" \/> <img decoding=\"async\" class=\"aligncenter wp-image-3303 size-full\" src=\"https:\/\/www.mkreborns.com\/wp-content\/themes\/woodmart\/images\/lazy.svg\" data-src=\"https:\/\/www.mkreborns.com\/wp-content\/uploads\/2026\/01\/Laura-Reborn-Doll4.jpg\" alt=\"Lalka Ken z silikonu, pe\u0142nowymiarowa, reborn, do realistycznej zabawy i ekspozycji.\" width=\"1464\" height=\"600\" title=\"\" srcset=\"\" data-srcset=\"https:\/\/www.mkreborns.com\/wp-content\/uploads\/2026\/01\/Laura-Reborn-Doll4.jpg 1464w, https:\/\/www.mkreborns.com\/wp-content\/uploads\/2026\/01\/Laura-Reborn-Doll4-150x61.jpg 150w, https:\/\/www.mkreborns.com\/wp-content\/uploads\/2026\/01\/Laura-Reborn-Doll4-700x287.jpg 700w, https:\/\/www.mkreborns.com\/wp-content\/uploads\/2026\/01\/Laura-Reborn-Doll4-400x164.jpg 400w, https:\/\/www.mkreborns.com\/wp-content\/uploads\/2026\/01\/Laura-Reborn-Doll4-1300x533.jpg 1300w, https:\/\/www.mkreborns.com\/wp-content\/uploads\/2026\/01\/Laura-Reborn-Doll4-768x315.jpg 768w\" sizes=\"(max-width: 1464px) 100vw, 1464px\" \/> <img decoding=\"async\" class=\"aligncenter wp-image-3304 size-full\" src=\"https:\/\/www.mkreborns.com\/wp-content\/themes\/woodmart\/images\/lazy.svg\" data-src=\"https:\/\/www.mkreborns.com\/wp-content\/uploads\/2026\/01\/Laura-Reborn-Doll5.jpg\" alt=\"Odrodzona lalka Ken wykonana w ca\u0142o\u015bci z silikonu, realistyczna i r\u0119cznie wykonana dla kolekcjoner\u00f3w i entuzjast\u00f3w.\" width=\"1464\" height=\"600\" title=\"\" srcset=\"\" data-srcset=\"https:\/\/www.mkreborns.com\/wp-content\/uploads\/2026\/01\/Laura-Reborn-Doll5.jpg 1464w, https:\/\/www.mkreborns.com\/wp-content\/uploads\/2026\/01\/Laura-Reborn-Doll5-150x61.jpg 150w, https:\/\/www.mkreborns.com\/wp-content\/uploads\/2026\/01\/Laura-Reborn-Doll5-700x287.jpg 700w, https:\/\/www.mkreborns.com\/wp-content\/uploads\/2026\/01\/Laura-Reborn-Doll5-400x164.jpg 400w, https:\/\/www.mkreborns.com\/wp-content\/uploads\/2026\/01\/Laura-Reborn-Doll5-1300x533.jpg 1300w, https:\/\/www.mkreborns.com\/wp-content\/uploads\/2026\/01\/Laura-Reborn-Doll5-768x315.jpg 768w\" sizes=\"(max-width: 1464px) 100vw, 1464px\" \/><\/p>","protected":false},"excerpt":{"rendered":"<p>Je\u015bli rzadko sp\u0119dzasz czas z rodzin\u0105, lalka odradzaj\u0105ca si\u0119 mo\u017ce by\u0107 wspania\u0142ym prezentem dla przyjaci\u00f3\u0142 lub rodziny. B\u0119dzie to przemy\u015blany podarunek.<\/p>","protected":false},"featured_media":3316,"comment_status":"open","ping_status":"closed","template":"","meta":[],"product_brand":[],"product_cat":[145,158,146,153],"product_tag":[],"class_list":{"0":"post-3298","1":"product","2":"type-product","3":"status-publish","4":"has-post-thumbnail","6":"product_cat-baby-boy-reborn-dolls","7":"product_cat-15-inch-baby-dolls","8":"product_cat-full-silicone-reborn-dolls","9":"product_cat-newborn-reborn-dolls","11":"first","12":"instock","13":"sale","14":"shipping-taxable","15":"purchasable","16":"product-type-simple"},"_links":{"self":[{"href":"https:\/\/www.mkreborns.com\/pl\/wp-json\/wp\/v2\/product\/3298","targetHints":{"allow":["GET"]}}],"collection":[{"href":"https:\/\/www.mkreborns.com\/pl\/wp-json\/wp\/v2\/product"}],"about":[{"href":"https:\/\/www.mkreborns.com\/pl\/wp-json\/wp\/v2\/types\/product"}],"replies":[{"embeddable":true,"href":"https:\/\/www.mkreborns.com\/pl\/wp-json\/wp\/v2\/comments?post=3298"}],"wp:featuredmedia":[{"embeddable":true,"href":"https:\/\/www.mkreborns.com\/pl\/wp-json\/wp\/v2\/media\/3316"}],"wp:attachment":[{"href":"https:\/\/www.mkreborns.com\/pl\/wp-json\/wp\/v2\/media?parent=3298"}],"wp:term":[{"taxonomy":"product_brand","embeddable":true,"href":"https:\/\/www.mkreborns.com\/pl\/wp-json\/wp\/v2\/product_brand?post=3298"},{"taxonomy":"product_cat","embeddable":true,"href":"https:\/\/www.mkreborns.com\/pl\/wp-json\/wp\/v2\/product_cat?post=3298"},{"taxonomy":"product_tag","embeddable":true,"href":"https:\/\/www.mkreborns.com\/pl\/wp-json\/wp\/v2\/product_tag?post=3298"}],"curies":[{"name":"wp","href":"https:\/\/api.w.org\/{rel}","templated":true}]}}