{"id":3266,"date":"2026-01-18T16:20:06","date_gmt":"2026-01-18T16:20:06","guid":{"rendered":"https:\/\/www.mkreborns.com\/?post_type=product&#038;p=3266"},"modified":"2026-03-15T15:29:17","modified_gmt":"2026-03-15T15:29:17","slug":"ivita-full-silicone-tiny-reborn-doll","status":"publish","type":"product","link":"https:\/\/www.mkreborns.com\/pl\/product\/ivita-full-silicone-tiny-reborn-doll\/","title":{"rendered":"Male\u0144ka Lalka Reborn Ivita w Ca\u0142o\u015bci z Silikonu"},"content":{"rendered":"<p>&nbsp;<\/p>\n<p>Urok w pe\u0142ni silikonowej lalki reborn nie wynika z przerysowanych, kresk\u00f3wkowych obraz\u00f3w, ale z autentycznego, instynktownego poczucia \u017cycia. Poza tym, ta male\u0144ka laleczka szczyci si\u0119 niezwykle realistycznymi detalami; jej urok tkwi w ka\u017cdym z nich. Waga lalki reborn jest jak prawdziwe tulenie dziecka. Jej mi\u0119kka silikonowa sk\u00f3ra, delikatne rz\u0119sy \u2013 wszystko w niej przypomina noworodka zasypiaj\u0105cego. Ten realizm sprawia, \u017ce poruszasz si\u0119 delikatniej, wywo\u0142uj\u0105c wra\u017cenie czu\u0142o\u015bci.<\/p>\n<p>&nbsp;<\/p>\n<p>P\u0142e\u0107: Dziewczyna<br \/>\nWaga: 3,74 funta<br \/>\nWysoko\u015b\u0107: 15,7 cala<br \/>\nMateria\u0142: Silikon<\/p>\n<p>&nbsp;<\/p>\n<div style=\"width: 1920px;\" class=\"wp-video\"><video class=\"wp-video-shortcode\" id=\"video-3266-1\" width=\"1920\" height=\"1080\" preload=\"metadata\" controls=\"controls\"><source type=\"video\/mp4\" src=\"https:\/\/www.mkreborns.com\/wp-content\/uploads\/2026\/01\/Ivita-Reborn-Baby.mp4?_=1\" \/><a href=\"https:\/\/www.mkreborns.com\/wp-content\/uploads\/2026\/01\/Ivita-Reborn-Baby.mp4\">https:\/\/www.mkreborns.com\/wp-content\/uploads\/2026\/01\/Ivita-Reborn-Baby.mp4<\/a><\/video><\/div>\n<p><img decoding=\"async\" class=\"aligncenter wp-image-3267 size-full\" src=\"https:\/\/www.mkreborns.com\/wp-content\/themes\/woodmart\/images\/lazy.svg\" data-src=\"https:\/\/www.mkreborns.com\/wp-content\/uploads\/2026\/01\/Ivita-Reborn-Baby1.jpg\" alt=\"Silikonowa lalka Reborn dla kolekcjoner\u00f3w i dzieci.\" width=\"1464\" height=\"600\" title=\"\" srcset=\"\" data-srcset=\"https:\/\/www.mkreborns.com\/wp-content\/uploads\/2026\/01\/Ivita-Reborn-Baby1.jpg 1464w, https:\/\/www.mkreborns.com\/wp-content\/uploads\/2026\/01\/Ivita-Reborn-Baby1-150x61.jpg 150w, https:\/\/www.mkreborns.com\/wp-content\/uploads\/2026\/01\/Ivita-Reborn-Baby1-700x287.jpg 700w, https:\/\/www.mkreborns.com\/wp-content\/uploads\/2026\/01\/Ivita-Reborn-Baby1-400x164.jpg 400w, https:\/\/www.mkreborns.com\/wp-content\/uploads\/2026\/01\/Ivita-Reborn-Baby1-1300x533.jpg 1300w, https:\/\/www.mkreborns.com\/wp-content\/uploads\/2026\/01\/Ivita-Reborn-Baby1-768x315.jpg 768w\" sizes=\"(max-width: 1464px) 100vw, 1464px\" \/> <img decoding=\"async\" class=\"aligncenter wp-image-3268 size-full\" src=\"https:\/\/www.mkreborns.com\/wp-content\/themes\/woodmart\/images\/lazy.svg\" data-src=\"https:\/\/www.mkreborns.com\/wp-content\/uploads\/2026\/01\/Ivita-Reborn-Baby2.jpg\" alt=\"Realistyczna silikonowa lalka-niemowlak dla kolekcjoner\u00f3w i dzieci.\" width=\"1464\" height=\"600\" title=\"\" srcset=\"\" data-srcset=\"https:\/\/www.mkreborns.com\/wp-content\/uploads\/2026\/01\/Ivita-Reborn-Baby2.jpg 1464w, https:\/\/www.mkreborns.com\/wp-content\/uploads\/2026\/01\/Ivita-Reborn-Baby2-150x61.jpg 150w, https:\/\/www.mkreborns.com\/wp-content\/uploads\/2026\/01\/Ivita-Reborn-Baby2-700x287.jpg 700w, https:\/\/www.mkreborns.com\/wp-content\/uploads\/2026\/01\/Ivita-Reborn-Baby2-400x164.jpg 400w, https:\/\/www.mkreborns.com\/wp-content\/uploads\/2026\/01\/Ivita-Reborn-Baby2-1300x533.jpg 1300w, https:\/\/www.mkreborns.com\/wp-content\/uploads\/2026\/01\/Ivita-Reborn-Baby2-768x315.jpg 768w\" sizes=\"(max-width: 1464px) 100vw, 1464px\" \/> <img decoding=\"async\" class=\"aligncenter wp-image-3269 size-full\" src=\"https:\/\/www.mkreborns.com\/wp-content\/themes\/woodmart\/images\/lazy.svg\" data-src=\"https:\/\/www.mkreborns.com\/wp-content\/uploads\/2026\/01\/Ivita-Reborn-Baby3.jpg\" alt=\"Urocza silikonowa lalka reborn Ivita o realistycznych cechach dla kolekcjoner\u00f3w.\" width=\"1464\" height=\"600\" title=\"\" srcset=\"\" data-srcset=\"https:\/\/www.mkreborns.com\/wp-content\/uploads\/2026\/01\/Ivita-Reborn-Baby3.jpg 1464w, https:\/\/www.mkreborns.com\/wp-content\/uploads\/2026\/01\/Ivita-Reborn-Baby3-150x61.jpg 150w, https:\/\/www.mkreborns.com\/wp-content\/uploads\/2026\/01\/Ivita-Reborn-Baby3-700x287.jpg 700w, https:\/\/www.mkreborns.com\/wp-content\/uploads\/2026\/01\/Ivita-Reborn-Baby3-400x164.jpg 400w, https:\/\/www.mkreborns.com\/wp-content\/uploads\/2026\/01\/Ivita-Reborn-Baby3-1300x533.jpg 1300w, https:\/\/www.mkreborns.com\/wp-content\/uploads\/2026\/01\/Ivita-Reborn-Baby3-768x315.jpg 768w\" sizes=\"(max-width: 1464px) 100vw, 1464px\" \/> <img decoding=\"async\" class=\"aligncenter wp-image-3270 size-full\" src=\"https:\/\/www.mkreborns.com\/wp-content\/themes\/woodmart\/images\/lazy.svg\" data-src=\"https:\/\/www.mkreborns.com\/wp-content\/uploads\/2026\/01\/Ivita-Reborn-Baby4.jpg\" alt=\"Malutka silikonowa laleczka Reborn - Ivita, realistyczna miniaturowa laleczka dla kolekcjoner\u00f3w.\" width=\"1464\" height=\"600\" title=\"\" srcset=\"\" data-srcset=\"https:\/\/www.mkreborns.com\/wp-content\/uploads\/2026\/01\/Ivita-Reborn-Baby4.jpg 1464w, https:\/\/www.mkreborns.com\/wp-content\/uploads\/2026\/01\/Ivita-Reborn-Baby4-150x61.jpg 150w, https:\/\/www.mkreborns.com\/wp-content\/uploads\/2026\/01\/Ivita-Reborn-Baby4-700x287.jpg 700w, https:\/\/www.mkreborns.com\/wp-content\/uploads\/2026\/01\/Ivita-Reborn-Baby4-400x164.jpg 400w, https:\/\/www.mkreborns.com\/wp-content\/uploads\/2026\/01\/Ivita-Reborn-Baby4-1300x533.jpg 1300w, https:\/\/www.mkreborns.com\/wp-content\/uploads\/2026\/01\/Ivita-Reborn-Baby4-768x315.jpg 768w\" sizes=\"(max-width: 1464px) 100vw, 1464px\" \/> <img decoding=\"async\" class=\"aligncenter wp-image-3271 size-full\" src=\"https:\/\/www.mkreborns.com\/wp-content\/themes\/woodmart\/images\/lazy.svg\" data-src=\"https:\/\/www.mkreborns.com\/wp-content\/uploads\/2026\/01\/Ivita-Reborn-Baby5.jpg\" alt=\"Lalka Reborns Ivita wykonana w ca\u0142o\u015bci z silikonu, idealna dla kolekcjoner\u00f3w i dzieci.\" width=\"1464\" height=\"600\" title=\"\" srcset=\"\" data-srcset=\"https:\/\/www.mkreborns.com\/wp-content\/uploads\/2026\/01\/Ivita-Reborn-Baby5.jpg 1464w, https:\/\/www.mkreborns.com\/wp-content\/uploads\/2026\/01\/Ivita-Reborn-Baby5-150x61.jpg 150w, https:\/\/www.mkreborns.com\/wp-content\/uploads\/2026\/01\/Ivita-Reborn-Baby5-700x287.jpg 700w, https:\/\/www.mkreborns.com\/wp-content\/uploads\/2026\/01\/Ivita-Reborn-Baby5-400x164.jpg 400w, https:\/\/www.mkreborns.com\/wp-content\/uploads\/2026\/01\/Ivita-Reborn-Baby5-1300x533.jpg 1300w, https:\/\/www.mkreborns.com\/wp-content\/uploads\/2026\/01\/Ivita-Reborn-Baby5-768x315.jpg 768w\" sizes=\"(max-width: 1464px) 100vw, 1464px\" \/><\/p>","protected":false},"excerpt":{"rendered":"<p>To noworodek s\u0142odko \u015bpi, zupe\u0142nie nie\u015bwiadomy otaczaj\u0105cego go \u015bwiata. Patrz\u0105c na lalk\u0119 reborn, poczujesz, \u017ce \u015bwiat jest \u0142agodny i niezwykle koj\u0105cy dla Twoich l\u0119k\u00f3w.<\/p>","protected":false},"featured_media":3290,"comment_status":"open","ping_status":"closed","template":"","meta":[],"product_brand":[],"product_cat":[144,158,146,156,153],"product_tag":[],"class_list":{"0":"post-3266","1":"product","2":"type-product","3":"status-publish","4":"has-post-thumbnail","6":"product_cat-baby-girl-reborn-dolls","7":"product_cat-15-inch-baby-dolls","8":"product_cat-full-silicone-reborn-dolls","9":"product_cat-life-sized-dolls","10":"product_cat-newborn-reborn-dolls","12":"first","13":"instock","14":"sale","15":"shipping-taxable","16":"purchasable","17":"product-type-simple"},"_links":{"self":[{"href":"https:\/\/www.mkreborns.com\/pl\/wp-json\/wp\/v2\/product\/3266","targetHints":{"allow":["GET"]}}],"collection":[{"href":"https:\/\/www.mkreborns.com\/pl\/wp-json\/wp\/v2\/product"}],"about":[{"href":"https:\/\/www.mkreborns.com\/pl\/wp-json\/wp\/v2\/types\/product"}],"replies":[{"embeddable":true,"href":"https:\/\/www.mkreborns.com\/pl\/wp-json\/wp\/v2\/comments?post=3266"}],"wp:featuredmedia":[{"embeddable":true,"href":"https:\/\/www.mkreborns.com\/pl\/wp-json\/wp\/v2\/media\/3290"}],"wp:attachment":[{"href":"https:\/\/www.mkreborns.com\/pl\/wp-json\/wp\/v2\/media?parent=3266"}],"wp:term":[{"taxonomy":"product_brand","embeddable":true,"href":"https:\/\/www.mkreborns.com\/pl\/wp-json\/wp\/v2\/product_brand?post=3266"},{"taxonomy":"product_cat","embeddable":true,"href":"https:\/\/www.mkreborns.com\/pl\/wp-json\/wp\/v2\/product_cat?post=3266"},{"taxonomy":"product_tag","embeddable":true,"href":"https:\/\/www.mkreborns.com\/pl\/wp-json\/wp\/v2\/product_tag?post=3266"}],"curies":[{"name":"wp","href":"https:\/\/api.w.org\/{rel}","templated":true}]}}