{"id":3454,"date":"2026-01-21T15:16:46","date_gmt":"2026-01-21T15:16:46","guid":{"rendered":"https:\/\/www.mkreborns.com\/?page_id=3454"},"modified":"2026-01-28T02:26:13","modified_gmt":"2026-01-28T02:26:13","slug":"shipping-policy","status":"publish","type":"page","link":"https:\/\/www.mkreborns.com\/pl\/shipping-policy\/","title":{"rendered":"Polityka wysy\u0142ki"},"content":{"rendered":"<div>Dzi\u0119kujemy za wyb\u00f3r Mk Reborns. Twoje zam\u00f3wienie jest starannie przygotowywane i wysy\u0142ane sprawnie i dyskretnie.<\/div>\n<hr \/>\n<h2>Bezp\u0142atna wysy\u0142ka na ca\u0142y \u015bwiat<\/h2>\n<div>Oferujemy bezp\u0142atn\u0105 wysy\u0142k\u0119 ze strategicznie po\u0142o\u017conych magazyn\u00f3w za granic\u0105 w Stanach Zjednoczonych, Europie, Kanadzie, Wielkiej Brytanii i Australii.<br \/>\nJe\u015bli dost\u0119pny jest lokalny zapas, artyku\u0142y s\u0105 wysy\u0142ane z najbli\u017cszego magazynu, aby zapewni\u0107 szybsz\u0105 dostaw\u0119.<\/div>\n<hr \/>\n<h2>Szacowany czas dostawy (artyku\u0142y dost\u0119pne w magazynie)<\/h2>\n<div>\n<table border=\"1\" data-coda-grid-id=\"grid-O7-V0P1M6p\" data-coda-display-column-id=\"c-gzvnCsHVXd\" data-coda-view-config-inheritsdefaultformat=\"false\" data-coda-view-config-tablesearch=\"&quot;AlwaysShow&quot;\" data-coda-grid-configuration-set=\"SimpleTable\">\n<tbody>\n<tr>\n<td>Los Angeles, USA<\/td>\n<td>\n<div>Stany Zjednoczone (na Alasce i Hawajach obowi\u0105zuje dop\u0142ata w wysoko\u015bci ok. 100 USD)<\/div>\n<\/td>\n<td>3\u20135 dni roboczych<\/td>\n<\/tr>\n<tr>\n<td>Magazyny UE (Niemcy\/Polska)<\/td>\n<td>Wi\u0119kszo\u015b\u0107 kraj\u00f3w UE i wybranych kraj\u00f3w EOG<\/td>\n<td>3\u201310 dni roboczych<\/td>\n<\/tr>\n<tr>\n<td>Vancouver<\/td>\n<td>Kanada<\/td>\n<td>3\u20135 dni roboczych<\/td>\n<\/tr>\n<tr>\n<td>Sydnej<\/td>\n<td>Australia<\/td>\n<td>3\u20137 dni roboczych<\/td>\n<\/tr>\n<tr>\n<td>Zjednoczone Kr\u00f3lestwo<\/td>\n<td>Zjednoczone Kr\u00f3lestwo<\/td>\n<td>3\u20137 dni roboczych<\/td>\n<\/tr>\n<\/tbody>\n<\/table>\n<\/div>\n<div>Uwaga: Wi\u0119kszo\u015b\u0107 zam\u00f3wie\u0144 jest przetwarzana i wysy\u0142ana w ci\u0105gu 48 godzin. \u015aredni czas dostawy wynosi 3\u20135 dni roboczych, chyba \u017ce wyst\u0105pi\u0105 wyj\u0105tkowe okoliczno\u015bci.<\/div>\n<hr \/>\n<h2>C\u0142a i op\u0142aty celne<\/h2>\n<div>Je\u015bli towar nie jest dost\u0119pny w magazynie lokalnym, wysy\u0142ka mo\u017ce nast\u0105pi\u0107 z innego kraju.<br \/>\nW wyj\u0105tkowych przypadkach odbiorcy mog\u0105 zosta\u0107 poproszeni o pomoc w odprawie celnej lub op\u0142atach importowych.<\/div>\n<div>W przypadku Norwegii, Szwajcarii, Islandii i Meksyku odprawa celna i obowi\u0105zuj\u0105ce podatki le\u017c\u0105 wy\u0142\u0105cznie w gestii odbiorcy.<\/div>\n<hr \/>\n<h2>\u015aledzenie zam\u00f3wienia<\/h2>\n<div>Po wys\u0142aniu przesy\u0142ki otrzymasz e-mail z potwierdzeniem i danymi do \u015bledzenia.<br \/>\nAktualizacja informacji o \u015bledzeniu mo\u017ce potrwa\u0107 do 48 godzin.<\/div>\n<hr \/>\n<h2>Podzielone przesy\u0142ki<\/h2>\n<div>Zam\u00f3wienia zawieraj\u0105ce wiele pozycji mog\u0105 zosta\u0107 dostarczone w oddzielnych paczkach.<br \/>\nJe\u015bli cz\u0119\u015b\u0107 zam\u00f3wienia dotrze wcze\u015bniej, pozosta\u0142e produkty b\u0119d\u0105 nadal w transporcie.<\/div>\n<hr \/>\n<h2>Problemy z dostaw\u0105<\/h2>\n<ul>\n<li>Oznaczono jako dostarczone, ale nie otrzymano: Skontaktuj si\u0119 natychmiast z kurierem i wy\u015blij wiadomo\u015b\u0107 e-mail <a href=\"http:\/\/\">support@mkreborns.com<\/a>.<\/li>\n<li>Uszkodzone przedmioty: Udokumentuj uszkodzenie za pomoc\u0105 wyra\u017anych zdj\u0119\u0107 lub nagra\u0144 wideo, a nast\u0119pnie z\u0142\u00f3\u017c reklamacj\u0119 do firmy kurierskiej.<\/li>\n<li>Nieprawid\u0142owe pozycje: Prosimy o dostarczenie dowodu w postaci zdj\u0119\u0107 i nagra\u0144 wideo, a nasz zesp\u00f3\u0142 obs\u0142ugi klienta rozwi\u0105\u017ce problem tak szybko, jak to mo\u017cliwe.<\/li>\n<\/ul>\n<hr \/>\n<h2>Zwroty i wymiany<\/h2>\n<div>Prosz\u0119 o kontakt <a href=\"http:\/\/\">support@mkreborns.com<\/a> przed rozpocz\u0119ciem jakiegokolwiek zwrotu.<br \/>\nNieautoryzowane zwroty lub odmowy dostawy nie b\u0119d\u0105 akceptowane.<\/div>\n<div>Przedmioty musz\u0105 by\u0107 nieu\u017cywane, a ich wewn\u0119trzne opakowanie ochronne musi by\u0107 nieotwarte.<br \/>\nSzczeg\u00f3\u0142owe warunki mo\u017cna znale\u017a\u0107 w naszej Polityce zwrot\u00f3w.<\/div>","protected":false},"excerpt":{"rendered":"<p>Dzi\u0119kujemy za wyb\u00f3r Mk Reborns. Twoje zam\u00f3wienie jest starannie przygotowywane i wysy\u0142ane sprawnie i dyskretnie. Darmowa wysy\u0142ka na ca\u0142y \u015bwiat.<\/p>","protected":false},"author":1,"featured_media":0,"parent":0,"menu_order":0,"comment_status":"closed","ping_status":"closed","template":"","meta":{"footnotes":""},"class_list":["post-3454","page","type-page","status-publish","hentry"],"_links":{"self":[{"href":"https:\/\/www.mkreborns.com\/pl\/wp-json\/wp\/v2\/pages\/3454","targetHints":{"allow":["GET"]}}],"collection":[{"href":"https:\/\/www.mkreborns.com\/pl\/wp-json\/wp\/v2\/pages"}],"about":[{"href":"https:\/\/www.mkreborns.com\/pl\/wp-json\/wp\/v2\/types\/page"}],"author":[{"embeddable":true,"href":"https:\/\/www.mkreborns.com\/pl\/wp-json\/wp\/v2\/users\/1"}],"replies":[{"embeddable":true,"href":"https:\/\/www.mkreborns.com\/pl\/wp-json\/wp\/v2\/comments?post=3454"}],"version-history":[{"count":0,"href":"https:\/\/www.mkreborns.com\/pl\/wp-json\/wp\/v2\/pages\/3454\/revisions"}],"wp:attachment":[{"href":"https:\/\/www.mkreborns.com\/pl\/wp-json\/wp\/v2\/media?parent=3454"}],"curies":[{"name":"wp","href":"https:\/\/api.w.org\/{rel}","templated":true}]}}