{"id":3449,"date":"2026-01-20T14:40:52","date_gmt":"2026-01-20T14:40:52","guid":{"rendered":"https:\/\/www.mkreborns.com\/?page_id=3449"},"modified":"2026-01-28T02:03:34","modified_gmt":"2026-01-28T02:03:34","slug":"terms-conditions","status":"publish","type":"page","link":"https:\/\/www.mkreborns.com\/pl\/terms-conditions\/","title":{"rendered":"Warunki korzystania"},"content":{"rendered":"<h2 class=\"wp-block-heading\">1. Wprowadzenie<\/h2>\r\n\r\n\r\n\r\n<p>Niniejsze Warunki korzystania z Serwisu (dalej \u201cWarunki\u201d) reguluj\u0105 zasady dost\u0119pu i korzystania z Serwisu. <strong>mkreborns.com<\/strong> (\u201cStrona internetowa\u201d), w\u0142asno\u015b\u0107 cyfrowa obs\u0142ugiwana przez <strong>Mk Reborns<\/strong> (\u201cmy\u201d, \u201cnas\u201d, \u201cnasz\u201d).<\/p>\r\n\r\n\r\n\r\n<p>W celu unikni\u0119cia w\u0105tpliwo\u015bci, wszelkie odniesienia w niniejszym dokumencie do \u201cCiebie\u201d, \u201cTwojego\u201d lub \u201cklienta\u201d oznaczaj\u0105 ka\u017cd\u0105 osob\u0119 fizyczn\u0105 lub prawn\u0105 dokonuj\u0105c\u0105 zakupu produkt\u00f3w od Mk Reborns za po\u015brednictwem tej Witryny.<\/p>\r\n\r\n\r\n\r\n<p>Twoje ustawowe prawa konsumenckie pozostaj\u0105 nienaruszone.<\/p>\r\n\r\n\r\n\r\n<p>Uzyskuj\u0105c dost\u0119p do tej Witryny, przegl\u0105daj\u0105c j\u0105 lub sk\u0142adaj\u0105c zam\u00f3wienie za jej po\u015brednictwem, potwierdzasz, \u017ce przeczyta\u0142e\u015b, zrozumia\u0142e\u015b i zgodzi\u0142e\u015b si\u0119 by\u0107 prawnie zwi\u0105zany niniejszymi Warunkami wraz z naszymi Warunkami. <strong>Polityka prywatno\u015bci<\/strong>, <strong>Polityka zwrot\u00f3w<\/strong>, I <strong>Polityka wysy\u0142ki<\/strong>, kt\u00f3re \u0142\u0105cznie stanowi\u0105 ca\u0142o\u015b\u0107 umowy pomi\u0119dzy Tob\u0105 a Mk Reborns.<\/p>\r\n\r\n\r\n\r\n<p>Je\u017celi nie akceptujesz postanowie\u0144 niniejszego Regulaminu w ca\u0142o\u015bci, nie mo\u017cesz sk\u0142ada\u0107 zam\u00f3wie\u0144 za po\u015brednictwem tej Strony internetowej.<\/p>\r\n\r\n\r\n<hr class=\"wp-block-separator has-alpha-channel-opacity\" \/>\r\n\r\n\r\n<h2 class=\"wp-block-heading\">2. Zmiany niniejszych Warunk\u00f3w<\/h2>\r\n\r\n\r\n\r\n<p>Mk Reborns zastrzega sobie prawo do zmiany, uzupe\u0142nienia lub zast\u0105pienia niniejszego Regulaminu w dowolnym momencie i bez wcze\u015bniejszego powiadomienia.<br \/>Do danej transakcji stosuje si\u0119 Warunki obowi\u0105zuj\u0105ce w momencie z\u0142o\u017cenia zam\u00f3wienia.<\/p>\r\n\r\n\r\n\r\n<p>Zalecamy zapoznanie si\u0119 z niniejszym Regulaminem przed ka\u017cdym zakupem.<\/p>\r\n\r\n\r\n<hr class=\"wp-block-separator has-alpha-channel-opacity\" \/>\r\n\r\n\r\n<h2 class=\"wp-block-heading\">3. Wymagania dotycz\u0105ce wieku prawnego<\/h2>\r\n\r\n\r\n\r\n<p>Sk\u0142adaj\u0105c zam\u00f3wienie na tej Stronie internetowej, o\u015bwiadczasz i gwarantujesz, \u017ce jeste\u015b osob\u0105 pe\u0142noletni\u0105, kt\u00f3ra mo\u017ce naby\u0107 oferowane produkty.<\/p>\r\n\r\n\r\n\r\n<p>Je\u017celi zasadnie uznamy, \u017ce zam\u00f3wienie z\u0142o\u017cy\u0142a osoba niespe\u0142niaj\u0105ca wymog\u00f3w wiekowych, zastrzegamy sobie prawo do anulowania takiego zam\u00f3wienia bez ponoszenia odpowiedzialno\u015bci.<\/p>\r\n\r\n\r\n<hr class=\"wp-block-separator has-alpha-channel-opacity\" \/>\r\n\r\n\r\n<h2 class=\"wp-block-heading\">4. Zawarcie umowy<\/h2>\r\n\r\n\r\n\r\n<p>Wszystkie zam\u00f3wienia sk\u0142adane za po\u015brednictwem tej Strony internetowej podlegaj\u0105 akceptacji przez Mk Reborns i dost\u0119pno\u015bci produktu.<\/p>\r\n\r\n\r\n\r\n<p>Zastrzegamy sobie prawo do odmowy realizacji zam\u00f3wienia lub jego anulowania z dowolnego powodu, w tym mi\u0119dzy innymi z powodu ogranicze\u0144 magazynowych, nie\u015bcis\u0142o\u015bci cenowych lub podejrzenia oszustwa.<\/p>\r\n\r\n\r\n\r\n<p>Umow\u0119 uwa\u017ca si\u0119 za zawart\u0105 wi\u0105\u017c\u0105co dopiero w momencie wys\u0142ania przez Mk Reborns zam\u00f3wionego towaru i wys\u0142ania e-maila z potwierdzeniem wysy\u0142ki.<\/p>\r\n\r\n\r\n<hr class=\"wp-block-separator has-alpha-channel-opacity\" \/>\r\n\r\n\r\n<h2 class=\"wp-block-heading\">5. Cennik i dok\u0142adno\u015b\u0107<\/h2>\r\n\r\n\r\n\r\n<p>Cho\u0107 staramy si\u0119, aby wszystkie wy\u015bwietlane ceny by\u0142y dok\u0142adne w momencie publikacji, zastrzegamy sobie prawo do ich zmiany w dowolnym momencie.<\/p>\r\n\r\n\r\n\r\n<p>Je\u017celi zmiana ceny b\u0119dzie mia\u0142a istotny wp\u0142yw na Twoje zam\u00f3wienie, powiadomimy Ci\u0119 o tym przed wysy\u0142k\u0105.<\/p>\r\n\r\n\r\n<hr class=\"wp-block-separator has-alpha-channel-opacity\" \/>\r\n\r\n\r\n<h2 class=\"wp-block-heading\">6. Prawo do odst\u0105pienia od umowy (konsumenci z UE i Wielkiej Brytanii)<\/h2>\r\n\r\n\r\n\r\n<p>Je\u017celi jeste\u015b konsumentem mieszkaj\u0105cym w Unii Europejskiej lub Wielkiej Brytanii, mo\u017cesz mie\u0107 prawo do anulowania zam\u00f3wienia w ci\u0105gu czternastu (14) dni roboczych od otrzymania towaru, zgodnie z obowi\u0105zuj\u0105cymi przepisami o ochronie konsument\u00f3w.<\/p>\r\n\r\n\r\n\r\n<p>Zwroty pieni\u0119dzy po anulowaniu zam\u00f3wienia b\u0119d\u0105 przetwarzane zgodnie z przys\u0142uguj\u0105cymi Pa\u0144stwu prawami ustawowymi.<\/p>\r\n\r\n\r\n\r\n<p>Uprawnienia i procedury zwrotu mog\u0105 si\u0119 r\u00f3\u017cni\u0107 w zale\u017cno\u015bci od regionu. Prosimy o zapoznanie si\u0119 z nasz\u0105 <strong>Polityka zwrot\u00f3w<\/strong> po szczeg\u00f3\u0142y.<\/p>\r\n\r\n\r\n<hr class=\"wp-block-separator has-alpha-channel-opacity\" \/>\r\n\r\n\r\n<h2 class=\"wp-block-heading\">7. Komunikacja marketingowa<\/h2>\r\n\r\n\r\n\r\n<p>Szczeg\u00f3\u0142owe informacje dotycz\u0105ce komunikacji e-mailowej i wiadomo\u015bci promocyjnych znajduj\u0105 si\u0119 w naszym <strong>Polityka prywatno\u015bci<\/strong>.<\/p>\r\n\r\n\r\n\r\n<p>Podaj\u0105c swoje dane kontaktowe wyra\u017casz zgod\u0119 na komunikacj\u0119 zgodn\u0105 z t\u0105 polityk\u0105.<\/p>\r\n\r\n\r\n<hr class=\"wp-block-separator has-alpha-channel-opacity\" \/>\r\n\r\n\r\n<h2 class=\"wp-block-heading\">8. Prywatno\u015b\u0107 i ochrona danych<\/h2>\r\n\r\n\r\n\r\n<p>Nasz <strong>Polityka prywatno\u015bci<\/strong> wyja\u015bnia, w jaki spos\u00f3b dane osobowe s\u0105 gromadzone, przetwarzane, przechowywane, udost\u0119pniane i zatrzymywane.<\/p>\r\n\r\n\r\n\r\n<p>Wdra\u017camy uzasadnione komercyjnie zabezpieczenia w celu zagwarantowania bezpiecze\u0144stwa danych i zgodno\u015bci z obowi\u0105zuj\u0105cymi przepisami o ochronie danych w Twojej jurysdykcji.<\/p>\r\n\r\n\r\n\r\n<p>Pliki cookie i podobne technologie s\u0142u\u017c\u0105 do poprawy funkcjonalno\u015bci witryny. Wi\u0119cej szczeg\u00f3\u0142\u00f3w znajdziesz w naszej Polityce prywatno\u015bci. <strong>Polityka plik\u00f3w cookie<\/strong>.<\/p>\r\n\r\n\r\n<hr class=\"wp-block-separator has-alpha-channel-opacity\" \/>\r\n\r\n\r\n<h2 class=\"wp-block-heading\">9. Zapobieganie oszustwom<\/h2>\r\n\r\n\r\n\r\n<p>Mk Reborns wdra\u017ca rygorystyczne \u015brodki zapobiegaj\u0105ce oszustwom i korzysta z us\u0142ug weryfikacji i monitorowania \u015bwiadczonych przez podmioty zewn\u0119trzne.<\/p>\r\n\r\n\r\n\r\n<p>Wszelkie pr\u00f3by podania fa\u0142szywych, wprowadzaj\u0105cych w b\u0142\u0105d lub niedok\u0142adnych informacji w celu pope\u0142nienia oszustwa mog\u0105 zosta\u0107 zg\u0142oszone w\u0142a\u015bciwym organom zajmuj\u0105cym si\u0119 zwalczaniem oszustw.<\/p>\r\n\r\n\r\n\r\n<p>Zastrzegamy sobie prawo do zawieszenia lub zamkni\u0119cia kont, w przypadku kt\u00f3rych istnieje podejrzenie oszustwa.<\/p>\r\n\r\n\r\n<hr class=\"wp-block-separator has-alpha-channel-opacity\" \/>\r\n\r\n\r\n<h2 class=\"wp-block-heading\">10. Automatyczny dost\u0119p i roboty internetowe<\/h2>\r\n\r\n\r\n\r\n<p>Dost\u0119p do tej Witryny mog\u0105 mie\u0107 wy\u0142\u0105cznie zautomatyzowane aplikacje programowe wyra\u017anie autoryzowane przez Mk Reborns i zgodne z nasz\u0105 polityk\u0105 korzystania z robot\u00f3w (\u201cDozwolone boty\u201d).<\/p>\r\n\r\n\r\n\r\n<p>Do nieautoryzowanych bot\u00f3w zaliczaj\u0105 si\u0119 mi\u0119dzy innymi skrypty przeci\u0105\u017caj\u0105ce serwery, automatyzuj\u0105ce dzia\u0142ania koszyka, pobieraj\u0105ce tre\u015bci lub zak\u0142\u00f3caj\u0105ce obs\u0142ug\u0119 klienta.<\/p>\r\n\r\n\r\n\r\n<p>Zastrzegamy sobie prawo do natychmiastowego zablokowania dost\u0119pu i zawieszenia powi\u0105zanych kont.<\/p>\r\n\r\n\r\n\r\n<p>Zgadzasz si\u0119 zabezpieczy\u0107 Mk Reborns przed wszelkimi stratami, kosztami i wydatkami wynikaj\u0105cymi z nieautoryzowanego automatycznego dost\u0119pu.<\/p>\r\n\r\n\r\n<hr class=\"wp-block-separator has-alpha-channel-opacity\" \/>\r\n\r\n\r\n<h2 class=\"wp-block-heading\">11. W\u0142asno\u015b\u0107 intelektualna<\/h2>\r\n\r\n\r\n\r\n<p>O ile nie zaznaczono inaczej, ca\u0142a zawarto\u015b\u0107 witryny, \u0142\u0105cznie z tekstem, obrazami, grafik\u0105 i uk\u0142adem, jest wy\u0142\u0105czn\u0105 w\u0142asno\u015bci\u0105 Mk Reborns.<\/p>\r\n\r\n\r\n\r\n<p>Zabrania si\u0119 powielania, redystrybucji, modyfikowania lub wykorzystywania jakichkolwiek tre\u015bci w celach komercyjnych bez uprzedniej pisemnej zgody, za wyj\u0105tkiem u\u017cytku osobistego i niekomercyjnego.<\/p>\r\n\r\n\r\n\r\n<p>U\u017cytkownik zgadza si\u0119 nie tworzy\u0107 prac pochodnych na podstawie tre\u015bci Serwisu.<\/p>\r\n\r\n\r\n<hr class=\"wp-block-separator has-alpha-channel-opacity\" \/>\r\n\r\n\r\n<h2 class=\"wp-block-heading\">12. Zrzeczenie si\u0119 gwarancji<\/h2>\r\n\r\n\r\n\r\n<p>Niniejsza Strona internetowa jest udost\u0119pniana \u201cw stanie, w jakim si\u0119 znajduje\u201d i \u201cw miar\u0119 dost\u0119pno\u015bci\u201d.<\/p>\r\n\r\n\r\n\r\n<p>Nie udzielamy \u017cadnych gwarancji, wyra\u017anych ani dorozumianych, dotycz\u0105cych nieprzerwanego dost\u0119pu, dok\u0142adno\u015bci, bezb\u0142\u0119dnego dzia\u0142ania ani braku szkodliwych komponent\u00f3w.<\/p>\r\n\r\n\r\n\r\n<p>\u017badne z postanowie\u0144 niniejszej klauzuli wy\u0142\u0105czaj\u0105cej odpowiedzialno\u015b\u0107 nie ogranicza Twoich ustawowych praw zwi\u0105zanych z zakupionymi towarami.<\/p>\r\n\r\n\r\n<hr class=\"wp-block-separator has-alpha-channel-opacity\" \/>\r\n\r\n\r\n<h2 class=\"wp-block-heading\">13. Ograniczenie odpowiedzialno\u015bci<\/h2>\r\n\r\n\r\n\r\n<p>W najszerszym zakresie dozwolonym przez prawo, Mk Reborns nie ponosi odpowiedzialno\u015bci za:<\/p>\r\n\r\n\r\n\r\n<ul class=\"wp-block-list\">\r\n<li>straty, kt\u00f3rych nie mo\u017cna by\u0142o w spos\u00f3b racjonalny przewidzie\u0107 w momencie zawierania umowy;<\/li>\r\n\r\n\r\n\r\n<li>straty niespowodowane naszym naruszeniem;<\/li>\r\n\r\n\r\n\r\n<li>straty biznesowe lub straty niekonsumenckie.<\/li>\r\n<\/ul>\r\n\r\n\r\n\r\n<p>Nie wy\u0142\u0105czamy ani nie ograniczamy odpowiedzialno\u015bci za:<\/p>\r\n\r\n\r\n\r\n<p>(a) \u015bmier\u0107 lub obra\u017cenia cia\u0142a spowodowane zaniedbaniem;<br \/>(b) oszustwo lub oszuka\u0144cze wprowadzenie w b\u0142\u0105d;<br \/>(c) naruszenie ustawowych dorozumianych warunk\u00f3w dotycz\u0105cych tytu\u0142u, opisu, jako\u015bci lub przydatno\u015bci;<br \/>(d) odpowiedzialno\u015b\u0107 na mocy obowi\u0105zuj\u0105cych przepis\u00f3w o ochronie konsument\u00f3w.<\/p>\r\n\r\n\r\n<hr class=\"wp-block-separator has-alpha-channel-opacity\" \/>\r\n\r\n\r\n<h2 class=\"wp-block-heading\">14. Dopuszczalne u\u017cycie<\/h2>\r\n\r\n\r\n\r\n<p>U\u017cytkownik zgadza si\u0119 korzysta\u0107 z tej Witryny wy\u0142\u0105cznie w celach zgodnych z prawem i w spos\u00f3b, kt\u00f3ry nie narusza praw innych os\u00f3b ani nie ogranicza ich mo\u017cliwo\u015bci korzystania z Witryny.<\/p>\r\n\r\n\r\n\r\n<p>Zabronione zachowania obejmuj\u0105 mi\u0119dzy innymi n\u0119kanie, rozpowszechnianie obra\u017aliwych materia\u0142\u00f3w lub zak\u0142\u00f3canie normalnego funkcjonowania Witryny.<\/p>\r\n\r\n\r\n<hr class=\"wp-block-separator has-alpha-channel-opacity\" \/>\r\n\r\n\r\n<h2 class=\"wp-block-heading\">15. Tre\u015bci tworzone przez u\u017cytkownik\u00f3w (recenzje, obrazy, zg\u0142oszenia)<\/h2>\r\n\r\n\r\n\r\n<p>Przesy\u0142aj\u0105c recenzje, oceny, obrazy lub inne tre\u015bci, o\u015bwiadczasz i gwarantujesz, \u017ce:<\/p>\r\n\r\n\r\n\r\n<ul class=\"wp-block-list\">\r\n<li>Posiadasz wszelkie prawa w\u0142asno\u015bci intelektualnej do tego dokumentu;<\/li>\r\n\r\n\r\n\r\n<li>Zrzekasz si\u0119 wszelkich praw moralnych.<\/li>\r\n\r\n\r\n\r\n<li>Tre\u015b\u0107 jest prawdziwa i zgodna z prawem.<\/li>\r\n\r\n\r\n\r\n<li>Masz co najmniej osiemna\u015bcie (18) lat.<\/li>\r\n<\/ul>\r\n\r\n\r\n\r\n<p>Udzielasz Mk Reborns wieczystej, nieodwo\u0142alnej, wolnej od op\u0142at licencyjnych, og\u00f3lno\u015bwiatowej licencji na u\u017cywanie, powielanie, modyfikowanie, publikowanie, t\u0142umaczenie, dystrybucj\u0119 i inne wykorzystywanie takiej tre\u015bci bez wynagrodzenia.<\/p>\r\n\r\n\r\n\r\n<p>Zastrzegamy sobie prawo do edycji, usuwania lub odmowy publikacji dowolnych tre\u015bci wed\u0142ug naszego uznania.<\/p>\r\n\r\n\r\n\r\n<p>U\u017cytkownik ponosi wy\u0142\u0105czn\u0105 odpowiedzialno\u015b\u0107 za przesy\u0142ane przez siebie tre\u015bci.<\/p>\r\n\r\n\r\n<hr class=\"wp-block-separator has-alpha-channel-opacity\" \/>\r\n\r\n\r\n<h2 class=\"wp-block-heading\">16. Program lojalno\u015bciowy<\/h2>\r\n\r\n\r\n\r\n<p>Restrukturyzujemy nasz program lojalno\u015bciowy.<br \/>Istniej\u0105ce systemy punktowe mog\u0105 zosta\u0107 wy\u0142\u0105czone z obrotu bez dalszego naliczania lub realizacji punkt\u00f3w.<\/p>\r\n\r\n\r\n<hr class=\"wp-block-separator has-alpha-channel-opacity\" \/>\r\n\r\n\r\n<h2 class=\"wp-block-heading\">17. Podatek od sprzeda\u017cy (Stany Zjednoczone)<\/h2>\r\n\r\n\r\n\r\n<p>Podatek od sprzeda\u017cy lub u\u017cytkowania zostanie obliczony na podstawie adresu dostawy i wy\u015bwietlony podczas realizacji transakcji.<\/p>\r\n\r\n\r\n\r\n<p>Podane kwoty podatk\u00f3w s\u0105 szacunkowe. Ostateczna wysoko\u015b\u0107 podatk\u00f3w zostanie potwierdzona po zako\u0144czeniu zam\u00f3wienia.<\/p>\r\n\r\n\r\n<hr class=\"wp-block-separator has-alpha-channel-opacity\" \/>\r\n\r\n\r\n<h2 class=\"wp-block-heading\">18. Linki zewn\u0119trzne<\/h2>\r\n\r\n\r\n\r\n<p>Niniejsza witryna internetowa mo\u017ce zawiera\u0107 odno\u015bniki do witryn os\u00f3b trzecich.<br \/>Nie kontrolujemy ani nie popieramy takich stron i nie ponosimy \u017cadnej odpowiedzialno\u015bci za ich tre\u015b\u0107.<\/p>\r\n\r\n\r\n<hr class=\"wp-block-separator has-alpha-channel-opacity\" \/>\r\n\r\n\r\n<h2 class=\"wp-block-heading\">19. Prawo w\u0142a\u015bciwe i jurysdykcja<\/h2>\r\n<div>Niniejsze Warunki oraz wszelkie spory lub roszczenia wynikaj\u0105ce z nich lub w zwi\u0105zku z nimi (w tym spory lub roszczenia pozaumowne) podlegaj\u0105 przepisom prawa Specjalnego Regionu Administracyjnego Hongkongu (HKSAR) i zgodnie z nim b\u0119d\u0105 interpretowane, bez wzgl\u0119du na zasady kolizji prawa.<\/div>\r\n<div>Nieodwo\u0142alnie zgadzasz si\u0119, \u017ce s\u0105dy Hongkongu b\u0119d\u0105 mia\u0142y wy\u0142\u0105czn\u0105 jurysdykcj\u0119 w zakresie rozstrzygania wszelkich spor\u00f3w lub roszcze\u0144 wynikaj\u0105cych z niniejszych Warunk\u00f3w lub z nimi zwi\u0105zanych b\u0105d\u017a z korzystaniem przez Ciebie ze Strony internetowej.<\/div>\r\n\r\n\r\n<hr class=\"wp-block-separator has-alpha-channel-opacity\" \/>\r\n\r\n\r\n<h2 class=\"wp-block-heading\">20. Si\u0142a wy\u017csza<\/h2>\r\n\r\n\r\n\r\n<p>Nie ponosimy odpowiedzialno\u015bci za niewykonanie lub op\u00f3\u017anienie w realizacji umowy spowodowane zdarzeniami pozostaj\u0105cymi poza nasz\u0105 kontrol\u0105, w tym m.in. kl\u0119skami \u017cywio\u0142owymi, pandemiami, dzia\u0142aniami rz\u0105dowymi lub niepokojami spo\u0142ecznymi.<\/p>\r\n\r\n\r\n\r\n<p>Obowi\u0105zki, kt\u00f3rych to dotyczy, ulegaj\u0105 zawieszeniu na czas trwania zdarzenia.<\/p>\r\n\r\n\r\n<hr class=\"wp-block-separator has-alpha-channel-opacity\" \/>\r\n\r\n\r\n<h2 class=\"wp-block-heading\">21. Cesja i podzielno\u015b\u0107<\/h2>\r\n\r\n\r\n\r\n<p>Mo\u017cemy przenie\u015b\u0107 nasze prawa i obowi\u0105zki wynikaj\u0105ce z niniejszych Warunk\u00f3w bez wp\u0142ywu na Twoje prawa.<\/p>\r\n\r\n\r\n\r\n<p>Nie mo\u017cesz cedowa\u0107 swoich praw bez naszej pisemnej zgody.<\/p>\r\n\r\n\r\n\r\n<p>Je\u017celi kt\u00f3rekolwiek z postanowie\u0144 zostanie uznane za niewykonalne, pozosta\u0142e postanowienia pozostan\u0105 w pe\u0142nej mocy.<\/p>\r\n\r\n\r\n<hr class=\"wp-block-separator has-alpha-channel-opacity\" \/>\r\n\r\n\r\n<h2 class=\"wp-block-heading\">22. Zrzeczenie si\u0119<\/h2>\r\n\r\n\r\n\r\n<p>Niewykonanie przez Mk Reborns kt\u00f3regokolwiek z postanowie\u0144 nie oznacza zrzeczenia si\u0119 prawa do ich egzekwowania w przysz\u0142o\u015bci.<\/p>","protected":false},"excerpt":{"rendered":"<p>1. Wprowadzenie Niniejsze Warunki korzystania (dalej \u201cWarunki\u201d) reguluj\u0105 dost\u0119p do witryny mkreborns.com (dalej \u201cWitryna\u201d) oraz korzystanie z niej,<\/p>","protected":false},"author":1,"featured_media":0,"parent":0,"menu_order":0,"comment_status":"closed","ping_status":"closed","template":"","meta":{"footnotes":""},"class_list":["post-3449","page","type-page","status-publish","hentry"],"_links":{"self":[{"href":"https:\/\/www.mkreborns.com\/pl\/wp-json\/wp\/v2\/pages\/3449","targetHints":{"allow":["GET"]}}],"collection":[{"href":"https:\/\/www.mkreborns.com\/pl\/wp-json\/wp\/v2\/pages"}],"about":[{"href":"https:\/\/www.mkreborns.com\/pl\/wp-json\/wp\/v2\/types\/page"}],"author":[{"embeddable":true,"href":"https:\/\/www.mkreborns.com\/pl\/wp-json\/wp\/v2\/users\/1"}],"replies":[{"embeddable":true,"href":"https:\/\/www.mkreborns.com\/pl\/wp-json\/wp\/v2\/comments?post=3449"}],"version-history":[{"count":0,"href":"https:\/\/www.mkreborns.com\/pl\/wp-json\/wp\/v2\/pages\/3449\/revisions"}],"wp:attachment":[{"href":"https:\/\/www.mkreborns.com\/pl\/wp-json\/wp\/v2\/media?parent=3449"}],"curies":[{"name":"wp","href":"https:\/\/api.w.org\/{rel}","templated":true}]}}