{"id":3,"date":"2025-12-24T14:18:41","date_gmt":"2025-12-24T14:18:41","guid":{"rendered":"https:\/\/www.mkreborns.com\/?page_id=3"},"modified":"2026-01-20T10:07:36","modified_gmt":"2026-01-20T10:07:36","slug":"privacy-policy","status":"publish","type":"page","link":"https:\/\/www.mkreborns.com\/pl\/privacy-policy\/","title":{"rendered":"Polityka prywatno\u015bci"},"content":{"rendered":"<p>Na <strong>Mk Reborns<\/strong>, Przywi\u0105zujemy du\u017c\u0105 wag\u0119 do poufno\u015bci, integralno\u015bci i odpowiedzialnego obchodzenia si\u0119 z danymi osobowymi. Niniejsza Polityka Prywatno\u015bci wyja\u015bnia, w jaki spos\u00f3b dane s\u0105 gromadzone, przetwarzane, przechowywane i chronione, gdy uzyskujesz dost\u0119p do naszej strony internetowej lub wchodzisz z ni\u0105 w interakcj\u0119.<\/p>\n\n\n\n<hr class=\"wp-block-separator has-alpha-channel-opacity\"\/>\n\n\n\n<h2 class=\"wp-block-heading\">1. Kim jeste\u015bmy<\/h2>\n\n\n\n<p>Strona internetowa <strong><a href=\"https:\/\/www.mkreborns.com\/pl\/\">https:\/\/www.mkreborns.com<\/a><\/strong> jest w\u0142asno\u015bci\u0105 i jest zarz\u0105dzana przez <strong>Mk Reborns<\/strong>.<br>W niniejszej polityce odniesienia do \u201cmy\u201d, \u201cnasz\u201d lub \u201cnas\u201d odnosz\u0105 si\u0119 wy\u0142\u0105cznie do Mk Reborns.<\/p>\n\n\n\n<hr class=\"wp-block-separator has-alpha-channel-opacity\"\/>\n\n\n\n<h2 class=\"wp-block-heading\">2. Komentarze i zg\u0142oszenia u\u017cytkownik\u00f3w<\/h2>\n\n\n\n<p>Kiedy odwiedzaj\u0105cy decyduj\u0105 si\u0119 na pozostawienie komentarzy na naszej stronie internetowej, zbieramy informacje wy\u015bwietlane w formularzu przesy\u0142ania komentarzy, a tak\u017ce opini\u0119 odwiedzaj\u0105cego. <strong>Adres IP<\/strong> I <strong>ci\u0105g agenta u\u017cytkownika przegl\u0105darki<\/strong>. Informacje te s\u0105 gromadzone wy\u0142\u0105cznie w celu zapewnienia bezpiecze\u0144stwa platformy i zapobiegania niechcianym lub obra\u017aliwym tre\u015bciom.<\/p>\n\n\n\n<p>Anonimizowany identyfikator wygenerowany z Twojego adresu e-mail (cz\u0119sto nazywany <em>haszysz<\/em>) mo\u017ce zosta\u0107 przes\u0142any do <strong>Gravatar<\/strong> us\u0142uga s\u0142u\u017c\u0105ca do ustalenia, czy istnieje powi\u0105zany profil.<br>Us\u0142uga Gravatar dzia\u0142a w oparciu o w\u0142asne ramy ochrony prywatno\u015bci, z kt\u00f3rymi mo\u017cna zapozna\u0107 si\u0119 pod adresem:<br><a href=\"https:\/\/automattic.com\/privacy\/\" target=\"_blank\" rel=\"noopener\">https:\/\/automattic.com\/privacy\/<\/a><\/p>\n\n\n\n<p>Po zatwierdzeniu komentarza, wszelkie powi\u0105zane z nim zdj\u0119cia profilowe stan\u0105 si\u0119 publicznie widoczne obok komentarza.<\/p>\n\n\n\n<hr class=\"wp-block-separator has-alpha-channel-opacity\"\/>\n\n\n\n<h2 class=\"wp-block-heading\">3. Przesy\u0142anie multimedi\u00f3w<\/h2>\n\n\n\n<p>Je\u015bli przesy\u0142asz na stron\u0119 internetow\u0105 obrazy, stanowczo odradzamy ich umieszczanie <strong>osadzone metadane lokalizacji (EXIF GPS)<\/strong>.<br>Odwiedzaj\u0105cy witryn\u0119 mog\u0105 pobiera\u0107 obrazy i wyodr\u0119bnia\u0107 zawarte w nich dane dotycz\u0105ce lokalizacji. Mk Reborns nie ponosi odpowiedzialno\u015bci za metadane dobrowolnie zawarte w przesy\u0142anych materia\u0142ach multimedialnych.<\/p>\n\n\n\n<hr class=\"wp-block-separator has-alpha-channel-opacity\"\/>\n\n\n\n<h2 class=\"wp-block-heading\">4. Pliki cookie i podobne technologie<\/h2>\n\n\n\n<p>Aby zwi\u0119kszy\u0107 wygod\u0119 i funkcjonalno\u015b\u0107 u\u017cytkownika, nasza strona internetowa wykorzystuje pliki cookie w nast\u0119puj\u0105cych okoliczno\u015bciach:<\/p>\n\n\n\n<ul class=\"wp-block-list\">\n<li>Przesy\u0142aj\u0105c komentarz, mo\u017cesz zdecydowa\u0107 si\u0119 na zapisanie swojego imienia, adresu e-mail i danych witryny w plikach cookie. Pliki te s\u0105 przechowywane przez <strong>jeden rok<\/strong> aby wyeliminowa\u0107 konieczno\u015b\u0107 wielokrotnego wprowadzania danych.<\/li>\n\n\n\n<li>Po odwiedzeniu strony logowania generowany jest tymczasowy plik cookie, kt\u00f3ry weryfikuje, czy przegl\u0105darka akceptuje pliki cookie. Ten plik cookie nie zawiera \u017cadnych danych osobowych i jest usuwany po zamkni\u0119ciu przegl\u0105darki.<\/li>\n\n\n\n<li>Po zalogowaniu tworzymy kilka plik\u00f3w cookie, kt\u00f3re maj\u0105 na celu zapisanie Twojego statusu uwierzytelnienia i preferencji wy\u015bwietlania.\n<ul class=\"wp-block-list\">\n<li>Pliki cookie logowania pozostaj\u0105 aktywne przez <strong>dwa dni<\/strong><\/li>\n\n\n\n<li>Pliki cookie preferencji wy\u015bwietlania s\u0105 zachowywane przez <strong>jeden rok<\/strong><\/li>\n\n\n\n<li>Je\u017celi opcja \u201cZapami\u0119taj mnie\u201d jest zaznaczona, dane logowania zostan\u0105 zachowane. <strong>dwa tygodnie<\/strong><\/li>\n<\/ul>\n<\/li>\n\n\n\n<li>Po wylogowaniu pliki cookie zwi\u0105zane z logowaniem zostan\u0105 usuni\u0119te.<\/li>\n\n\n\n<li>Je\u015bli edytujesz lub publikujesz tre\u015b\u0107, w Twojej przegl\u0105darce zapisywany jest dodatkowy plik cookie. Ten plik cookie nie zawiera \u017cadnych danych osobowych i s\u0142u\u017cy wy\u0142\u0105cznie do identyfikacji edytowanego wpisu. Wygasa po\u2026 <strong>24 godziny<\/strong>.<\/li>\n<\/ul>\n\n\n\n<hr class=\"wp-block-separator has-alpha-channel-opacity\"\/>\n\n\n\n<h2 class=\"wp-block-heading\">5. Osadzone tre\u015bci z witryn internetowych os\u00f3b trzecich<\/h2>\n\n\n\n<p>Strony tej witryny mog\u0105 zawiera\u0107 osadzone tre\u015bci (w tym mi\u0119dzy innymi filmy, obrazy lub artyku\u0142y).<br>Osadzone tre\u015bci z zewn\u0119trznych witryn internetowych zachowuj\u0105 si\u0119 tak samo, jakby\u015b odwiedzi\u0142 bezpo\u015brednio oryginaln\u0105 witryn\u0119 internetow\u0105.<\/p>\n\n\n\n<p>Takie witryny internetowe os\u00f3b trzecich mog\u0105:<\/p>\n\n\n\n<ul class=\"wp-block-list\">\n<li>Zbieraj dane o Tobie<\/li>\n\n\n\n<li>U\u017cyj plik\u00f3w cookie<\/li>\n\n\n\n<li>Zastosuj dodatkowe narz\u0119dzia \u015bledz\u0105ce innych firm<\/li>\n\n\n\n<li>Monitoruj interakcj\u0119 z osadzon\u0105 tre\u015bci\u0105<\/li>\n<\/ul>\n\n\n\n<p>Mo\u017ce to obejmowa\u0107 \u015bledzenie interakcji, je\u015bli posiadasz konto na platformie zewn\u0119trznej i jeste\u015b na niej zalogowany.<\/p>\n\n\n\n<hr class=\"wp-block-separator has-alpha-channel-opacity\"\/>\n\n\n\n<h2 class=\"wp-block-heading\">6. Udost\u0119pnianie danych<\/h2>\n\n\n\n<p>Je\u015bli poprosisz o zresetowanie has\u0142a, Twoje <strong>Adres IP<\/strong> zostanie uwzgl\u0119dniony w komunikacie dotycz\u0105cym resetowania has\u0142a w celu weryfikacji bezpiecze\u0144stwa.<\/p>\n\n\n\n<p>Mk Reborns nie sprzedaje, nie wynajmuje ani nie udost\u0119pnia danych osobowych nieupowa\u017cnionym osobom trzecim.<\/p>\n\n\n\n<hr class=\"wp-block-separator has-alpha-channel-opacity\"\/>\n\n\n\n<h2 class=\"wp-block-heading\">7. Przechowywanie danych<\/h2>\n\n\n\n<p>Komentarze i powi\u0105zane z nimi metadane s\u0105 zachowywane <strong>w spos\u00f3b nieokre\u015blony<\/strong>. Dzi\u0119ki temu mo\u017cemy automatycznie rozpoznawa\u0107 i zatwierdza\u0107 kolejne komentarze, nie umieszczaj\u0105c ich w moderacji.<\/p>\n\n\n\n<p>W przypadku u\u017cytkownik\u00f3w, kt\u00f3rzy zarejestruj\u0105 si\u0119 na naszej stronie internetowej (je\u015bli dotyczy), przechowujemy podane przez nich dane osobowe w profilach u\u017cytkownik\u00f3w.<br>Zarejestrowani u\u017cytkownicy mog\u0105 w dowolnym momencie przegl\u0105da\u0107, modyfikowa\u0107 lub usuwa\u0107 swoje dane osobowe, z wyj\u0105tkiem nazw u\u017cytkownik\u00f3w. Administratorzy witryny zachowuj\u0105 mo\u017cliwo\u015b\u0107 dost\u0119pu do tych danych i ich edycji w razie potrzeby.<\/p>\n\n\n\n<hr class=\"wp-block-separator has-alpha-channel-opacity\"\/>\n\n\n\n<h2 class=\"wp-block-heading\">8. Twoje prawa dotycz\u0105ce Twoich danych<\/h2>\n\n\n\n<p>Je\u017celi posiadasz konto na tej stronie internetowej lub przes\u0142a\u0142e\u015b ju\u017c wcze\u015bniej komentarze, mo\u017cesz poprosi\u0107 o:<\/p>\n\n\n\n<ul class=\"wp-block-list\">\n<li>Wyeksportowany plik zawieraj\u0105cy dane osobowe, kt\u00f3re o Tobie posiadamy<\/li>\n\n\n\n<li>Usuni\u0119cie danych osobowych, kt\u00f3re Ci\u0119 dotycz\u0105<\/li>\n<\/ul>\n\n\n\n<p>Wnioski o usuni\u0119cie danych nie dotycz\u0105 informacji, kt\u00f3re jeste\u015bmy prawnie lub administracyjnie zobowi\u0105zani przechowywa\u0107 w celach zgodno\u015bci, bezpiecze\u0144stwa lub operacyjnych.<\/p>\n\n\n\n<hr class=\"wp-block-separator has-alpha-channel-opacity\"\/>\n\n\n\n<h2 class=\"wp-block-heading\">9. Gdzie przetwarzane s\u0105 Twoje dane<\/h2>\n\n\n\n<p>Komentarze odwiedzaj\u0105cych mog\u0105 by\u0107 sprawdzane za pomoc\u0105 automatycznych us\u0142ug wykrywania spamu w celu zapewnienia bezpiecze\u0144stwa i integralno\u015bci witryny.<\/p>\n\n\n\n<hr class=\"wp-block-separator has-alpha-channel-opacity\"\/>\n\n\n\n<h2 class=\"wp-block-heading\">10. Informacje kontaktowe<\/h2>\n\n\n\n<p>Je\u015bli masz jakiekolwiek pytania dotycz\u0105ce niniejszej Polityki prywatno\u015bci lub przetwarzania Twoich danych osobowych, skontaktuj si\u0119 z nami pod adresem:<\/p>\n\n\n\n<p>\ud83d\udce7 <strong><a href=\"mailto:support@mkreborns.com\">support@mkreborns.com<\/a><\/strong><\/p>\n\n\n\n<p><\/p>","protected":false},"excerpt":{"rendered":"<p>W Mk Reborns przywi\u0105zujemy du\u017c\u0105 wag\u0119 do poufno\u015bci, integralno\u015bci i odpowiedzialnego obchodzenia si\u0119 z danymi osobowymi. Niniejsza Polityka Prywatno\u015bci<\/p>","protected":false},"author":1,"featured_media":0,"parent":0,"menu_order":0,"comment_status":"closed","ping_status":"closed","template":"","meta":{"footnotes":""},"class_list":["post-3","page","type-page","status-publish","hentry"],"_links":{"self":[{"href":"https:\/\/www.mkreborns.com\/pl\/wp-json\/wp\/v2\/pages\/3","targetHints":{"allow":["GET"]}}],"collection":[{"href":"https:\/\/www.mkreborns.com\/pl\/wp-json\/wp\/v2\/pages"}],"about":[{"href":"https:\/\/www.mkreborns.com\/pl\/wp-json\/wp\/v2\/types\/page"}],"author":[{"embeddable":true,"href":"https:\/\/www.mkreborns.com\/pl\/wp-json\/wp\/v2\/users\/1"}],"replies":[{"embeddable":true,"href":"https:\/\/www.mkreborns.com\/pl\/wp-json\/wp\/v2\/comments?post=3"}],"version-history":[{"count":0,"href":"https:\/\/www.mkreborns.com\/pl\/wp-json\/wp\/v2\/pages\/3\/revisions"}],"wp:attachment":[{"href":"https:\/\/www.mkreborns.com\/pl\/wp-json\/wp\/v2\/media?parent=3"}],"curies":[{"name":"wp","href":"https:\/\/api.w.org\/{rel}","templated":true}]}}