{"id":3449,"date":"2026-01-20T14:40:52","date_gmt":"2026-01-20T14:40:52","guid":{"rendered":"https:\/\/www.mkreborns.com\/?page_id=3449"},"modified":"2026-01-28T02:03:34","modified_gmt":"2026-01-28T02:03:34","slug":"terms-conditions","status":"publish","type":"page","link":"https:\/\/www.mkreborns.com\/nl\/terms-conditions\/","title":{"rendered":"Algemene voorwaarden"},"content":{"rendered":"<h2 class=\"wp-block-heading\">1. Inleiding<\/h2>\r\n\r\n\r\n\r\n<p>Deze algemene voorwaarden (de &quot;Voorwaarden&quot;) regelen uw toegang tot en gebruik van <strong>mkreborns.com<\/strong> (de \u201cWebsite\u201d), een digitaal eigendom beheerd door <strong>Mk Reborns<\/strong> (\u201cwij\u201d, \u201cons\u201d, \u201conze\u201d).<\/p>\r\n\r\n\r\n\r\n<p>Om misverstanden te voorkomen, verwijst elke vermelding in dit document met &quot;u&quot;, &quot;uw&quot; of &quot;klant&quot; naar elke persoon of entiteit die producten van Mk Reborns via deze website koopt.<\/p>\r\n\r\n\r\n\r\n<p>Uw wettelijke consumentenrechten blijven ongewijzigd.<\/p>\r\n\r\n\r\n\r\n<p>Door deze website te bezoeken, te bekijken of een bestelling te plaatsen, erkent u dat u deze voorwaarden, samen met onze algemene voorwaarden, hebt gelezen, begrepen en ermee akkoord gaat dat u er juridisch aan gebonden bent. <strong>Privacybeleid<\/strong>, <strong>Retourbeleid<\/strong>, En <strong>Verzendbeleid<\/strong>, die samen de volledige overeenkomst tussen u en Mk Reborns vormen.<\/p>\r\n\r\n\r\n\r\n<p>Als u deze voorwaarden niet volledig accepteert, mag u geen bestelling plaatsen via deze website.<\/p>\r\n\r\n\r\n<hr class=\"wp-block-separator has-alpha-channel-opacity\" \/>\r\n\r\n\r\n<h2 class=\"wp-block-heading\">2. Wijzigingen in deze voorwaarden<\/h2>\r\n\r\n\r\n\r\n<p>Mk Reborns behoudt zich het recht voor om deze voorwaarden te allen tijde zonder voorafgaande kennisgeving te herzien, aan te passen of te vervangen.<br \/>De voorwaarden die van kracht zijn op het moment dat u een bestelling plaatst, zijn van toepassing op die transactie.<\/p>\r\n\r\n\r\n\r\n<p>U wordt geadviseerd deze voorwaarden v\u00f3\u00f3r elke aankoop door te lezen.<\/p>\r\n\r\n\r\n<hr class=\"wp-block-separator has-alpha-channel-opacity\" \/>\r\n\r\n\r\n<h2 class=\"wp-block-heading\">3. Wettelijke leeftijdseis<\/h2>\r\n\r\n\r\n\r\n<p>Door een bestelling te plaatsen op deze website, verklaart en garandeert u dat u de wettelijke leeftijd hebt bereikt om de aangeboden producten te kopen.<\/p>\r\n\r\n\r\n\r\n<p>Als we redelijkerwijs vermoeden dat een bestelling is geplaatst door iemand die niet aan de wettelijke leeftijdseis voldoet, behouden we ons het recht voor om die bestelling zonder aansprakelijkheid te annuleren.<\/p>\r\n\r\n\r\n<hr class=\"wp-block-separator has-alpha-channel-opacity\" \/>\r\n\r\n\r\n<h2 class=\"wp-block-heading\">4. Totstandkoming van het contract<\/h2>\r\n\r\n\r\n\r\n<p>Alle bestellingen die via deze website worden geplaatst, zijn onderhevig aan acceptatie door Mk Reborns en productbeschikbaarheid.<\/p>\r\n\r\n\r\n\r\n<p>Wij behouden ons het absolute recht voor om een bestelling om welke reden dan ook te weigeren of te annuleren, inclusief maar niet beperkt tot voorraadbeperkingen, onjuiste prijsstellingen of vermoedelijke frauduleuze activiteiten.<\/p>\r\n\r\n\r\n\r\n<p>Een bindende overeenkomst komt pas tot stand wanneer Mk Reborns de bestelde goederen verzendt en een verzendbevestiging per e-mail verstuurt.<\/p>\r\n\r\n\r\n<hr class=\"wp-block-separator has-alpha-channel-opacity\" \/>\r\n\r\n\r\n<h2 class=\"wp-block-heading\">5. Prijsstelling en nauwkeurigheid<\/h2>\r\n\r\n\r\n\r\n<p>Hoewel we ernaar streven ervoor te zorgen dat alle weergegeven prijzen correct zijn op het moment van publicatie, behouden we ons het recht voor om prijzen op elk moment te wijzigen.<\/p>\r\n\r\n\r\n\r\n<p>Mocht een prijswijziging uw bestelling wezenlijk be\u00efnvloeden, dan wordt u hiervan v\u00f3\u00f3r verzending op de hoogte gesteld.<\/p>\r\n\r\n\r\n<hr class=\"wp-block-separator has-alpha-channel-opacity\" \/>\r\n\r\n\r\n<h2 class=\"wp-block-heading\">6. Herroepingsrecht (consumenten in de EU en het VK)<\/h2>\r\n\r\n\r\n\r\n<p>Als u een consument bent die gevestigd is in de Europese Unie of het Verenigd Koninkrijk, heeft u mogelijk het recht om uw bestelling binnen veertien (14) werkdagen na ontvangst van de goederen te annuleren, overeenkomstig de toepasselijke wetgeving inzake consumentenbescherming.<\/p>\r\n\r\n\r\n\r\n<p>Terugbetalingen na annulering worden verwerkt in overeenstemming met uw wettelijke rechten.<\/p>\r\n\r\n\r\n\r\n<p>De voorwaarden en procedures voor retournering kunnen per regio verschillen. Raadpleeg onze website voor meer informatie. <strong>Retourbeleid<\/strong> voor meer informatie.<\/p>\r\n\r\n\r\n<hr class=\"wp-block-separator has-alpha-channel-opacity\" \/>\r\n\r\n\r\n<h2 class=\"wp-block-heading\">7. Marketingcommunicatie<\/h2>\r\n\r\n\r\n\r\n<p>Gedetailleerde informatie over e-mailcommunicatie en promotionele berichten vindt u in onze <strong>Privacybeleid<\/strong>.<\/p>\r\n\r\n\r\n\r\n<p>Door uw contactgegevens te verstrekken, stemt u in met communicatie in overeenstemming met dit beleid.<\/p>\r\n\r\n\r\n<hr class=\"wp-block-separator has-alpha-channel-opacity\" \/>\r\n\r\n\r\n<h2 class=\"wp-block-heading\">8. Privacy en gegevensbescherming<\/h2>\r\n\r\n\r\n\r\n<p>Ons <strong>Privacybeleid<\/strong> Dit legt uit hoe persoonsgegevens worden verzameld, verwerkt, opgeslagen, gedeeld en bewaard.<\/p>\r\n\r\n\r\n\r\n<p>Wij treffen commercieel redelijke beveiligingsmaatregelen om de gegevensbeveiliging te waarborgen en te voldoen aan de toepasselijke wetgeving inzake gegevensbescherming in uw rechtsgebied.<\/p>\r\n\r\n\r\n\r\n<p>Cookies en vergelijkbare technologie\u00ebn worden gebruikt om de functionaliteit van de website te verbeteren. Meer informatie vindt u in ons privacybeleid. <strong>Cookiebeleid<\/strong>.<\/p>\r\n\r\n\r\n<hr class=\"wp-block-separator has-alpha-channel-opacity\" \/>\r\n\r\n\r\n<h2 class=\"wp-block-heading\">9. Fraudepreventie<\/h2>\r\n\r\n\r\n\r\n<p>Mk Reborns hanteert strenge fraudepreventiemaatregelen en maakt gebruik van verificatie- en monitoringdiensten van derden.<\/p>\r\n\r\n\r\n\r\n<p>Elke poging om valse, misleidende of onjuiste informatie te verstrekken met het oog op fraude kan worden gemeld aan de relevante anti-fraudeautoriteiten.<\/p>\r\n\r\n\r\n\r\n<p>Wij behouden ons het recht voor om accounts die verband houden met vermoedelijk frauduleus gedrag op te schorten of te be\u00ebindigen.<\/p>\r\n\r\n\r\n<hr class=\"wp-block-separator has-alpha-channel-opacity\" \/>\r\n\r\n\r\n<h2 class=\"wp-block-heading\">10. Geautomatiseerde toegang &amp; webrobots<\/h2>\r\n\r\n\r\n\r\n<p>Alleen geautomatiseerde softwaretoepassingen die uitdrukkelijk door Mk Reborns zijn geautoriseerd en voldoen aan ons beleid voor het gebruik van robots (&quot;Toegestane Bots&quot;) mogen toegang krijgen tot deze website.<\/p>\r\n\r\n\r\n\r\n<p>Ongeautoriseerde bots omvatten onder meer scripts die servers overbelasten, winkelwagenactiviteiten automatiseren, content scrapen of de klantervaring verstoren.<\/p>\r\n\r\n\r\n\r\n<p>Wij behouden ons het recht voor om dergelijke toegang te blokkeren en de bijbehorende accounts onmiddellijk te schorsen.<\/p>\r\n\r\n\r\n\r\n<p>U stemt ermee in Mk Reborns te vrijwaren van alle verliezen, kosten en uitgaven die voortvloeien uit ongeautoriseerde geautomatiseerde toegang.<\/p>\r\n\r\n\r\n<hr class=\"wp-block-separator has-alpha-channel-opacity\" \/>\r\n\r\n\r\n<h2 class=\"wp-block-heading\">11. Intellectueel eigendom<\/h2>\r\n\r\n\r\n\r\n<p>Alle website-inhoud, inclusief tekst, afbeeldingen, grafieken en lay-out, is het exclusieve eigendom van Mk Reborns, tenzij anders vermeld.<\/p>\r\n\r\n\r\n\r\n<p>Geen enkele inhoud mag worden gereproduceerd, herverdeeld, gewijzigd of voor commerci\u00eble doeleinden worden gebruikt zonder voorafgaande schriftelijke toestemming, behalve voor persoonlijk, niet-commercieel gebruik.<\/p>\r\n\r\n\r\n\r\n<p>U stemt ermee in geen afgeleide werken te maken van de inhoud van de website.<\/p>\r\n\r\n\r\n<hr class=\"wp-block-separator has-alpha-channel-opacity\" \/>\r\n\r\n\r\n<h2 class=\"wp-block-heading\">12. Uitsluiting van garanties<\/h2>\r\n\r\n\r\n\r\n<p>Deze website wordt aangeboden &quot;zoals hij is&quot; en &quot;zoals beschikbaar&quot;.<\/p>\r\n\r\n\r\n\r\n<p>Wij geven geen garanties, expliciet noch impliciet, met betrekking tot ononderbroken toegang, nauwkeurigheid, foutloze werking of de afwezigheid van schadelijke componenten.<\/p>\r\n\r\n\r\n\r\n<p>Niets in deze disclaimer beperkt uw wettelijke rechten met betrekking tot gekochte goederen.<\/p>\r\n\r\n\r\n<hr class=\"wp-block-separator has-alpha-channel-opacity\" \/>\r\n\r\n\r\n<h2 class=\"wp-block-heading\">13. Beperking van aansprakelijkheid<\/h2>\r\n\r\n\r\n\r\n<p>Voor zover wettelijk toegestaan, is Mk Reborns niet aansprakelijk voor:<\/p>\r\n\r\n\r\n\r\n<ul class=\"wp-block-list\">\r\n<li>verliezen die redelijkerwijs niet te voorzien waren op het moment van contractsluiting;<\/li>\r\n\r\n\r\n\r\n<li>verliezen die niet door onze contractbreuk zijn veroorzaakt;<\/li>\r\n\r\n\r\n\r\n<li>zakelijke verliezen of verliezen die niet door consumenten worden veroorzaakt.<\/li>\r\n<\/ul>\r\n\r\n\r\n\r\n<p>Wij sluiten onze aansprakelijkheid niet uit en beperken deze ook niet voor:<\/p>\r\n\r\n\r\n\r\n<p>(a) overlijden of persoonlijk letsel veroorzaakt door nalatigheid;<br \/>(b) fraude of frauduleuze misleiding;<br \/>(c) schending van wettelijk impliciete voorwaarden met betrekking tot titel, omschrijving, kwaliteit of geschiktheid;<br \/>(d) aansprakelijkheid op grond van de toepasselijke wetgeving inzake consumentenbescherming.<\/p>\r\n\r\n\r\n<hr class=\"wp-block-separator has-alpha-channel-opacity\" \/>\r\n\r\n\r\n<h2 class=\"wp-block-heading\">14. Aanvaardbaar gebruik<\/h2>\r\n\r\n\r\n\r\n<p>U stemt ermee in deze website uitsluitend voor wettige doeleinden te gebruiken en op een manier die de rechten van anderen niet schendt en hun gebruik van de website niet beperkt.<\/p>\r\n\r\n\r\n\r\n<p>Verboden gedrag omvat, maar is niet beperkt tot, intimidatie, het verspreiden van aanstootgevend materiaal of het verstoren van de normale werking van de website.<\/p>\r\n\r\n\r\n<hr class=\"wp-block-separator has-alpha-channel-opacity\" \/>\r\n\r\n\r\n<h2 class=\"wp-block-heading\">15. Door gebruikers gegenereerde inhoud (recensies, afbeeldingen, inzendingen)<\/h2>\r\n\r\n\r\n\r\n<p>Door het indienen van recensies, beoordelingen, afbeeldingen of andere inhoud, verklaart en garandeert u het volgende:<\/p>\r\n\r\n\r\n\r\n<ul class=\"wp-block-list\">\r\n<li>U bezit alle intellectuele eigendomsrechten daarop;<\/li>\r\n\r\n\r\n\r\n<li>U hebt afstand gedaan van al uw morele rechten.<\/li>\r\n\r\n\r\n\r\n<li>De inhoud is waarheidsgetrouw en rechtmatig.<\/li>\r\n\r\n\r\n\r\n<li>Je bent ten minste achttien (18) jaar oud.<\/li>\r\n<\/ul>\r\n\r\n\r\n\r\n<p>U verleent Mk Reborns een eeuwigdurende, onherroepelijke, royaltyvrije, wereldwijde licentie om dergelijke inhoud te gebruiken, te reproduceren, te wijzigen, te publiceren, te vertalen, te distribueren en anderszins te exploiteren zonder vergoeding.<\/p>\r\n\r\n\r\n\r\n<p>Wij behouden ons het recht voor om naar eigen inzicht inhoud te bewerken, te verwijderen of de publicatie ervan te weigeren.<\/p>\r\n\r\n\r\n\r\n<p>U blijft volledig verantwoordelijk voor de inhoud die u indient.<\/p>\r\n\r\n\r\n<hr class=\"wp-block-separator has-alpha-channel-opacity\" \/>\r\n\r\n\r\n<h2 class=\"wp-block-heading\">16. Loyaliteitsprogramma<\/h2>\r\n\r\n\r\n\r\n<p>We zijn ons loyaliteitsprogramma aan het herstructureren.<br \/>Bestaande puntensystemen kunnen worden stopgezet zonder dat er nog punten worden opgebouwd of ingewisseld.<\/p>\r\n\r\n\r\n<hr class=\"wp-block-separator has-alpha-channel-opacity\" \/>\r\n\r\n\r\n<h2 class=\"wp-block-heading\">17. Omzetbelasting (Verenigde Staten)<\/h2>\r\n\r\n\r\n\r\n<p>De toepasselijke omzetbelasting of gebruiksbelasting wordt berekend op basis van uw bezorgadres en weergegeven tijdens het afrekenproces.<\/p>\r\n\r\n\r\n\r\n<p>De weergegeven belastingbedragen zijn schattingen; de definitieve belasting wordt bevestigd na afronding van de bestelling.<\/p>\r\n\r\n\r\n<hr class=\"wp-block-separator has-alpha-channel-opacity\" \/>\r\n\r\n\r\n<h2 class=\"wp-block-heading\">18. Externe links<\/h2>\r\n\r\n\r\n\r\n<p>Deze website kan links naar websites van derden bevatten.<br \/>Wij hebben geen controle over dergelijke sites en onderschrijven deze ook niet. Wij aanvaarden geen verantwoordelijkheid voor de inhoud ervan.<\/p>\r\n\r\n\r\n<hr class=\"wp-block-separator has-alpha-channel-opacity\" \/>\r\n\r\n\r\n<h2 class=\"wp-block-heading\">19. Toepasselijk recht en bevoegdheid<\/h2>\r\n<div>Deze voorwaarden en elk geschil of elke vordering die daaruit voortvloeit of daarmee verband houdt (inclusief niet-contractuele geschillen of vorderingen) worden beheerst door en uitgelegd in overeenstemming met de wetten van de Speciale Administratieve Regio Hongkong (HKSAR), zonder rekening te houden met de beginselen van internationaal privaatrecht.<\/div>\r\n<div>U gaat er onherroepelijk mee akkoord dat de rechtbanken van Hongkong exclusieve bevoegdheid hebben om geschillen of vorderingen te beslechten die voortvloeien uit of verband houden met deze voorwaarden of uw gebruik van de website.<\/div>\r\n\r\n\r\n<hr class=\"wp-block-separator has-alpha-channel-opacity\" \/>\r\n\r\n\r\n<h2 class=\"wp-block-heading\">20. Overmacht<\/h2>\r\n\r\n\r\n\r\n<p>Wij zijn niet aansprakelijk voor het niet of te laat nakomen van onze verplichtingen als gevolg van gebeurtenissen buiten onze redelijke controle, waaronder, maar niet beperkt tot, natuurrampen, pandemie\u00ebn, overheidsmaatregelen of burgerlijke onrust.<\/p>\r\n\r\n\r\n\r\n<p>De getroffen verplichtingen worden opgeschort voor de duur van een dergelijk evenement.<\/p>\r\n\r\n\r\n<hr class=\"wp-block-separator has-alpha-channel-opacity\" \/>\r\n\r\n\r\n<h2 class=\"wp-block-heading\">21. Overdracht en scheidbaarheid<\/h2>\r\n\r\n\r\n\r\n<p>Wij mogen onze rechten en verplichtingen onder deze voorwaarden overdragen zonder dat dit afbreuk doet aan uw rechten.<\/p>\r\n\r\n\r\n\r\n<p>U mag uw rechten niet overdragen zonder onze schriftelijke toestemming.<\/p>\r\n\r\n\r\n\r\n<p>Indien een bepaling onafdwingbaar wordt geacht, blijven de overige bepalingen onverminderd van kracht.<\/p>\r\n\r\n\r\n<hr class=\"wp-block-separator has-alpha-channel-opacity\" \/>\r\n\r\n\r\n<h2 class=\"wp-block-heading\">22. Vrijstelling<\/h2>\r\n\r\n\r\n\r\n<p>Het nalaten van Mk Reborns om een bepaling af te dwingen, houdt geen afstand in van het recht om deze in de toekomst wel af te dwingen.<\/p>","protected":false},"excerpt":{"rendered":"<p>1. Inleiding Deze Algemene Voorwaarden (de \u201cVoorwaarden\u201d) regelen uw toegang tot en gebruik van mkreborns.com (de \u201cWebsite\u201d), een digitale<\/p>","protected":false},"author":1,"featured_media":0,"parent":0,"menu_order":0,"comment_status":"closed","ping_status":"closed","template":"","meta":{"footnotes":""},"class_list":["post-3449","page","type-page","status-publish","hentry"],"_links":{"self":[{"href":"https:\/\/www.mkreborns.com\/nl\/wp-json\/wp\/v2\/pages\/3449","targetHints":{"allow":["GET"]}}],"collection":[{"href":"https:\/\/www.mkreborns.com\/nl\/wp-json\/wp\/v2\/pages"}],"about":[{"href":"https:\/\/www.mkreborns.com\/nl\/wp-json\/wp\/v2\/types\/page"}],"author":[{"embeddable":true,"href":"https:\/\/www.mkreborns.com\/nl\/wp-json\/wp\/v2\/users\/1"}],"replies":[{"embeddable":true,"href":"https:\/\/www.mkreborns.com\/nl\/wp-json\/wp\/v2\/comments?post=3449"}],"version-history":[{"count":0,"href":"https:\/\/www.mkreborns.com\/nl\/wp-json\/wp\/v2\/pages\/3449\/revisions"}],"wp:attachment":[{"href":"https:\/\/www.mkreborns.com\/nl\/wp-json\/wp\/v2\/media?parent=3449"}],"curies":[{"name":"wp","href":"https:\/\/api.w.org\/{rel}","templated":true}]}}