{"id":4602,"date":"2026-05-07T01:53:54","date_gmt":"2026-05-07T01:53:54","guid":{"rendered":"https:\/\/www.mkreborns.com\/?post_type=product&#038;p=4602"},"modified":"2026-05-13T14:41:14","modified_gmt":"2026-05-13T14:41:14","slug":"12-inch-full-silicone-children-gifts-reborn-baby-doll","status":"publish","type":"product","link":"https:\/\/www.mkreborns.com\/nb\/product\/12-inch-full-silicone-children-gifts-reborn-baby-doll\/","title":{"rendered":"12 tommers full silikon barnegaver gjenf\u00f8dt babydukke"},"content":{"rendered":"<div class=\"product-specs-list-container\"><\/div>\n<div class=\"detailmodule_text\">\n<p class=\"detail-desc-decorate-content\" style=\"font-family: OpenSans; font-size: 14px; font-weight: 300; line-height: 20px; white-space: pre-wrap; margin-bottom: 12px;\"><span style=\"color: #000000;\">H\u00f8yde: 12 tommer<\/span><br \/>\n<span style=\"color: #000000;\">Vekt: 1,1 kg<\/span><br \/>\n<span style=\"color: #000000;\">Kj\u00f8nn: Gutt<\/span><br \/>\n<span style=\"color: #000000;\">Materiale: Silikon<\/span><br \/>\n<span style=\"color: #000000;\">Denne gjenf\u00f8dte dukken sendes uten p\u00e5kledning; kl\u00e6r er ikke inkludert. Hvis du trenger antrekk, kan du se gjennom seksjonen v\u00e5r for tilbeh\u00f8r til gjenf\u00f8dte dukker for \u00e5 velge kl\u00e6r som passer dine preferanser.<\/span><br \/>\n<span style=\"color: #000000;\">Den gjenf\u00f8dte dukken har fleksible lemmer, slik at den enkelt kan sitte opp, ligge ned eller innta forskjellige sovestillinger. Den inneholder ingen ekstra elektroniske komponenter, noe som reduserer vedlikeholdsbehovet betydelig. Gjenf\u00f8dte dukker kan gis til de menneskene du verdsetter mest som bursdagsgaver, julegaver, barneleker eller gjenstander til en dukkesamling.<\/span><\/p>\n<p>&nbsp;<\/p>\n<\/div>\n<div class=\"detailmodule_image\"><img decoding=\"async\" class=\"detail-desc-decorate-image\" src=\"https:\/\/www.mkreborns.com\/wp-content\/uploads\/2026\/05\/kf-Sa2b8d47ad684458b990351e19f5d1a2bs-1.webp\" alt=\"\" title=\"\"><img decoding=\"async\" class=\"detail-desc-decorate-image\" src=\"https:\/\/www.mkreborns.com\/wp-content\/uploads\/2026\/05\/kf-S39ce9a8a554f438a96fcf130a132d83aa-1.webp\" alt=\"\" title=\"\"><img decoding=\"async\" class=\"detail-desc-decorate-image\" src=\"https:\/\/www.mkreborns.com\/wp-content\/uploads\/2026\/05\/kf-S3d4515f2deb64d17aeee4f89277607772-1.webp\" alt=\"Gjenf\u00f8dt silikondukke med bevegelige lemmer, perfekt for barn og samlere. Myk og naturtro.\" title=\"\"> <img decoding=\"async\" class=\"detail-desc-decorate-image\" src=\"https:\/\/www.mkreborns.com\/wp-content\/uploads\/2026\/05\/kf-S83d31e6e6fb847929a053f66ca75cd2dp-1.webp\" alt=\"Realistisk gjenf\u00f8dt babydukke, 30 cm, helsilikon, egnet for barn og gaver, med detaljer.\" title=\"\"> <img decoding=\"async\" class=\"detail-desc-decorate-image\" src=\"https:\/\/www.mkreborns.com\/wp-content\/uploads\/2026\/05\/kf-S1d7c4a92f2da488182c621f78f77ba35K-1.webp\" alt=\"\" title=\"\"><\/div>","protected":false},"excerpt":{"rendered":"<p>Denne nyf\u00f8dte gjenf\u00f8dte dukken er en ideell gave til barn, venner eller familiemedlemmer, og fungerer som en fantastisk f\u00f8lgesvenn. Den gjenf\u00f8dte dukkens lemmer er poserbare, slik at den kan plasseres i en rekke sovestillinger \u2013 noe som gir dens rolle som f\u00f8lgesvenn et ekstra preg av naturtrohet.<\/p>","protected":false},"featured_media":4603,"comment_status":"open","ping_status":"closed","template":"","meta":[],"product_brand":[],"product_cat":[240,145,155,154,153],"product_tag":[],"class_list":{"0":"post-4602","1":"product","2":"type-product","3":"status-publish","4":"has-post-thumbnail","6":"product_cat-12-inch-reborn-dolls","7":"product_cat-baby-boy-reborn-dolls","8":"product_cat-cute-reborn-dolls","9":"product_cat-lifelike-reborn-dolls","10":"product_cat-newborn-reborn-dolls","12":"first","13":"instock","14":"sale","15":"shipping-taxable","16":"purchasable","17":"product-type-simple"},"_links":{"self":[{"href":"https:\/\/www.mkreborns.com\/nb\/wp-json\/wp\/v2\/product\/4602","targetHints":{"allow":["GET"]}}],"collection":[{"href":"https:\/\/www.mkreborns.com\/nb\/wp-json\/wp\/v2\/product"}],"about":[{"href":"https:\/\/www.mkreborns.com\/nb\/wp-json\/wp\/v2\/types\/product"}],"replies":[{"embeddable":true,"href":"https:\/\/www.mkreborns.com\/nb\/wp-json\/wp\/v2\/comments?post=4602"}],"wp:featuredmedia":[{"embeddable":true,"href":"https:\/\/www.mkreborns.com\/nb\/wp-json\/wp\/v2\/media\/4603"}],"wp:attachment":[{"href":"https:\/\/www.mkreborns.com\/nb\/wp-json\/wp\/v2\/media?parent=4602"}],"wp:term":[{"taxonomy":"product_brand","embeddable":true,"href":"https:\/\/www.mkreborns.com\/nb\/wp-json\/wp\/v2\/product_brand?post=4602"},{"taxonomy":"product_cat","embeddable":true,"href":"https:\/\/www.mkreborns.com\/nb\/wp-json\/wp\/v2\/product_cat?post=4602"},{"taxonomy":"product_tag","embeddable":true,"href":"https:\/\/www.mkreborns.com\/nb\/wp-json\/wp\/v2\/product_tag?post=4602"}],"curies":[{"name":"wp","href":"https:\/\/api.w.org\/{rel}","templated":true}]}}