{"id":4594,"date":"2026-05-07T01:52:24","date_gmt":"2026-05-07T01:52:24","guid":{"rendered":"https:\/\/www.mkreborns.com\/?post_type=product&#038;p=4594"},"modified":"2026-05-13T15:23:59","modified_gmt":"2026-05-13T15:23:59","slug":"19-inches-solid-silicone-cute-reborn-doll","status":"publish","type":"product","link":"https:\/\/www.mkreborns.com\/nb\/product\/19-inches-solid-silicone-cute-reborn-doll\/","title":{"rendered":"19 tommer solid silikon s\u00f8t gjenf\u00f8dt dukke"},"content":{"rendered":"<div class=\"product-specs-list-container\"><\/div>\n<div class=\"detailmodule_text\">\n<p>H\u00f8yde: 18,9 tommer<br \/>\nKj\u00f8nn: Guttebaby<br \/>\nVekt: 3,1 kg<br \/>\nMateriale: Silikon<br \/>\nEt tilfeldig valgt antrekk vil bli inkludert som en gratis gave ved kj\u00f8p av denne gjenf\u00f8dte dukken.<\/p>\n<p>Denne gjenf\u00f8dte dukken er laget av silikonmateriale og kan rengj\u00f8res med varmt vann. Den m\u00e5 imidlertid t\u00f8rkes grundig umiddelbart etter vask. Som en solid gjenf\u00f8dt silikondukke gir den en taktil f\u00f8lelse som er bemerkelsesverdig lik den p\u00e5 en ekte babyhud. Med en h\u00f8yde p\u00e5 46 cm har denne gjenf\u00f8dte dukken omtrent de fysiske dimensjonene til en ekte nyf\u00f8dt, noe som gj\u00f8r den ideell for kos eller fremvisning. Denne s\u00f8te gjenf\u00f8dte dukken har en moderat vekt som gj\u00f8r den enkel \u00e5 b\u00e6re, samtidig som den beholder den autentiske, naturtro vekten til et ekte spedbarn.<br \/>\nFor oppbevaring anbefales det \u00e5 legge den reborn-dukken flatt eller plassere den st\u00e5ende for \u00e5 forhindre deformasjon for\u00e5rsaket av tunge gjenstander eller langvarig kompresjon. For \u00e5 sikre at den reborn-dukken din varer lenge, m\u00e5 du holde den unna direkte lys og st\u00f8v, og beskytte den mot skarpe gjenstander og kj\u00e6ledyr for \u00e5 unng\u00e5 \u00e5 skade silikonmaterialet.<\/p>\n<p>&nbsp;<\/p>\n<\/div>\n<div class=\"detailmodule_image\"><img decoding=\"async\" class=\"detail-desc-decorate-image\" src=\"https:\/\/www.mkreborns.com\/wp-content\/uploads\/2026\/05\/kf-Sd449c2299cac4582b03493bccbd5ba86G.webp\" alt=\"Sv\u00e6rt detaljert 18,9-tommers gjenf\u00f8dt silikondukke, myk ber\u00f8ring, vaskbar, perfekt for samlerbruk eller gave.\" title=\"\"><\/div>","protected":false},"excerpt":{"rendered":"<p>Reborn-dukker simulerer mykheten og elastisiteten til ekte spedbarnshud, og gir en varm, sk\u00e5nsom og hudvennlig ber\u00f8ring. Disse reborn-dukkene er laget av solid silikon og har eksepsjonell motstand mot oksidasjon, noe som sikrer at de ikke lett gulner eller sprekker selv etter langvarig bruk.<\/p>","protected":false},"featured_media":4595,"comment_status":"open","ping_status":"closed","template":"","meta":[],"product_brand":[],"product_cat":[241,145,243,155,146,154,153,157],"product_tag":[],"class_list":{"0":"post-4594","1":"product","2":"type-product","3":"status-publish","4":"has-post-thumbnail","6":"product_cat-19-inch-reborn-dolls","7":"product_cat-baby-boy-reborn-dolls","8":"product_cat-black-reborn-dolls","9":"product_cat-cute-reborn-dolls","10":"product_cat-full-silicone-reborn-dolls","11":"product_cat-lifelike-reborn-dolls","12":"product_cat-newborn-reborn-dolls","13":"product_cat-real-life-baby-dolls","15":"first","16":"instock","17":"sale","18":"shipping-taxable","19":"purchasable","20":"product-type-simple"},"_links":{"self":[{"href":"https:\/\/www.mkreborns.com\/nb\/wp-json\/wp\/v2\/product\/4594","targetHints":{"allow":["GET"]}}],"collection":[{"href":"https:\/\/www.mkreborns.com\/nb\/wp-json\/wp\/v2\/product"}],"about":[{"href":"https:\/\/www.mkreborns.com\/nb\/wp-json\/wp\/v2\/types\/product"}],"replies":[{"embeddable":true,"href":"https:\/\/www.mkreborns.com\/nb\/wp-json\/wp\/v2\/comments?post=4594"}],"wp:featuredmedia":[{"embeddable":true,"href":"https:\/\/www.mkreborns.com\/nb\/wp-json\/wp\/v2\/media\/4595"}],"wp:attachment":[{"href":"https:\/\/www.mkreborns.com\/nb\/wp-json\/wp\/v2\/media?parent=4594"}],"wp:term":[{"taxonomy":"product_brand","embeddable":true,"href":"https:\/\/www.mkreborns.com\/nb\/wp-json\/wp\/v2\/product_brand?post=4594"},{"taxonomy":"product_cat","embeddable":true,"href":"https:\/\/www.mkreborns.com\/nb\/wp-json\/wp\/v2\/product_cat?post=4594"},{"taxonomy":"product_tag","embeddable":true,"href":"https:\/\/www.mkreborns.com\/nb\/wp-json\/wp\/v2\/product_tag?post=4594"}],"curies":[{"name":"wp","href":"https:\/\/api.w.org\/{rel}","templated":true}]}}