{"id":4466,"date":"2026-04-23T14:30:10","date_gmt":"2026-04-23T14:30:10","guid":{"rendered":"https:\/\/www.mkreborns.com\/?post_type=product&#038;p=4466"},"modified":"2026-04-30T16:16:29","modified_gmt":"2026-04-30T16:16:29","slug":"8-inch-palm-sized-bald-baby-girl-reborn-doll","status":"publish","type":"product","link":"https:\/\/www.mkreborns.com\/nb\/product\/8-inch-palm-sized-bald-baby-girl-reborn-doll\/","title":{"rendered":"8 tommers h\u00e5ndflatest\u00f8rrelse skallet babyjente gjenf\u00f8dt dukke"},"content":{"rendered":"<p>Denne gjenf\u00f8dte dukken er laget av myk, elastisk silikon, og er enkel \u00e5 vedlikeholde takket v\u00e6re den h\u00e5rl\u00f8se designen. Dette h\u00e5ndflatestore, kreative leket\u00f8yet er sv\u00e6rt b\u00e6rbart, noe som sparer deg for bryderiet som ofte er forbundet med st\u00f8rre gjenstander.<\/p>\n<p>Materiale: Silikon<br \/>\nKj\u00f8nn: Jente<br \/>\nH\u00f8yde: 20 cm<br \/>\nVekt: 0,5 kg<br \/>\nEmballasjevekt: 1 kg<\/p>\n<p>Komplett pakke inkluderer: Kl\u00e6r.<\/p>\n<p>Vennligst tillat en manuell toleranse p\u00e5 0,5\u20131 tommer, da produktet ble m\u00e5lt manuelt.<\/p>\n<div style=\"width: 720px;\" class=\"wp-video\"><video class=\"wp-video-shortcode\" id=\"video-4466-1\" width=\"720\" height=\"1280\" preload=\"metadata\" controls=\"controls\"><source type=\"video\/mp4\" src=\"https:\/\/www.mkreborns.com\/wp-content\/uploads\/2026\/04\/8-inch-reborn-doll.mp4?_=1\" \/><a href=\"https:\/\/www.mkreborns.com\/wp-content\/uploads\/2026\/04\/8-inch-reborn-doll.mp4\">https:\/\/www.mkreborns.com\/wp-content\/uploads\/2026\/04\/8-inch-reborn-doll.mp4<\/a><\/video><\/div>\n<p><img decoding=\"async\" src=\"https:\/\/www.mkreborns.com\/wp-content\/uploads\/2026\/04\/O1CN01T3SK6B1jfP7VBeqTY_2220331144575-0-cib.jpg\" alt=\"\" title=\"\"><\/p>\n<p><img decoding=\"async\" src=\"https:\/\/www.mkreborns.com\/wp-content\/uploads\/2026\/04\/O1CN01hEV4qH1jfP7UhqGsO_2220331144575-0-cib.jpg\" alt=\"\" title=\"\"><\/p>\n<p><img decoding=\"async\" src=\"https:\/\/www.mkreborns.com\/wp-content\/uploads\/2026\/04\/O1CN01IZPdQF1jfP7V1pSFH_2220331144575-0-cib.jpg\" alt=\"\" title=\"\"><\/p>\n<p><img decoding=\"async\" src=\"https:\/\/www.mkreborns.com\/wp-content\/uploads\/2026\/04\/O1CN01CGYU6v1jfP7Q10uc3_2220331144575-0-cib.jpg\" alt=\"\" title=\"\"><\/p>\n<p><img decoding=\"async\" src=\"https:\/\/www.mkreborns.com\/wp-content\/uploads\/2026\/04\/O1CN01CtP74H1jfP7VRQuYb_2220331144575-0-cib.jpg\" alt=\"\" title=\"\"><\/p>\n<p><img decoding=\"async\" src=\"https:\/\/www.mkreborns.com\/wp-content\/uploads\/2026\/04\/O1CN01wMCZ4Y1jfP7VjiVzB_2220331144575-0-cib.jpg\" alt=\"\" title=\"\"><\/p>\n<p>&nbsp;<\/p>\n<p><img decoding=\"async\" src=\"https:\/\/www.mkreborns.com\/wp-content\/uploads\/2026\/04\/O1CN01BTPreB1jfP7VCIS8w_2220331144575-0-cib.jpg\" alt=\"\" title=\"\"><\/p>\n<p><img decoding=\"async\" src=\"https:\/\/www.mkreborns.com\/wp-content\/uploads\/2026\/04\/O1CN01DWeB5p1jfP7VCGAly_2220331144575-0-cib.jpg\" alt=\"\" title=\"\"><\/p>\n<p><img decoding=\"async\" src=\"https:\/\/www.mkreborns.com\/wp-content\/uploads\/2026\/04\/O1CN010AjmP01jfP7ULKLJ9_2220331144575-0-cib.jpg\" alt=\"\" title=\"\"><\/p>\n<p>&nbsp;<\/p>","protected":false},"excerpt":{"rendered":"<p>Denne h\u00e5ndflatestore gjenf\u00f8dte dukken m\u00e5ler omtrent 20 cm, noe som gj\u00f8r den enkel \u00e5 ta med seg overalt. Hvis du f\u00f8ler deg stresset, kan dette leket\u00f8yet til og med hjelpe deg med \u00e5 finne lindring.<\/p>","protected":false},"featured_media":4480,"comment_status":"open","ping_status":"closed","template":"","meta":[],"product_brand":[],"product_cat":[153,260,144,155,146,157],"product_tag":[],"class_list":{"0":"post-4466","1":"product","2":"type-product","3":"status-publish","4":"has-post-thumbnail","6":"product_cat-newborn-reborn-dolls","7":"product_cat-8-inch-reborn-dolls","8":"product_cat-baby-girl-reborn-dolls","9":"product_cat-cute-reborn-dolls","10":"product_cat-full-silicone-reborn-dolls","11":"product_cat-real-life-baby-dolls","13":"first","14":"instock","15":"sale","16":"shipping-taxable","17":"purchasable","18":"product-type-simple"},"_links":{"self":[{"href":"https:\/\/www.mkreborns.com\/nb\/wp-json\/wp\/v2\/product\/4466","targetHints":{"allow":["GET"]}}],"collection":[{"href":"https:\/\/www.mkreborns.com\/nb\/wp-json\/wp\/v2\/product"}],"about":[{"href":"https:\/\/www.mkreborns.com\/nb\/wp-json\/wp\/v2\/types\/product"}],"replies":[{"embeddable":true,"href":"https:\/\/www.mkreborns.com\/nb\/wp-json\/wp\/v2\/comments?post=4466"}],"wp:featuredmedia":[{"embeddable":true,"href":"https:\/\/www.mkreborns.com\/nb\/wp-json\/wp\/v2\/media\/4480"}],"wp:attachment":[{"href":"https:\/\/www.mkreborns.com\/nb\/wp-json\/wp\/v2\/media?parent=4466"}],"wp:term":[{"taxonomy":"product_brand","embeddable":true,"href":"https:\/\/www.mkreborns.com\/nb\/wp-json\/wp\/v2\/product_brand?post=4466"},{"taxonomy":"product_cat","embeddable":true,"href":"https:\/\/www.mkreborns.com\/nb\/wp-json\/wp\/v2\/product_cat?post=4466"},{"taxonomy":"product_tag","embeddable":true,"href":"https:\/\/www.mkreborns.com\/nb\/wp-json\/wp\/v2\/product_tag?post=4466"}],"curies":[{"name":"wp","href":"https:\/\/api.w.org\/{rel}","templated":true}]}}