{"id":4347,"date":"2026-03-26T02:52:14","date_gmt":"2026-03-26T02:52:14","guid":{"rendered":"https:\/\/www.mkreborns.com\/product\/lena-13-inch-girl-reborn-doll-toy\/"},"modified":"2026-03-26T08:32:33","modified_gmt":"2026-03-26T08:32:33","slug":"lena-13-inch-girl-reborn-doll-toy","status":"publish","type":"product","link":"https:\/\/www.mkreborns.com\/nb\/product\/lena-13-inch-girl-reborn-doll-toy\/","title":{"rendered":"Lena 13 tommers jente gjenf\u00f8dt dukke leket\u00f8y"},"content":{"rendered":"<p>Hvis du planlegger \u00e5 bli forelder eller \u00f8nsker \u00e5 oppleve gledene ved \u00e5 oppdra et barn, kan du velge en realistisk gjenf\u00f8dt silikondukke. Dukkens naturtro funksjoner er akkurat som en ekte baby, og du kan til og med kle den opp i forskjellige antrekk du liker.<\/p>\n<p>Materiale: Silikon<br \/>\nKj\u00f8nn: Jente<br \/>\nH\u00f8yde: 12,8 tommer<br \/>\nVekt: 1,3 kg<br \/>\n\u00d8yevipper: Selvklebende \u00f8yevipper<br \/>\nEmballasjevekt: 2 kg<br \/>\nKomplett pakke inneholder: Kl\u00e6r, bleie og flaske.<\/p>\n<p>&nbsp;<\/p>\n<p><img decoding=\"async\" src=\"https:\/\/www.mkreborns.com\/wp-content\/uploads\/2026\/03\/O1CN01RTOK1h1jfP5toHUAf_2220331144575-0-cib-1.jpg\" alt=\"\" title=\"\"><img decoding=\"async\" src=\"https:\/\/www.mkreborns.com\/wp-content\/uploads\/2026\/03\/O1CN013Gh3cl1jfP5rz2GKO_2220331144575-0-cib-1.jpg\" alt=\"\" title=\"\"><img decoding=\"async\" src=\"https:\/\/www.mkreborns.com\/wp-content\/uploads\/2026\/03\/O1CN014H4B9L1jfP5tPKuRi_2220331144575-0-cib-1.jpg\" alt=\"\" title=\"\"><img decoding=\"async\" src=\"https:\/\/www.mkreborns.com\/wp-content\/uploads\/2026\/03\/O1CN01FcQBod1jfP5uK98AD_2220331144575-0-cib-1.jpg\" alt=\"\" title=\"\"><\/p>","protected":false},"excerpt":{"rendered":"<p>Den gjenf\u00f8dte silikondukken har en miniatyrkropp og et uskyldig blikk i \u00f8ynene, noe som gj\u00f8r det vanskelig \u00e5 ikke forelske seg i den.<\/p>","protected":false},"featured_media":4344,"comment_status":"open","ping_status":"closed","template":"","meta":[],"product_brand":[],"product_cat":[238,144,155,146,156,154,153,157],"product_tag":[],"class_list":{"0":"post-4347","1":"product","2":"type-product","3":"status-publish","4":"has-post-thumbnail","6":"product_cat-13-inch-reborn-dolls","7":"product_cat-baby-girl-reborn-dolls","8":"product_cat-cute-reborn-dolls","9":"product_cat-full-silicone-reborn-dolls","10":"product_cat-life-sized-dolls","11":"product_cat-lifelike-reborn-dolls","12":"product_cat-newborn-reborn-dolls","13":"product_cat-real-life-baby-dolls","15":"first","16":"instock","17":"sale","18":"shipping-taxable","19":"purchasable","20":"product-type-simple"},"_links":{"self":[{"href":"https:\/\/www.mkreborns.com\/nb\/wp-json\/wp\/v2\/product\/4347","targetHints":{"allow":["GET"]}}],"collection":[{"href":"https:\/\/www.mkreborns.com\/nb\/wp-json\/wp\/v2\/product"}],"about":[{"href":"https:\/\/www.mkreborns.com\/nb\/wp-json\/wp\/v2\/types\/product"}],"replies":[{"embeddable":true,"href":"https:\/\/www.mkreborns.com\/nb\/wp-json\/wp\/v2\/comments?post=4347"}],"wp:featuredmedia":[{"embeddable":true,"href":"https:\/\/www.mkreborns.com\/nb\/wp-json\/wp\/v2\/media\/4344"}],"wp:attachment":[{"href":"https:\/\/www.mkreborns.com\/nb\/wp-json\/wp\/v2\/media?parent=4347"}],"wp:term":[{"taxonomy":"product_brand","embeddable":true,"href":"https:\/\/www.mkreborns.com\/nb\/wp-json\/wp\/v2\/product_brand?post=4347"},{"taxonomy":"product_cat","embeddable":true,"href":"https:\/\/www.mkreborns.com\/nb\/wp-json\/wp\/v2\/product_cat?post=4347"},{"taxonomy":"product_tag","embeddable":true,"href":"https:\/\/www.mkreborns.com\/nb\/wp-json\/wp\/v2\/product_tag?post=4347"}],"curies":[{"name":"wp","href":"https:\/\/api.w.org\/{rel}","templated":true}]}}