{"id":4220,"date":"2026-03-25T02:36:20","date_gmt":"2026-03-25T02:36:20","guid":{"rendered":"https:\/\/www.mkreborns.com\/?post_type=product&#038;p=4220"},"modified":"2026-03-25T02:47:14","modified_gmt":"2026-03-25T02:47:14","slug":"ronal-avatar-silicone-newborn-baby-reborn-doll","status":"publish","type":"product","link":"https:\/\/www.mkreborns.com\/nb\/product\/ronal-avatar-silicone-newborn-baby-reborn-doll\/","title":{"rendered":"Ronal Avatar silikon nyf\u00f8dt baby gjenf\u00f8dt dukke"},"content":{"rendered":"<p><strong>Parametere:<\/strong><\/p>\n<ul>\n<li>Kjemikalie med h\u00f8y bekymring: Ingen<\/li>\n<li>Kj\u00f8nn: Unisex<\/li>\n<li>Dimensjoner: 12 tommer, 30 cm<\/li>\n<li>Materiale: silikon<\/li>\n<li>Vekt: Dukkens nettovekt er rundt 1,15 kg<\/li>\n<\/ul>\n<h2>Baby gjenf\u00f8dte avatardukker med myk silikonrealisme<\/h2>\n<div>Designet til denne reborn-avatardukken er n\u00f8ye skulpturert for \u00e5 gjenspeile den nyf\u00f8dte, samtidig som det introduserer en subtil fantasiestetikk. Hele kroppen er laget av solid silikon, og gir en glatt og fleksibel f\u00f8lelse som overg\u00e5r tradisjonell vinyl. Innenfor butikker med reborn-avatardukker i silikon skiller denne modellen seg ut med sin kompakte 30 cm st\u00f8rrelse og balanserte h\u00e5ndverk.<\/div>\n<h3>Slitesterk struktur med raffinerte visuelle detaljer<\/h3>\n<div>Den s\u00f8ml\u00f8se silikonkroppen sikrer holdbarhet samtidig som den opprettholder en naturtro taktil respons. Med klare akryl\u00f8yne og en lett vekt p\u00e5 1,15 kg gir den et naturlig grep. Som en realistisk gjenf\u00f8dt avatardukke til en lav pris, tilbyr den p\u00e5litelig kvalitet uten h\u00f8y kostnad, noe som gj\u00f8r den egnet for b\u00e5de samlere og gavekj\u00f8pere.<\/div>\n<h3>Produktegenskaper og fordeler<\/h3>\n<ol>\n<li>Hel silikonkropp med myk, elastisk tekstur<\/li>\n<li>12-tommers st\u00f8rrelse er ideell for visning og h\u00e5ndtering<\/li>\n<li>Lett struktur p\u00e5 omtrent 1,15 kg<\/li>\n<li>Detaljerte akryl\u00f8yner med klar finish<\/li>\n<li>Unisex-design for allsidig appell<\/li>\n<\/ol>","protected":false},"excerpt":{"rendered":"<p>Myk, kompakt og visuelt sl\u00e5ende. Denne gjenf\u00f8dte avatar-dukken blander delikate nyf\u00f8dtproporsjoner med glatt silikontekstur for en fengslende fremvisning.<\/p>","protected":false},"featured_media":4221,"comment_status":"open","ping_status":"closed","template":"","meta":[],"product_brand":[],"product_cat":[239,240,145,144,146,156,153],"product_tag":[],"class_list":{"0":"post-4220","1":"product","2":"type-product","3":"status-publish","4":"has-post-thumbnail","6":"product_cat-avatar-reborn-dolls","7":"product_cat-12-inch-reborn-dolls","8":"product_cat-baby-boy-reborn-dolls","9":"product_cat-baby-girl-reborn-dolls","10":"product_cat-full-silicone-reborn-dolls","11":"product_cat-life-sized-dolls","12":"product_cat-newborn-reborn-dolls","14":"first","15":"instock","16":"sale","17":"shipping-taxable","18":"purchasable","19":"product-type-simple"},"_links":{"self":[{"href":"https:\/\/www.mkreborns.com\/nb\/wp-json\/wp\/v2\/product\/4220","targetHints":{"allow":["GET"]}}],"collection":[{"href":"https:\/\/www.mkreborns.com\/nb\/wp-json\/wp\/v2\/product"}],"about":[{"href":"https:\/\/www.mkreborns.com\/nb\/wp-json\/wp\/v2\/types\/product"}],"replies":[{"embeddable":true,"href":"https:\/\/www.mkreborns.com\/nb\/wp-json\/wp\/v2\/comments?post=4220"}],"wp:featuredmedia":[{"embeddable":true,"href":"https:\/\/www.mkreborns.com\/nb\/wp-json\/wp\/v2\/media\/4221"}],"wp:attachment":[{"href":"https:\/\/www.mkreborns.com\/nb\/wp-json\/wp\/v2\/media?parent=4220"}],"wp:term":[{"taxonomy":"product_brand","embeddable":true,"href":"https:\/\/www.mkreborns.com\/nb\/wp-json\/wp\/v2\/product_brand?post=4220"},{"taxonomy":"product_cat","embeddable":true,"href":"https:\/\/www.mkreborns.com\/nb\/wp-json\/wp\/v2\/product_cat?post=4220"},{"taxonomy":"product_tag","embeddable":true,"href":"https:\/\/www.mkreborns.com\/nb\/wp-json\/wp\/v2\/product_tag?post=4220"}],"curies":[{"name":"wp","href":"https:\/\/api.w.org\/{rel}","templated":true}]}}