{"id":4184,"date":"2026-03-22T15:16:30","date_gmt":"2026-03-22T15:16:30","guid":{"rendered":"https:\/\/www.mkreborns.com\/product\/22-inch-baby-soft-vinyl-toy-reborn-doll\/"},"modified":"2026-03-22T15:46:25","modified_gmt":"2026-03-22T15:46:25","slug":"22-inch-baby-soft-vinyl-toy-reborn-doll","status":"publish","type":"product","link":"https:\/\/www.mkreborns.com\/nb\/product\/22-inch-baby-soft-vinyl-toy-reborn-doll\/","title":{"rendered":"22 tommers baby myk vinylleket\u00f8y gjenf\u00f8dt dukke"},"content":{"rendered":"<p>Den 55 cm h\u00f8ye Reborn-dukken er et flott kreativt leket\u00f8y. Denne Reborn-dukken er en jente, s\u00e5 hvis du liker jenter eller barnet ditt trenger en lekekamerat, ville dette v\u00e6re et godt valg. Reborn-dukken har ikke kompliserte elektroniske komponenter, noe som gj\u00f8r den enkel \u00e5 ta vare p\u00e5.<\/p>\n<p>Materiale: Heldekkende PVC<br \/>\nKj\u00f8nn: Jente<br \/>\nH\u00f8yde: 22 tommer<br \/>\nVekt: 1,6 kg<br \/>\n\u00d8yevipper: Selvklebende \u00f8yevipper<br \/>\nEmballasjevekt: 2,8 kg<br \/>\nEmballasjem\u00e5l: 55 * 20 * 14 cm<br \/>\nKomplett pakke inkluderer: Kl\u00e6r, bleie, magnetisk smokk og flaske.<\/p>\n<p><img decoding=\"async\" class=\"aligncenter wp-image-4188 size-full\" src=\"https:\/\/www.mkreborns.com\/wp-content\/themes\/woodmart\/images\/lazy.svg\" data-src=\"https:\/\/www.mkreborns.com\/wp-content\/uploads\/2026\/03\/O1CN01PpFvNU1Q2wt0qnoX3_2214704711919-0-cib.jpg\" alt=\"Gjenf\u00f8dt dukke med realistisk myk vinyl, kr\u00f8llete h\u00e5r og bl\u00e5 \u00f8yne, perfekt for samlere.\" width=\"1200\" height=\"1200\" title=\"\" srcset=\"\" data-srcset=\"https:\/\/www.mkreborns.com\/wp-content\/uploads\/2026\/03\/O1CN01PpFvNU1Q2wt0qnoX3_2214704711919-0-cib.jpg 1200w, https:\/\/www.mkreborns.com\/wp-content\/uploads\/2026\/03\/O1CN01PpFvNU1Q2wt0qnoX3_2214704711919-0-cib-300x300.jpg 300w, https:\/\/www.mkreborns.com\/wp-content\/uploads\/2026\/03\/O1CN01PpFvNU1Q2wt0qnoX3_2214704711919-0-cib-800x800.jpg 800w, https:\/\/www.mkreborns.com\/wp-content\/uploads\/2026\/03\/O1CN01PpFvNU1Q2wt0qnoX3_2214704711919-0-cib-150x150.jpg 150w, https:\/\/www.mkreborns.com\/wp-content\/uploads\/2026\/03\/O1CN01PpFvNU1Q2wt0qnoX3_2214704711919-0-cib-768x768.jpg 768w, https:\/\/www.mkreborns.com\/wp-content\/uploads\/2026\/03\/O1CN01PpFvNU1Q2wt0qnoX3_2214704711919-0-cib-12x12.jpg 12w, https:\/\/www.mkreborns.com\/wp-content\/uploads\/2026\/03\/O1CN01PpFvNU1Q2wt0qnoX3_2214704711919-0-cib-700x700.jpg 700w\" sizes=\"(max-width: 1200px) 100vw, 1200px\" \/><\/p>\n<p><img decoding=\"async\" class=\"aligncenter wp-image-4185 size-full\" src=\"https:\/\/www.mkreborns.com\/wp-content\/themes\/woodmart\/images\/lazy.svg\" data-src=\"https:\/\/www.mkreborns.com\/wp-content\/uploads\/2026\/03\/O1CN01xiOrQd1Q2wt261hyq_2214704711919-0-cib.jpg\" alt=\"Sv\u00e6rt detaljert 22-tommers gjenf\u00f8dt babydukke med myk vinylkropp og naturtro funksjoner for samlere.\" width=\"1200\" height=\"1200\" title=\"\" srcset=\"\" data-srcset=\"https:\/\/www.mkreborns.com\/wp-content\/uploads\/2026\/03\/O1CN01xiOrQd1Q2wt261hyq_2214704711919-0-cib.jpg 1200w, https:\/\/www.mkreborns.com\/wp-content\/uploads\/2026\/03\/O1CN01xiOrQd1Q2wt261hyq_2214704711919-0-cib-300x300.jpg 300w, https:\/\/www.mkreborns.com\/wp-content\/uploads\/2026\/03\/O1CN01xiOrQd1Q2wt261hyq_2214704711919-0-cib-800x800.jpg 800w, https:\/\/www.mkreborns.com\/wp-content\/uploads\/2026\/03\/O1CN01xiOrQd1Q2wt261hyq_2214704711919-0-cib-150x150.jpg 150w, https:\/\/www.mkreborns.com\/wp-content\/uploads\/2026\/03\/O1CN01xiOrQd1Q2wt261hyq_2214704711919-0-cib-768x768.jpg 768w, https:\/\/www.mkreborns.com\/wp-content\/uploads\/2026\/03\/O1CN01xiOrQd1Q2wt261hyq_2214704711919-0-cib-12x12.jpg 12w, https:\/\/www.mkreborns.com\/wp-content\/uploads\/2026\/03\/O1CN01xiOrQd1Q2wt261hyq_2214704711919-0-cib-700x700.jpg 700w\" sizes=\"(max-width: 1200px) 100vw, 1200px\" \/><\/p>\n<p>Vennligst tillat en manuell toleranse p\u00e5 0,5\u20131 tommer, da produktet ble m\u00e5lt manuelt.<\/p>","protected":false},"excerpt":{"rendered":"<p>Den gjenf\u00f8dte dukken, laget av PVC, er vaskbar og enkel \u00e5 b\u00e6re.<\/p>","protected":false},"featured_media":4185,"comment_status":"open","ping_status":"closed","template":"","meta":[],"product_brand":[],"product_cat":[235,144,155,156,154,157,152],"product_tag":[],"class_list":{"0":"post-4184","1":"product","2":"type-product","3":"status-publish","4":"has-post-thumbnail","6":"product_cat-22-inch-reborn-dolls","7":"product_cat-baby-girl-reborn-dolls","8":"product_cat-cute-reborn-dolls","9":"product_cat-life-sized-dolls","10":"product_cat-lifelike-reborn-dolls","11":"product_cat-real-life-baby-dolls","12":"product_cat-vinyl-reborn-dolls","14":"first","15":"instock","16":"sale","17":"shipping-taxable","18":"purchasable","19":"product-type-simple"},"_links":{"self":[{"href":"https:\/\/www.mkreborns.com\/nb\/wp-json\/wp\/v2\/product\/4184","targetHints":{"allow":["GET"]}}],"collection":[{"href":"https:\/\/www.mkreborns.com\/nb\/wp-json\/wp\/v2\/product"}],"about":[{"href":"https:\/\/www.mkreborns.com\/nb\/wp-json\/wp\/v2\/types\/product"}],"replies":[{"embeddable":true,"href":"https:\/\/www.mkreborns.com\/nb\/wp-json\/wp\/v2\/comments?post=4184"}],"wp:featuredmedia":[{"embeddable":true,"href":"https:\/\/www.mkreborns.com\/nb\/wp-json\/wp\/v2\/media\/4185"}],"wp:attachment":[{"href":"https:\/\/www.mkreborns.com\/nb\/wp-json\/wp\/v2\/media?parent=4184"}],"wp:term":[{"taxonomy":"product_brand","embeddable":true,"href":"https:\/\/www.mkreborns.com\/nb\/wp-json\/wp\/v2\/product_brand?post=4184"},{"taxonomy":"product_cat","embeddable":true,"href":"https:\/\/www.mkreborns.com\/nb\/wp-json\/wp\/v2\/product_cat?post=4184"},{"taxonomy":"product_tag","embeddable":true,"href":"https:\/\/www.mkreborns.com\/nb\/wp-json\/wp\/v2\/product_tag?post=4184"}],"curies":[{"name":"wp","href":"https:\/\/api.w.org\/{rel}","templated":true}]}}