{"id":4165,"date":"2026-03-22T14:35:28","date_gmt":"2026-03-22T14:35:28","guid":{"rendered":"https:\/\/www.mkreborns.com\/product\/18-inch-soft-vinyl-open-eye-reborn-baby-doll\/"},"modified":"2026-03-22T15:34:35","modified_gmt":"2026-03-22T15:34:35","slug":"18-inch-soft-vinyl-open-eye-reborn-baby-doll","status":"publish","type":"product","link":"https:\/\/www.mkreborns.com\/nb\/product\/18-inch-soft-vinyl-open-eye-reborn-baby-doll\/","title":{"rendered":"18 tommers myk vinyl gjenf\u00f8dt babydukke med \u00e5pent \u00f8ye"},"content":{"rendered":"<p>Denne gjenf\u00f8dte dukken har tydelig synlige \u00e5rer og er veldig realistisk. Den kan sitte eller ligge ned, verken snakker eller blunker, og har ingen kompliserte elektroniske deler, noe som gj\u00f8r den enkel \u00e5 ta vare p\u00e5 og perfekt for samlerbruk. H\u00e5ndter dukken forsiktig n\u00e5r du rengj\u00f8r den; unng\u00e5 \u00e5 skrape kraftig p\u00e5 \u00f8yenbrynene for \u00e5 forhindre at fargen falmer.<\/p>\n<p>&nbsp;<\/p>\n<p>Materiale: Heldekkende PVC<br \/>\nKj\u00f8nn: Velg mellom gutt eller jente<br \/>\nH\u00f8yde: 18 tommer<br \/>\nVekt: 1,1 kg<br \/>\n\u00d8yevipper: Selvklebende \u00f8yevipper<br \/>\nEmballasjevekt: 1,6 kg<br \/>\nEmballasjem\u00e5l: 46 * 20 * 13 cm<br \/>\nKomplett pakke inkluderer: Kl\u00e6r, bleie, magnetisk smokk, flaske og f\u00f8dselsattest.<\/p>\n<p>&nbsp;<\/p>\n<p><img decoding=\"async\" src=\"https:\/\/www.mkreborns.com\/wp-content\/uploads\/2026\/03\/O1CN01PhbSDV1lsnmHX7b7l_2831564875-0-cib.jpg\" alt=\"\" title=\"\"><\/p>\n<p><img decoding=\"async\" src=\"https:\/\/www.mkreborns.com\/wp-content\/uploads\/2026\/03\/O1CN01Fqa8AT1lsnmKDSTq1_2831564875-0-cib.jpg\" alt=\"\" title=\"\"><\/p>\n<p>Vennligst tillat en manuell toleranse p\u00e5 0,5\u20131 tommer, da produktet ble m\u00e5lt manuelt.<\/p>","protected":false},"excerpt":{"rendered":"<p>Som omsorgsperson for den gjenf\u00f8dte dukken kan du kj\u00f8pe forskjellige klesstiler til dukken til forskjellige anledninger.<\/p>","protected":false},"featured_media":4167,"comment_status":"open","ping_status":"closed","template":"","meta":[],"product_brand":[],"product_cat":[151,145,144,155,156,154,157,152],"product_tag":[],"class_list":{"0":"post-4165","1":"product","2":"type-product","3":"status-publish","4":"has-post-thumbnail","6":"product_cat-18-inch-reborn-dolls","7":"product_cat-baby-boy-reborn-dolls","8":"product_cat-baby-girl-reborn-dolls","9":"product_cat-cute-reborn-dolls","10":"product_cat-life-sized-dolls","11":"product_cat-lifelike-reborn-dolls","12":"product_cat-real-life-baby-dolls","13":"product_cat-vinyl-reborn-dolls","15":"first","16":"instock","17":"sale","18":"shipping-taxable","19":"purchasable","20":"product-type-variable","21":"has-default-attributes"},"_links":{"self":[{"href":"https:\/\/www.mkreborns.com\/nb\/wp-json\/wp\/v2\/product\/4165","targetHints":{"allow":["GET"]}}],"collection":[{"href":"https:\/\/www.mkreborns.com\/nb\/wp-json\/wp\/v2\/product"}],"about":[{"href":"https:\/\/www.mkreborns.com\/nb\/wp-json\/wp\/v2\/types\/product"}],"replies":[{"embeddable":true,"href":"https:\/\/www.mkreborns.com\/nb\/wp-json\/wp\/v2\/comments?post=4165"}],"wp:featuredmedia":[{"embeddable":true,"href":"https:\/\/www.mkreborns.com\/nb\/wp-json\/wp\/v2\/media\/4167"}],"wp:attachment":[{"href":"https:\/\/www.mkreborns.com\/nb\/wp-json\/wp\/v2\/media?parent=4165"}],"wp:term":[{"taxonomy":"product_brand","embeddable":true,"href":"https:\/\/www.mkreborns.com\/nb\/wp-json\/wp\/v2\/product_brand?post=4165"},{"taxonomy":"product_cat","embeddable":true,"href":"https:\/\/www.mkreborns.com\/nb\/wp-json\/wp\/v2\/product_cat?post=4165"},{"taxonomy":"product_tag","embeddable":true,"href":"https:\/\/www.mkreborns.com\/nb\/wp-json\/wp\/v2\/product_tag?post=4165"}],"curies":[{"name":"wp","href":"https:\/\/api.w.org\/{rel}","templated":true}]}}