{"id":4094,"date":"2026-03-19T02:43:43","date_gmt":"2026-03-19T02:43:43","guid":{"rendered":"https:\/\/www.mkreborns.com\/?post_type=product&#038;p=4094"},"modified":"2026-03-19T15:52:52","modified_gmt":"2026-03-19T15:52:52","slug":"reborn-baby-doll-magnetic-pacifier-realistic-fit","status":"publish","type":"product","link":"https:\/\/www.mkreborns.com\/nb\/product\/reborn-baby-doll-magnetic-pacifier-realistic-fit\/","title":{"rendered":"Reborn Babydukke Magnetisk Smokk Realistisk Passform"},"content":{"rendered":"<h2>Gjenf\u00f8dt babydukke magnetisk smokk<\/h2>\n<div>Den magnetiske smokkdukken til reborn babydukker er designet for \u00e5 skape en overbevisende og naturlig interaksjon mellom dukken og tilbeh\u00f8ret. Denne smokkdukken er laget for kompatibilitet med nyf\u00f8dte reborn babydukker med magnetiske smokkoppsett, og festes s\u00f8ml\u00f8st til dukker utstyrt med interne magneter. Den balanserte strukturen sikrer riktig justering uten \u00e5 forskyve seg, noe som opprettholder en naturtro presentasjon.<\/div>\n<h3>Sikker feste og realistisk detaljering<\/h3>\n<div>Denne smokken har en innebygd magnetisk kjerne som gj\u00f8r den enkel \u00e5 plassere og ta ut, samtidig som den bevarer stabiliteten. Den er spesielt egnet for naturtro gjenf\u00f8dte dukker som kan ta ekte smokker, og tilbyr en visuelt n\u00f8yaktig matings- eller beroligende positur. Den glatte ytre overflaten sikrer sikker h\u00e5ndtering og en raffinert finish.<\/div>\n<h3>Viktige funksjoner og fordeler<\/h3>\n<ul>\n<li>Sterk intern magnet for stabil posisjonering<\/li>\n<li>Designet for nyf\u00f8dte gjenf\u00f8dte babydukker med magnetisk smokk<\/li>\n<li>Kompatibel med naturtro gjenf\u00f8dte dukker som kan ta ekte smokker<\/li>\n<li>Lett konstruksjon for naturlig plassering<\/li>\n<li>Slitesterkt materiale for gjentatt bruk<\/li>\n<\/ul>\n<div>Dette tilbeh\u00f8ret forbedrer den generelle realismen i samlingen din, noe som gj\u00f8r det til et viktig tillegg for samlere som \u00f8nsker en magnetisk smokk av h\u00f8y kvalitet til en gjenf\u00f8dt babydukke.<\/div>\n<div>Magnetisk smokk, babyen m\u00e5 v\u00e6re nyf\u00f8dt! Med den kan dukken (lukket munn) suge p\u00e5 en smokk! Men f\u00f8rst og fremst b\u00f8r det v\u00e6re en magnet i dukkens munn.<\/div>\n<div>St\u00f8rrelse: som bildene viser<\/div>\n<div>Pakken inkluderer: 1 stk<\/div>\n<div class=\"detailmodule_image\"><img decoding=\"async\" class=\"detail-desc-decorate-image\" src=\"https:\/\/www.mkreborns.com\/wp-content\/uploads\/2026\/03\/kf-S57fdc27edc6e45fd90840739bcbc10bdK.webp\" alt=\"\" title=\"\"><img decoding=\"async\" class=\"detail-desc-decorate-image\" src=\"https:\/\/www.mkreborns.com\/wp-content\/uploads\/2026\/03\/kf-Scd0b0263191840aca2c6d9d9092853bb8.webp\" alt=\"\" title=\"\"><img decoding=\"async\" class=\"detail-desc-decorate-image\" src=\"https:\/\/www.mkreborns.com\/wp-content\/uploads\/2026\/03\/kf-Sad85ad6e0e2e4333b9ffe757ec183004e.webp\" alt=\"\" title=\"\"><img decoding=\"async\" class=\"detail-desc-decorate-image\" src=\"https:\/\/www.mkreborns.com\/wp-content\/uploads\/2026\/03\/kf-Sca74611577a2480781484c8c07bd4ff2F.webp\" alt=\"\" title=\"\"><img decoding=\"async\" class=\"detail-desc-decorate-image\" src=\"https:\/\/www.mkreborns.com\/wp-content\/uploads\/2026\/03\/kf-Sa13d45d1c7c54ba29181db819686fb23X.webp\" alt=\"\" title=\"\"><img decoding=\"async\" class=\"detail-desc-decorate-image\" src=\"https:\/\/www.mkreborns.com\/wp-content\/uploads\/2026\/03\/kf-S5499cdc26d4a40e9903777a859be4f1eP.webp\" alt=\"\" title=\"\"><img decoding=\"async\" class=\"detail-desc-decorate-image\" src=\"https:\/\/www.mkreborns.com\/wp-content\/uploads\/2026\/03\/kf-S11408845c0cb4f4193474b5608f40c9fI.webp\" alt=\"\" title=\"\"><img decoding=\"async\" class=\"detail-desc-decorate-image\" src=\"https:\/\/www.mkreborns.com\/wp-content\/uploads\/2026\/03\/kf-S0113e3dd80594293b07c453364e8fb07i.webp\" alt=\"\" title=\"\"><\/div>","protected":false},"excerpt":{"rendered":"<p>En presist laget magnetisk smokk designet for \u00e5 forbedre realismen, og gir en sikker og naturlig passform for kompatible gjenf\u00f8dte dukker.<\/p>","protected":false},"featured_media":4095,"comment_status":"open","ping_status":"closed","template":"","meta":[],"product_brand":[],"product_cat":[162,148],"product_tag":[],"class_list":{"0":"post-4094","1":"product","2":"type-product","3":"status-publish","4":"has-post-thumbnail","6":"product_cat-reborn-pacifier","7":"product_cat-reborn-doll-accessories","9":"first","10":"instock","11":"sale","12":"shipping-taxable","13":"purchasable","14":"product-type-variable"},"_links":{"self":[{"href":"https:\/\/www.mkreborns.com\/nb\/wp-json\/wp\/v2\/product\/4094","targetHints":{"allow":["GET"]}}],"collection":[{"href":"https:\/\/www.mkreborns.com\/nb\/wp-json\/wp\/v2\/product"}],"about":[{"href":"https:\/\/www.mkreborns.com\/nb\/wp-json\/wp\/v2\/types\/product"}],"replies":[{"embeddable":true,"href":"https:\/\/www.mkreborns.com\/nb\/wp-json\/wp\/v2\/comments?post=4094"}],"wp:featuredmedia":[{"embeddable":true,"href":"https:\/\/www.mkreborns.com\/nb\/wp-json\/wp\/v2\/media\/4095"}],"wp:attachment":[{"href":"https:\/\/www.mkreborns.com\/nb\/wp-json\/wp\/v2\/media?parent=4094"}],"wp:term":[{"taxonomy":"product_brand","embeddable":true,"href":"https:\/\/www.mkreborns.com\/nb\/wp-json\/wp\/v2\/product_brand?post=4094"},{"taxonomy":"product_cat","embeddable":true,"href":"https:\/\/www.mkreborns.com\/nb\/wp-json\/wp\/v2\/product_cat?post=4094"},{"taxonomy":"product_tag","embeddable":true,"href":"https:\/\/www.mkreborns.com\/nb\/wp-json\/wp\/v2\/product_tag?post=4094"}],"curies":[{"name":"wp","href":"https:\/\/api.w.org\/{rel}","templated":true}]}}