{"id":4043,"date":"2026-03-18T15:39:40","date_gmt":"2026-03-18T15:39:40","guid":{"rendered":"https:\/\/www.mkreborns.com\/?post_type=product&#038;p=4043"},"modified":"2026-04-03T16:02:07","modified_gmt":"2026-04-03T16:02:07","slug":"complete-reborn-doll-kit-starter-sets-accessories","status":"publish","type":"product","link":"https:\/\/www.mkreborns.com\/nb\/product\/complete-reborn-doll-kit-starter-sets-accessories\/","title":{"rendered":"Komplett startsett for reborn-dukker, tilbeh\u00f8r"},"content":{"rendered":"<div class=\"product-specs-list-container\">\n<h2>Komplette startsett for gjenf\u00f8dte dukker<\/h2>\n<div>Komplette startsett for reborn-dukker gir et praktisk grunnlag for samlere som \u00f8nsker et helhetlig og naturtro oppsett. Denne kuraterte pakken inneholder viktige tilbeh\u00f8rssett for reborn-dukker, som t\u00e5teflasker, smokker og miniatyrpleieartikler, alt proporsjonert for 18-tommers dukker. Hver komponent st\u00f8tter en gjennomg\u00e5ende estetikk samtidig som den opprettholder brukervennlighet for b\u00e5de visning og h\u00e5ndtering.<\/div>\n<h3>Funksjonell design og helhetlig styling<\/h3>\n<div>Disse silikondukketilbeh\u00f8rene er konstruert for kompatibilitet, og integreres s\u00f8ml\u00f8st med forskjellige dukketyper, inkludert vinyl- og silikonformer. Materialene er lette, men likevel slitesterke, noe som sikrer langvarig brukbarhet. Som en del av tilbeh\u00f8ret til reborn-dukker til salgs, balanserer dette settet rimelighet med n\u00f8yaktighet i detaljene, noe som gj\u00f8r det egnet for samlere p\u00e5 ulike niv\u00e5er.<\/div>\n<h3>Viktige funksjoner og fordeler<\/h3>\n<ul>\n<li>Inkluderer flere tilbeh\u00f8rssett for gjenf\u00f8dte babydukker i \u00e9n pakke<\/li>\n<li>Designet for gjenf\u00f8dte dukker p\u00e5 43 cm \/ 18 tommer<\/li>\n<li>Slitesterk plast og myke komponenter for gjentatt bruk<\/li>\n<li>Kostnadseffektivt alternativ blant billig tilbeh\u00f8r til gjenf\u00f8dte babydukker<\/li>\n<li>Kompatibel med tilbeh\u00f8r til silikondukker, gjenf\u00f8dt<\/li>\n<\/ul>\n<div>Denne allsidige pakken forenkler oppsettet samtidig som den forbedrer realismen, noe som gj\u00f8r den til et viktig tillegg for samlere som leter etter komplette startsett med reborn-dukker.<\/div>\n<\/div>\n<p><img decoding=\"async\" src=\"https:\/\/ae01.alicdn.com\/kf\/S2ac0c07b28bc4ac8bbc8ec1493f5eca1O.jpg\" alt=\"\" title=\"\"><img decoding=\"async\" src=\"https:\/\/ae01.alicdn.com\/kf\/S6441869820c0453aba5911026275c27ep.jpg\" alt=\"\" title=\"\"><img decoding=\"async\" src=\"https:\/\/ae01.alicdn.com\/kf\/S5ab5abe146bb48fa9a94c8997f2c7ee4Q.jpg\" alt=\"\" title=\"\"><img decoding=\"async\" src=\"https:\/\/ae01.alicdn.com\/kf\/S3be2280f24a34965835a8ce1a38fd957R.jpg\" alt=\"\" title=\"\"><img decoding=\"async\" src=\"https:\/\/ae01.alicdn.com\/kf\/S6fe7d906696141b0ab07dde1e6e5908aw.jpg\" alt=\"\" title=\"\"><img decoding=\"async\" src=\"https:\/\/ae01.alicdn.com\/kf\/S3c5d9ee971ad4bd78e12de7dc8cd6ea2u.jpg\" alt=\"\" title=\"\"><img decoding=\"async\" src=\"https:\/\/ae01.alicdn.com\/kf\/Sebfcb2540dcf40888a721f47209f1862r.jpg\" alt=\"\" title=\"\"><img decoding=\"async\" src=\"https:\/\/ae01.alicdn.com\/kf\/S11f70586ef5d40829a72c2d3c3839908x.jpg\" alt=\"\" title=\"\"><img decoding=\"async\" src=\"https:\/\/ae01.alicdn.com\/kf\/Sa441d5ba97b64c05b54233527ce711d4p.jpg\" alt=\"\" title=\"\"><img decoding=\"async\" src=\"https:\/\/ae01.alicdn.com\/kf\/S33ea08f4b52549eaba6ec4b300eb133en.jpg\" alt=\"\" title=\"\"><img decoding=\"async\" src=\"https:\/\/ae01.alicdn.com\/kf\/Sfe1a1140e2f84221af639b7f50630a7e8.jpg\" alt=\"\" title=\"\"><img decoding=\"async\" src=\"https:\/\/ae01.alicdn.com\/kf\/S81d555bccfea4f4a85ffddd12ce9000aE.jpg\" alt=\"\" title=\"\"><img decoding=\"async\" src=\"https:\/\/ae01.alicdn.com\/kf\/S486e610f959b4b88b28666d56447564f4.jpg\" alt=\"\" title=\"\"><img decoding=\"async\" src=\"https:\/\/ae01.alicdn.com\/kf\/Sfa43f26ea86e4e08913ebcf4b01e20202.jpg\" alt=\"\" title=\"\"><img decoding=\"async\" src=\"https:\/\/ae01.alicdn.com\/kf\/S2382dce1c04247f0b0299b7f841cce3dk.jpg\" alt=\"\" title=\"\"><\/p>","protected":false},"excerpt":{"rendered":"<p>Et alt-i-ett-startsett designet for \u00e5 utstyre din gjenf\u00f8dte dukke med viktig tilbeh\u00f8r, som forbedrer realismen og den daglige fremvisningsstilen.<\/p>","protected":false},"featured_media":4044,"comment_status":"open","ping_status":"closed","template":"","meta":[],"product_brand":[],"product_cat":[148],"product_tag":[],"class_list":{"0":"post-4043","1":"product","2":"type-product","3":"status-publish","4":"has-post-thumbnail","6":"product_cat-reborn-doll-accessories","8":"first","9":"instock","10":"sale","11":"shipping-taxable","12":"purchasable","13":"product-type-variable","14":"has-default-attributes"},"_links":{"self":[{"href":"https:\/\/www.mkreborns.com\/nb\/wp-json\/wp\/v2\/product\/4043","targetHints":{"allow":["GET"]}}],"collection":[{"href":"https:\/\/www.mkreborns.com\/nb\/wp-json\/wp\/v2\/product"}],"about":[{"href":"https:\/\/www.mkreborns.com\/nb\/wp-json\/wp\/v2\/types\/product"}],"replies":[{"embeddable":true,"href":"https:\/\/www.mkreborns.com\/nb\/wp-json\/wp\/v2\/comments?post=4043"}],"wp:featuredmedia":[{"embeddable":true,"href":"https:\/\/www.mkreborns.com\/nb\/wp-json\/wp\/v2\/media\/4044"}],"wp:attachment":[{"href":"https:\/\/www.mkreborns.com\/nb\/wp-json\/wp\/v2\/media?parent=4043"}],"wp:term":[{"taxonomy":"product_brand","embeddable":true,"href":"https:\/\/www.mkreborns.com\/nb\/wp-json\/wp\/v2\/product_brand?post=4043"},{"taxonomy":"product_cat","embeddable":true,"href":"https:\/\/www.mkreborns.com\/nb\/wp-json\/wp\/v2\/product_cat?post=4043"},{"taxonomy":"product_tag","embeddable":true,"href":"https:\/\/www.mkreborns.com\/nb\/wp-json\/wp\/v2\/product_tag?post=4043"}],"curies":[{"name":"wp","href":"https:\/\/api.w.org\/{rel}","templated":true}]}}